{"id":35466,"date":"2022-04-21T15:06:46","date_gmt":"2022-04-21T13:06:46","guid":{"rendered":"https:\/\/madelinefashion.pl\/?post_type=product&#038;p=35466"},"modified":"2026-04-10T15:07:26","modified_gmt":"2026-04-10T13:07:26","slug":"sukienka-maxi-tiulowa-adele-biala","status":"publish","type":"product","link":"https:\/\/madelinefashion.pl\/sk\/sukienka-maxi-tiulowa-adele-biala\/","title":{"rendered":"Biele tylov\u00e9 Maxi \u0161aty Adele"},"content":{"rendered":"<h3 style=\"text-align: center;\">Biele tylov\u00e9 Maxi \u0161aty Adele<\/h3>\n<p style=\"text-align: center;\"><strong>Tylov\u00e9 \u0161aty Maxi Adele v ru\u017eovej farbe s\u00fa bestsellerom tejto sez\u00f3ny! <\/strong>Romantick\u00e9 odstup\u0148ovan\u00e9 \u0161aty z tylu. \u0160aty maj\u00fa hlbok\u00fa predn\u00fa aj zadn\u00fa \u010das\u0165<strong> V\u00fdstrih v tvare V<\/strong> zdoben\u00fd tylov\u00fdm vol\u00e1nom, ktor\u00fd kr\u00e1sne odha\u013euje krk a horn\u00e9 partie postavy. Model s jemnou stuhou v p\u00e1se, ktor\u00e1 zv\u00fdraz\u0148uje p\u00e1s. \u0160aty maj\u00fa pod\u0161\u00edvku a zap\u00ednanie na zips vzadu.<strong> Dlh\u00e9 tylov\u00e9 \u0161aty<\/strong> m\u00e1 <strong>pod\u0161\u00edvka<\/strong> poskytuje komfort nosenia 100 %. <strong>\u017densk\u00fd<\/strong> \u0161aty s <strong>elastick\u00fd p\u00e1s<\/strong> je vynikaj\u00facou vo\u013ebou pre svadby spojen\u00e9 s prij\u00edman\u00edm, ako aj in\u00e9 pr\u00edle\u017eitosti vy\u017eaduj\u00face vhodn\u00e9 oble\u010denie. Zmyseln\u00e9 jedine\u010dn\u00e9 \u0161aty v\u00e1s odl\u00ed\u0161ia od davu. <b>Ve\u013ekolep\u00e9 spolo\u010densk\u00e9 \u0161aty s\u00fa model, ktor\u00fd si zamilujete!! \u0160aty <\/b>sa vyskytuje v <b>univerz\u00e1lna ve\u013ekos\u0165 <\/b>odpor\u00fa\u010dan\u00e9 pre va\u0161u ve\u013ekos\u0165\u00a0<b>XS SML <\/b>ak nos\u00edte v\u00e4\u010d\u0161iu ve\u013ekos\u0165, pozrite si miery.<\/p>\n<h3 style=\"text-align: center;\">Rozmery \u0161iat:<\/h3>\n<ul>\n<li style=\"text-align: center;\">\u00a0\u00a0\u00a0\u00a0\u00a0\u00a0\u00a0 celkov\u00e1 d\u013a\u017eka: 145 cm<\/li>\n<li style=\"text-align: center;\">\u0161\u00edrka ramien: 32 cm<\/li>\n<li style=\"text-align: center;\">\u00a0\u00a0\u00a0\u00a0\u00a0\u00a0\u00a0 \u0161\u00edrka od pazuchy po pazuchu: 40-45 cm<\/li>\n<li style=\"text-align: center;\">\u00a0\u00a0\u00a0\u00a0\u00a0\u00a0\u00a0 d\u013a\u017eka ruk\u00e1va od pazuchy max: cm<\/li>\n<li style=\"text-align: center;\">\u00a0\u00a0\u00a0\u00a0\u00a0\u00a0\u00a0 d\u013a\u017eka ruk\u00e1va od ramena max: cm<\/li>\n<li style=\"text-align: center;\">\u00a0\u00a0\u00a0\u00a0\u00a0\u00a0\u00a0 \u0161\u00edrka p\u00e1sa: 28-43 cm<\/li>\n<\/ul>\n<p style=\"text-align: center;\">Rozmery sa m\u00f4\u017eu mierne l\u00ed\u0161i\u0165 od uveden\u00fdch +\/- 2cm. V\u0161etky uveden\u00e9 rozmery s\u00fa meran\u00e9 plo\u0161ne.<\/p>\n<p style=\"text-align: center;\">rozmer x2<\/p>\n<table style=\"height: 258px;\" width=\"618\">\n<tbody>\n<tr>\n<td width=\"302\">Meno modela<\/td>\n<td width=\"302\">Maxi \u0161aty Adele Tulle<\/td>\n<\/tr>\n<tr>\n<td width=\"302\">Farba<\/td>\n<td width=\"302\">biely<\/td>\n<\/tr>\n<tr>\n<td width=\"302\">Zbierka<\/td>\n<td width=\"302\">Jar Leto Jese\u0148<\/td>\n<\/tr>\n<tr>\n<td width=\"302\">ve\u013ekosti<\/td>\n<td width=\"302\">Univerz\u00e1lny<\/td>\n<\/tr>\n<tr>\n<td width=\"302\">Zlo\u017eenie<\/td>\n<td width=\"302\">95 % polyester 5% Elastan<\/td>\n<\/tr>\n<tr>\n<td width=\"302\">Elastick\u00e9 v p\u00e1se<\/td>\n<td width=\"302\">\u00a0\u00c1no<\/td>\n<\/tr>\n<tr>\n<td width=\"302\">\u0160tiepenie<\/td>\n<td width=\"302\">\u00a0V<\/td>\n<\/tr>\n<\/tbody>\n<\/table>\n<p>&nbsp;<\/p>\n<section class=\"page-product-box\">\n<div class=\"rte\">\n<p>&nbsp;<\/p>\n<section class=\"page-product-box\">\n<div class=\"rte\">\n<p style=\"text-align: center;\">Model m\u00e1\u00a0<strong>169<\/strong>\u00a0cm vysok\u00fd, nos\u00ed ve\u013ekos\u0165 ka\u017ed\u00fd de\u0148\u00a0<strong>S<\/strong><\/p>\n<p style=\"text-align: center;\">\u0160\u00edrka cez prsia 92 cm<\/p>\n<p style=\"text-align: center;\">\u0160\u00edrka v p\u00e1se 62 cm<\/p>\n<p style=\"text-align: center;\">\u0160\u00edrka v bokoch 94 cm<\/p>\n<\/div>\n<\/section>\n<p style=\"text-align: center;\">\n<\/div>\n<\/section>","protected":false},"excerpt":{"rendered":"<p>Sukienka Maxi Tiulowa Adele Bia\u0142a Sukienka Maxi Tiulowa Adele w kolorze r\u00f3\u017cowym to bestseller tego sezonu ! Romantyczna sukienka warstwowa sukienka wykonana z tiulu. Sukienka posiada z przodu i z ty\u0142u g\u0142\u0119boki dekolt w kszta\u0142cie litery V ozdobiony tiulowymi falbankami, kt\u00f3ry pi\u0119knie eksponuje szyj\u0119 oraz g\u00f3rne partie sylwetki. Model z delikatn\u0105 tasiemk\u0105 w pasie, kt\u00f3ra<\/p>\n<div class=\"klb-readmore post-buttons\"><a class=\"button black outline size-sm\" href=\"https:\/\/madelinefashion.pl\/sk\/sukienka-maxi-tiulowa-adele-biala\/\">\u010c\u00edta\u0165 \u010falej <i class=\"klbth-icon-right-arrow\"><\/i><\/a><\/div>","protected":false},"featured_media":35462,"template":"","meta":[],"product_brand":[],"product_cat":[125,395,561],"product_tag":[219],"class_list":{"0":"post-35466","1":"product","2":"type-product","3":"status-publish","4":"has-post-thumbnail","6":"product_cat-sukienki","7":"product_cat-nowosci","8":"product_cat-sukienki-tiulowe","9":"product_tag-sukienka-biala","11":"first","12":"instock","13":"sale","14":"purchasable","15":"product-type-simple"},"_links":{"self":[{"href":"https:\/\/madelinefashion.pl\/sk\/wp-json\/wp\/v2\/product\/35466","targetHints":{"allow":["GET"]}}],"collection":[{"href":"https:\/\/madelinefashion.pl\/sk\/wp-json\/wp\/v2\/product"}],"about":[{"href":"https:\/\/madelinefashion.pl\/sk\/wp-json\/wp\/v2\/types\/product"}],"wp:featuredmedia":[{"embeddable":true,"href":"https:\/\/madelinefashion.pl\/sk\/wp-json\/wp\/v2\/media\/35462"}],"wp:attachment":[{"href":"https:\/\/madelinefashion.pl\/sk\/wp-json\/wp\/v2\/media?parent=35466"}],"wp:term":[{"taxonomy":"product_brand","embeddable":true,"href":"https:\/\/madelinefashion.pl\/sk\/wp-json\/wp\/v2\/product_brand?post=35466"},{"taxonomy":"product_cat","embeddable":true,"href":"https:\/\/madelinefashion.pl\/sk\/wp-json\/wp\/v2\/product_cat?post=35466"},{"taxonomy":"product_tag","embeddable":true,"href":"https:\/\/madelinefashion.pl\/sk\/wp-json\/wp\/v2\/product_tag?post=35466"}],"curies":[{"name":"pracovn\u00fd list","href":"https:\/\/api.w.org\/{rel}","templated":true}]}}