{"id":35618,"date":"2022-04-22T09:32:25","date_gmt":"2022-04-22T07:32:25","guid":{"rendered":"https:\/\/madelinefashion.pl\/?post_type=product&#038;p=35618"},"modified":"2025-10-01T07:34:30","modified_gmt":"2025-10-01T05:34:30","slug":"szorty-jeansowe-white-blue","status":"publish","type":"product","link":"https:\/\/madelinefashion.pl\/sk\/szorty-jeansowe-white-blue\/","title":{"rendered":"Biele modr\u00e9 d\u017e\u00ednsov\u00e9 \u0161ortky"},"content":{"rendered":"<h3 style=\"text-align: center;\">Biele modr\u00e9 d\u017e\u00ednsov\u00e9 \u0161ortky<\/h3>\n<p><strong>Biele modr\u00e9 d\u017e\u00ednsov\u00e9 \u0161ortky<\/strong> je m\u00f3dny prvok, ktor\u00fd nesmie ch\u00fdba\u0165 vo va\u0161om \u0161atn\u00edku. \u0160ortky vyroben\u00e9 z\u00a0<strong>kvalitn\u00fd materi\u00e1l s vysok\u00fdm p\u00e1som.\u00a0<\/strong>\u0160ortky, o ktor\u00fdch niet poch\u00fdb\u00a0<strong>prid\u00e1<\/strong>\u00a0jedine\u010dn\u00fd\u00a0<strong>charakter<\/strong>. S\u00fa ve\u013emi pohodln\u00e9 a \u013eahko sa kombinuj\u00fa, \u013eahko ich skombinujete s na\u0161imi bl\u00fazkami, ko\u0161e\u013eami alebo body - ktor\u00e9 n\u00e1jdete aj v na\u0161ej\u00a0<a href=\"https:\/\/madelinefashion.pl\/sk\/swetry\/\">e-shop.<\/a>\u00a0 <strong>Dvojfarebn\u00e9 \u0161ortky<\/strong><strong>\u00a0<\/strong>\u00a0ukradne srdce ka\u017edej \u017eeny. Kr\u00e1tke nohy odhalia a\u00a0<strong>opticky pred\u013a\u017eia nohy<\/strong>. Denim<strong>\u00a0 \u0161ortky<\/strong>\u00a0to je fantastick\u00e9\u00a0<strong>letn\u00e1 ponuka! <\/strong>\u00a0\u0160ortky sa zap\u00ednaj\u00fa na gomb\u00edk a zips.\u00a0<strong>Kr\u00e1sne d\u00e1mske \u0161ortky sa hodia ku ka\u017ed\u00e9mu stylingu.\u00a0<\/strong>Dopl\u0148te svoj \u0161atn\u00edk t\u00fdmto\u00a0<strong>najpred\u00e1vanej\u0161\u00ed model<\/strong>. V pr\u00edpade \u010fal\u0161\u00edch ot\u00e1zok k tomuto produktu n\u00e1s nev\u00e1hajte kontaktova\u0165 telefonicky alebo cez Facebook. Sledujte nov\u00e9 trendy s\u00a0<strong>Madelinefashion.\u00a0<\/strong><\/p>\n<p style=\"text-align: center;\"><span style=\"vertical-align: inherit;\"><span style=\"vertical-align: inherit;\">\u00a0<\/span><\/span><\/p>\n<h3 style=\"text-align: center;\"><span style=\"vertical-align: inherit;\"><span style=\"vertical-align: inherit;\">Rozmery nohav\u00edc:<\/span><\/span><\/h3>\n<p style=\"text-align: center;\"><strong>VE\u013dKOS\u0164 34<\/strong><\/p>\n<ul style=\"text-align: center;\">\n<li>Celkov\u00e1 d\u013a\u017eka: 30 cm<\/li>\n<li>\u0160\u00edrka v p\u00e1se: 33-36 cm<\/li>\n<li>V\u00fd\u0161ka: 34 cm<\/li>\n<li><\/li>\n<\/ul>\n<p style=\"text-align: center;\"><strong>VE\u013dKOS\u0164 36<\/strong><\/p>\n<ul style=\"text-align: center;\">\n<li>Celkov\u00e1 d\u013a\u017eka: 30 cm<\/li>\n<li>\u0160\u00edrka v p\u00e1se: 35-38 cm<\/li>\n<li>V\u00fd\u0161ka: 34 cm<\/li>\n<li><\/li>\n<\/ul>\n<p style=\"text-align: center;\"><strong>VE\u013dKOS\u0164 M 38\u00a0<\/strong><\/p>\n<ul style=\"text-align: center;\">\n<li>\u00a0Celkov\u00e1 d\u013a\u017eka: 30 cm<\/li>\n<li>\u0160\u00edrka v p\u00e1se: 37-40 cm<\/li>\n<li>V\u00fd\u0161ka: 34 cm<\/li>\n<li><\/li>\n<li><\/li>\n<\/ul>\n<p style=\"text-align: center;\"><strong>VE\u013dKOS\u0164 L 40\u00a0<\/strong><\/p>\n<ul style=\"text-align: center;\">\n<li>Celkov\u00e1 d\u013a\u017eka: 30 cm<\/li>\n<li>\u0160\u00edrka v p\u00e1se: 40-42 cm<\/li>\n<li>V\u00fd\u0161ka: 36 cm<\/li>\n<li><\/li>\n<li><\/li>\n<\/ul>\n<p style=\"text-align: center;\"><strong>Ve\u013ekos\u0165 XL 42<\/strong><\/p>\n<ul style=\"text-align: center;\">\n<li>Celkov\u00e1 d\u013a\u017eka: 32 cm<\/li>\n<li>\u0160\u00edrka v p\u00e1se: 42-44 cm<\/li>\n<li>V\u00fd\u0161ka: 40 cm<\/li>\n<li><\/li>\n<\/ul>\n<ul style=\"text-align: center;\">\n<li><\/li>\n<\/ul>\n<p style=\"text-align: center;\"><span style=\"vertical-align: inherit;\"><span style=\"vertical-align: inherit;\">Rozmery sa m\u00f4\u017eu l\u00ed\u0161i\u0165 od uveden\u00fdch +\/- 2cm. <\/span><span style=\"vertical-align: inherit;\">V\u0161etky uveden\u00e9 rozmery s\u00fa meran\u00e9 plo\u0161ne.<strong> rozmer x2<\/strong><\/span><\/span><\/p>\n<p style=\"text-align: center;\"><strong><span style=\"vertical-align: inherit;\"><span style=\"vertical-align: inherit;\">Dokonale padn\u00fa ka\u017edej postave<\/span><\/span><\/strong><\/p>\n<p style=\"text-align: center;\">Model m\u00e1\u00a0<strong>169<\/strong>\u00a0cm vysok\u00fd, nos\u00ed ve\u013ekos\u0165 ka\u017ed\u00fd de\u0148\u00a0<strong>S<\/strong><\/p>\n<p style=\"text-align: center;\">\u0160\u00edrka cez prsia 92 cm<\/p>\n<p style=\"text-align: center;\">\u0160\u00edrka v p\u00e1se 62 cm<\/p>\n<p style=\"text-align: center;\">\u0160\u00edrka v bokoch 94 cm<\/p>","protected":false},"excerpt":{"rendered":"<p>Szorty Jeansowe White Blue Szorty Jeansowe White Blue to modny element, kt\u00f3rego nie mo\u017ce zabrakn\u0105\u0107 w Twojej garderobie. Spodenki wykonane z\u00a0wysokiej jako\u015bci materia\u0142u z wysokim stanem.\u00a0Kr\u00f3tkie spodenki, kt\u00f3re bez w\u0105tpienia\u00a0doda\u00a0niepowtarzalnego\u00a0charakteru.\u00a0S\u0105 bardzo wygodne\u00a0oraz \u0142atwe w \u0142\u0105czeniu, bez problemu mo\u017cna je po\u0142\u0105czy\u0107 z naszymi bluzkami, koszulami czy bodami-\u00a0 kt\u00f3re r\u00f3wnie\u017c znajdziesz w naszym\u00a0e-sklepie.\u00a0 Spodenki dwukolorowe\u00a0\u00a0skradn\u0105 serce ka\u017cdej<\/p>\n<div class=\"klb-readmore post-buttons\"><a class=\"button black outline size-sm\" href=\"https:\/\/madelinefashion.pl\/sk\/szorty-jeansowe-white-blue\/\">\u010c\u00edta\u0165 \u010falej <i class=\"klbth-icon-right-arrow\"><\/i><\/a><\/div>","protected":false},"featured_media":40879,"template":"","meta":[],"product_brand":[],"product_cat":[83,395],"product_tag":[240],"class_list":{"0":"post-35618","1":"product","2":"type-product","3":"status-publish","4":"has-post-thumbnail","6":"product_cat-spodnie","7":"product_cat-nowosci","8":"product_tag-jeans","9":"pa_rozmiar-34-42-142","10":"pa_rozmiar-34-42-36-2","11":"pa_rozmiar-34-42-38-2","12":"pa_rozmiar-34-42-40-2","13":"pa_rozmiar-34-42-42-2","15":"first","16":"instock","17":"product-type-variable"},"_links":{"self":[{"href":"https:\/\/madelinefashion.pl\/sk\/wp-json\/wp\/v2\/product\/35618","targetHints":{"allow":["GET"]}}],"collection":[{"href":"https:\/\/madelinefashion.pl\/sk\/wp-json\/wp\/v2\/product"}],"about":[{"href":"https:\/\/madelinefashion.pl\/sk\/wp-json\/wp\/v2\/types\/product"}],"wp:featuredmedia":[{"embeddable":true,"href":"https:\/\/madelinefashion.pl\/sk\/wp-json\/wp\/v2\/media\/40879"}],"wp:attachment":[{"href":"https:\/\/madelinefashion.pl\/sk\/wp-json\/wp\/v2\/media?parent=35618"}],"wp:term":[{"taxonomy":"product_brand","embeddable":true,"href":"https:\/\/madelinefashion.pl\/sk\/wp-json\/wp\/v2\/product_brand?post=35618"},{"taxonomy":"product_cat","embeddable":true,"href":"https:\/\/madelinefashion.pl\/sk\/wp-json\/wp\/v2\/product_cat?post=35618"},{"taxonomy":"product_tag","embeddable":true,"href":"https:\/\/madelinefashion.pl\/sk\/wp-json\/wp\/v2\/product_tag?post=35618"}],"curies":[{"name":"pracovn\u00fd list","href":"https:\/\/api.w.org\/{rel}","templated":true}]}}