{"id":36783,"date":"2022-04-28T17:21:20","date_gmt":"2022-04-28T15:21:20","guid":{"rendered":"https:\/\/madelinefashion.pl\/?post_type=product&#038;p=36783"},"modified":"2025-03-20T15:06:51","modified_gmt":"2025-03-20T14:06:51","slug":"adidasy-rozowe-197","status":"publish","type":"product","link":"https:\/\/madelinefashion.pl\/sk\/adidasy-rozowe-197\/","title":{"rendered":"Ru\u017eov\u00e9 tenisky 197"},"content":{"rendered":"<h3 style=\"text-align: center;\">Ru\u017eov\u00e9 tenisky 197<\/h3>\n<p style=\"text-align: center;\">Milujete m\u00f3dne a extravagantn\u00e9 top\u00e1nky, no neviete, \u010di s\u00fa pre v\u00e1s? Tento \u0161portov\u00fd strih s hrubou podr\u00e1\u017ekou v kombin\u00e1cii s kr\u00e1snymi vsadkami t\u00fato sez\u00f3nu mus\u00edte ma\u0165! Tieto top\u00e1nky sa hodia ku ka\u017ed\u00e9mu outfitu, budete vyzera\u0165 skvele v ka\u017edej situ\u00e1cii! Adidas ve\u013emi \u013eahk\u00e9, m\u00e4kk\u00e9 a super pohodln\u00e9. Tenisky sa skvele hodia k farebn\u00e9mu a ne\u00f3nov\u00e9mu oble\u010deniu, ktor\u00e9 je t\u00fato sez\u00f3nu m\u00f3dne.<\/p>\n<p style=\"text-align: center;\"><strong>\u010c\u00edslovanie:\u00a0<\/strong>Typick\u00e9 - odpor\u00fa\u010dame vybra\u0165 si ve\u013ekos\u0165, ktor\u00fa nos\u00edte<br \/>\n<b>Spona: <\/b>Zaviazan\u00e9 \u0161n\u00farkami<\/p>\n<p>&nbsp;<\/p>\n<table width=\"540\">\n<thead>\n<tr>\n<td width=\"216\"><strong>Ve\u013ekos\u0165 E\u00da<\/strong><\/td>\n<td width=\"316\"><strong>D\u013a\u017eka vlo\u017eky<\/strong><\/td>\n<\/tr>\n<\/thead>\n<tbody>\n<tr>\n<td width=\"216\"><strong>36<\/strong><\/td>\n<td width=\"316\">23,5 cm<\/td>\n<\/tr>\n<tr>\n<td width=\"216\"><strong>37<\/strong><\/td>\n<td width=\"316\">24 cm<\/td>\n<\/tr>\n<tr>\n<td width=\"216\"><strong>38<\/strong><\/td>\n<td width=\"316\">25 cm<\/td>\n<\/tr>\n<tr>\n<td width=\"216\"><strong>39<\/strong><\/td>\n<td width=\"316\">25,5 cm<\/td>\n<\/tr>\n<tr>\n<td width=\"216\"><strong>40<\/strong><\/td>\n<td width=\"316\">26 cm<\/td>\n<\/tr>\n<tr>\n<td width=\"216\"><strong>41<\/strong><\/td>\n<td width=\"316\">26,5 cm<\/td>\n<\/tr>\n<\/tbody>\n<\/table>\n<div class=\"wrap-content\">\n<div class=\"main-container container\">\n<div class=\"row\">\n<section class=\"main-content sidebar-left-false\">\n<div class=\"product-page page\">\n<div class=\"page-content\">\n<div id=\"ProductSizing\" class=\"product-sizing modal fade in\" tabindex=\"-1\" role=\"dialog\" aria-hidden=\"false\">\n<div class=\"modal-dialog\">\n<div class=\"modal-content\">\n<div class=\"widget html_editor\">\n<p>&nbsp;<\/p>\n<\/div>\n<p>&nbsp;<\/p>\n<\/div>\n<\/div>\n<\/div>\n<\/div>\n<\/div>\n<\/section>\n<\/div>\n<\/div>\n<\/div>\n<div class=\"wrap-footer\">\n<footer class=\"\">\n<div class=\"container\">\n<div class=\"footer-newsletter-box\"><\/div>\n<\/div>\n<\/footer>\n<\/div>\n<table>\n<tbody>\n<tr>\n<td width=\"302\">Meno modela<\/td>\n<td width=\"302\">Tenisky 198<\/td>\n<\/tr>\n<tr>\n<td width=\"302\">Farba<\/td>\n<td width=\"302\">Ru\u017eov\u00e1<\/td>\n<\/tr>\n<tr>\n<td width=\"302\">ve\u013ekosti<\/td>\n<td width=\"302\">36 37\u00a0 38\u00a0 39 40 41<\/td>\n<\/tr>\n<tr>\n<td width=\"302\">Podo\u0161va<\/td>\n<td width=\"302\">Guma<\/td>\n<\/tr>\n<tr>\n<td width=\"302\">Otep\u013eovanie<\/td>\n<td width=\"302\">Nie<\/td>\n<\/tr>\n<tr>\n<td width=\"302\">Spona<\/td>\n<td width=\"302\">zauzlen\u00e9<\/td>\n<\/tr>\n<tr>\n<td width=\"302\">Zbierka<\/td>\n<td width=\"302\">Jar\/Jese\u0148\/Leto<\/td>\n<\/tr>\n<\/tbody>\n<\/table>\n<div class=\"tabs tabs-bb clear mb-80\">\n<div class=\"tab-content\">\n<div id=\"tab-description\" class=\"tab-pane fade in woocommerce-Tabs-panel--description active\">\n<p style=\"text-align: center;\">\n<\/div>\n<\/div>\n<\/div>\n<section class=\"up-sells upsells products mb-80\"><\/section>\n<p style=\"text-align: left;\">","protected":false},"excerpt":{"rendered":"<p>Adidasy R\u00f3\u017cowe 197 Kochasz modne i ekstrawaganckie buty, ale nie wiesz czy s\u0105 dla Ciebie? Ten sportowy kr\u00f3j na grubej podeszwie w po\u0142\u0105czeniu z pi\u0119knymi wk\u0142adkami to must have tego sezonu! Te buty b\u0119d\u0105 pasowa\u0107 do ka\u017cdej stylizacji, b\u0119dziesz \u015bwietnie wygl\u0105da\u0107 w ka\u017cdej sytuacji! Adidasy\u00a0 bardzo lekkie , mi\u0119kkie i mega wygodne. Adidasy super pasuj\u0105<\/p>\n<div class=\"klb-readmore post-buttons\"><a class=\"button black outline size-sm\" href=\"https:\/\/madelinefashion.pl\/sk\/adidasy-rozowe-197\/\">\u010c\u00edta\u0165 \u010falej <i class=\"klbth-icon-right-arrow\"><\/i><\/a><\/div>","protected":false},"featured_media":36791,"template":"","meta":[],"product_brand":[],"product_cat":[400,395],"product_tag":[495],"class_list":{"0":"post-36783","1":"product","2":"type-product","3":"status-publish","4":"has-post-thumbnail","6":"product_cat-buty","7":"product_cat-nowosci","8":"product_tag-buty-sportowe","10":"first","11":"instock","12":"product-type-variable"},"_links":{"self":[{"href":"https:\/\/madelinefashion.pl\/sk\/wp-json\/wp\/v2\/product\/36783","targetHints":{"allow":["GET"]}}],"collection":[{"href":"https:\/\/madelinefashion.pl\/sk\/wp-json\/wp\/v2\/product"}],"about":[{"href":"https:\/\/madelinefashion.pl\/sk\/wp-json\/wp\/v2\/types\/product"}],"wp:featuredmedia":[{"embeddable":true,"href":"https:\/\/madelinefashion.pl\/sk\/wp-json\/wp\/v2\/media\/36791"}],"wp:attachment":[{"href":"https:\/\/madelinefashion.pl\/sk\/wp-json\/wp\/v2\/media?parent=36783"}],"wp:term":[{"taxonomy":"product_brand","embeddable":true,"href":"https:\/\/madelinefashion.pl\/sk\/wp-json\/wp\/v2\/product_brand?post=36783"},{"taxonomy":"product_cat","embeddable":true,"href":"https:\/\/madelinefashion.pl\/sk\/wp-json\/wp\/v2\/product_cat?post=36783"},{"taxonomy":"product_tag","embeddable":true,"href":"https:\/\/madelinefashion.pl\/sk\/wp-json\/wp\/v2\/product_tag?post=36783"}],"curies":[{"name":"pracovn\u00fd list","href":"https:\/\/api.w.org\/{rel}","templated":true}]}}