{"id":37745,"date":"2022-05-07T16:40:28","date_gmt":"2022-05-07T14:40:28","guid":{"rendered":"https:\/\/madelinefashion.pl\/?post_type=product&#038;p=37745"},"modified":"2025-08-21T22:50:39","modified_gmt":"2025-08-21T20:50:39","slug":"buty-sportowe-skarpetkowe-fresto-rozowe-nb527p","status":"publish","type":"product","link":"https:\/\/madelinefashion.pl\/sk\/buty-sportowe-skarpetkowe-fresto-rozowe-nb527p\/","title":{"rendered":"FRESTO ru\u017eov\u00e1 pono\u017ekov\u00e1 \u0161portov\u00e1 obuv NB527P"},"content":{"rendered":"<h3 style=\"text-align: center;\">FRESTO ru\u017eov\u00e1 pono\u017ekov\u00e1 \u0161portov\u00e1 obuv NB527P<\/h3>\n<p style=\"text-align: center;\">\u0160portov\u00e1 obuv, ide\u00e1lna na ka\u017edodenn\u00e9 nosenie. Perfektn\u00e9 na dlh\u00e9 prech\u00e1dzky, cvi\u010denie, jogging, ale aj do pr\u00e1ce \u010di \u0161koly.<br \/>\nD\u00e1mska \u0161portov\u00e1 obuv z elastick\u00e9ho, priedu\u0161n\u00e9ho materi\u00e1lu. Pohodlie zabezpe\u010duje m\u00e4kk\u00e1, materi\u00e1lov\u00e1 stielka.<\/p>\n<p style=\"text-align: center;\"><b>Vonkaj\u0161\u00ed materi\u00e1l:\u00a0<\/b>Tkanina<br \/>\n<b>\u010c\u00edslovanie:\u00a0<\/b>Typick\u00e9 - odpor\u00fa\u010dame vybra\u0165 si ve\u013ekos\u0165, ktor\u00fa nos\u00edte<br \/>\n<b>Platforma\/podr\u00e1\u017eka: <\/b>3 cm<br \/>\n<b>Typ podp\u00e4tku:\u00a0<\/b>Plo\u0161ina<br \/>\n<b>Vlo\u017ei\u0165:\u00a0<\/b>Materi\u00e1l<br \/>\n<b>V\u00fd\u0161ka stopky:\u00a0<\/b>7,5 cm<br \/>\n<b>Spona:\u00a0<\/b>\u010dipkovan\u00fd<\/p>\n<p>&nbsp;<\/p>\n<table width=\"540\">\n<thead>\n<tr>\n<td width=\"216\"><strong>Ve\u013ekos\u0165 E\u00da<\/strong><\/td>\n<td width=\"316\"><strong>D\u013a\u017eka vlo\u017eky<\/strong><\/td>\n<\/tr>\n<\/thead>\n<tbody>\n<tr>\n<td width=\"216\"><strong>36<\/strong><\/td>\n<td width=\"316\">22,5 cm<\/td>\n<\/tr>\n<tr>\n<td width=\"216\"><strong>37<\/strong><\/td>\n<td width=\"316\">23,5 cm<\/td>\n<\/tr>\n<tr>\n<td width=\"216\"><strong>38<\/strong><\/td>\n<td width=\"316\">24,5 cm<\/td>\n<\/tr>\n<tr>\n<td width=\"216\"><strong>39<\/strong><\/td>\n<td width=\"316\">25 cm<\/td>\n<\/tr>\n<tr>\n<td width=\"216\"><strong>40<\/strong><\/td>\n<td width=\"316\">26 cm<\/td>\n<\/tr>\n<tr>\n<td width=\"216\"><strong>41<\/strong><\/td>\n<td width=\"316\">26,5 cm<\/td>\n<\/tr>\n<\/tbody>\n<\/table>\n<div class=\"wrap-content\">\n<div class=\"main-container container\">\n<div class=\"row\">\n<section class=\"main-content sidebar-left-false\">\n<div class=\"product-page page\">\n<div class=\"page-content\">\n<div id=\"ProductSizing\" class=\"product-sizing modal fade in\" tabindex=\"-1\" role=\"dialog\" aria-hidden=\"false\">\n<div class=\"modal-dialog\">\n<div class=\"modal-content\">\n<div class=\"widget html_editor\">\n<p>&nbsp;<\/p>\n<\/div>\n<p>&nbsp;<\/p>\n<\/div>\n<\/div>\n<\/div>\n<\/div>\n<\/div>\n<\/section>\n<\/div>\n<\/div>\n<\/div>\n<div class=\"wrap-footer\">\n<footer class=\"\">\n<div class=\"container\">\n<div class=\"footer-newsletter-box\"><\/div>\n<\/div>\n<\/footer>\n<\/div>\n<table>\n<tbody>\n<tr>\n<td width=\"302\">Meno modela<\/td>\n<td width=\"302\">Pono\u017ekov\u00e1 \u0161portov\u00e1 obuv FRESTO NB527P<\/td>\n<\/tr>\n<tr>\n<td width=\"302\">Farba<\/td>\n<td width=\"302\">Ru\u017eov\u00e1<\/td>\n<\/tr>\n<tr>\n<td width=\"302\">ve\u013ekosti<\/td>\n<td width=\"302\">36 37\u00a0 38\u00a0 39 40 41<\/td>\n<\/tr>\n<tr>\n<td width=\"302\">Podo\u0161va<\/td>\n<td width=\"302\">Guma<\/td>\n<\/tr>\n<tr>\n<td width=\"302\">Otep\u013eovanie<\/td>\n<td width=\"302\">Nie<\/td>\n<\/tr>\n<tr>\n<td width=\"302\">Spona<\/td>\n<td width=\"302\">zauzlen\u00e9<\/td>\n<\/tr>\n<tr>\n<td width=\"302\">Zbierka<\/td>\n<td width=\"302\">Jar\/Jese\u0148\/Leto<\/td>\n<\/tr>\n<\/tbody>\n<\/table>\n<div class=\"tabs tabs-bb clear mb-80\">\n<div class=\"tab-content\">\n<div id=\"tab-description\" class=\"tab-pane fade in woocommerce-Tabs-panel--description active\">\n<p style=\"text-align: center;\">\n<\/div>\n<\/div>\n<\/div>\n<section class=\"up-sells upsells products mb-80\"><\/section>\n<p style=\"text-align: left;\">","protected":false},"excerpt":{"rendered":"<p>Buty sportowe skarpetkowe FRESTO R\u00f3\u017cowe NB527P Sportowe obuwie, idealne na co dzie\u0144. Fantastycznie sprawdzi si\u0119 na d\u0142ugich spacerach, do \u0107wicze\u0144, joggingu ale zar\u00f3wno do pracy lub szko\u0142y. Damskie buty sportowe wykonane z elastycznego, oddychaj\u0105cego materia\u0142u. Komfort zapewnia mi\u0119kka, materia\u0142owa wk\u0142adka. Materia\u0142 zewn\u0119trzny:\u00a0Tkanina Numeracja:\u00a0Typowa &#8211; sugerujemy wyb\u00f3r rozmiaru jaki nosisz Platforma \/ Podeszwa: 3 cm Rodzaj<\/p>\n<div class=\"klb-readmore post-buttons\"><a class=\"button black outline size-sm\" href=\"https:\/\/madelinefashion.pl\/sk\/buty-sportowe-skarpetkowe-fresto-rozowe-nb527p\/\">\u010c\u00edta\u0165 \u010falej <i class=\"klbth-icon-right-arrow\"><\/i><\/a><\/div>","protected":false},"featured_media":37730,"template":"","meta":[],"product_brand":[],"product_cat":[400,395],"product_tag":[495],"class_list":{"0":"post-37745","1":"product","2":"type-product","3":"status-publish","4":"has-post-thumbnail","6":"product_cat-buty","7":"product_cat-nowosci","8":"product_tag-buty-sportowe","10":"first","11":"instock","12":"product-type-variable"},"_links":{"self":[{"href":"https:\/\/madelinefashion.pl\/sk\/wp-json\/wp\/v2\/product\/37745","targetHints":{"allow":["GET"]}}],"collection":[{"href":"https:\/\/madelinefashion.pl\/sk\/wp-json\/wp\/v2\/product"}],"about":[{"href":"https:\/\/madelinefashion.pl\/sk\/wp-json\/wp\/v2\/types\/product"}],"wp:featuredmedia":[{"embeddable":true,"href":"https:\/\/madelinefashion.pl\/sk\/wp-json\/wp\/v2\/media\/37730"}],"wp:attachment":[{"href":"https:\/\/madelinefashion.pl\/sk\/wp-json\/wp\/v2\/media?parent=37745"}],"wp:term":[{"taxonomy":"product_brand","embeddable":true,"href":"https:\/\/madelinefashion.pl\/sk\/wp-json\/wp\/v2\/product_brand?post=37745"},{"taxonomy":"product_cat","embeddable":true,"href":"https:\/\/madelinefashion.pl\/sk\/wp-json\/wp\/v2\/product_cat?post=37745"},{"taxonomy":"product_tag","embeddable":true,"href":"https:\/\/madelinefashion.pl\/sk\/wp-json\/wp\/v2\/product_tag?post=37745"}],"curies":[{"name":"pracovn\u00fd list","href":"https:\/\/api.w.org\/{rel}","templated":true}]}}