{"id":3788,"date":"2020-12-09T19:13:18","date_gmt":"2020-12-09T18:13:18","guid":{"rendered":"https:\/\/madelinefashion.pl\/?post_type=product&#038;p=3788"},"modified":"2025-12-03T14:58:50","modified_gmt":"2025-12-03T13:58:50","slug":"body-kopertowe-cappuccino","status":"publish","type":"product","link":"https:\/\/madelinefashion.pl\/sk\/body-kopertowe-cappuccino\/","title":{"rendered":"Body Cappuccino Envelope"},"content":{"rendered":"<h3 style=\"text-align: center;\">Body Cappuccino Envelope<\/h3>\n<p style=\"text-align: center;\"><strong>Ob\u00e1lkov\u00e9 telo s v\u00fdstrihom<\/strong>\u00a0 V-typ. Luxusn\u00e9 telo bl\u00fazky s hlbok\u00fdm,\u00a0<strong>zmyseln\u00fd v\u00fdstrih<\/strong>Dokonale sa hod\u00ed k elegantn\u00fdm aj le\u017e\u00e9rnym \u0161t\u00fdlom. Vybran\u00e9 pre mnoho \u0161t\u00fdlov. Model, ktor\u00fd si zamilujete. M\u00f4\u017eete ich nosi\u0165 k \u0161ortk\u00e1m, d\u017e\u00ednsom, sukni a dokonca aj ko\u017een\u00fdm nohaviciam. Eur\u00f3psky v\u00fdrobok, ve\u013emi kvalitn\u00fd materi\u00e1l. Dokonale sa prisp\u00f4sob\u00ed postave. Ide\u00e1lne do \u0161koly, pr\u00e1ce, na rande alebo na stretnutie s priate\u013emi! <strong>Ide\u00e1lne pre ka\u017ed\u00fa pr\u00edle\u017eitos\u0165 a \u010das!\u00a0<\/strong>Ve\u013ekos\u0165\u00a0<strong>odpor\u00fa\u010dan\u00e9 univerz\u00e1lne<\/strong>\u00a0pre d\u00e1my vo ve\u013ekosti od<strong>\u00a0XS a\u017e L<\/strong><\/p>\n<h3 style=\"text-align: center;\">Rozmery<\/h3>\n<p style=\"text-align: center;\">celkov\u00e1 d\u013a\u017eka: 70 cm<br \/>\n\u0161\u00edrka od pazuchy po pazuchu: 45 cm -48 cm<br \/>\nd\u013a\u017eka ruk\u00e1va od ramena: 39 cm<br \/>\nd\u013a\u017eka ruk\u00e1va od podpazu\u0161ia: 54 cm<br \/>\nodpor\u00fa\u010dan\u00fd maxim\u00e1lny obvod poprsia: 100 cm<br \/>\n\u0161\u00edrka v p\u00e1se: 45 cm<\/p>\n<p>&nbsp;<\/p>\n<table width=\"617\">\n<tbody>\n<tr>\n<td width=\"302\">Meno modela<\/td>\n<td width=\"302\">Telo ob\u00e1lky<\/td>\n<\/tr>\n<tr>\n<td width=\"302\">Farba<\/td>\n<td width=\"302\">cappuccino<\/td>\n<\/tr>\n<tr>\n<td width=\"302\">Zbierka<\/td>\n<td width=\"302\">Jar leto jese\u0148 zima<\/td>\n<\/tr>\n<tr>\n<td width=\"302\">ve\u013ekosti<\/td>\n<td width=\"302\">Univerz\u00e1lny<\/td>\n<\/tr>\n<tr>\n<td width=\"302\">M\u00f3da<\/td>\n<td width=\"302\">Zhoda<\/td>\n<\/tr>\n<tr>\n<td width=\"302\">\u0160tiepenie<\/td>\n<td width=\"302\">Ob\u00e1lka v \u0161t\u00fdle V<\/td>\n<\/tr>\n<tr>\n<td width=\"302\"><\/td>\n<td width=\"302\">nohavi\u010dky<\/td>\n<\/tr>\n<tr>\n<td width=\"302\">Materi\u00e1l<\/td>\n<td width=\"302\">95% polyester 5% elastan<\/td>\n<\/tr>\n<\/tbody>\n<\/table>\n<p style=\"text-align: center;\">\u00a0Model m\u00e1\u00a0<strong>169<\/strong>\u00a0cm vysok\u00fd, nos\u00ed ve\u013ekos\u0165 ka\u017ed\u00fd de\u0148\u00a0<strong>S<\/strong><\/p>\n<p style=\"text-align: center;\">\u0160\u00edrka cez prsia 92 cm<\/p>\n<p style=\"text-align: center;\">\u0160\u00edrka v p\u00e1se 62 cm<\/p>\n<p style=\"text-align: center;\">\u0160\u00edrka v bokoch 94 cm<\/p>","protected":false},"excerpt":{"rendered":"<p>Body Kopertowe Cappuccino Body kopertowe z dekoltem\u00a0 typu V . Luksusowa bluzka-body z g\u0142\u0119bokim,\u00a0zmys\u0142owym dekoltem.Rewelacyjnie sprawdzi si\u0119 zar\u00f3wno w eleganckich, jak i casualowych stylizacjach. Wybierane do wielu stylizacji. Model w kt\u00f3rym si\u0119 zakochasz . Mo\u017cesz je nosi\u0107 do szort\u00f3w, d\u017cins\u00f3w, sp\u00f3dnicy, a nawet spodni ze sk\u00f3ry. Produkt europejski, bardzo dobra jako\u015b\u0107 materia\u0142u. Idealnie dopasowuje si\u0119<\/p>\n<div class=\"klb-readmore post-buttons\"><a class=\"button black outline size-sm\" href=\"https:\/\/madelinefashion.pl\/sk\/body-kopertowe-cappuccino\/\">\u010c\u00edta\u0165 \u010falej <i class=\"klbth-icon-right-arrow\"><\/i><\/a><\/div>","protected":false},"featured_media":33717,"template":"","meta":[],"product_brand":[],"product_cat":[84],"product_tag":[],"class_list":{"0":"post-3788","1":"product","2":"type-product","3":"status-publish","4":"has-post-thumbnail","6":"product_cat-body","8":"first","9":"instock","10":"purchasable","11":"product-type-simple"},"_links":{"self":[{"href":"https:\/\/madelinefashion.pl\/sk\/wp-json\/wp\/v2\/product\/3788","targetHints":{"allow":["GET"]}}],"collection":[{"href":"https:\/\/madelinefashion.pl\/sk\/wp-json\/wp\/v2\/product"}],"about":[{"href":"https:\/\/madelinefashion.pl\/sk\/wp-json\/wp\/v2\/types\/product"}],"wp:featuredmedia":[{"embeddable":true,"href":"https:\/\/madelinefashion.pl\/sk\/wp-json\/wp\/v2\/media\/33717"}],"wp:attachment":[{"href":"https:\/\/madelinefashion.pl\/sk\/wp-json\/wp\/v2\/media?parent=3788"}],"wp:term":[{"taxonomy":"product_brand","embeddable":true,"href":"https:\/\/madelinefashion.pl\/sk\/wp-json\/wp\/v2\/product_brand?post=3788"},{"taxonomy":"product_cat","embeddable":true,"href":"https:\/\/madelinefashion.pl\/sk\/wp-json\/wp\/v2\/product_cat?post=3788"},{"taxonomy":"product_tag","embeddable":true,"href":"https:\/\/madelinefashion.pl\/sk\/wp-json\/wp\/v2\/product_tag?post=3788"}],"curies":[{"name":"pracovn\u00fd list","href":"https:\/\/api.w.org\/{rel}","templated":true}]}}