{"id":38792,"date":"2022-05-13T13:02:36","date_gmt":"2022-05-13T11:02:36","guid":{"rendered":"https:\/\/madelinefashion.pl\/?post_type=product&#038;p=38792"},"modified":"2026-01-20T10:33:52","modified_gmt":"2026-01-20T09:33:52","slug":"t-shirt-collevision-bialy-z-karmelowymi-napisami","status":"publish","type":"product","link":"https:\/\/madelinefashion.pl\/sk\/t-shirt-collevision-bialy-z-karmelowymi-napisami\/","title":{"rendered":"Collevision biele tri\u010dko s karamelov\u00fdm n\u00e1pisom"},"content":{"rendered":"<h3 style=\"text-align: center;\">Collevision biele tri\u010dko s karamelov\u00fdm n\u00e1pisom<\/h3>\n<p style=\"text-align: center;\"><strong>Biele tri\u010dko s potla\u010dou<\/strong>\u00a0\u2013 s v\u00fdstrihom do V pri v\u00fdstrihu. Je to bl\u00fazka, ktor\u00e1 sa bude hodi\u0165 k v\u00e4\u010d\u0161ine \u0161t\u00fdlov \u2013 v\u010faka vzoru. Pr\u00edjemn\u00fd na dotyk, priedu\u0161n\u00fd materi\u00e1l v\u00e1m poskytne pohodlie. Jednoduch\u00e9 univerz\u00e1lne tri\u010dko sa d\u00e1 nosi\u0165 po\u010das cel\u00e9ho roka bez oh\u013eadu na ro\u010dn\u00e9 obdobie. Skombinujte ju s d\u017e\u00ednsovou katanou a voskovan\u00fdmi nohavicami. Dostupn\u00e9 v na\u0161ej predajni v r\u00f4znych farb\u00e1ch. Ide o model, v ktorom nezostanete bez pov\u0161imnutia. ve\u013ekos\u0165 je<strong> univerz\u00e1lne odpor\u00fa\u010dan\u00e9 od S po XXL\u00a0<\/strong><\/p>\n<h3 style=\"text-align: center;\">Rozmery :<\/h3>\n<ul>\n<li style=\"text-align: center;\">\u00a0\u00a0\u00a0\u00a0\u00a0\u00a0\u00a0 Celkov\u00e1 d\u013a\u017eka: 71 cm<\/li>\n<li style=\"text-align: center;\">\u00a0 \u00a0 \u00a0 \u00a0 \u0160\u00edrka od pazuchy po pazuchu: 52 cm - 63 cm<\/li>\n<li style=\"text-align: center;\">D\u013a\u017eka ruk\u00e1va od podpazu\u0161ia: 10 cm<br \/>\nD\u013a\u017eka ruk\u00e1va od ramena: 16 cm<\/li>\n<\/ul>\n<p style=\"text-align: center;\">Rozmery sa m\u00f4\u017eu mierne l\u00ed\u0161i\u0165 od uveden\u00fdch +\/- 2cm. V\u0161etky uveden\u00e9 rozmery s\u00fa meran\u00e9 plo\u0161ne.<\/p>\n<table>\n<tbody>\n<tr>\n<td width=\"302\">Meno modela<\/td>\n<td width=\"302\">Kolekt\u00edvne tri\u010dko<\/td>\n<\/tr>\n<tr>\n<td width=\"302\">Farba<\/td>\n<td width=\"302\">biely<\/td>\n<\/tr>\n<tr>\n<td width=\"302\">ve\u013ekosti<\/td>\n<td width=\"302\">Univerz\u00e1lny<\/td>\n<\/tr>\n<tr>\n<td width=\"302\">M\u00f3da<\/td>\n<td width=\"302\">nadrozmern\u00e9<\/td>\n<\/tr>\n<tr>\n<td width=\"302\">Materi\u00e1l<\/td>\n<td width=\"302\">95 % Bavlna 5% Elastan<\/td>\n<\/tr>\n<\/tbody>\n<\/table>\n<p style=\"text-align: center;\"><span style=\"font-size: 10pt;\">\u00a0<\/span><\/p>\n<p style=\"text-align: center;\">\u00a0Model m\u00e1\u00a0<strong>169<\/strong>\u00a0cm vysok\u00fd, nos\u00ed ve\u013ekos\u0165 ka\u017ed\u00fd de\u0148\u00a0<strong>S<\/strong><\/p>\n<p style=\"text-align: center;\">\u0160\u00edrka cez prsia 92 cm<\/p>\n<p style=\"text-align: center;\">\u0160\u00edrka v p\u00e1se 62 cm<\/p>\n<p style=\"text-align: center;\">\u0160\u00edrka v bokoch 94 cm<\/p>\n<div class=\"additional-details\"><\/div>","protected":false},"excerpt":{"rendered":"<p>Biele tri\u010dko Collevision s karamelov\u00fdm n\u00e1pisom. Biele tri\u010dko s potla\u010dou \u2013 s v\u00fdstrihom do V. T\u00e1to bl\u00fazka sa v\u010faka vzoru bude hodi\u0165 k v\u00e4\u010d\u0161ine outfitov. Pr\u00edjemn\u00fd na dotyk a priedu\u0161n\u00fd materi\u00e1l zabezpe\u010d\u00ed pohodlie. Toto jednoduch\u00e9, univerz\u00e1lne tri\u010dko m\u00f4\u017eete nosi\u0165 po cel\u00fd rok, bez oh\u013eadu na ro\u010dn\u00e9 obdobie. Skombinujte ho s<\/p>\n<div class=\"klb-readmore post-buttons\"><a class=\"button black outline size-sm\" href=\"https:\/\/madelinefashion.pl\/sk\/t-shirt-collevision-bialy-z-karmelowymi-napisami\/\">\u010c\u00edta\u0165 \u010falej <i class=\"klbth-icon-right-arrow\"><\/i><\/a><\/div>","protected":false},"featured_media":38698,"template":"","meta":[],"product_brand":[],"product_cat":[77,85],"product_tag":[251],"class_list":{"0":"post-38792","1":"product","2":"type-product","3":"status-publish","4":"has-post-thumbnail","6":"product_cat-bluzki","7":"product_cat-t-shirty","8":"product_tag-bluzka-biala","9":"pa_rozmiar-s-m","10":"pa_rozmiar-l-xl","12":"first","13":"instock","14":"sale","15":"purchasable","16":"product-type-simple"},"_links":{"self":[{"href":"https:\/\/madelinefashion.pl\/sk\/wp-json\/wp\/v2\/product\/38792","targetHints":{"allow":["GET"]}}],"collection":[{"href":"https:\/\/madelinefashion.pl\/sk\/wp-json\/wp\/v2\/product"}],"about":[{"href":"https:\/\/madelinefashion.pl\/sk\/wp-json\/wp\/v2\/types\/product"}],"wp:featuredmedia":[{"embeddable":true,"href":"https:\/\/madelinefashion.pl\/sk\/wp-json\/wp\/v2\/media\/38698"}],"wp:attachment":[{"href":"https:\/\/madelinefashion.pl\/sk\/wp-json\/wp\/v2\/media?parent=38792"}],"wp:term":[{"taxonomy":"product_brand","embeddable":true,"href":"https:\/\/madelinefashion.pl\/sk\/wp-json\/wp\/v2\/product_brand?post=38792"},{"taxonomy":"product_cat","embeddable":true,"href":"https:\/\/madelinefashion.pl\/sk\/wp-json\/wp\/v2\/product_cat?post=38792"},{"taxonomy":"product_tag","embeddable":true,"href":"https:\/\/madelinefashion.pl\/sk\/wp-json\/wp\/v2\/product_tag?post=38792"}],"curies":[{"name":"pracovn\u00fd list","href":"https:\/\/api.w.org\/{rel}","templated":true}]}}