{"id":38795,"date":"2022-05-13T13:20:30","date_gmt":"2022-05-13T11:20:30","guid":{"rendered":"https:\/\/madelinefashion.pl\/?post_type=product&#038;p=38795"},"modified":"2026-01-20T10:33:52","modified_gmt":"2026-01-20T09:33:52","slug":"t-shirt-dziury-blekitny","status":"publish","type":"product","link":"https:\/\/madelinefashion.pl\/sk\/t-shirt-dziury-blekitny\/","title":{"rendered":"Tri\u010dko Blue Hole"},"content":{"rendered":"<h3 style=\"text-align: center;\">Tri\u010dko Blue Hole<\/h3>\n<p style=\"text-align: center;\"><strong>Tri\u010dko s origin\u00e1lnymi dierkami. <\/strong>Je to bl\u00fazka, ktor\u00e1 sa hod\u00ed k v\u00e4\u010d\u0161ine \u0161t\u00fdlov \u2013 v\u010faka svojej jednoduchosti. Pr\u00edjemn\u00fd na dotyk, priedu\u0161n\u00fd materi\u00e1l v\u00e1m poskytne pohodlie. Jednoduch\u00e9 univerz\u00e1lne tri\u010dko sa d\u00e1 nosi\u0165 po cel\u00fd rok bez oh\u013eadu na ro\u010dn\u00e9 obdobie. Skombinujte ju s d\u017e\u00ednsovou katanou a voskovan\u00fdmi nohavicami. Dostupn\u00e9 v na\u0161ej predajni v r\u00f4znych farb\u00e1ch. Ide o model, v ktorom nezostanete bez pov\u0161imnutia. Jedna ve\u013ekos\u0165 sadne v\u0161etk\u00fdm odpor\u00fa\u010dan\u00fdm od\u00a0<strong>S a\u017e XL<\/strong><\/p>\n<h3 style=\"text-align: center;\">Rozmery :<\/h3>\n<ul>\n<li style=\"text-align: center;\">\u00a0\u00a0\u00a0\u00a0\u00a0\u00a0\u00a0 Celkov\u00e1 predn\u00e1 d\u013a\u017eka: 60 cm<\/li>\n<li style=\"text-align: center;\">Celkov\u00e1 d\u013a\u017eka chrbta: 67 cm<\/li>\n<li style=\"text-align: center;\">\u00a0 \u00a0 \u00a0 \u00a0 \u0160\u00edrka od pazuchy po pazuchu: 45 cm - 53 cm<\/li>\n<li style=\"text-align: center;\">\u0160\u00edrka v spodnej \u010dasti: 50 cm - 57 cm<\/li>\n<\/ul>\n<ul>\n<li style=\"text-align: center;\"><\/li>\n<\/ul>\n<p style=\"text-align: center;\">Rozmery sa m\u00f4\u017eu mierne l\u00ed\u0161i\u0165 od uveden\u00fdch +\/- 2cm. V\u0161etky uveden\u00e9 rozmery s\u00fa meran\u00e9 plo\u0161ne.<\/p>\n<table>\n<tbody>\n<tr>\n<td width=\"302\">Meno modela<\/td>\n<td width=\"302\">Dierkov\u00e9 tri\u010dko<\/td>\n<\/tr>\n<tr>\n<td width=\"302\">Farba<\/td>\n<td width=\"302\">Modr\u00e1<\/td>\n<\/tr>\n<tr>\n<td width=\"302\">ve\u013ekosti<\/td>\n<td width=\"302\">Univerz\u00e1lny<\/td>\n<\/tr>\n<tr>\n<td width=\"302\">M\u00f3da<\/td>\n<td width=\"302\">Zhoda<\/td>\n<\/tr>\n<tr>\n<td width=\"302\">Materi\u00e1l<\/td>\n<td width=\"302\">95 % Bavlna 5% Elastan<\/td>\n<\/tr>\n<\/tbody>\n<\/table>\n<p style=\"text-align: center;\"><span style=\"font-size: 10pt;\">\u00a0<\/span><\/p>\n<div class=\"tabs tabs-bb clear mb-80\">\n<div class=\"tab-content\">\n<div id=\"tab-description\" class=\"tab-pane fade in woocommerce-Tabs-panel--description active\">\n<div class=\"tabs tabs-bb clear mb-80\">\n<div class=\"tab-content\">\n<div id=\"tab-description\" class=\"tab-pane fade in woocommerce-Tabs-panel--description active\">\n<p style=\"text-align: center;\">\u00a0Model m\u00e1\u00a0<strong>169<\/strong>\u00a0cm vysok\u00fd, nos\u00ed ve\u013ekos\u0165 ka\u017ed\u00fd de\u0148\u00a0<strong>S<\/strong><\/p>\n<p style=\"text-align: center;\">\u0160\u00edrka cez prsia 92 cm<\/p>\n<p style=\"text-align: center;\">\u0160\u00edrka v p\u00e1se 62 cm<\/p>\n<p style=\"text-align: center;\">\u0160\u00edrka v bokoch 94 cm<\/p>\n<\/div>\n<\/div>\n<\/div>\n<section class=\"related products mb-80\"><\/section>\n<section class=\"page-product-box\">\n<div class=\"rte\">\n<p>&nbsp;<\/p>\n<\/div>\n<\/section>\n<\/div>\n<\/div>\n<\/div>\n<section class=\"up-sells upsells products mb-80\"><\/section>","protected":false},"excerpt":{"rendered":"<p>Tri\u010dko The Holes: Svetlomodr\u00e9 tri\u010dko s origin\u00e1lnym n\u00e1pisom Holes. T\u00e1to bl\u00fazka v\u010faka svojej jednoduchosti dopln\u00ed v\u00e4\u010d\u0161inu outfitov. M\u00e4kk\u00fd a priedu\u0161n\u00fd materi\u00e1l zais\u0165uje pohodlie. Toto jednoduch\u00e9 a v\u0161estrann\u00e9 tri\u010dko sa d\u00e1 nosi\u0165 celoro\u010dne, bez oh\u013eadu na ro\u010dn\u00e9 obdobie. Skombinujte ho s d\u017e\u00ednsovou bundou a navoskovan\u00fdmi nohavicami. Dostupn\u00e9 v na\u0161om obchode.<\/p>\n<div class=\"klb-readmore post-buttons\"><a class=\"button black outline size-sm\" href=\"https:\/\/madelinefashion.pl\/sk\/t-shirt-dziury-blekitny\/\">\u010c\u00edta\u0165 \u010falej <i class=\"klbth-icon-right-arrow\"><\/i><\/a><\/div>","protected":false},"featured_media":38751,"template":"","meta":[],"product_brand":[],"product_cat":[85,395],"product_tag":[],"class_list":{"0":"post-38795","1":"product","2":"type-product","3":"status-publish","4":"has-post-thumbnail","6":"product_cat-t-shirty","7":"product_cat-nowosci","8":"pa_rozmiar-s-m","9":"pa_rozmiar-l-xl","11":"first","12":"instock","13":"sale","14":"purchasable","15":"product-type-simple"},"_links":{"self":[{"href":"https:\/\/madelinefashion.pl\/sk\/wp-json\/wp\/v2\/product\/38795","targetHints":{"allow":["GET"]}}],"collection":[{"href":"https:\/\/madelinefashion.pl\/sk\/wp-json\/wp\/v2\/product"}],"about":[{"href":"https:\/\/madelinefashion.pl\/sk\/wp-json\/wp\/v2\/types\/product"}],"wp:featuredmedia":[{"embeddable":true,"href":"https:\/\/madelinefashion.pl\/sk\/wp-json\/wp\/v2\/media\/38751"}],"wp:attachment":[{"href":"https:\/\/madelinefashion.pl\/sk\/wp-json\/wp\/v2\/media?parent=38795"}],"wp:term":[{"taxonomy":"product_brand","embeddable":true,"href":"https:\/\/madelinefashion.pl\/sk\/wp-json\/wp\/v2\/product_brand?post=38795"},{"taxonomy":"product_cat","embeddable":true,"href":"https:\/\/madelinefashion.pl\/sk\/wp-json\/wp\/v2\/product_cat?post=38795"},{"taxonomy":"product_tag","embeddable":true,"href":"https:\/\/madelinefashion.pl\/sk\/wp-json\/wp\/v2\/product_tag?post=38795"}],"curies":[{"name":"pracovn\u00fd list","href":"https:\/\/api.w.org\/{rel}","templated":true}]}}