{"id":39077,"date":"2022-05-14T10:17:31","date_gmt":"2022-05-14T08:17:31","guid":{"rendered":"https:\/\/madelinefashion.pl\/?post_type=product&#038;p=39077"},"modified":"2022-06-21T20:19:34","modified_gmt":"2022-06-21T18:19:34","slug":"body-koronkowe-hiszpanka-chabrowe","status":"publish","type":"product","link":"https:\/\/madelinefashion.pl\/sk\/body-koronkowe-hiszpanka-chabrowe\/","title":{"rendered":"\u0160panielske \u010dipkovan\u00e9 body nev\u00e4dza"},"content":{"rendered":"<h3 style=\"text-align: center;\">\u0160panielske \u010dipkovan\u00e9 body nev\u00e4dza<\/h3>\n<p style=\"text-align: center;\"><strong>Elegantn\u00fd \u010dipkovan\u00fd medved\u00edk v \u0161panielskom \u0161t\u00fdle<\/strong><br \/>\nIde\u00e1lne pre elegantn\u00e9 \u0161tyliz\u00e1cie.<br \/>\nBody m\u00e1 pod \u010dipkou neprieh\u013eadn\u00fa pod\u0161\u00edvku, v\u00fdstrih v \u0161panielskom \u0161t\u00fdle.<br \/>\nVyroben\u00e9 v\u00fdhradne z elastickej, pru\u017enej \u010dipky.<br \/>\n<strong>Absol\u00fatny hit tejto sez\u00f3ny.<\/strong><br \/>\nVrelo odpor\u00fa\u010dame!!!<\/p>\n<h3 style=\"text-align: center;\">Rozmery:<\/h3>\n<p style=\"text-align: center;\">\u0160\u00edrka od podpazu\u0161ia po podpazu\u0161ie 38-51 cm (elastick\u00fd)<br \/>\nCelkov\u00e1 d\u013a\u017eka 52-65 cm<\/p>\n<p>&nbsp;<\/p>\n<p style=\"text-align: center;\">Rozmery sa m\u00f4\u017eu mierne l\u00ed\u0161i\u0165 od uveden\u00fdch +\/- 2cm. V\u0161etky uveden\u00e9 rozmery s\u00fa meran\u00e9 plo\u0161ne.\u00a0<strong>rozmer x2<\/strong><\/p>\n<p>&nbsp;<\/p>\n<p>&nbsp;<\/p>\n<p style=\"text-align: center;\">\u00a0Model m\u00e1\u00a0<strong>169<\/strong>\u00a0cm vysok\u00fd, nos\u00ed ve\u013ekos\u0165 ka\u017ed\u00fd de\u0148\u00a0<strong>S<\/strong><\/p>\n<p style=\"text-align: center;\">\u0160\u00edrka cez prsia 92 cm<\/p>\n<p style=\"text-align: center;\">\u0160\u00edrka v p\u00e1se 62 cm<\/p>\n<p style=\"text-align: center;\">\u0160\u00edrka v bokoch 94 cm<\/p>","protected":false},"excerpt":{"rendered":"<p>Body Koronkowe Hiszpanka Chabrowe Eleganckie koronkowe body w stylu hiszpanki Idealne do eleganckich stylizacji. Body posiadaj\u0105 pod koronk\u0105 nie prze\u015bwituj\u0105c\u0105 podszewk\u0119 , dekolt w stylu hiszpanki. Wykonane w ca\u0142o\u015bci z elastycznej, rozci\u0105gliwej koronki. Absolutny hit tego sezonu. Gor\u0105co polecamy !!! Wymiary: Szeroko\u015b\u0107 od pachy do pachy 38-51 cm (gumka) D\u0142ugo\u015b\u0107 ca\u0142kowita 52-65 cm &nbsp; Wymiary<\/p>\n<div class=\"klb-readmore post-buttons\"><a class=\"button black outline size-sm\" href=\"https:\/\/madelinefashion.pl\/sk\/body-koronkowe-hiszpanka-chabrowe\/\">\u010c\u00edta\u0165 \u010falej <i class=\"klbth-icon-right-arrow\"><\/i><\/a><\/div>","protected":false},"featured_media":39057,"template":"","meta":[],"product_brand":[],"product_cat":[84],"product_tag":[],"class_list":{"0":"post-39077","1":"product","2":"type-product","3":"status-publish","4":"has-post-thumbnail","6":"product_cat-body","8":"first","9":"instock","10":"purchasable","11":"product-type-simple"},"_links":{"self":[{"href":"https:\/\/madelinefashion.pl\/sk\/wp-json\/wp\/v2\/product\/39077","targetHints":{"allow":["GET"]}}],"collection":[{"href":"https:\/\/madelinefashion.pl\/sk\/wp-json\/wp\/v2\/product"}],"about":[{"href":"https:\/\/madelinefashion.pl\/sk\/wp-json\/wp\/v2\/types\/product"}],"wp:featuredmedia":[{"embeddable":true,"href":"https:\/\/madelinefashion.pl\/sk\/wp-json\/wp\/v2\/media\/39057"}],"wp:attachment":[{"href":"https:\/\/madelinefashion.pl\/sk\/wp-json\/wp\/v2\/media?parent=39077"}],"wp:term":[{"taxonomy":"product_brand","embeddable":true,"href":"https:\/\/madelinefashion.pl\/sk\/wp-json\/wp\/v2\/product_brand?post=39077"},{"taxonomy":"product_cat","embeddable":true,"href":"https:\/\/madelinefashion.pl\/sk\/wp-json\/wp\/v2\/product_cat?post=39077"},{"taxonomy":"product_tag","embeddable":true,"href":"https:\/\/madelinefashion.pl\/sk\/wp-json\/wp\/v2\/product_tag?post=39077"}],"curies":[{"name":"pracovn\u00fd list","href":"https:\/\/api.w.org\/{rel}","templated":true}]}}