{"id":40132,"date":"2022-05-20T14:25:06","date_gmt":"2022-05-20T12:25:06","guid":{"rendered":"https:\/\/madelinefashion.pl\/?post_type=product&#038;p=40132"},"modified":"2025-09-09T10:28:16","modified_gmt":"2025-09-09T08:28:16","slug":"sukienka-zwiewna-asymetryczna-synita-biala","status":"publish","type":"product","link":"https:\/\/madelinefashion.pl\/sk\/sukienka-zwiewna-asymetryczna-synita-biala\/","title":{"rendered":"Vzdu\u0161n\u00e9 asymetrick\u00e9 \u0161aty Synita White"},"content":{"rendered":"<h3 style=\"text-align: center;\">Vzdu\u0161n\u00e9 asymetrick\u00e9 \u0161aty Synita White<\/h3>\n<p style=\"text-align: center;\"><strong>Vzdu\u0161n\u00e9 asymetrick\u00e9 \u0161aty Synita White<\/strong> je to podmaniv\u00fd strih <strong>\u0161aty\u00a0<\/strong>s vol\u00e1nmi. <b>\u0160aty<\/b> s opaskom o\u010daruj\u00faceho svetl\u00e9ho strihu. Na\u0161e \u0161aty s\u00fa ponukou pre miluj\u00face d\u00e1my<strong> \u013eahk\u00e9, vzdu\u0161n\u00e9, diev\u010densk\u00e9 \u0161aty. <\/strong>\u00a0\u0160aty s\u00fa ide\u00e1lnou vo\u013ebou pre <strong>tepl\u00e1 jar a leto<\/strong> dni. Model je odpor\u00fa\u010dan\u00fd pre \u017eeny vo ve\u013ekosti XS SML<\/p>\n<h3 style=\"text-align: center;\">Rozmery:<\/h3>\n<ul>\n<li style=\"text-align: center;\">\u00a0\u00a0\u00a0\u00a0\u00a0\u00a0\u00a0 celkov\u00e1 predn\u00e1 d\u013a\u017eka: 89 cm<\/li>\n<li style=\"text-align: center;\">\u00a0\u00a0\u00a0\u00a0\u00a0\u00a0\u00a0 celkov\u00e1 d\u013a\u017eka strany: 105 cm<\/li>\n<li style=\"text-align: center;\">\u00a0\u00a0\u00a0\u00a0\u00a0\u00a0\u00a0 \u0161\u00edrka od pazuchy po pazuchu: 49-55 cm<\/li>\n<li style=\"text-align: center;\">\u0161\u00edrka p\u00e1sa 39-52<\/li>\n<li style=\"text-align: center;\"><\/li>\n<\/ul>\n<p style=\"text-align: center;\">Rozmery sa m\u00f4\u017eu mierne l\u00ed\u0161i\u0165 od uveden\u00fdch +\/- 2cm. V\u0161etky uveden\u00e9 rozmery s\u00fa meran\u00e9 plo\u0161ne.\u00a0<strong>rozmer x2<\/strong><\/p>\n<p style=\"text-align: center;\"><strong>zlo\u017eenie<\/strong> 96% Polyester 4% Elastan<\/p>\n<div class=\"tabs tabs-bb clear mb-80\">\n<div class=\"tab-content\">\n<div id=\"tab-description\" class=\"tab-pane fade in woocommerce-Tabs-panel--description active\">\n<p style=\"text-align: center;\">Model m\u00e1\u00a0<strong>169<\/strong>\u00a0cm vysok\u00fd, nos\u00ed ve\u013ekos\u0165 ka\u017ed\u00fd de\u0148\u00a0<strong>S<\/strong><\/p>\n<p style=\"text-align: center;\">\u0160\u00edrka cez prsia 92 cm<\/p>\n<p style=\"text-align: center;\">\u0160\u00edrka v p\u00e1se 62 cm<\/p>\n<p style=\"text-align: center;\">\u0160\u00edrka v bokoch 94 cm<\/p>\n<\/div>\n<\/div>\n<\/div>\n<section class=\"up-sells upsells products mb-80\"><\/section>\n<p>&nbsp;<\/p>","protected":false},"excerpt":{"rendered":"<p>Sukienka Zwiewna Asymetryczna Synita Bia\u0142a Sukienka Zwiewna Asymetryczna Synita Bia\u0142a to urzekaj\u0105ca krojem sukienka\u00a0z falbankami. Sukienka z paskiem\u00a0 o uroczym lekkim fasonie. Nasza sukienka jest propozycj\u0105 dla Pa\u0144 kochaj\u0105cych lekkie, zwiewne, dziewcz\u0119ce sukienki. \u00a0Sukienka jest idealn\u0105 propozycj\u0105 na ciep\u0142e wiosenne i letnie dni.\u00a0 Model zalecany dla Pa\u0144 w rozmiarze XS S M L Wymiary: \u00a0\u00a0\u00a0\u00a0\u00a0\u00a0\u00a0<\/p>\n<div class=\"klb-readmore post-buttons\"><a class=\"button black outline size-sm\" href=\"https:\/\/madelinefashion.pl\/sk\/sukienka-zwiewna-asymetryczna-synita-biala\/\">\u010c\u00edta\u0165 \u010falej <i class=\"klbth-icon-right-arrow\"><\/i><\/a><\/div>","protected":false},"featured_media":40079,"template":"","meta":[],"product_brand":[],"product_cat":[125,395],"product_tag":[219],"class_list":{"0":"post-40132","1":"product","2":"type-product","3":"status-publish","4":"has-post-thumbnail","6":"product_cat-sukienki","7":"product_cat-nowosci","8":"product_tag-sukienka-biala","10":"first","11":"outofstock","12":"purchasable","13":"product-type-simple"},"_links":{"self":[{"href":"https:\/\/madelinefashion.pl\/sk\/wp-json\/wp\/v2\/product\/40132","targetHints":{"allow":["GET"]}}],"collection":[{"href":"https:\/\/madelinefashion.pl\/sk\/wp-json\/wp\/v2\/product"}],"about":[{"href":"https:\/\/madelinefashion.pl\/sk\/wp-json\/wp\/v2\/types\/product"}],"wp:featuredmedia":[{"embeddable":true,"href":"https:\/\/madelinefashion.pl\/sk\/wp-json\/wp\/v2\/media\/40079"}],"wp:attachment":[{"href":"https:\/\/madelinefashion.pl\/sk\/wp-json\/wp\/v2\/media?parent=40132"}],"wp:term":[{"taxonomy":"product_brand","embeddable":true,"href":"https:\/\/madelinefashion.pl\/sk\/wp-json\/wp\/v2\/product_brand?post=40132"},{"taxonomy":"product_cat","embeddable":true,"href":"https:\/\/madelinefashion.pl\/sk\/wp-json\/wp\/v2\/product_cat?post=40132"},{"taxonomy":"product_tag","embeddable":true,"href":"https:\/\/madelinefashion.pl\/sk\/wp-json\/wp\/v2\/product_tag?post=40132"}],"curies":[{"name":"pracovn\u00fd list","href":"https:\/\/api.w.org\/{rel}","templated":true}]}}