{"id":40680,"date":"2022-05-24T14:03:30","date_gmt":"2022-05-24T12:03:30","guid":{"rendered":"https:\/\/madelinefashion.pl\/?post_type=product&#038;p=40680"},"modified":"2025-09-09T10:28:06","modified_gmt":"2025-09-09T08:28:06","slug":"sukienka-maxi-hiszpanka-revella-biala","status":"publish","type":"product","link":"https:\/\/madelinefashion.pl\/sk\/sukienka-maxi-hiszpanka-revella-biala\/","title":{"rendered":"\u0160panielske Maxi \u0161aty Revella biele"},"content":{"rendered":"<h3 style=\"text-align: center;\">\u0160panielske Maxi \u0161aty Revella biele<\/h3>\n<p style=\"text-align: center;\"><strong>\u0160panielske Maxi \u0161aty Revella biele\u00a0 <\/strong>vyroben\u00e9 z materi\u00e1lu pr\u00edjemn\u00e9ho na dotyk. Vrch \u0161iat je v p\u00e1se vybaven\u00fd gumi\u010dkou. Ide\u00e1lne ako na ka\u017ed\u00fd de\u0148, tak aj na udalosti. Dokonale sa prisp\u00f4sob\u00ed postave. Ide\u00e1lne do \u0161koly, pr\u00e1ce, na rande alebo na stretnutie s priate\u013emi! <strong>Ide\u00e1lne pre ka\u017ed\u00fa pr\u00edle\u017eitos\u0165 a \u010das! Neuverite\u013ene \u017eensk\u00e9, elegantn\u00e9 \u0161aty v univerz\u00e1lnej ve\u013ekosti odpor\u00fa\u010dan\u00e9 od S po XL<\/strong><strong>.<\/strong> <strong>Asymetrick\u00e9 \u0161aty<\/strong> dostupn\u00e9 vo viacer\u00fdch farb\u00e1ch. Bude dobre fungova\u0165 na dovolenk\u00e1ch, rande, neform\u00e1lnych stretnutiach s priate\u013emi, ako aj na svadb\u00e1ch, rodinn\u00fdch okolnostiach.<\/p>\n<h3 style=\"text-align: center;\">Rozmery:<\/h3>\n<ul style=\"text-align: center;\">\n<li style=\"text-align: center;\"><span style=\"font-size: 10pt;\">\u00a0\u00a0\u00a0\u00a0\u00a0\u00a0\u00a0 celkov\u00e1 predn\u00e1 d\u013a\u017eka: 119 cm<\/span><\/li>\n<li style=\"text-align: center;\"><span style=\"font-size: 10pt;\">celkov\u00e1 d\u013a\u017eka chrbta: 135 cm<br \/>\n<\/span><\/li>\n<li style=\"text-align: center;\"><span style=\"font-size: 10pt;\">\u00a0\u00a0\u00a0\u00a0\u00a0\u00a0\u00a0 \u0161\u00edrka od pazuchy po pazuchu: 32-50 cm<\/span><span style=\"font-size: 10pt;\"><br \/>\n<\/span><\/li>\n<li style=\"text-align: center;\"><span style=\"font-size: 10pt;\">\u00a0\u00a0\u00a0\u00a0\u00a0\u00a0\u00a0 \u0161\u00edrka p\u00e1sa: 32-48 cm<\/span><\/li>\n<\/ul>\n<p>\u00a0<\/p>\n<p style=\"text-align: center;\"><span style=\"font-size: 10pt;\">Rozmery sa m\u00f4\u017eu mierne l\u00ed\u0161i\u0165 od uveden\u00fdch +\/- 2cm. V\u0161etky uveden\u00e9 rozmery s\u00fa meran\u00e9 plo\u0161ne.<\/span><\/p>\n<p style=\"text-align: center;\"><span style=\"font-size: 10pt;\">\u00a0<\/span><\/p>\n<table width=\"621\">\n<tbody>\n<tr>\n<td width=\"302\">Meno modela<\/td>\n<td width=\"302\">\u0160panielske maxi \u0161aty Revell<\/td>\n<\/tr>\n<tr>\n<td width=\"302\">Farba<\/td>\n<td width=\"302\">biely<\/td>\n<\/tr>\n<tr>\n<td width=\"302\">M\u00f3da<\/td>\n<td width=\"302\">nadrozmern\u00e9<\/td>\n<\/tr>\n<tr>\n<td width=\"302\">Materi\u00e1l<\/td>\n<td width=\"302\">95 % Polyester 5% Elastan<\/td>\n<\/tr>\n<tr>\n<td width=\"302\">D\u013a\u017eka<\/td>\n<td width=\"302\">Na zem<\/td>\n<\/tr>\n<\/tbody>\n<\/table>\n<p style=\"text-align: center;\">Model m\u00e1\u00a0<strong>169<\/strong>\u00a0cm vysok\u00fd, nos\u00ed ve\u013ekos\u0165 ka\u017ed\u00fd de\u0148\u00a0<strong>S<\/strong><\/p>\n<p style=\"text-align: center;\">\u0160\u00edrka cez prsia 92 cm<\/p>\n<p style=\"text-align: center;\">\u0160\u00edrka v p\u00e1se 62 cm<\/p>\n<p style=\"text-align: center;\">\u0160\u00edrka v bokoch 94 cm<\/p>","protected":false},"excerpt":{"rendered":"<p>Sukienka Maxi Hiszpanka Revella Bia\u0142a Sukienka Maxi Hiszpanka Revella bia\u0142a\u00a0 wykonana z przyjemnego w dotyku materia\u0142u. G\u00f3ra sukienki dopasowana w tali gumka. Idealna zar\u00f3wno na co dzie\u0144 jak i na imprezy. Idealnie dopasowuje si\u0119 do sylwetki. Idealne do szko\u0142y, do pracy, na randk\u0119 czy spotkanie z przyjaci\u00f3\u0142mi! Idealny na ka\u017cd\u0105 por\u0119 i okazj\u0119! Niesamowicie kobieca,<\/p>\n<div class=\"klb-readmore post-buttons\"><a class=\"button black outline size-sm\" href=\"https:\/\/madelinefashion.pl\/sk\/sukienka-maxi-hiszpanka-revella-biala\/\">\u010c\u00edta\u0165 \u010falej <i class=\"klbth-icon-right-arrow\"><\/i><\/a><\/div>","protected":false},"featured_media":40103,"template":"","meta":[],"product_brand":[],"product_cat":[125],"product_tag":[219],"class_list":{"0":"post-40680","1":"product","2":"type-product","3":"status-publish","4":"has-post-thumbnail","6":"product_cat-sukienki","7":"product_tag-sukienka-biala","9":"first","10":"outofstock","11":"purchasable","12":"product-type-simple"},"_links":{"self":[{"href":"https:\/\/madelinefashion.pl\/sk\/wp-json\/wp\/v2\/product\/40680","targetHints":{"allow":["GET"]}}],"collection":[{"href":"https:\/\/madelinefashion.pl\/sk\/wp-json\/wp\/v2\/product"}],"about":[{"href":"https:\/\/madelinefashion.pl\/sk\/wp-json\/wp\/v2\/types\/product"}],"wp:featuredmedia":[{"embeddable":true,"href":"https:\/\/madelinefashion.pl\/sk\/wp-json\/wp\/v2\/media\/40103"}],"wp:attachment":[{"href":"https:\/\/madelinefashion.pl\/sk\/wp-json\/wp\/v2\/media?parent=40680"}],"wp:term":[{"taxonomy":"product_brand","embeddable":true,"href":"https:\/\/madelinefashion.pl\/sk\/wp-json\/wp\/v2\/product_brand?post=40680"},{"taxonomy":"product_cat","embeddable":true,"href":"https:\/\/madelinefashion.pl\/sk\/wp-json\/wp\/v2\/product_cat?post=40680"},{"taxonomy":"product_tag","embeddable":true,"href":"https:\/\/madelinefashion.pl\/sk\/wp-json\/wp\/v2\/product_tag?post=40680"}],"curies":[{"name":"pracovn\u00fd list","href":"https:\/\/api.w.org\/{rel}","templated":true}]}}