{"id":40864,"date":"2022-05-24T16:57:57","date_gmt":"2022-05-24T14:57:57","guid":{"rendered":"https:\/\/madelinefashion.pl\/?post_type=product&#038;p=40864"},"modified":"2025-09-09T10:27:56","modified_gmt":"2025-09-09T08:27:56","slug":"sukienka-pasterowa-na-ramiaczkach-zamzibar-maxi-niebieska","status":"publish","type":"product","link":"https:\/\/madelinefashion.pl\/sk\/sukienka-pasterowa-na-ramiaczkach-zamzibar-maxi-niebieska\/","title":{"rendered":"\u0160aty ov\u010diaka na ramienka Zamzibar Maxi Blue"},"content":{"rendered":"<h3 style=\"text-align: center;\">\u0160aty ov\u010diaka na ramienka Zamzibar Maxi Blue<\/h3>\n<p style=\"text-align: center;\"><span style=\"vertical-align: inherit;\"><span style=\"vertical-align: inherit;\"><strong>\u0160aty ov\u010diaka na ramienka Zamzibar Maxi Blue<\/strong> vyroben\u00e9 z jemn\u00e9ho, tenk\u00e9ho materi\u00e1lu je ide\u00e1lnym n\u00e1vrhom pre<strong> ka\u017ed\u00e1 \u017eena, ktor\u00e1 ocen\u00ed \u0161t\u00fdl. V\u010faka miernemu oversize strihu sa c\u00edtime pohodlne a pohodlne. Na oboch stran\u00e1ch m\u00e1 rozparky, ktor\u00e9 kr\u00e1sne odha\u013euj\u00fa nohy. \u0160aty maj\u00fa tenk\u00e9 ramienka. <\/strong>S<\/span><span style=\"vertical-align: inherit;\">\u017ee okolo v\u00e1s nikto \u013eahostajne neprejde.<b> \u0160aty <\/b>\u00a0perfektne sed\u00ed na postave.i Je to modelka<\/span><\/span> jednoducho stvoren\u00e1 na tepl\u00e9 jarn\u00e9 a letn\u00e9 dni ako po\u010das dovolenky, tak aj v zhone mesta v\u010faka vzdu\u0161n\u00e9mu materi\u00e1lu. Pohodln\u00e9 nosenie v sofistikovanom \u0161t\u00fdle mus\u00ed by\u0165 vo va\u0161om \u0161atn\u00edku. Odpor\u00fa\u010da sa pre \u017eeny, ktor\u00e9 nosia ve\u013e <strong>XS SML.\u00a0 <span lang=\"pl-pl\" xml:lang=\"pl-pl\">Jedine\u010dn\u00fd model pre v\u00fdnimo\u010dn\u00e9 \u017eeny!<\/span><\/strong><\/p>\n<p>&nbsp;<\/p>\n<h3 style=\"text-align: center;\"><span style=\"vertical-align: inherit;\">Rozmery :<\/span><\/h3>\n<p align=\"center\">Celkov\u00e1 d\u013a\u017eka - predn\u00e1 \u010das\u0165 - 140 cm, zadn\u00e1 \u010das\u0165 - 147 cm<br \/>\n\u0160\u00edrka od pazuchy po pazuchu - 37 cm - 5c cm<br \/>\n<span style=\"vertical-align: inherit;\"><span style=\"vertical-align: inherit;\">Rozmery sa m\u00f4\u017eu l\u00ed\u0161i\u0165 od uveden\u00fdch +\/- 2cm. <\/span><span style=\"vertical-align: inherit;\">V\u0161etky uveden\u00e9 rozmery s\u00fa meran\u00e9 plo\u0161ne. <strong>rozmer x2<\/strong><\/span><\/span><\/p>\n<table style=\"height: 202px;\" width=\"565\">\n<tbody>\n<tr>\n<td width=\"302\">Meno modela<\/td>\n<td width=\"302\">Pastierske \u0161aty s ramienkami Zamzibar Maxi<\/td>\n<\/tr>\n<tr>\n<td width=\"302\">Farba<\/td>\n<td width=\"302\">Modr\u00e1<\/td>\n<\/tr>\n<tr>\n<td width=\"302\">Zbierka<\/td>\n<td width=\"302\">Jar leto<\/td>\n<\/tr>\n<tr>\n<td width=\"302\">ve\u013ekosti<\/td>\n<td width=\"302\">Univerz\u00e1lny<\/td>\n<\/tr>\n<tr>\n<td width=\"302\">\u0160tiepenie<\/td>\n<td width=\"302\">\u0161paniel\u010dina<\/td>\n<\/tr>\n<tr>\n<td width=\"302\">D\u013a\u017eka<\/td>\n<td width=\"302\">maxi<\/td>\n<\/tr>\n<tr>\n<td width=\"302\">Materi\u00e1l<\/td>\n<td width=\"302\">95% Polyester 5% Elastan<\/td>\n<\/tr>\n<\/tbody>\n<\/table>\n<div class=\"tabs tabs-bb clear mb-80\">\n<div class=\"tab-content\">\n<div id=\"tab-description\" class=\"tab-pane fade in woocommerce-Tabs-panel--description active\">\n<p style=\"text-align: center;\">Model m\u00e1\u00a0<strong>169<\/strong>\u00a0cm vysok\u00fd, nos\u00ed ve\u013ekos\u0165 ka\u017ed\u00fd de\u0148\u00a0<strong>S<\/strong><\/p>\n<p style=\"text-align: center;\">\u0160\u00edrka cez prsia 92 cm<\/p>\n<p style=\"text-align: center;\">\u0160\u00edrka v p\u00e1se 62 cm<\/p>\n<p style=\"text-align: center;\">\u0160\u00edrka v bokoch 94 cm<\/p>\n<\/div>\n<\/div>\n<\/div>\n<section class=\"related products mb-80\"><\/section>\n<section class=\"page-product-box\">\n<div class=\"rte\">\n<p style=\"text-align: center;\">\n<\/div>\n<\/section>","protected":false},"excerpt":{"rendered":"<p>Sukienka Pasterowa Na Ramiaczkach Zamzibar Maxi Niebieska Sukienka Pasterowa Na Ramiaczkach Zamzibar Maxi Niebieska wykonana z delikatnego, cienkiego materia\u0142u jest idealna propozycj\u0105 dla ka\u017cdej kobiety ceni\u0105cej styl. Lekko oversizowy kr\u00f3j sprawia, \u017ce czujemy si\u0119 wygodnie i komfortowo. Z dw\u00f3ch stron posiada rozci\u0119cia kt\u00f3re w pi\u0119kny spos\u00f3b eksponuj\u0105 nogi. Sukienka jest na cienkie rami\u0105czka. Sprawi, \u017ce<\/p>\n<div class=\"klb-readmore post-buttons\"><a class=\"button black outline size-sm\" href=\"https:\/\/madelinefashion.pl\/sk\/sukienka-pasterowa-na-ramiaczkach-zamzibar-maxi-niebieska\/\">\u010c\u00edta\u0165 \u010falej <i class=\"klbth-icon-right-arrow\"><\/i><\/a><\/div>","protected":false},"featured_media":40821,"template":"","meta":[],"product_brand":[],"product_cat":[125,395],"product_tag":[],"class_list":{"0":"post-40864","1":"product","2":"type-product","3":"status-publish","4":"has-post-thumbnail","6":"product_cat-sukienki","7":"product_cat-nowosci","9":"first","10":"instock","11":"purchasable","12":"product-type-simple"},"_links":{"self":[{"href":"https:\/\/madelinefashion.pl\/sk\/wp-json\/wp\/v2\/product\/40864","targetHints":{"allow":["GET"]}}],"collection":[{"href":"https:\/\/madelinefashion.pl\/sk\/wp-json\/wp\/v2\/product"}],"about":[{"href":"https:\/\/madelinefashion.pl\/sk\/wp-json\/wp\/v2\/types\/product"}],"wp:featuredmedia":[{"embeddable":true,"href":"https:\/\/madelinefashion.pl\/sk\/wp-json\/wp\/v2\/media\/40821"}],"wp:attachment":[{"href":"https:\/\/madelinefashion.pl\/sk\/wp-json\/wp\/v2\/media?parent=40864"}],"wp:term":[{"taxonomy":"product_brand","embeddable":true,"href":"https:\/\/madelinefashion.pl\/sk\/wp-json\/wp\/v2\/product_brand?post=40864"},{"taxonomy":"product_cat","embeddable":true,"href":"https:\/\/madelinefashion.pl\/sk\/wp-json\/wp\/v2\/product_cat?post=40864"},{"taxonomy":"product_tag","embeddable":true,"href":"https:\/\/madelinefashion.pl\/sk\/wp-json\/wp\/v2\/product_tag?post=40864"}],"curies":[{"name":"pracovn\u00fd list","href":"https:\/\/api.w.org\/{rel}","templated":true}]}}