{"id":41576,"date":"2022-05-26T13:53:04","date_gmt":"2022-05-26T11:53:04","guid":{"rendered":"https:\/\/madelinefashion.pl\/?post_type=product&#038;p=41576"},"modified":"2025-09-09T10:27:52","modified_gmt":"2025-09-09T08:27:52","slug":"sukienka-panterka-enesti-max-bezowa","status":"publish","type":"product","link":"https:\/\/madelinefashion.pl\/sk\/sukienka-panterka-enesti-max-bezowa\/","title":{"rendered":"B\u00e9\u017eov\u00e9 \u0161aty Enesti Max Leopard"},"content":{"rendered":"<h3 style=\"text-align: center;\">B\u00e9\u017eov\u00e9 \u0161aty Enesti Max Leopard<\/h3>\n<p style=\"text-align: center;\"><span style=\"font-size: 10pt;\"><span style=\"font-size: 10pt;\"><strong>B\u00e9\u017eov\u00e9 \u0161aty Enesti Max Leopard<\/strong> B\u00e9\u017eov\u00e9 maxi \u0161aty<\/span><span style=\"font-size: 10pt;\">.\u00a0 <\/span><b style=\"font-size: 10pt;\">\u0160aty s\u00fa vzdu\u0161n\u00e9, ide\u00e1lne na <\/b><span style=\"font-size: 13.3333px;\"><b>jar<\/b><\/span><b style=\"font-size: 10pt;\">\u00a0<\/b><span style=\"font-size: 13.3333px;\"><b>styling<\/b><\/span><b style=\"font-size: 10pt;\">.<\/b><span style=\"font-size: 10pt;\"> Elastick\u00e1 guma v p\u00e1se zais\u0165uje prisp\u00f4sobenie modelu k postave, \u010do zv\u00fdrazn\u00ed \u017eensk\u00e9 tvary. \u0161aty \u010d <\/span><strong style=\"font-size: 10pt;\">m\u00e1 pod\u0161\u00edvku, v\u010faka \u010domu je ide\u00e1lna na hor\u00face dni <\/strong><span style=\"font-size: 10pt;\">. Vzdu\u0161n\u00fd strih je fantastick\u00fd pri pohybe. Ide\u00e1lna ponuka na svadby, svadobn\u00e9 hostiny, rodinn\u00e9 oslavy, bankety a stretnutia s priate\u013emi. <\/span><span lang=\"pl-pl\" style=\"font-size: 10pt;\" xml:lang=\"pl-pl\">\u0160aty s\u00fa vyroben\u00e9 z \u013eahk\u00e9ho materi\u00e1lu tak, \u017ee <strong>budete sa v \u0148om c\u00edti\u0165 pohodlne.\u00a0<\/strong><\/span><span lang=\"pl-pl\" style=\"font-size: 10pt;\" xml:lang=\"pl-pl\">Dostupn\u00e9 v na\u0161ej predajni vo viacer\u00fdch farebn\u00fdch variantoch. Odpor\u00fa\u010dame pre d\u00e1my vo ve\u013ekosti SML XL. <strong>Ide\u00e1lna ponuka na svadby, recepcie a in\u00e9 rodinn\u00e9 oslavy. Vr\u00e1tane opasku\u00a0<\/strong><\/span><\/span><\/p>\n<p>&nbsp;<\/p>\n<h3 style=\"text-align: center;\">\u00a0Rozmery:<\/h3>\n<p style=\"text-align: center;\"><em><strong>Ve\u013ekos\u0165 M\/L\u00a0<\/strong>(vhodn\u00e9 pre SML)<\/em><\/p>\n<ul style=\"text-align: center;\">\n<li><span style=\"font-size: 10pt;\">\u00a0\u00a0\u00a0\u00a0\u00a0\u00a0\u00a0 celkov\u00e1 d\u013a\u017eka: 140 cm<br \/>\n<\/span><\/li>\n<li><span style=\"font-size: 10pt;\">\u00a0\u00a0\u00a0\u00a0\u00a0\u00a0\u00a0 \u0161\u00edrka hrudn\u00edka 35-45 cm<\/span><\/li>\n<li><span style=\"font-size: 10pt;\">\u00a0\u00a0\u00a0\u00a0\u00a0\u00a0\u00a0 \u0161\u00edrka p\u00e1sa 27-38 cm (elastick\u00fd)<\/span><\/li>\n<\/ul>\n<p>&nbsp;<\/p>\n<p style=\"text-align: center;\"><strong>Ve\u013ekos\u0165 XL\/XXL\u00a0<\/strong> (vhodn\u00e9 pre XL XXL XXXL)<\/p>\n<ul style=\"text-align: center;\">\n<li><span style=\"font-size: 10pt;\">\u00a0\u00a0\u00a0\u00a0\u00a0\u00a0\u00a0 celkov\u00e1 d\u013a\u017eka: 146 cm<br \/>\n<\/span><\/li>\n<li><span style=\"font-size: 10pt;\">\u00a0\u00a0\u00a0\u00a0\u00a0\u00a0\u00a0 \u0161\u00edrka cez prsia 38-48 cm<\/span><\/li>\n<li><span style=\"font-size: 10pt;\">\u00a0\u00a0\u00a0\u00a0\u00a0\u00a0\u00a0 \u0161\u00edrka p\u00e1sa 29-40 cm (elastick\u00fd)<\/span><\/li>\n<\/ul>\n<p>&nbsp;<\/p>\n<p style=\"text-align: center;\"><span style=\"font-size: 10pt;\">Rozmery sa m\u00f4\u017eu mierne l\u00ed\u0161i\u0165 od uveden\u00fdch +\/- 2cm.\u00a0<\/span><\/p>\n<p style=\"text-align: center;\"><span style=\"font-size: 10pt;\"><strong>\u00a0<\/strong>\u00a0<\/span><\/p>\n<p>&nbsp;<\/p>\n<table>\n<tbody>\n<tr>\n<td width=\"302\"><span style=\"font-size: 10pt;\">Meno modela<\/span><\/td>\n<td width=\"302\">Leopardie \u0161aty Enesti Max<\/td>\n<\/tr>\n<tr>\n<td width=\"302\"><span style=\"font-size: 10pt;\">Farba<\/span><\/td>\n<td width=\"302\"><span style=\"font-size: 10pt;\">B\u00e9\u017eov\u00e1<\/span><\/td>\n<\/tr>\n<tr>\n<td width=\"302\">Zlo\u017eenie<\/td>\n<td width=\"302\">65% visk\u00f3za<br \/>\nPolyester 35%<\/td>\n<\/tr>\n<tr>\n<td width=\"302\"><span style=\"font-size: 10pt;\">D\u013a\u017eka<\/span><\/td>\n<td width=\"302\"><span style=\"font-size: 10pt;\">Na zem<\/span><\/td>\n<\/tr>\n<\/tbody>\n<\/table>\n<p style=\"text-align: center;\"><span style=\"vertical-align: inherit;\">Model m\u00e1\u00a0 <\/span><strong><span style=\"vertical-align: inherit;\">169<\/span><\/strong><span style=\"vertical-align: inherit;\"> \u00a0cm vysok\u00fd, nos\u00ed ve\u013ekos\u0165 ka\u017ed\u00fd de\u0148\u00a0 <\/span><strong><span style=\"vertical-align: inherit;\">S<\/span><\/strong><\/p>\n<p style=\"text-align: center;\"><span style=\"vertical-align: inherit;\">\u0160\u00edrka cez prsia 92 cm<\/span><\/p>\n<p style=\"text-align: center;\"><span style=\"vertical-align: inherit;\">\u0160\u00edrka n\u00e1stroja 62 cm<\/span><\/p>\n<p style=\"text-align: center;\"><span style=\"vertical-align: inherit;\">\u0160\u00edrka v bokoch 94 cm<\/span><span style=\"font-size: 10pt;\">\u00a0<\/span><\/p>\n<div class=\"additional-details\" style=\"text-align: center;\">\n<p style=\"text-align: center;\"><span style=\"font-size: 10pt;\">\u00a0<\/span><\/p>\n<\/div>","protected":false},"excerpt":{"rendered":"<p>Sukienka Panterka Enesti Max Be\u017cowa Sukienka Panterka Enesti Max Be\u017cowa Sukienka maxi\u00a0 w kolorze be\u017cowym.\u00a0 Sukienka jest zwiewna, idealna do wiosennych\u00a0stylizacji. W talii elastyczna gumka zapewnia dopasowanie modelu do sylwetki co podkre\u015bli kobiece kszta\u0142ty. Sukienka nie posiada podszewki co sprawia \u017c\u0119 jest idealna na upalne dni . Zwiewny fason fantastycznie uk\u0142ada si\u0119 podczas ruchu. Idealna<\/p>\n<div class=\"klb-readmore post-buttons\"><a class=\"button black outline size-sm\" href=\"https:\/\/madelinefashion.pl\/sk\/sukienka-panterka-enesti-max-bezowa\/\">\u010c\u00edta\u0165 \u010falej <i class=\"klbth-icon-right-arrow\"><\/i><\/a><\/div>","protected":false},"featured_media":41317,"template":"","meta":[],"product_brand":[],"product_cat":[125],"product_tag":[],"class_list":{"0":"post-41576","1":"product","2":"type-product","3":"status-publish","4":"has-post-thumbnail","6":"product_cat-sukienki","7":"pa_rozmiar-m-l","8":"pa_rozmiar-xl-xxl","10":"first","11":"outofstock","12":"product-type-variable"},"_links":{"self":[{"href":"https:\/\/madelinefashion.pl\/sk\/wp-json\/wp\/v2\/product\/41576","targetHints":{"allow":["GET"]}}],"collection":[{"href":"https:\/\/madelinefashion.pl\/sk\/wp-json\/wp\/v2\/product"}],"about":[{"href":"https:\/\/madelinefashion.pl\/sk\/wp-json\/wp\/v2\/types\/product"}],"wp:featuredmedia":[{"embeddable":true,"href":"https:\/\/madelinefashion.pl\/sk\/wp-json\/wp\/v2\/media\/41317"}],"wp:attachment":[{"href":"https:\/\/madelinefashion.pl\/sk\/wp-json\/wp\/v2\/media?parent=41576"}],"wp:term":[{"taxonomy":"product_brand","embeddable":true,"href":"https:\/\/madelinefashion.pl\/sk\/wp-json\/wp\/v2\/product_brand?post=41576"},{"taxonomy":"product_cat","embeddable":true,"href":"https:\/\/madelinefashion.pl\/sk\/wp-json\/wp\/v2\/product_cat?post=41576"},{"taxonomy":"product_tag","embeddable":true,"href":"https:\/\/madelinefashion.pl\/sk\/wp-json\/wp\/v2\/product_tag?post=41576"}],"curies":[{"name":"pracovn\u00fd list","href":"https:\/\/api.w.org\/{rel}","templated":true}]}}