{"id":41599,"date":"2022-05-26T14:47:53","date_gmt":"2022-05-26T12:47:53","guid":{"rendered":"https:\/\/madelinefashion.pl\/?post_type=product&#038;p=41599"},"modified":"2026-01-02T14:48:16","modified_gmt":"2026-01-02T13:48:16","slug":"kombinezon-w-kwiaty-chicaca-biale-peonie","status":"publish","type":"product","link":"https:\/\/madelinefashion.pl\/sk\/kombinezon-w-kwiaty-chicaca-biale-peonie\/","title":{"rendered":"Kvetinov\u00fd overal Chicaca White Pionies"},"content":{"rendered":"<h3 style=\"text-align: center;\">Kvetinov\u00fd overal Chicaca White Pionies<\/h3>\n<p style=\"text-align: center;\"><span style=\"vertical-align: inherit;\"><span style=\"vertical-align: inherit;\"><b>Elegantn\u00e1 kvetinov\u00e1 kombin\u00e9za s topom zdoben\u00fdm vol\u00e1nmi, <\/b>to ur\u010dite dod\u00e1 charakter a \u0161t\u00fdl. Overal na jedno rameno s<\/span><span style=\"vertical-align: inherit;\">pr\u00e1va, ktor\u00e9 okolo v\u00e1s nikto \u013eahostajne neprejde.<strong> Letn\u00fd overal s kr\u00e1snymi kvetinov\u00fdmi vzormi<\/strong> vyroben\u00e9 zo vzdu\u0161n\u00fdch materi\u00e1lov v intenz\u00edvnych farb\u00e1ch. <strong>Dlh\u00e9 \u0161irok\u00e9 nohavice s\u00fa hitom tejto sez\u00f3ny! <\/strong>V s\u00faprave dostanete opasok<strong>ktor\u00e9 dokonale zv\u00fdraznia v\u00e1\u0161 p\u00e1s. <\/strong>Oblek je dostupn\u00fd v<strong> tri farebn\u00e9 prevedenia,<\/strong> tak si ur\u010dite ka\u017ed\u00fd z v\u00e1s vyberie nie\u010do pre seba. S na\u0161imi top\u00e1nkami vytvor\u00edte \u0161t\u00fdl <\/span><\/span>jednoducho stvoren\u00e1 na tepl\u00e9 jarn\u00e9 a letn\u00e9 dni ako po\u010das pr\u00e1zdnin, tak aj v ruchu ve\u013ekomesta. <strong>Budete pote\u0161en\u00ed, dokonal\u00fd strih, ktor\u00fd je alternat\u00edvou k \u0161at\u00e1m.<\/strong> Pohodln\u00e9 nosenie v sofistikovanom \u0161t\u00fdle mus\u00ed by\u0165 vo va\u0161om \u0161atn\u00edku. <strong>\u0160t\u00fdlov\u00fd a z\u00e1rove\u0148 ve\u013emi \u017eensk\u00fd overal.Ide\u00e1lny z\u00e1klad pre mnoho \u0161t\u00fdlov.<\/strong>\u00a0 Odpor\u00fa\u010da sa pre \u017eeny, ktor\u00e9 nosia ve\u013e <strong>XS SML<br \/>\nTento \u0161ialen\u00fd overal Chicaca nesmie ch\u00fdba\u0165 vo va\u0161om \u0161atn\u00edku!<\/strong><\/p>\n<p>&nbsp;<\/p>\n<h3 style=\"text-align: center;\"><span style=\"vertical-align: inherit;\">Rozmery obleku:<\/span><\/h3>\n<p align=\"center\">Celkov\u00e1 d\u013a\u017eka - 141 cm<br \/>\nD\u013a\u017eka od p\u00e1sa - 42 cm<br \/>\n\u0160\u00edrka od pazuchy po pazuchu: 46 cm - 52 cm<br \/>\n\u0160\u00edrka p\u00e1sa -27 cm -40 cm<br \/>\nVn\u00fatorn\u00e1 d\u013a\u017eka nohav\u00edc - 70 cm<\/p>\n<p style=\"text-align: center;\"><span style=\"vertical-align: inherit;\"><span style=\"vertical-align: inherit;\">Rozmery sa m\u00f4\u017eu l\u00ed\u0161i\u0165 od uveden\u00fdch +\/- 2cm. <\/span><span style=\"vertical-align: inherit;\">V\u0161etky uveden\u00e9 rozmery s\u00fa meran\u00e9 plo\u0161ne. <strong>rozmer x2<\/strong><\/span><\/span><\/p>\n<h3 style=\"text-align: center;\"><span style=\"vertical-align: inherit;\"><span style=\"vertical-align: inherit;\">Vlastnosti produktu:<br \/>\n<\/span><\/span><\/h3>\n<p style=\"text-align: center;\"><span style=\"vertical-align: inherit;\"><span style=\"vertical-align: inherit;\"><br \/>\n-elegantn\u00fd<br \/>\n- pr\u00edjemn\u00fd materi\u00e1l<br \/>\n- m\u00f3dny \u0161t\u00fdl<br \/>\n- guma v p\u00e1se<br \/>\n- origin\u00e1l<br \/>\n-\u017eensk\u00fd<br \/>\n- popruh v cene<br \/>\n- kvetinov\u00e9 vzory<\/span><\/span><\/p>\n<p style=\"text-align: center;\"><strong>\u00a0<\/strong><\/p>\n<table width=\"432\">\n<tbody>\n<tr>\n<td width=\"302\">Meno modela<\/td>\n<td width=\"302\">Overal Chicaca Flowers<\/td>\n<\/tr>\n<tr>\n<td width=\"302\">Farba<\/td>\n<td width=\"302\">Biela, Pivonky<\/td>\n<\/tr>\n<tr>\n<td width=\"302\">Zbierka<\/td>\n<td width=\"302\">Jar leto \/<\/td>\n<\/tr>\n<tr>\n<td width=\"302\">ve\u013ekosti<\/td>\n<td width=\"302\">Univerz\u00e1lny<\/td>\n<\/tr>\n<tr>\n<td width=\"302\">\u0160tiepenie<\/td>\n<td width=\"302\">Ob\u00e1lka<\/td>\n<\/tr>\n<tr>\n<td width=\"302\">D\u013a\u017eka<\/td>\n<td width=\"302\">maxi<\/td>\n<\/tr>\n<tr>\n<td width=\"302\">Materi\u00e1l<\/td>\n<td width=\"302\">95% Polyester 5% Elastan<\/td>\n<\/tr>\n<\/tbody>\n<\/table>\n<section class=\"page-product-box\">\n<div class=\"rte\">\n<p style=\"text-align: center;\">\n<\/div>\n<\/section>\n<div class=\"tabs tabs-bb clear mb-80\">\n<div class=\"tab-content\">\n<div id=\"tab-description\" class=\"tab-pane fade in woocommerce-Tabs-panel--description active\">\n<div class=\"tabs tabs-bb clear mb-80\">\n<div class=\"tab-content\">\n<div id=\"tab-description\" class=\"tab-pane fade in woocommerce-Tabs-panel--description active\">\n<p style=\"text-align: center;\">Model m\u00e1\u00a0<strong>169<\/strong>\u00a0cm vysok\u00fd, nos\u00ed ve\u013ekos\u0165 ka\u017ed\u00fd de\u0148\u00a0<strong>S<\/strong><\/p>\n<p style=\"text-align: center;\">\u0160\u00edrka cez prsia 92 cm<\/p>\n<p style=\"text-align: center;\">\u0160\u00edrka v p\u00e1se 62 cm<\/p>\n<p style=\"text-align: center;\">\u0160\u00edrka v bokoch 94 cm<\/p>\n<\/div>\n<\/div>\n<\/div>\n<\/div>\n<\/div>\n<\/div>\n<section class=\"related products mb-80\"><\/section>\n<section class=\"page-product-box\">\n<div class=\"rte\">\n<p style=\"text-align: center;\">\n<\/div>\n<\/section>","protected":false},"excerpt":{"rendered":"<p>Kombinezon w Kwiaty Chicaca Bia\u0142e Peonie Elegancki kombinezon w kwiaty z g\u00f3r\u0105 zdobion\u0105 falbankami, kt\u00f3re z pewno\u015bci\u0105 dodadz\u0105 charakteru i stylu. Kombinezon na jedno rami\u0119 spraw, \u017ce nikt nie przejdzie obok Ciebie oboj\u0119tnie. Letni kombinezon w pi\u0119kne kwieciste wzory wykonany z przewiewnego materia\u0142y w intensywnych barwach. D\u0142ugie, szerokie nogawki to hit tego sezonu! W komplecie<\/p>\n<div class=\"klb-readmore post-buttons\"><a class=\"button black outline size-sm\" href=\"https:\/\/madelinefashion.pl\/sk\/kombinezon-w-kwiaty-chicaca-biale-peonie\/\">\u010c\u00edta\u0165 \u010falej <i class=\"klbth-icon-right-arrow\"><\/i><\/a><\/div>","protected":false},"featured_media":41518,"template":"","meta":[],"product_brand":[],"product_cat":[80,395],"product_tag":[297],"class_list":{"0":"post-41599","1":"product","2":"type-product","3":"status-publish","4":"has-post-thumbnail","6":"product_cat-sukienki-i-kombinezony","7":"product_cat-nowosci","8":"product_tag-kombinezony","10":"first","11":"instock","12":"purchasable","13":"product-type-simple"},"_links":{"self":[{"href":"https:\/\/madelinefashion.pl\/sk\/wp-json\/wp\/v2\/product\/41599","targetHints":{"allow":["GET"]}}],"collection":[{"href":"https:\/\/madelinefashion.pl\/sk\/wp-json\/wp\/v2\/product"}],"about":[{"href":"https:\/\/madelinefashion.pl\/sk\/wp-json\/wp\/v2\/types\/product"}],"wp:featuredmedia":[{"embeddable":true,"href":"https:\/\/madelinefashion.pl\/sk\/wp-json\/wp\/v2\/media\/41518"}],"wp:attachment":[{"href":"https:\/\/madelinefashion.pl\/sk\/wp-json\/wp\/v2\/media?parent=41599"}],"wp:term":[{"taxonomy":"product_brand","embeddable":true,"href":"https:\/\/madelinefashion.pl\/sk\/wp-json\/wp\/v2\/product_brand?post=41599"},{"taxonomy":"product_cat","embeddable":true,"href":"https:\/\/madelinefashion.pl\/sk\/wp-json\/wp\/v2\/product_cat?post=41599"},{"taxonomy":"product_tag","embeddable":true,"href":"https:\/\/madelinefashion.pl\/sk\/wp-json\/wp\/v2\/product_tag?post=41599"}],"curies":[{"name":"pracovn\u00fd list","href":"https:\/\/api.w.org\/{rel}","templated":true}]}}