{"id":41814,"date":"2022-05-27T10:48:34","date_gmt":"2022-05-27T08:48:34","guid":{"rendered":"https:\/\/madelinefashion.pl\/?post_type=product&#038;p=41814"},"modified":"2025-10-01T07:34:29","modified_gmt":"2025-10-01T05:34:29","slug":"spodenki-dresowe-biale-kopia","status":"publish","type":"product","link":"https:\/\/madelinefashion.pl\/sk\/spodenki-dresowe-biale-kopia\/","title":{"rendered":"\u010cierne tepl\u00e1kov\u00e9 \u0161ortky"},"content":{"rendered":"<h3 style=\"text-align: center;\">\u010cierne tepl\u00e1kov\u00e9 \u0161ortky<\/h3>\n<p style=\"text-align: center;\"><span style=\"vertical-align: inherit;\"><span style=\"vertical-align: inherit;\"><strong>\u010cierne tepl\u00e1ky<\/strong>\u00a0je m\u00f3dny prvok, ktor\u00fd nesmie ch\u00fdba\u0165 vo va\u0161om \u0161atn\u00edku. <\/span><span style=\"vertical-align: inherit;\">\u0160ortky vyroben\u00e9 v <strong> Bavlna 100% <\/strong> poskytuj\u00fa pohodlie pri nosen\u00ed<\/span><\/span><strong><span style=\"vertical-align: inherit;\"><span style=\"vertical-align: inherit;\">. <\/span><\/span><\/strong><span style=\"vertical-align: inherit;\"><span style=\"vertical-align: inherit;\">S\u00fa ve\u013emi pohodln\u00e9<\/span><\/span><span style=\"vertical-align: inherit;\"><span style=\"vertical-align: inherit;\"> a \u013eahko sa kombinuj\u00fa, \u013eahko sa kombinuj\u00fa s na\u0161imi bl\u00fazkami, ko\u0161e\u013eami alebo body - ktor\u00e9 n\u00e1jdete aj v na\u0161ej <a href=\"https:\/\/madelinefashion.pl\/sk\/swetry\/\">e-shop.<\/a>\u00a0 <strong>\u0160ortky s ozdobnou potla\u010dou na nohavici a ne\u00f3novou \u0161n\u00farkou<\/strong><strong>\u00a0<\/strong> ukradne srdce ka\u017edej \u017eeny. Kr\u00e1tke nohy odhalia a <strong>opticky pred\u013a\u017eia nohy<\/strong>. Tepl\u00e1ky s\u00fa samozrejmos\u0165ou<\/span><\/span>\u00a0<strong>letn\u00e1 ponuka! <\/strong>\u0160ortky s\u00fa elastick\u00e9, v\u010faka \u010domu sa prisp\u00f4sobia postave. <strong>Kr\u00e1sne d\u00e1mske \u0161ortky sa hodia ku ka\u017ed\u00e9mu stylingu. <\/strong><span style=\"vertical-align: inherit;\"><span style=\"vertical-align: inherit;\">\u00a0<\/span><\/span><span style=\"vertical-align: inherit;\"><span style=\"vertical-align: inherit;\">V pr\u00edpade \u010fal\u0161\u00edch ot\u00e1zok k tomuto produktu n\u00e1s nev\u00e1hajte kontaktova\u0165 telefonicky alebo cez Facebook. Sledujte nov\u00e9 trendy s\u00a0<strong>Madelinefashion.\u00a0<\/strong>\u0160ortky v univerz\u00e1lnej ve\u013ekosti odpor\u00fa\u010dan\u00e9 pre \u017eeny vo ve\u013ekosti <strong>XS SM<\/strong> <strong>L<\/strong> ak nos\u00edte v\u00e4\u010d\u0161iu ve\u013ekos\u0165, pozrite si rozmery:\u00a0<\/span><\/span><\/p>\n<p>&nbsp;<\/p>\n<h3 style=\"text-align: center;\"><span style=\"vertical-align: inherit;\"><span style=\"vertical-align: inherit;\">Rozmery nohav\u00edc:<\/span><\/span><\/h3>\n<ul>\n<li style=\"text-align: center;\">Celkov\u00e1 d\u013a\u017eka: 33 cm<\/li>\n<li style=\"text-align: center;\">\u0160\u00edrka v p\u00e1se: 33-42 cm<\/li>\n<li style=\"text-align: center;\">\u0160\u00edrka v bokoch: 44 cm - 48 cm<\/li>\n<li style=\"text-align: center;\">V\u00fd\u0161ka: 34 cm\n<ul>\n<li>\u0160\u00edrka n\u00f4h: 30 cm<\/li>\n<\/ul>\n<\/li>\n<\/ul>\n<p style=\"text-align: center;\"><span style=\"vertical-align: inherit;\"><span style=\"vertical-align: inherit;\">Rozmery sa m\u00f4\u017eu l\u00ed\u0161i\u0165 od uveden\u00fdch +\/- 2cm. <\/span><span style=\"vertical-align: inherit;\">V\u0161etky uveden\u00e9 rozmery s\u00fa meran\u00e9 plo\u0161ne.<strong> rozmer x2<\/strong><\/span><\/span><\/p>\n<h3 style=\"text-align: center;\"><span style=\"vertical-align: inherit;\"><span style=\"vertical-align: inherit;\"><strong><br \/>\n<\/strong>Charakteristika:<strong><br \/>\n<\/strong><\/span><\/span><\/h3>\n<p>&nbsp;<\/p>\n<ul>\n<li style=\"text-align: center;\">svetlo<\/li>\n<li style=\"text-align: center;\">tepl\u00e1ky<\/li>\n<li style=\"text-align: center;\">kr\u00e1tky<\/li>\n<li style=\"text-align: center;\">bavlna<\/li>\n<li style=\"text-align: center;\">na gume<\/li>\n<li style=\"text-align: center;\">vo\u013en\u00fd<\/li>\n<\/ul>\n<p style=\"text-align: center;\"><span style=\"vertical-align: inherit;\"><span style=\"vertical-align: inherit;\"><strong>\u00a0<\/strong><\/span><\/span><\/p>\n<p style=\"text-align: center;\">Model m\u00e1\u00a0<strong>169<\/strong>\u00a0cm vysok\u00fd, nos\u00ed ve\u013ekos\u0165 ka\u017ed\u00fd de\u0148\u00a0<strong>S<\/strong><\/p>\n<p style=\"text-align: center;\">\u0160\u00edrka cez prsia 92 cm<\/p>\n<p style=\"text-align: center;\">\u0160\u00edrka v p\u00e1se 62 cm<\/p>\n<p style=\"text-align: center;\">\u0160\u00edrka v bokoch 94 cm<\/p>","protected":false},"excerpt":{"rendered":"<p>Spodenki Dresowe Czarne Spodenki Dresowe w kolorze czarnym\u00a0to modny element, kt\u00f3rego nie mo\u017ce zabrakn\u0105\u0107 w Twojej garderobie. Spodenki wykonane w 100% bawe\u0142ny zapewniaj\u0105 komfort noszenia. S\u0105 bardzo wygodne oraz \u0142atwe w \u0142\u0105czeniu, bez problemu mo\u017cna je po\u0142\u0105czy\u0107 z naszymi bluzkami, koszulami czy bodami-\u00a0 kt\u00f3re r\u00f3wnie\u017c znajdziesz w naszym e-sklepie.\u00a0 Spodenki z ozdobnym nadrukiem na nogawce<\/p>\n<div class=\"klb-readmore post-buttons\"><a class=\"button black outline size-sm\" href=\"https:\/\/madelinefashion.pl\/sk\/spodenki-dresowe-biale-kopia\/\">\u010c\u00edta\u0165 \u010falej <i class=\"klbth-icon-right-arrow\"><\/i><\/a><\/div>","protected":false},"featured_media":41708,"template":"","meta":[],"product_brand":[],"product_cat":[83,395],"product_tag":[425],"class_list":{"0":"post-41814","1":"product","2":"type-product","3":"status-publish","4":"has-post-thumbnail","6":"product_cat-spodnie","7":"product_cat-nowosci","8":"product_tag-spodenki","9":"pa_rozmiar-34-42-142","10":"pa_rozmiar-34-42-36-2","11":"pa_rozmiar-34-42-38-2","12":"pa_rozmiar-34-42-40-2","13":"pa_rozmiar-34-42-42-2","15":"first","16":"instock","17":"purchasable","18":"product-type-simple"},"_links":{"self":[{"href":"https:\/\/madelinefashion.pl\/sk\/wp-json\/wp\/v2\/product\/41814","targetHints":{"allow":["GET"]}}],"collection":[{"href":"https:\/\/madelinefashion.pl\/sk\/wp-json\/wp\/v2\/product"}],"about":[{"href":"https:\/\/madelinefashion.pl\/sk\/wp-json\/wp\/v2\/types\/product"}],"wp:featuredmedia":[{"embeddable":true,"href":"https:\/\/madelinefashion.pl\/sk\/wp-json\/wp\/v2\/media\/41708"}],"wp:attachment":[{"href":"https:\/\/madelinefashion.pl\/sk\/wp-json\/wp\/v2\/media?parent=41814"}],"wp:term":[{"taxonomy":"product_brand","embeddable":true,"href":"https:\/\/madelinefashion.pl\/sk\/wp-json\/wp\/v2\/product_brand?post=41814"},{"taxonomy":"product_cat","embeddable":true,"href":"https:\/\/madelinefashion.pl\/sk\/wp-json\/wp\/v2\/product_cat?post=41814"},{"taxonomy":"product_tag","embeddable":true,"href":"https:\/\/madelinefashion.pl\/sk\/wp-json\/wp\/v2\/product_tag?post=41814"}],"curies":[{"name":"pracovn\u00fd list","href":"https:\/\/api.w.org\/{rel}","templated":true}]}}