{"id":42262,"date":"2022-05-30T10:58:46","date_gmt":"2022-05-30T08:58:46","guid":{"rendered":"https:\/\/madelinefashion.pl\/?post_type=product&#038;p=42262"},"modified":"2025-09-09T10:27:46","modified_gmt":"2025-09-09T08:27:46","slug":"sukienka-plisowana-maxi-lenis-z-paskiem-zielona","status":"publish","type":"product","link":"https:\/\/madelinefashion.pl\/sk\/sukienka-plisowana-maxi-lenis-z-paskiem-zielona\/","title":{"rendered":"Maxi Lenis skladan\u00e9 \u0161aty s opaskom zelen\u00e9"},"content":{"rendered":"<h3 style=\"text-align: center;\">Maxi Lenis skladan\u00e9 \u0161aty s opaskom zelen\u00e9<\/h3>\n<p style=\"text-align: center;\"><strong>Maxi Lenis skladan\u00e9 \u0161aty s opaskom v ne\u00f3novo oran\u017eovej farbe. <\/strong>\u00a0Neskuto\u010dne \u017eensk\u00e9, elegantn\u00e9 skladan\u00e9 \u0161aty s midi d\u013a\u017ekou na ramienka s ozdobn\u00fdm v\u00fdstrihom, ktor\u00fd dokonale zv\u00fdrazn\u00ed \u017eensk\u00e9 tvary. \u0160aty maj\u00fa ob\u00e1lkov\u00fd v\u00fdstrih. Elastick\u00e1 guma v p\u00e1se zais\u0165uje prisp\u00f4sobenie modelu k postave, \u010do zv\u00fdrazn\u00ed \u017eensk\u00e9 tvary. \u0160aty maj\u00fa pod\u0161\u00edvku. Vzdu\u0161n\u00fd strih je fantastick\u00fd pri pohybe. Ide\u00e1lna ponuka na svadby, svadobn\u00e9 hostiny, rodinn\u00e9 oslavy, bankety. <strong> \u0160aty<\/strong><strong><span lang=\"pl-pl\" xml:lang=\"pl-pl\"> je vyroben\u00e1 z \u013eahk\u00e9ho materi\u00e1lu, v\u010faka \u010domu sa v nej budete c\u00edti\u0165 pohodlne.\u00a0 <\/span><\/strong><span lang=\"pl-pl\" xml:lang=\"pl-pl\">Dostupn\u00e9 v na\u0161ej predajni vo viacer\u00fdch farebn\u00fdch variantoch. Odpor\u00fa\u010dame pre d\u00e1my vo ve\u013ekosti SML XL<\/span><\/p>\n<h3 style=\"text-align: center;\">Rozmery:<\/h3>\n<ul style=\"text-align: center;\">\n<li><span style=\"font-size: 10pt;\">\u00a0\u00a0\u00a0\u00a0\u00a0\u00a0\u00a0 celkov\u00e1 d\u013a\u017eka: 123 cm<\/span><\/li>\n<li><span style=\"font-size: 10pt;\">\u00a0\u00a0\u00a0\u00a0\u00a0\u00a0\u00a0 \u0161\u00edrka od pazuchy po pazuchu: 35 cm-42 cm<\/span><\/li>\n<li><span style=\"font-size: 10pt;\">\u00a0\u00a0\u00a0\u00a0\u00a0\u00a0\u00a0 \u0161\u00edrka p\u00e1sa 25 cm - 40 cm (gumi\u010dka)<\/span><\/li>\n<li><span style=\"font-size: 10pt;\">\u00a0\u00a0\u00a0\u00a0\u00a0\u00a0\u00a0 d\u013a\u017eka pod\u0161\u00edvky: 103 cm<\/span><\/li>\n<li>d\u013a\u017eka sukne od p\u00e1sa: 79 cm<\/li>\n<li>d\u013a\u017eka pod\u0161\u00edvky: 103 cm<\/li>\n<\/ul>\n<p style=\"text-align: center;\"><span style=\"vertical-align: inherit;\">Rozmery sa m\u00f4\u017eu l\u00ed\u0161i\u0165 od uveden\u00fdch +\/- 2cm. V\u0161etky uveden\u00e9 rozmery s\u00fa meran\u00e9 plo\u0161ne. rozmer x2<\/span><\/p>\n<h3 style=\"text-align: center;\">Vlastnosti produktu:<\/h3>\n<p style=\"text-align: center;\"><span style=\"color: #000000;\"><strong>Dod\u00e1van\u00e9 s opaskom vo farbe \u0161iat.<\/strong><\/span><\/p>\n<p style=\"text-align: center;\"><span style=\"font-size: 10pt;\">- elastick\u00fd materi\u00e1l<\/span><br \/>\n<span style=\"font-size: 10pt;\">- pod\u0161\u00edvka<br \/>\n<\/span>- ob\u00e1lkov\u00fd v\u00fdstrih<br \/>\n\u2013 maxi kombin\u00e9za<br \/>\n- plisovan\u00fd<\/p>\n<p style=\"text-align: center;\"><span style=\"font-size: 10pt;\"><strong>\u00a0<\/strong>\u00a0<\/span><\/p>\n<p>&nbsp;<\/p>\n<table style=\"height: 166px;\" width=\"670\">\n<tbody>\n<tr>\n<td width=\"302\"><span style=\"font-size: 10pt;\">Meno modela<\/span><\/td>\n<td width=\"302\">Skladan\u00e9 Maxi Lenis \u0161aty s opaskom<\/td>\n<\/tr>\n<tr>\n<td width=\"302\"><span style=\"font-size: 10pt;\">Farba<\/span><\/td>\n<td width=\"302\"><span style=\"font-size: 10pt;\">zelen\u00e1<\/span><\/td>\n<\/tr>\n<tr>\n<td width=\"302\"><span style=\"font-size: 10pt;\">M\u00f3da<\/span><\/td>\n<td width=\"302\"><span style=\"font-size: 10pt;\">Vzplanul<\/span><\/td>\n<\/tr>\n<tr>\n<td width=\"302\"><span style=\"font-size: 10pt;\">Materi\u00e1l<\/span><\/td>\n<td width=\"302\"><span style=\"font-size: 10pt;\">Polyester 100%<\/span><\/td>\n<\/tr>\n<tr>\n<td width=\"302\"><span style=\"font-size: 10pt;\">D\u013a\u017eka<\/span><\/td>\n<td width=\"302\"><span style=\"font-size: 13.3333px;\">maxi<\/span><\/td>\n<\/tr>\n<\/tbody>\n<\/table>\n<p style=\"text-align: center;\">Model m\u00e1\u00a0<strong>169<\/strong>\u00a0cm vysok\u00fd, nos\u00ed ve\u013ekos\u0165 ka\u017ed\u00fd de\u0148\u00a0<strong>S<\/strong><\/p>\n<p style=\"text-align: center;\">\u0160\u00edrka cez prsia 92 cm<\/p>\n<p style=\"text-align: center;\">\u0160\u00edrka v p\u00e1se 62 cm<\/p>\n<p style=\"text-align: center;\">\u0160\u00edrka v bokoch 94 cm<\/p>\n<div class=\"additional-details\" style=\"text-align: center;\">\n<p style=\"text-align: center;\"><span style=\"font-size: 10pt;\">\u00a0<\/span><\/p>\n<\/div>","protected":false},"excerpt":{"rendered":"<p>Sukienka Plisowana Maxi Lenis z Paskiem Zielona Sukienka Plisowana Maxi Lenis z Paskiem Neonowa Pomara\u0144cz. \u00a0Niesamowicie kobieca, elegancka Sukienka plisowana o d\u0142ugo\u015bci midi na rami\u0105czkach z ozdobnym dekoltem kt\u00f3ry idealnie podkre\u015bla kobiece kszta\u0142ty. Sukienka posiada dekolt kopertowym. W talii elastyczna gumka zapewnia dopasowanie modelu do sylwetki co podkre\u015bli kobiece kszta\u0142ty. Sukienka posiada podszewk\u0119. Zwiewny fason<\/p>\n<div class=\"klb-readmore post-buttons\"><a class=\"button black outline size-sm\" href=\"https:\/\/madelinefashion.pl\/sk\/sukienka-plisowana-maxi-lenis-z-paskiem-zielona\/\">\u010c\u00edta\u0165 \u010falej <i class=\"klbth-icon-right-arrow\"><\/i><\/a><\/div>","protected":false},"featured_media":42006,"template":"","meta":[],"product_brand":[],"product_cat":[125],"product_tag":[535],"class_list":{"0":"post-42262","1":"product","2":"type-product","3":"status-publish","4":"has-post-thumbnail","6":"product_cat-sukienki","7":"product_tag-zielone-sukienki","9":"first","10":"instock","11":"purchasable","12":"product-type-simple"},"_links":{"self":[{"href":"https:\/\/madelinefashion.pl\/sk\/wp-json\/wp\/v2\/product\/42262","targetHints":{"allow":["GET"]}}],"collection":[{"href":"https:\/\/madelinefashion.pl\/sk\/wp-json\/wp\/v2\/product"}],"about":[{"href":"https:\/\/madelinefashion.pl\/sk\/wp-json\/wp\/v2\/types\/product"}],"wp:featuredmedia":[{"embeddable":true,"href":"https:\/\/madelinefashion.pl\/sk\/wp-json\/wp\/v2\/media\/42006"}],"wp:attachment":[{"href":"https:\/\/madelinefashion.pl\/sk\/wp-json\/wp\/v2\/media?parent=42262"}],"wp:term":[{"taxonomy":"product_brand","embeddable":true,"href":"https:\/\/madelinefashion.pl\/sk\/wp-json\/wp\/v2\/product_brand?post=42262"},{"taxonomy":"product_cat","embeddable":true,"href":"https:\/\/madelinefashion.pl\/sk\/wp-json\/wp\/v2\/product_cat?post=42262"},{"taxonomy":"product_tag","embeddable":true,"href":"https:\/\/madelinefashion.pl\/sk\/wp-json\/wp\/v2\/product_tag?post=42262"}],"curies":[{"name":"pracovn\u00fd list","href":"https:\/\/api.w.org\/{rel}","templated":true}]}}