{"id":42357,"date":"2022-05-30T12:05:40","date_gmt":"2022-05-30T10:05:40","guid":{"rendered":"https:\/\/madelinefashion.pl\/?post_type=product&#038;p=42357"},"modified":"2025-09-09T10:27:46","modified_gmt":"2025-09-09T08:27:46","slug":"sukienka-koronkowa-asymetryczna-maxi-fiesta-brudny-roz","status":"publish","type":"product","link":"https:\/\/madelinefashion.pl\/sk\/sukienka-koronkowa-asymetryczna-maxi-fiesta-brudny-roz\/","title":{"rendered":"\u010cipkovan\u00e9 asymetrick\u00e9 maxi \u0161aty Fiesta Dirty Pink"},"content":{"rendered":"<h3 style=\"text-align: center;\"><strong>\u010cipkovan\u00e9 asymetrick\u00e9 maxi \u0161aty Fiesta Dirty Pink<\/strong><\/h3>\n<p style=\"text-align: center;\"><span style=\"font-size: 10pt;\">Mimoriadne \u017eensk\u00e9 <strong>\u010cipkovan\u00e9 asymetrick\u00e9 maxi \u0161aty Fiesta Dirty Pink\u00a0<\/strong>s jednoduch\u00fdm v\u00fdstrihom. \u010cipkovan\u00e9 \u0161aty s\u00fa u\u0161it\u00e9 z pr\u00edjemn\u00e9ho vzdu\u0161n\u00e9ho materi\u00e1lu, ktor\u00fd ve\u013emi vyzer\u00e1 <strong>\u017eensk\u00fd<\/strong>. \u0160aty maj\u00fa <strong>pod\u0161\u00edvka<\/strong> zais\u0165uje pohodlie pri nosen\u00ed, v p\u00e1se je navy\u0161e elastick\u00e1 guma, v\u010faka ktorej sa dokonale prisp\u00f4sob\u00ed postave a zv\u00fdraz\u0148uje \u017eensk\u00e9 tvary. \u0160aty s\u00fa vpredu krat\u0161ie, v\u010faka \u010domu dokonale zd\u00f4raznia va\u0161e nohy. Na\u0161e \u0161aty s\u00fa perfektnou ponukou na tepl\u00e9 jarn\u00e9 a letn\u00e9 dni. S\u00fa to \u010dipkovan\u00e9 \u0161aty <strong>najpred\u00e1vanej\u0161\u00ed<\/strong> na nadch\u00e1dzaj\u00face tepl\u00e9 dni. <strong>odpor\u00fa\u010dan\u00e9<\/strong> pre d\u00e1my vo ve\u013e <strong>XS SML<\/strong> \u00a0<\/span><\/p>\n<p>&nbsp;<\/p>\n<h3 style=\"text-align: center;\">Vlastnosti Produktu<\/h3>\n<ul style=\"text-align: center;\">\n<li style=\"text-align: center;\"><span style=\"font-size: 10pt;\">elastick\u00e9<\/span><\/li>\n<li>p\u00e1s<\/li>\n<li>ob\u00e1lkov\u00fd v\u00fdstrih<\/li>\n<li>\u010dipka<\/li>\n<li>vpredu krat\u0161ia<\/li>\n<\/ul>\n<h3 style=\"text-align: center;\">Rozmery:<\/h3>\n<ul style=\"text-align: center;\">\n<li><span style=\"font-size: 10pt;\">\u00a0\u00a0\u00a0\u00a0\u00a0\u00a0\u00a0 \u00a0\u00a0\u00a0\u00a0\u00a0\u00a0\u00a0 celkov\u00e1 predn\u00e1 d\u013a\u017eka: 64 <\/span><span style=\"font-size: 10pt;\">cm<br \/>\n<\/span><\/li>\n<li>celkov\u00e1 d\u013a\u017eka chrbta: 145 cm<\/li>\n<li><span style=\"font-size: 10pt;\">\u00a0\u00a0\u00a0\u00a0\u00a0\u00a0\u00a0 \u00a0\u00a0\u00a0\u00a0\u00a0\u00a0\u00a0 \u0161\u00edrka od pazuchy po pazuchu: 33-35 cm<\/span><\/li>\n<li><span style=\"font-size: 10pt;\">\u00a0\u0161\u00edrka v p\u00e1se 28-31 cm<\/span><\/li>\n<li><span style=\"font-size: 10pt;\">\u00a0 \u00a0 \u00a0 \u00a0 \u00a0 \u00a0 d\u013a\u017eka oblie\u010dky na vank\u00fa\u0161 je 41 cm\u00a0 \u00a0 \u00a0 \u00a0 \u00a0 \u00a0 \u00a0 \u00a0 \u00a0<\/span><\/li>\n<\/ul>\n<p style=\"text-align: center;\"><span style=\"font-size: 10pt;\">Rozmery sa m\u00f4\u017eu mierne l\u00ed\u0161i\u0165 od uveden\u00fdch +\/- 2cm. V\u0161etky uveden\u00e9 rozmery s\u00fa meran\u00e9 plo\u0161ne.<\/span><\/p>\n<p style=\"text-align: center;\"><span style=\"font-size: 10pt;\">\u00a0<\/span><\/p>\n<p style=\"text-align: center;\"><span style=\"font-size: 10pt;\"><strong>\u00a0<\/strong>\u00a0<\/span><\/p>\n<p>&nbsp;<\/p>\n<table style=\"height: 163px;\" width=\"691\">\n<tbody>\n<tr>\n<td width=\"302\"><span style=\"font-size: 10pt;\">Meno modela<\/span><\/td>\n<td width=\"302\">Asymetrick\u00e9 \u010dipkovan\u00e9 Maxi Fiesta \u0161aty<\/td>\n<\/tr>\n<tr>\n<td width=\"302\"><span style=\"font-size: 10pt;\">Farba<\/span><\/td>\n<td width=\"302\"><span style=\"font-size: 10pt;\">\u0160pinav\u00e1 ru\u017eov\u00e1<\/span><\/td>\n<\/tr>\n<tr>\n<td width=\"302\"><span style=\"font-size: 10pt;\">\u0160t\u00fdl<\/span><\/td>\n<td width=\"302\"><span style=\"font-size: 10pt;\">Boho<\/span><\/td>\n<\/tr>\n<tr>\n<td width=\"302\"><span style=\"font-size: 10pt;\">Materi\u00e1l<\/span><\/td>\n<td width=\"302\"><span style=\"font-size: 10pt;\">95 % Nylon 5% Elastan<\/span><\/td>\n<\/tr>\n<tr>\n<td width=\"302\"><span style=\"font-size: 10pt;\">D\u013a\u017eka<\/span><\/td>\n<td width=\"302\"><span style=\"font-size: 10pt;\">Na koleno<\/span><\/td>\n<\/tr>\n<\/tbody>\n<\/table>\n<p style=\"text-align: center;\"><span style=\"font-size: 10pt;\">\u00a0<\/span><\/p>\n<div class=\"additional-details\" style=\"text-align: center;\">\n<p>\u00a0Model m\u00e1\u00a0<strong>169<\/strong>\u00a0cm vysok\u00fd, nos\u00ed ve\u013ekos\u0165 ka\u017ed\u00fd de\u0148\u00a0<strong>S<\/strong><\/p>\n<p>\u0160\u00edrka cez prsia 92 cm<\/p>\n<p>\u0160\u00edrka v p\u00e1se 62 cm<\/p>\n<p>\u0160\u00edrka v bokoch 94 cm<\/p>\n<p style=\"text-align: center;\"><span style=\"font-size: 10pt;\">\u00a0<\/span><\/p>\n<p style=\"text-align: center;\"><span style=\"font-size: 10pt;\">\u00a0<\/span><\/p>\n<\/div>","protected":false},"excerpt":{"rendered":"<p>Sukienka Koronkowa Asymetryczna Maxi Fiesta Brudny R\u00f3\u017c Niezwykle kobieca Sukienka Koronkowa Asymetryczna Maxi Fiesta Brudny R\u00f3\u017c\u00a0z dekoltem prostym. Sukienka koronkowa wykonana\u00a0 jest z przyjemnego, przewiewnego materia\u0142u, kt\u00f3ry wygl\u0105da bardzo kobieco. Sukienka posiada podszewk\u0119 zapewniaj\u0105c komfort noszenia, dodatkowo w pasie znajduje si\u0119 gumka, dzi\u0119ki kt\u00f3rej idealnie dopasowuje si\u0119 do sylwetki podkre\u015blaj\u0105c kobiece kszta\u0142ty. Sukienka jest z<\/p>\n<div class=\"klb-readmore post-buttons\"><a class=\"button black outline size-sm\" href=\"https:\/\/madelinefashion.pl\/sk\/sukienka-koronkowa-asymetryczna-maxi-fiesta-brudny-roz\/\">\u010c\u00edta\u0165 \u010falej <i class=\"klbth-icon-right-arrow\"><\/i><\/a><\/div>","protected":false},"featured_media":42299,"template":"","meta":[],"product_brand":[],"product_cat":[125],"product_tag":[],"class_list":{"0":"post-42357","1":"product","2":"type-product","3":"status-publish","4":"has-post-thumbnail","6":"product_cat-sukienki","8":"first","9":"instock","10":"purchasable","11":"product-type-simple"},"_links":{"self":[{"href":"https:\/\/madelinefashion.pl\/sk\/wp-json\/wp\/v2\/product\/42357","targetHints":{"allow":["GET"]}}],"collection":[{"href":"https:\/\/madelinefashion.pl\/sk\/wp-json\/wp\/v2\/product"}],"about":[{"href":"https:\/\/madelinefashion.pl\/sk\/wp-json\/wp\/v2\/types\/product"}],"wp:featuredmedia":[{"embeddable":true,"href":"https:\/\/madelinefashion.pl\/sk\/wp-json\/wp\/v2\/media\/42299"}],"wp:attachment":[{"href":"https:\/\/madelinefashion.pl\/sk\/wp-json\/wp\/v2\/media?parent=42357"}],"wp:term":[{"taxonomy":"product_brand","embeddable":true,"href":"https:\/\/madelinefashion.pl\/sk\/wp-json\/wp\/v2\/product_brand?post=42357"},{"taxonomy":"product_cat","embeddable":true,"href":"https:\/\/madelinefashion.pl\/sk\/wp-json\/wp\/v2\/product_cat?post=42357"},{"taxonomy":"product_tag","embeddable":true,"href":"https:\/\/madelinefashion.pl\/sk\/wp-json\/wp\/v2\/product_tag?post=42357"}],"curies":[{"name":"pracovn\u00fd list","href":"https:\/\/api.w.org\/{rel}","templated":true}]}}