{"id":42661,"date":"2022-05-31T10:28:15","date_gmt":"2022-05-31T08:28:15","guid":{"rendered":"https:\/\/madelinefashion.pl\/?post_type=product&#038;p=42661"},"modified":"2026-03-18T21:54:14","modified_gmt":"2026-03-18T20:54:14","slug":"spodnica-tiulowa-ombre-maxi-jeans","status":"publish","type":"product","link":"https:\/\/madelinefashion.pl\/sk\/spodnica-tiulowa-ombre-maxi-jeans\/","title":{"rendered":"Ombre Maxi Jeans tylov\u00e1 suk\u0148a"},"content":{"rendered":"<h3 style=\"text-align: center;\">Ombre Maxi Jeans tylov\u00e1 suk\u0148a<\/h3>\n<p style=\"text-align: center;\"><strong>Ombre Maxi Jeans tylov\u00e1 suk\u0148a. Tylov\u00e1 suk\u0148a<\/strong> je ide\u00e1lna ponuka na diskot\u00e9ku, do mesta aj na rande. \u013dahk\u00fd, vzdu\u0161n\u00fd, d\u00e1 v\u00e1m slobodu v ka\u017edej situ\u00e1cii. Tylov\u00e1 suk\u0148a v spodnej \u010dasti rozstrapkan\u00e1 v\u00e1m umo\u017en\u00ed vytvori\u0165 s \u0148ou nekone\u010dn\u00e9 mno\u017estvo \u0161t\u00fdlov a jej strih dokonale zv\u00fdrazn\u00ed v\u00e1\u0161 p\u00e1s a <strong>zo\u0161t\u00edhli\u0165 postavu<\/strong>. <strong>Univerz\u00e1lny<\/strong>napriek tomu ve\u013emi \u0161t\u00fdlov\u00e9 a \u017eensk\u00e9. <strong>Tylov\u00e1 suk\u0148a<\/strong> <strong>\u00a0<\/strong>funguje skvele po cel\u00fd rok. M\u00f4\u017ee by\u0165 ako prvok jarn\u00fdch a letn\u00fdch \u0161tyliz\u00e1ci\u00ed, tak aj s\u00fa\u010das\u0165 jesenn\u00e9ho \u0161atn\u00edka. Suk\u0148a m\u00e1 vo\u013en\u00fd strih. <strong>Elastick\u00e9 v p\u00e1se<\/strong> pekne zv\u00fdraz\u0148uje p\u00e1s a rob\u00ed suk\u0148u na svojom mieste. Jedine\u010dn\u00e1 ponuka pre \u017eeny, ktor\u00e9 si cenia fenomen\u00e1lny vzh\u013ead. Odpor\u00fa\u010dan\u00e9 pre nosite\u013eov <strong>XS, S, M, L, XL<\/strong><\/p>\n<h3 style=\"text-align: center;\">Rozmery:<\/h3>\n<ul style=\"text-align: center;\">\n<li><span style=\"font-size: 10pt;\">\u00a0 \u00a0 \u00a0 \u00a0<\/span>celkov\u00e1 d\u013a\u017eka: 87 cm<\/li>\n<li>celkov\u00e1 d\u013a\u017eka: 87 cm<\/li>\n<li>d\u013a\u017eka pod\u0161\u00edvky: 61 cm<\/li>\n<li>\u0161\u00edrka p\u00e1sa 35 cm - 44 cm<\/li>\n<li><\/li>\n<li><\/li>\n<\/ul>\n<p style=\"text-align: center;\"><span style=\"font-size: 10pt;\">Rozmery sa m\u00f4\u017eu mierne l\u00ed\u0161i\u0165 od uveden\u00fdch +\/- 2cm. V\u0161etky uveden\u00e9 rozmery s\u00fa meran\u00e9 plo\u0161ne. <strong>rozmer x2<\/strong><\/span><\/p>\n<p style=\"text-align: center;\"><span style=\"font-size: 10pt;\">\u00a0<\/span><\/p>\n<p style=\"text-align: center;\"><span style=\"font-size: 10pt;\">\u00a0<\/span><\/p>\n<table>\n<tbody>\n<tr>\n<td width=\"302\">Meno modela<\/td>\n<td width=\"302\">Maxi tylov\u00e1 suk\u0148a Ombre<\/td>\n<\/tr>\n<tr>\n<td width=\"302\">Farba<\/td>\n<td width=\"302\">d\u017e\u00ednsy<\/td>\n<\/tr>\n<tr>\n<td width=\"302\">ve\u013ekosti<\/td>\n<td width=\"302\">Univerz\u00e1lny<\/td>\n<\/tr>\n<tr>\n<td width=\"302\">M\u00f3da<\/td>\n<td width=\"302\">nadrozmern\u00e9<\/td>\n<\/tr>\n<tr>\n<td width=\"302\">Materi\u00e1l<\/td>\n<td width=\"302\">Polyester<\/td>\n<\/tr>\n<\/tbody>\n<\/table>\n<p style=\"text-align: center;\"><span style=\"font-size: 10pt;\">\u00a0<\/span><\/p>\n<p style=\"text-align: center;\">Model m\u00e1\u00a0<strong>169<\/strong>\u00a0cm vysok\u00fd, nos\u00ed ve\u013ekos\u0165 ka\u017ed\u00fd de\u0148\u00a0<strong>S<\/strong><\/p>\n<p style=\"text-align: center;\">\u0160\u00edrka cez prsia 92 cm<\/p>\n<p style=\"text-align: center;\">\u0160\u00edrka v p\u00e1se 62 cm<\/p>\n<p style=\"text-align: center;\">\u0160\u00edrka v bokoch 94 cm<\/p>","protected":false},"excerpt":{"rendered":"<p>Sp\u00f3dnica Tiulowa Ombre Maxi Jeans Sp\u00f3dnica Tiulowa Ombre Maxi Jeans. Sp\u00f3dnica tiulowa to idealna propozycja na dyskotek\u0119, na miasto i na randk\u0119. Lekka, zwiewna, zapewni ci swobod\u0119 w ka\u017cdej sytuacji. Tiulowa sp\u00f3dnica postrz\u0119piona do\u0142em sprawi, \u017ce stworzysz z ni\u0105 niesko\u0144czon\u0105 ilo\u015b\u0107 stylizacji, a jej fason doskonale podkre\u015bli Twoj\u0105 tali\u0119 oraz wysmukli sylwetk\u0119. Uniwersalna, a jednocze\u015bnie<\/p>\n<div class=\"klb-readmore post-buttons\"><a class=\"button black outline size-sm\" href=\"https:\/\/madelinefashion.pl\/sk\/spodnica-tiulowa-ombre-maxi-jeans\/\">\u010c\u00edta\u0165 \u010falej <i class=\"klbth-icon-right-arrow\"><\/i><\/a><\/div>","protected":false},"featured_media":42644,"template":"","meta":[],"product_brand":[],"product_cat":[107,395],"product_tag":[],"class_list":{"0":"post-42661","1":"product","2":"type-product","3":"status-publish","4":"has-post-thumbnail","6":"product_cat-spodnice-i-spodniczki","7":"product_cat-nowosci","9":"first","10":"instock","11":"purchasable","12":"product-type-simple"},"_links":{"self":[{"href":"https:\/\/madelinefashion.pl\/sk\/wp-json\/wp\/v2\/product\/42661","targetHints":{"allow":["GET"]}}],"collection":[{"href":"https:\/\/madelinefashion.pl\/sk\/wp-json\/wp\/v2\/product"}],"about":[{"href":"https:\/\/madelinefashion.pl\/sk\/wp-json\/wp\/v2\/types\/product"}],"wp:featuredmedia":[{"embeddable":true,"href":"https:\/\/madelinefashion.pl\/sk\/wp-json\/wp\/v2\/media\/42644"}],"wp:attachment":[{"href":"https:\/\/madelinefashion.pl\/sk\/wp-json\/wp\/v2\/media?parent=42661"}],"wp:term":[{"taxonomy":"product_brand","embeddable":true,"href":"https:\/\/madelinefashion.pl\/sk\/wp-json\/wp\/v2\/product_brand?post=42661"},{"taxonomy":"product_cat","embeddable":true,"href":"https:\/\/madelinefashion.pl\/sk\/wp-json\/wp\/v2\/product_cat?post=42661"},{"taxonomy":"product_tag","embeddable":true,"href":"https:\/\/madelinefashion.pl\/sk\/wp-json\/wp\/v2\/product_tag?post=42661"}],"curies":[{"name":"pracovn\u00fd list","href":"https:\/\/api.w.org\/{rel}","templated":true}]}}