{"id":42828,"date":"2022-05-31T13:22:24","date_gmt":"2022-05-31T11:22:24","guid":{"rendered":"https:\/\/madelinefashion.pl\/?post_type=product&#038;p=42828"},"modified":"2026-01-20T10:33:48","modified_gmt":"2026-01-20T09:33:48","slug":"top-z-koronka-caribi-bialy","status":"publish","type":"product","link":"https:\/\/madelinefashion.pl\/sk\/top-z-koronka-caribi-bialy\/","title":{"rendered":"Top s Lace Caribi White"},"content":{"rendered":"<h3 style=\"text-align: center;\">Top s Lace Caribi White<\/h3>\n<p style=\"text-align: center;\">jemn\u00e9,<strong> \u010dipkovan\u00fd top s otvoren\u00fdm chrbtom<\/strong>s v\u00fdstrihom je sexi model, ktor\u00fd dod\u00e1 v\u00e1\u0161mu stylingu zmyselnos\u0165. Vzdu\u0161n\u00fd, jemn\u00fd strih, ktor\u00fd sa hod\u00ed k mnoh\u00fdm \u0161t\u00fdlom. Top s \u010dipkou je ide\u00e1lna ponuka na tepl\u00e9 jarn\u00e9 a letn\u00e9 dni, k na\u0161im modelom bude vyzera\u0165 perfektne <a href=\"https:\/\/madelinefashion.pl\/sk\/spodnie\/\">nohavice<\/a> alebo \u0161ortky. Ide\u00e1lne pre mnoho \u0161t\u00fdlov. Mus\u00edte to ma\u0165! Odpor\u00fa\u010dan\u00e1 jedna ve\u013ekos\u0165 <strong>XS SML<\/strong><\/p>\n<h3 style=\"text-align: center;\">Vlastnosti produktu:<\/h3>\n<p style=\"text-align: center;\">\u2013\u00a0<strong>top s otvoren\u00fdm chrbtom a \u010dipkou<br \/>\n<\/strong>- \u0161t\u00fdlov\u00e9 a sexy<strong><br \/>\n<\/strong>- \u013eahk\u00fd, vzdu\u0161n\u00fd materi\u00e1l<\/p>\n<p>&nbsp;<\/p>\n<h3 style=\"text-align: center;\">Rozmery:<\/h3>\n<ul>\n<li style=\"text-align: center;\">celkov\u00e1 predn\u00e1 d\u013a\u017eka: 54 cm\n<ul>\n<li>celkov\u00e1 d\u013a\u017eka chrbta: 60 cm<\/li>\n<\/ul>\n<\/li>\n<li style=\"text-align: center;\">\u0161\u00edrka od pazuchy po pazuchu: 33-36 cm<\/li>\n<li style=\"text-align: center;\"><\/li>\n<\/ul>\n<p style=\"text-align: center;\"><span style=\"vertical-align: inherit;\">Rozmery sa m\u00f4\u017eu l\u00ed\u0161i\u0165 od uveden\u00fdch +\/- 2cm. V\u0161etky uveden\u00e9 rozmery s\u00fa meran\u00e9 plo\u0161ne.<\/span><\/p>\n<table>\n<tbody>\n<tr>\n<td width=\"302\">Meno modela<\/td>\n<td width=\"302\">\u010cipkovan\u00fd top Caribi<\/td>\n<\/tr>\n<tr>\n<td width=\"302\">Farba<\/td>\n<td width=\"302\">biely<\/td>\n<\/tr>\n<tr>\n<td width=\"302\">ve\u013ekosti<\/td>\n<td width=\"302\">Univerz\u00e1lny<\/td>\n<\/tr>\n<tr>\n<td width=\"302\">M\u00f3da<\/td>\n<td width=\"302\">nadrozmern\u00e9<\/td>\n<\/tr>\n<tr>\n<td width=\"302\">Materi\u00e1l<\/td>\n<td width=\"302\">100 % Polyester<\/td>\n<\/tr>\n<\/tbody>\n<\/table>\n<p style=\"text-align: center;\"><span style=\"font-size: 10pt;\">\u00a0<\/span><\/p>\n<p style=\"text-align: center;\">Model m\u00e1\u00a0<strong>169<\/strong>\u00a0cm vysok\u00fd, nos\u00ed ve\u013ekos\u0165 ka\u017ed\u00fd de\u0148\u00a0<strong>S<\/strong><\/p>\n<p style=\"text-align: center;\">\u0160\u00edrka cez prsia 92 cm<\/p>\n<p style=\"text-align: center;\">\u0160\u00edrka v p\u00e1se 62 cm<\/p>\n<p style=\"text-align: center;\">\u0160\u00edrka v bokoch 94 cm<\/p>","protected":false},"excerpt":{"rendered":"<p>Top z Koronka Caribi Bia\u0142y Delikatny, top z z koronkowymi, wyci\u0119tymi plecami, z dekoltem to seksowny model, kt\u00f3ry doda ka\u017cdej Twojej stylizacji zmys\u0142owo\u015bci. Zwiewny, subtelny kr\u00f3j pasuj\u0105cy do wielu stylizacji. Top z koronk\u0105\u00a0 to idealna propozycja na ciep\u0142e wiosenne i letnie dni, idealnie b\u0119dzie prezentowa\u0107 si\u0119 z naszymi modelami spodni czy szort\u00f3w. \u00a0\u015awietnie sprawdzi si\u0119<\/p>\n<div class=\"klb-readmore post-buttons\"><a class=\"button black outline size-sm\" href=\"https:\/\/madelinefashion.pl\/sk\/top-z-koronka-caribi-bialy\/\">\u010c\u00edta\u0165 \u010falej <i class=\"klbth-icon-right-arrow\"><\/i><\/a><\/div>","protected":false},"featured_media":42731,"template":"","meta":[],"product_brand":[],"product_cat":[85,395],"product_tag":[292],"class_list":{"0":"post-42828","1":"product","2":"type-product","3":"status-publish","4":"has-post-thumbnail","6":"product_cat-t-shirty","7":"product_cat-nowosci","8":"product_tag-topy","10":"first","11":"instock","12":"sale","13":"purchasable","14":"product-type-simple"},"_links":{"self":[{"href":"https:\/\/madelinefashion.pl\/sk\/wp-json\/wp\/v2\/product\/42828","targetHints":{"allow":["GET"]}}],"collection":[{"href":"https:\/\/madelinefashion.pl\/sk\/wp-json\/wp\/v2\/product"}],"about":[{"href":"https:\/\/madelinefashion.pl\/sk\/wp-json\/wp\/v2\/types\/product"}],"wp:featuredmedia":[{"embeddable":true,"href":"https:\/\/madelinefashion.pl\/sk\/wp-json\/wp\/v2\/media\/42731"}],"wp:attachment":[{"href":"https:\/\/madelinefashion.pl\/sk\/wp-json\/wp\/v2\/media?parent=42828"}],"wp:term":[{"taxonomy":"product_brand","embeddable":true,"href":"https:\/\/madelinefashion.pl\/sk\/wp-json\/wp\/v2\/product_brand?post=42828"},{"taxonomy":"product_cat","embeddable":true,"href":"https:\/\/madelinefashion.pl\/sk\/wp-json\/wp\/v2\/product_cat?post=42828"},{"taxonomy":"product_tag","embeddable":true,"href":"https:\/\/madelinefashion.pl\/sk\/wp-json\/wp\/v2\/product_tag?post=42828"}],"curies":[{"name":"pracovn\u00fd list","href":"https:\/\/api.w.org\/{rel}","templated":true}]}}