{"id":42847,"date":"2022-05-31T13:59:39","date_gmt":"2022-05-31T11:59:39","guid":{"rendered":"https:\/\/madelinefashion.pl\/?post_type=product&#038;p=42847"},"modified":"2026-01-20T10:33:48","modified_gmt":"2026-01-20T09:33:48","slug":"bluzka-azurowa-z-falbanka-silvinio-biala","status":"publish","type":"product","link":"https:\/\/madelinefashion.pl\/sk\/bluzka-azurowa-z-falbanka-silvinio-biala\/","title":{"rendered":"Az\u00farov\u00e1 bl\u00fazka s vol\u00e1nom Silvinio White"},"content":{"rendered":"<h3 style=\"text-align: center;\">Az\u00farov\u00e1 bl\u00fazka s vol\u00e1nom Silvinio White<\/h3>\n<p style=\"text-align: center;\"><strong>Biela bl\u00fazka v boho \u0161t\u00fdle<\/strong> prelamovan\u00e9 <strong>.<\/strong> Bl\u00fazka m\u00e1 zlat\u00e9 ozdoby. Kr\u00e1sna bavlnen\u00e1 bl\u00fazka vyroben\u00e1 z m\u00e4kkej, na telo pr\u00edjemnej bavlny. Tri\u010dko je ide\u00e1lnou vo\u013ebou na tepl\u00e9 jarn\u00e9 a letn\u00e9 dni. Dopl\u0148te Branovo tri\u010dko na\u0161im unik\u00e1tom <a href=\"https:\/\/madelinefashion.pl\/sk\/?s=Kurtka+Jeansowa&amp;post_type=product\">d\u017e\u00ednsov\u00e9 katany<\/a>\u00a0 ak <a href=\"https:\/\/madelinefashion.pl\/sk\/spodnie-biale-jeans-z-dziurami\/\">biele nohavice<\/a> s odreninami. Perfektne vyzer\u00e1 aj s na\u0161imi <a href=\"https:\/\/madelinefashion.pl\/sk\/spodnica-aruzzi-silvinio-biala\/\">suk\u0148a<\/a> vytvorenie dokonal\u00e9ho setu Jedna ve\u013ekos\u0165 pre v\u0161etk\u00fdch, odpor\u00fa\u010dan\u00e1 pre nosiace d\u00e1my <strong>SML XL<\/strong><\/p>\n<h2 style=\"text-align: center;\">\u00a0 \u00a0 \u00a0Rozmery:<\/h2>\n<ul>\n<li style=\"text-align: center;\">celkov\u00e1 d\u013a\u017eka: 60 cm<\/li>\n<li style=\"text-align: center;\">\u0161\u00edrka od pazuchy po pazuchu: 40-47 cm<\/li>\n<li style=\"text-align: center;\">\u0161\u00edrka p\u00e1sa: 43-47 cm<\/li>\n<\/ul>\n<table>\n<tbody>\n<tr>\n<td width=\"302\">Meno modela<\/td>\n<td width=\"302\">Az\u00farov\u00e1 bl\u00fazka s vol\u00e1nom Silvinio<\/td>\n<\/tr>\n<tr>\n<td width=\"302\">Farba<\/td>\n<td width=\"302\">biely<\/td>\n<\/tr>\n<tr>\n<td width=\"302\">ve\u013ekosti<\/td>\n<td width=\"302\">Univerz\u00e1lny<\/td>\n<\/tr>\n<tr>\n<td width=\"302\">\u0160t\u00fdl<\/td>\n<td width=\"302\">Boho<\/td>\n<\/tr>\n<tr>\n<td width=\"302\">Materi\u00e1l<\/td>\n<td width=\"302\">95 % Bavlna 5lastan<\/td>\n<\/tr>\n<\/tbody>\n<\/table>\n<p>&nbsp;<\/p>\n<p>&nbsp;<\/p>\n<p style=\"text-align: center;\">Model m\u00e1\u00a0<strong>169<\/strong>\u00a0cm vysok\u00fd, nos\u00ed ve\u013ekos\u0165 ka\u017ed\u00fd de\u0148\u00a0<strong>S<\/strong><\/p>\n<p style=\"text-align: center;\">\u0160\u00edrka cez prsia 92 cm<\/p>\n<p style=\"text-align: center;\">\u0160\u00edrka v p\u00e1se 62 cm<\/p>\n<p style=\"text-align: center;\">\u0160\u00edrka v bokoch 94 cm<\/p>\n<p style=\"text-align: center;\">","protected":false},"excerpt":{"rendered":"<p>Bluzka Azurowa z Falbanka Silvinio Bia\u0142a Bluzka w stylu boho w kolorze bia\u0142ym a\u017curowa . Bluzka posiada z\u0142ote zdobienia. Urocza bawe\u0142niana bluzka wykonana z mi\u0119kkiej, przyjemnej dla cia\u0142a bawe\u0142ny. T-shirt to idealna propozycja na ciep\u0142e wiosenne i letnie dni. T-shirt Brana uzupe\u0142nisz o nasze niepowtarzalne katany jeansowe\u00a0 czy spodniami bia\u0142ymi z przetarciami.\u00a0 Idealnie wygl\u0105da r\u00f3wnie\u017c<\/p>\n<div class=\"klb-readmore post-buttons\"><a class=\"button black outline size-sm\" href=\"https:\/\/madelinefashion.pl\/sk\/bluzka-azurowa-z-falbanka-silvinio-biala\/\">\u010c\u00edta\u0165 \u010falej <i class=\"klbth-icon-right-arrow\"><\/i><\/a><\/div>","protected":false},"featured_media":42797,"template":"","meta":[],"product_brand":[],"product_cat":[77,85,395],"product_tag":[251],"class_list":{"0":"post-42847","1":"product","2":"type-product","3":"status-publish","4":"has-post-thumbnail","6":"product_cat-bluzki","7":"product_cat-t-shirty","8":"product_cat-nowosci","9":"product_tag-bluzka-biala","11":"first","12":"instock","13":"sale","14":"purchasable","15":"product-type-simple"},"_links":{"self":[{"href":"https:\/\/madelinefashion.pl\/sk\/wp-json\/wp\/v2\/product\/42847","targetHints":{"allow":["GET"]}}],"collection":[{"href":"https:\/\/madelinefashion.pl\/sk\/wp-json\/wp\/v2\/product"}],"about":[{"href":"https:\/\/madelinefashion.pl\/sk\/wp-json\/wp\/v2\/types\/product"}],"wp:featuredmedia":[{"embeddable":true,"href":"https:\/\/madelinefashion.pl\/sk\/wp-json\/wp\/v2\/media\/42797"}],"wp:attachment":[{"href":"https:\/\/madelinefashion.pl\/sk\/wp-json\/wp\/v2\/media?parent=42847"}],"wp:term":[{"taxonomy":"product_brand","embeddable":true,"href":"https:\/\/madelinefashion.pl\/sk\/wp-json\/wp\/v2\/product_brand?post=42847"},{"taxonomy":"product_cat","embeddable":true,"href":"https:\/\/madelinefashion.pl\/sk\/wp-json\/wp\/v2\/product_cat?post=42847"},{"taxonomy":"product_tag","embeddable":true,"href":"https:\/\/madelinefashion.pl\/sk\/wp-json\/wp\/v2\/product_tag?post=42847"}],"curies":[{"name":"pracovn\u00fd list","href":"https:\/\/api.w.org\/{rel}","templated":true}]}}