{"id":42849,"date":"2022-05-31T14:20:48","date_gmt":"2022-05-31T12:20:48","guid":{"rendered":"https:\/\/madelinefashion.pl\/?post_type=product&#038;p=42849"},"modified":"2026-03-01T12:58:36","modified_gmt":"2026-03-01T11:58:36","slug":"czapka-z-daszkiem-kroliczek-bezowa-bejsbolowka","status":"publish","type":"product","link":"https:\/\/madelinefashion.pl\/sk\/czapka-z-daszkiem-kroliczek-bezowa-bejsbolowka\/","title":{"rendered":"B\u00e9\u017eov\u00e1 \u0161iltovka Bunny"},"content":{"rendered":"<h3 style=\"text-align: center;\">B\u00e9\u017eov\u00e1 \u0161iltovka Bunny<\/h3>\n<p>&nbsp;<\/p>\n<p style=\"text-align: center;\">D\u00e1mska \u0161iltovka zdoben\u00e1 zaja\u010dikom v \u0161trasoch. Univerz\u00e1lna ve\u013ekos\u0165, vzadu nastavite\u013en\u00e1. \u0160t\u00fdlov\u00e1 s\u00fa\u010das\u0165 v\u00e1\u0161ho \u0161atn\u00edka!<\/p>\n<h3 style=\"text-align: center;\">Rozmery uz\u00e1veru:<\/h3>\n<p style=\"text-align: center;\">Obvod: 59 cm<\/p>\n<p style=\"text-align: center;\">D\u013a\u017eka priezoru: 8 cm<\/p>\n<p style=\"text-align: center;\">\u0160\u00edrka priezoru: 19 cm<\/p>\n<p>&nbsp;<\/p>\n<p>&nbsp;<\/p>\n<p>&nbsp;<\/p>\n<p style=\"text-align: center;\">POZOR: vr\u00e1ten\u00fd tovar mus\u00ed ma\u0165 p\u00f4vodne nalepen\u00e9 v\u0161etky trval\u00e9 ozna\u010denia, najm\u00e4 nepo\u0161koden\u00e9 \u0161t\u00edtky a visa\u010dky, ktor\u00fdmi pred\u00e1vaj\u00faci tovar vybavil, a taktie\u017e mus\u00ed by\u0165 v p\u00f4vodnom neporu\u0161enom obale, ak bol tak\u00fdto obal poskytnut\u00fd.<\/p>\n<p style=\"text-align: center;\">","protected":false},"excerpt":{"rendered":"<p>Czapka z Daszkiem Kr\u00f3liczek Be\u017cowa Bejsbol\u00f3wka &nbsp; Damska czapka z daszkiem typu bejsbol\u00f3wka, zdobiona kr\u00f3liczkiem w cyrkonie. Model w rozmiarze uniwersalnym, posiada regulacj\u0119 z ty\u0142u. Stylowa cz\u0119\u015b\u0107 Twojej garderoby! Wymiary czapka: Obw\u00f3d: 59 cm D\u0142ugo\u015b\u0107 daszka: 8 cm Szeroko\u015b\u0107 daszka: 19 cm &nbsp; &nbsp; &nbsp; UWAGA: towar zwracany musi posiada\u0107 oryginalnie przymocowane wszelkie sta\u0142e oznaczenia,<\/p>\n<div class=\"klb-readmore post-buttons\"><a class=\"button black outline size-sm\" href=\"https:\/\/madelinefashion.pl\/sk\/czapka-z-daszkiem-kroliczek-bezowa-bejsbolowka\/\">\u010c\u00edta\u0165 \u010falej <i class=\"klbth-icon-right-arrow\"><\/i><\/a><\/div>","protected":false},"featured_media":42757,"template":"","meta":[],"product_brand":[],"product_cat":[395,86],"product_tag":[],"class_list":{"0":"post-42849","1":"product","2":"type-product","3":"status-publish","4":"has-post-thumbnail","6":"product_cat-nowosci","7":"product_cat-czapki-dodatki","9":"first","10":"instock","11":"sale","12":"purchasable","13":"product-type-simple"},"_links":{"self":[{"href":"https:\/\/madelinefashion.pl\/sk\/wp-json\/wp\/v2\/product\/42849","targetHints":{"allow":["GET"]}}],"collection":[{"href":"https:\/\/madelinefashion.pl\/sk\/wp-json\/wp\/v2\/product"}],"about":[{"href":"https:\/\/madelinefashion.pl\/sk\/wp-json\/wp\/v2\/types\/product"}],"wp:featuredmedia":[{"embeddable":true,"href":"https:\/\/madelinefashion.pl\/sk\/wp-json\/wp\/v2\/media\/42757"}],"wp:attachment":[{"href":"https:\/\/madelinefashion.pl\/sk\/wp-json\/wp\/v2\/media?parent=42849"}],"wp:term":[{"taxonomy":"product_brand","embeddable":true,"href":"https:\/\/madelinefashion.pl\/sk\/wp-json\/wp\/v2\/product_brand?post=42849"},{"taxonomy":"product_cat","embeddable":true,"href":"https:\/\/madelinefashion.pl\/sk\/wp-json\/wp\/v2\/product_cat?post=42849"},{"taxonomy":"product_tag","embeddable":true,"href":"https:\/\/madelinefashion.pl\/sk\/wp-json\/wp\/v2\/product_tag?post=42849"}],"curies":[{"name":"pracovn\u00fd list","href":"https:\/\/api.w.org\/{rel}","templated":true}]}}