{"id":4421,"date":"2021-01-16T15:58:28","date_gmt":"2021-01-16T14:58:28","guid":{"rendered":"https:\/\/madelinefashion.pl\/?post_type=product&#038;p=4421"},"modified":"2026-03-26T12:40:47","modified_gmt":"2026-03-26T11:40:47","slug":"koszula-miss-city-long-khaki","status":"publish","type":"product","link":"https:\/\/madelinefashion.pl\/sk\/koszula-miss-city-long-khaki\/","title":{"rendered":"Dlh\u00e1 kaki ko\u0161e\u013ea Miss City"},"content":{"rendered":"<h3 style=\"text-align: center;\">Dlh\u00e1 kaki ko\u0161e\u013ea Miss City<\/h3>\n<p style=\"text-align: center;\"><span style=\"vertical-align: inherit;\"><span style=\"vertical-align: inherit;\">D\u00e1mska ko\u0161e\u013ea <\/span><\/span><strong><span style=\"vertical-align: inherit;\"><span style=\"vertical-align: inherit;\">sle\u010dna City\u00a0<\/span><\/span><\/strong><span style=\"vertical-align: inherit;\"><span style=\"vertical-align: inherit;\"> toto je jeden z t\u00fdch prvkov \u017eensk\u00e9ho \u0161atn\u00edka, ktor\u00fd <\/span><\/span><strong><span style=\"vertical-align: inherit;\"><span style=\"vertical-align: inherit;\">nikdy nevyjde z m\u00f3dy. <\/span><span style=\"vertical-align: inherit;\">D\u00e1mske ko\u0161ele<\/span><\/span><\/strong><span style=\"vertical-align: inherit;\"><span style=\"vertical-align: inherit;\"> sa pren\u00e1\u0161aj\u00fa do n\u00e1pisov ofici\u00e1lnych a elegantn\u00fdch \u0161tyliz\u00e1ci\u00ed <\/span><\/span><strong><span style=\"vertical-align: inherit;\"><span style=\"vertical-align: inherit;\">.\u00a0<\/span><\/span><\/strong><span style=\"vertical-align: inherit;\"><span style=\"vertical-align: inherit;\">Ko\u0161ele <\/span><\/span><strong><span style=\"vertical-align: inherit;\"><span style=\"vertical-align: inherit;\">d\u00e1vaj\u00fa n\u00e1m \u0161t\u00fdl a triedu. <\/span><\/span><\/strong><span style=\"vertical-align: inherit;\"><span style=\"vertical-align: inherit;\">Ko\u0161e\u013ea s golierom na ramene, dlh\u00e9 ruk\u00e1vy. <\/span><span style=\"vertical-align: inherit;\">Origin\u00e1lny \u0161t\u00fdl.\u00a0<\/span><\/span><\/p>\n<ul>\n<li style=\"text-align: center;\">\n<h3><strong><span style=\"vertical-align: inherit;\"><span style=\"vertical-align: inherit;\">Rozmery:<\/span><\/span><\/strong><\/h3>\n<\/li>\n<li style=\"text-align: center;\"><span style=\"vertical-align: inherit;\"><span style=\"vertical-align: inherit;\">\u0160\u00edrka od pazuchy po pazuchu: 51-53 cm<\/span><\/span><\/li>\n<li style=\"text-align: center;\"><span style=\"vertical-align: inherit;\"><span style=\"vertical-align: inherit;\">Celkov\u00e1 d\u013a\u017eka: 114 cm<\/span><\/span><\/li>\n<li style=\"text-align: center;\"><span style=\"vertical-align: inherit;\"><span style=\"vertical-align: inherit;\">Odpor\u00fa\u010dan\u00fd maxim\u00e1lny obvod hrudn\u00edka: 106 cm<\/span><\/span><\/li>\n<li style=\"text-align: center;\"><span style=\"vertical-align: inherit;\"><span style=\"vertical-align: inherit;\">D\u013a\u017eka ruk\u00e1va od podpazu\u0161ia: 49 cm<\/span><\/span><\/li>\n<li style=\"text-align: center;\"><span style=\"vertical-align: inherit;\"><span style=\"vertical-align: inherit;\">D\u013a\u017eka ruk\u00e1va od ramena: 64 cm<\/span><\/span><\/li>\n<\/ul>\n<p>&nbsp;<\/p>\n<table style=\"height: 288px;\" width=\"433\">\n<tbody>\n<tr>\n<td><span style=\"vertical-align: inherit;\"><span style=\"vertical-align: inherit;\">Meno modela<\/span><\/span><\/td>\n<td>Dlh\u00e1 ko\u0161e\u013ea Miss City<\/td>\n<\/tr>\n<tr>\n<td><span style=\"vertical-align: inherit;\"><span style=\"vertical-align: inherit;\">Farba<\/span><\/span><\/td>\n<td><span style=\"vertical-align: inherit;\"><span style=\"vertical-align: inherit;\">kaki<\/span><\/span><\/td>\n<\/tr>\n<tr>\n<td><span style=\"vertical-align: inherit;\"><span style=\"vertical-align: inherit;\">Zbierka<\/span><\/span><\/td>\n<td><span style=\"vertical-align: inherit;\"><span style=\"vertical-align: inherit;\">Jar leto jese\u0148 zima<\/span><\/span><\/td>\n<\/tr>\n<tr>\n<td><span style=\"vertical-align: inherit;\"><span style=\"vertical-align: inherit;\">Ve\u013ekos\u0165<\/span><\/span><\/td>\n<td><span style=\"vertical-align: inherit;\"><span style=\"vertical-align: inherit;\">S<\/span><\/span><\/td>\n<\/tr>\n<tr>\n<td><span style=\"vertical-align: inherit;\"><span style=\"vertical-align: inherit;\">M\u00f3da<\/span><\/span><\/td>\n<td><span style=\"vertical-align: inherit;\"><span style=\"vertical-align: inherit;\">nadrozmern\u00e9<\/span><\/span><\/td>\n<\/tr>\n<tr>\n<td><span style=\"vertical-align: inherit;\"><span style=\"vertical-align: inherit;\">\u0160tiepenie<\/span><\/span><\/td>\n<td><span style=\"vertical-align: inherit;\"><span style=\"vertical-align: inherit;\">Golier\u00a0<\/span><\/span><\/td>\n<\/tr>\n<tr>\n<td><span style=\"vertical-align: inherit;\"><span style=\"vertical-align: inherit;\">kompozitn\u00e9 materi\u00e1ly<\/span><\/span><\/td>\n<td><span style=\"vertical-align: inherit;\"><span style=\"vertical-align: inherit;\">Bavlna 95% a elastan 5%<\/span><\/span><\/td>\n<\/tr>\n<\/tbody>\n<\/table>\n<p style=\"text-align: center;\"><strong><span style=\"vertical-align: inherit;\"><span style=\"vertical-align: inherit;\">Modelka 167 cm - ve\u013ekos\u0165 S<\/span><\/span><\/strong><\/p>\n<p>&nbsp;<\/p>\n<p style=\"text-align: center;\"><strong>\u00a0<\/strong><\/p>","protected":false},"excerpt":{"rendered":"<p>Koszula Miss City Long Khaki Koszula damska Miss City\u00a0 to jeden z tych element\u00f3w kobiecej garderoby, kt\u00f3ry nigdy nie wychodzi z mody. Koszule damskie s\u0105 przenoszone do napis\u00f3w stylizacji oficjalnych i eleganckich .\u00a0Koszule dodaj\u0105 nam szyku i klasy. Koszula z ko\u0142nierzykiem na ramieniu , d\u0142ugi r\u0119kaw. Oryginalny fason.\u00a0 Wymiary: Szeroko\u015b\u0107 od pachy do pachy: 51-53<\/p>\n<div class=\"klb-readmore post-buttons\"><a class=\"button black outline size-sm\" href=\"https:\/\/madelinefashion.pl\/sk\/koszula-miss-city-long-khaki\/\">\u010c\u00edta\u0165 \u010falej <i class=\"klbth-icon-right-arrow\"><\/i><\/a><\/div>","protected":false},"featured_media":4407,"template":"","meta":[],"product_brand":[],"product_cat":[92,380],"product_tag":[],"class_list":{"0":"post-4421","1":"product","2":"type-product","3":"status-publish","4":"has-post-thumbnail","6":"product_cat-koszule","7":"product_cat-wyprzedaz","9":"first","10":"instock","11":"sale","12":"purchasable","13":"product-type-simple"},"_links":{"self":[{"href":"https:\/\/madelinefashion.pl\/sk\/wp-json\/wp\/v2\/product\/4421","targetHints":{"allow":["GET"]}}],"collection":[{"href":"https:\/\/madelinefashion.pl\/sk\/wp-json\/wp\/v2\/product"}],"about":[{"href":"https:\/\/madelinefashion.pl\/sk\/wp-json\/wp\/v2\/types\/product"}],"wp:featuredmedia":[{"embeddable":true,"href":"https:\/\/madelinefashion.pl\/sk\/wp-json\/wp\/v2\/media\/4407"}],"wp:attachment":[{"href":"https:\/\/madelinefashion.pl\/sk\/wp-json\/wp\/v2\/media?parent=4421"}],"wp:term":[{"taxonomy":"product_brand","embeddable":true,"href":"https:\/\/madelinefashion.pl\/sk\/wp-json\/wp\/v2\/product_brand?post=4421"},{"taxonomy":"product_cat","embeddable":true,"href":"https:\/\/madelinefashion.pl\/sk\/wp-json\/wp\/v2\/product_cat?post=4421"},{"taxonomy":"product_tag","embeddable":true,"href":"https:\/\/madelinefashion.pl\/sk\/wp-json\/wp\/v2\/product_tag?post=4421"}],"curies":[{"name":"pracovn\u00fd list","href":"https:\/\/api.w.org\/{rel}","templated":true}]}}