{"id":44434,"date":"2022-06-08T11:07:19","date_gmt":"2022-06-08T09:07:19","guid":{"rendered":"https:\/\/madelinefashion.pl\/?post_type=product&#038;p=44434"},"modified":"2026-04-10T15:07:15","modified_gmt":"2026-04-10T13:07:15","slug":"sukienka-tiulowa-mini-saily-czerwona","status":"publish","type":"product","link":"https:\/\/madelinefashion.pl\/sk\/sukienka-tiulowa-mini-saily-czerwona\/","title":{"rendered":"\u010cerven\u00e9 mini tylov\u00e9 \u0161aty Saily"},"content":{"rendered":"<h3 style=\"text-align: center;\">\u010cerven\u00e9 mini tylov\u00e9 \u0161aty Saily<\/h3>\n<p style=\"text-align: center;\">O\u010daruj\u00face \u0161aty <strong>tylu<\/strong> s ozdobn\u00fdm topom je n\u00e1vrh vhodn\u00fd pre zvl\u00e1\u0161tne okolnosti. Skvel\u00fd vzdu\u0161n\u00fd roz\u0161\u00edren\u00fd <strong>tylov\u00e9 \u0161aty<\/strong> \u2013 dostupn\u00e9 v na\u0161ej predajni vo viacer\u00fdch <strong>farebn\u00e9 verzie<\/strong>. Tylov\u00e1 aplik\u00e1cia zaru\u010d\u00ed jedine\u010dn\u00fd vzh\u013ead. Jej \u0161t\u00fdl je kr\u00e1sny <strong>odkryje p\u00e1s. \u0160aty <\/strong> m\u00e1 vystu\u017een\u00fd ko\u0161\u00ed\u010dek a gumi\u010dku na chrbte. Spodn\u00e1 \u010das\u0165 \u0161iat <b>tylu <\/b>pozost\u00e1va z roz\u0161\u00edrenej tylovej tkaniny a pod\u0161\u00edvky, ktor\u00e1 sa efekt\u00edvne prezentuje v pohybe, zatia\u013e \u010do zadn\u00e1 \u010das\u0165 je vyroben\u00e1 zo sie\u0165oviny<strong>\u00a0<\/strong>Je to ide\u00e1lna ponuka pre \u017eeny, ktor\u00e9 si v\u00e1\u017eia samy seba <strong>\u0161ik a elegancia.<\/strong> \u0160aty sa odpor\u00fa\u010daj\u00fa aj na svadbu, 18. a dokonca aj na svadbu. Vyrovnajte sa <a href=\"https:\/\/madelinefashion.pl\/sk\/buty\/\">\u0161tekle<\/a> dostupn\u00e9 aj na na\u0161ej webovej str\u00e1nke a vytv\u00e1raj\u00fa elegantn\u00fd vzh\u013ead. Mus\u00edte ju ma\u0165 vo svojom \u0161atn\u00edku! Univerz\u00e1lna ve\u013ekos\u0165, odpor\u00fa\u010dan\u00e1 pre \u017eeny nosiace XS SML, ak nos\u00edte v\u00e4\u010d\u0161iu ve\u013ekos\u0165, pozrite si rozmery<\/p>\n<h3 style=\"text-align: center;\">Rozmery \u0161iat<\/h3>\n<ul style=\"text-align: center;\">\n<li>celkov\u00e1 d\u013a\u017eka 95 cm<\/li>\n<li>\u0161\u00edrka hrudn\u00edka: 53-56 cm<\/li>\n<li>\u0161\u00edrka p\u00e1sa: 29-38 cm<\/li>\n<li>d\u013a\u017eka ruk\u00e1va: 10 cm<\/li>\n<li>d\u013a\u017eka oblie\u010dky na vank\u00fa\u0161: 49 cm<\/li>\n<\/ul>\n<p style=\"text-align: center;\">Rozmery sa m\u00f4\u017eu mierne l\u00ed\u0161i\u0165 od uveden\u00fdch +\/- 2cm. V\u0161etky uveden\u00e9 rozmery s\u00fa meran\u00e9 plo\u0161ne. <strong>rozmer x2<\/strong><\/p>\n<p style=\"text-align: center;\"><strong>\u00a0<\/strong><\/p>\n<table style=\"height: 214px;\" width=\"548\">\n<tbody>\n<tr>\n<td width=\"302\">Meno modela<\/td>\n<td width=\"302\">Mini Saily Tylov\u00e9 \u0161aty<\/td>\n<\/tr>\n<tr>\n<td width=\"302\">Farba<\/td>\n<td width=\"302\">\u010cerven\u00e1<\/td>\n<\/tr>\n<tr>\n<td width=\"302\">Zbierka<\/td>\n<td width=\"302\">Jar leto<\/td>\n<\/tr>\n<tr>\n<td width=\"302\">ve\u013ekosti<\/td>\n<td width=\"302\">Univerz\u00e1lny<\/td>\n<\/tr>\n<tr>\n<td width=\"302\">M\u00f3da<\/td>\n<td width=\"302\">Vzplanul<\/td>\n<\/tr>\n<tr>\n<td width=\"302\">Dekor\u00e1cia<\/td>\n<td width=\"302\">Tyl<\/td>\n<\/tr>\n<tr>\n<td width=\"302\">Materi\u00e1l<\/td>\n<td width=\"302\">95 % Polyester 5% Elastan<\/td>\n<\/tr>\n<\/tbody>\n<\/table>\n<section class=\"page-product-box\">\n<div class=\"rte\">\n<p style=\"text-align: center;\">Model m\u00e1\u00a0<strong>169<\/strong>\u00a0cm vysok\u00fd, nos\u00ed ve\u013ekos\u0165 ka\u017ed\u00fd de\u0148\u00a0<strong>S<\/strong><\/p>\n<p style=\"text-align: center;\">\u0160\u00edrka cez prsia 92 cm<\/p>\n<p style=\"text-align: center;\">\u0160\u00edrka v p\u00e1se 62 cm<\/p>\n<p style=\"text-align: center;\">\u0160\u00edrka v bokoch 94 cm<\/p>\n<\/div>\n<\/section>","protected":false},"excerpt":{"rendered":"<p>Sukienka Tiulowa Mini Saily Czerwona Efektowna sukienka tiulowa z ozdobn\u0105 g\u00f3r\u0105 to propozycja odpowiednia na wyj\u0105tkowe okoliczno\u015bci . Wspania\u0142a zwiewna rozkloszowana sukienka tiulowa &#8211; dost\u0119pna w Naszym sklepie w kilku wersjach kolorystycznych.\u00a0 Aplikacja tiulu zagwarantuje niepowtarzalny look. Jej fason przepi\u0119knie wyeksponuje tali\u0119. Sukienka posiada usztywnian\u0105 miseczk\u0119 i gumk\u0119 na plecach.\u00a0Dolna cz\u0119\u015b\u0107 sukienki tiulowej sk\u0142ada si\u0119<\/p>\n<div class=\"klb-readmore post-buttons\"><a class=\"button black outline size-sm\" href=\"https:\/\/madelinefashion.pl\/sk\/sukienka-tiulowa-mini-saily-czerwona\/\">\u010c\u00edta\u0165 \u010falej <i class=\"klbth-icon-right-arrow\"><\/i><\/a><\/div>","protected":false},"featured_media":44396,"template":"","meta":[],"product_brand":[],"product_cat":[125,561],"product_tag":[258],"class_list":{"0":"post-44434","1":"product","2":"type-product","3":"status-publish","4":"has-post-thumbnail","6":"product_cat-sukienki","7":"product_cat-sukienki-tiulowe","8":"product_tag-sukienka-czerwona","9":"pa_rozmiar-xs-34","10":"pa_rozmiar-s-36","12":"first","13":"outofstock","14":"sale","15":"purchasable","16":"product-type-simple"},"_links":{"self":[{"href":"https:\/\/madelinefashion.pl\/sk\/wp-json\/wp\/v2\/product\/44434","targetHints":{"allow":["GET"]}}],"collection":[{"href":"https:\/\/madelinefashion.pl\/sk\/wp-json\/wp\/v2\/product"}],"about":[{"href":"https:\/\/madelinefashion.pl\/sk\/wp-json\/wp\/v2\/types\/product"}],"wp:featuredmedia":[{"embeddable":true,"href":"https:\/\/madelinefashion.pl\/sk\/wp-json\/wp\/v2\/media\/44396"}],"wp:attachment":[{"href":"https:\/\/madelinefashion.pl\/sk\/wp-json\/wp\/v2\/media?parent=44434"}],"wp:term":[{"taxonomy":"product_brand","embeddable":true,"href":"https:\/\/madelinefashion.pl\/sk\/wp-json\/wp\/v2\/product_brand?post=44434"},{"taxonomy":"product_cat","embeddable":true,"href":"https:\/\/madelinefashion.pl\/sk\/wp-json\/wp\/v2\/product_cat?post=44434"},{"taxonomy":"product_tag","embeddable":true,"href":"https:\/\/madelinefashion.pl\/sk\/wp-json\/wp\/v2\/product_tag?post=44434"}],"curies":[{"name":"pracovn\u00fd list","href":"https:\/\/api.w.org\/{rel}","templated":true}]}}