{"id":44556,"date":"2022-06-08T15:09:51","date_gmt":"2022-06-08T13:09:51","guid":{"rendered":"https:\/\/madelinefashion.pl\/?post_type=product&#038;p=44556"},"modified":"2025-09-09T10:26:14","modified_gmt":"2025-09-09T08:26:14","slug":"sukienka-hiszpanka-na-ramiaczkach-emma-brudny-roz","status":"publish","type":"product","link":"https:\/\/madelinefashion.pl\/sk\/sukienka-hiszpanka-na-ramiaczkach-emma-brudny-roz\/","title":{"rendered":"\u0160panielske \u0161aty Emma Dusty Pink s ramienkami"},"content":{"rendered":"<h3 style=\"text-align: center;\">\u0160panielske \u0161aty Emma Dusty Pink s ramienkami<\/h3>\n<p style=\"text-align: center;\"><span style=\"font-size: 10pt;\"><strong>\u0160panielske \u0161aty na ramienka Emma<\/strong> \u00a0je to perfektn\u00e1 ponuka na ka\u017edodenn\u00e9 aj ve\u010dern\u00e9 v\u00fdlety! \u0160aty z materi\u00e1lu pr\u00edjemn\u00e9ho na dotyk.<br \/>\n\u0160panielske \u0161aty zmyselne odhalia va\u0161e ramen\u00e1, v\u010faka \u010domu sa v nich budete c\u00edti\u0165 v\u00fdnimo\u010dne \u017eensky. N\u00e1\u0161 model m\u00e1 vo v\u00fdstrihu v\u0161it\u00fd vol\u00e1nik, ktor\u00fd opticky zv\u00e4\u010d\u0161uje poprsie.<br \/>\n<strong> \u0160aty s vol\u00e1nmi<\/strong> m\u00e1 <strong>pod\u0161\u00edvka<\/strong> zabezpe\u010denie pohodlia pri nosen\u00ed. Vyroben\u00e9 z priedu\u0161n\u00e9ho a \u013eahk\u00e9ho materi\u00e1lu. \u0160aty maj\u00fa v p\u00e1se gumu, v\u010faka \u010domu dokonale priliehaj\u00fa k postave, pri\u010dom ju zv\u00fdraz\u0148uj\u00fa. typ \u0161iat <strong>\u0161paniel\u010dina<\/strong> s odhalen\u00fdmi ramenami je n\u00e1\u0161 n\u00e1vrh na tepl\u00e9 <strong>jarn\u00e9 a letn\u00e9 dni<\/strong> ! <strong>odpor\u00fa\u010dan\u00e9<\/strong> pre d\u00e1my vo ve\u013e <strong>XS SML<\/strong>\u00a0 \u00a0ak nos\u00edte v\u00e4\u010d\u0161iu ve\u013ekos\u0165, pozrite si tabu\u013eku ni\u017e\u0161ie.<\/span><\/p>\n<h3 style=\"text-align: center;\">Rozmery:<\/h3>\n<ul style=\"text-align: center;\">\n<li><span style=\"font-size: 10pt;\">\u00a0\u00a0\u00a0\u00a0\u00a0\u00a0\u00a0 \u00a0\u00a0\u00a0\u00a0\u00a0\u00a0\u00a0 celkov\u00e1 d\u013a\u017eka: 94 cm\u00a0<\/span><\/li>\n<li><span style=\"font-size: 10pt;\">\u00a0\u00a0\u00a0\u00a0\u00a0\u00a0\u00a0 \u00a0\u00a0\u00a0\u00a0\u00a0\u00a0\u00a0 \u0161\u00edrka od pazuchy po pazuchu: 42-55 cm\u00a0<\/span><\/li>\n<li><span style=\"font-size: 10pt;\">\u00a0\u00a0\u00a0\u00a0\u00a0\u00a0\u00a0 \u00a0\u00a0\u00a0\u00a0\u00a0\u00a0\u00a0 \u0161\u00edrka v p\u00e1se 30-44 cm<br \/>\n<\/span><\/li>\n<li><span style=\"font-size: 10pt;\">\u00a0 \u00a0 \u00a0 \u00a0 \u00a0 prsia max 110 cm<\/span><\/li>\n<\/ul>\n<p style=\"text-align: center;\"><span style=\"font-size: 10pt;\">Rozmery sa m\u00f4\u017eu mierne l\u00ed\u0161i\u0165 od uveden\u00fdch +\/- 2cm. V\u0161etky uveden\u00e9 rozmery s\u00fa meran\u00e9 plo\u0161ne. <strong>rozmer x2<\/strong><\/span><\/p>\n<p style=\"text-align: center;\"><span style=\"font-size: 10pt;\">\u00a0<\/span><\/p>\n<p style=\"text-align: center;\"><span style=\"font-size: 10pt;\"><strong>\u00a0<\/strong>\u00a0<\/span><\/p>\n<p>&nbsp;<\/p>\n<table>\n<tbody>\n<tr>\n<td width=\"302\"><span style=\"font-size: 10pt;\">Meno modela<\/span><\/td>\n<td width=\"302\">\u0160panielske \u0161aty na ramienka Emma<\/td>\n<\/tr>\n<tr>\n<td width=\"302\"><span style=\"font-size: 10pt;\">Farba<\/span><\/td>\n<td width=\"302\"><span style=\"font-size: 10pt;\">\u0160pinav\u00e1 ru\u017eov\u00e1<\/span><\/td>\n<\/tr>\n<tr>\n<td width=\"302\"><span style=\"font-size: 10pt;\">M\u00f3da<\/span><\/td>\n<td width=\"302\"><span style=\"font-size: 10pt;\">nadrozmern\u00e9<\/span><\/td>\n<\/tr>\n<tr>\n<td width=\"302\"><span style=\"font-size: 10pt;\">Zlo\u017eenie<\/span><\/td>\n<td width=\"302\"><span style=\"font-size: 10pt;\">70% Polyester 30% visk\u00f3za<\/span><\/td>\n<\/tr>\n<tr>\n<td width=\"302\"><span style=\"font-size: 10pt;\">D\u013a\u017eka<\/span><\/td>\n<td width=\"302\"><span style=\"font-size: 10pt;\">Pred kolenom<\/span><\/td>\n<\/tr>\n<\/tbody>\n<\/table>\n<p style=\"text-align: center;\"><span style=\"font-size: 10pt;\">\u00a0<\/span><\/p>\n<div class=\"additional-details\" style=\"text-align: center;\">\n<p>Model m\u00e1\u00a0<strong>169<\/strong>\u00a0cm vysok\u00fd, nos\u00ed ve\u013ekos\u0165 ka\u017ed\u00fd de\u0148\u00a0<strong>S<\/strong><\/p>\n<p>\u0160\u00edrka cez prsia 92 cm<\/p>\n<p>\u0160\u00edrka v p\u00e1se 62 cm<\/p>\n<p>\u0160\u00edrka v bokoch 94 cm<\/p>\n<p style=\"text-align: center;\"><span style=\"font-size: 10pt;\">\u00a0<\/span><\/p>\n<\/div>","protected":false},"excerpt":{"rendered":"<p>\u0160pagetov\u00e9 ramienka Emma v zapr\u00e1\u0161enej ru\u017eovej farbe s\u00fa perfektnou vo\u013ebou na ka\u017edodenn\u00e9 nosenie aj na ve\u010dern\u00fd v\u00fdlet! \u0160pagetov\u00e9 ramienka s\u00fa vyroben\u00e9 z m\u00e4kk\u00e9ho a pohodln\u00e9ho materi\u00e1lu a zmyselne odha\u013euj\u00fa ramen\u00e1, v\u010faka \u010domu sa v nich budete c\u00edti\u0165 mimoriadne \u017eensky. N\u00e1\u0161 model m\u00e1 v\u0161it\u00fd vol\u00e1nik na v\u00fdstrihu, ktor\u00fd opticky zv\u00e4\u010d\u0161uje poprsie.<\/p>\n<div class=\"klb-readmore post-buttons\"><a class=\"button black outline size-sm\" href=\"https:\/\/madelinefashion.pl\/sk\/sukienka-hiszpanka-na-ramiaczkach-emma-brudny-roz\/\">\u010c\u00edta\u0165 \u010falej <i class=\"klbth-icon-right-arrow\"><\/i><\/a><\/div>","protected":false},"featured_media":44490,"template":"","meta":[],"product_brand":[],"product_cat":[125,395],"product_tag":[],"class_list":{"0":"post-44556","1":"product","2":"type-product","3":"status-publish","4":"has-post-thumbnail","6":"product_cat-sukienki","7":"product_cat-nowosci","9":"first","10":"instock","11":"purchasable","12":"product-type-simple"},"_links":{"self":[{"href":"https:\/\/madelinefashion.pl\/sk\/wp-json\/wp\/v2\/product\/44556","targetHints":{"allow":["GET"]}}],"collection":[{"href":"https:\/\/madelinefashion.pl\/sk\/wp-json\/wp\/v2\/product"}],"about":[{"href":"https:\/\/madelinefashion.pl\/sk\/wp-json\/wp\/v2\/types\/product"}],"wp:featuredmedia":[{"embeddable":true,"href":"https:\/\/madelinefashion.pl\/sk\/wp-json\/wp\/v2\/media\/44490"}],"wp:attachment":[{"href":"https:\/\/madelinefashion.pl\/sk\/wp-json\/wp\/v2\/media?parent=44556"}],"wp:term":[{"taxonomy":"product_brand","embeddable":true,"href":"https:\/\/madelinefashion.pl\/sk\/wp-json\/wp\/v2\/product_brand?post=44556"},{"taxonomy":"product_cat","embeddable":true,"href":"https:\/\/madelinefashion.pl\/sk\/wp-json\/wp\/v2\/product_cat?post=44556"},{"taxonomy":"product_tag","embeddable":true,"href":"https:\/\/madelinefashion.pl\/sk\/wp-json\/wp\/v2\/product_tag?post=44556"}],"curies":[{"name":"pracovn\u00fd list","href":"https:\/\/api.w.org\/{rel}","templated":true}]}}