{"id":44711,"date":"2022-06-09T10:06:38","date_gmt":"2022-06-09T08:06:38","guid":{"rendered":"https:\/\/madelinefashion.pl\/?post_type=product&#038;p=44711"},"modified":"2025-09-09T10:26:14","modified_gmt":"2025-09-09T08:26:14","slug":"kombinezon-koronkowy-asymetryczny-letni-mietowy-leila","status":"publish","type":"product","link":"https:\/\/madelinefashion.pl\/sk\/kombinezon-koronkowy-asymetryczny-letni-mietowy-leila\/","title":{"rendered":"Kombinezon Koronkowy Asymetryczny Letni Mi\u0119towy Leila"},"content":{"rendered":"<h3 style=\"text-align: center;\">Kombinezon Koronkowy Asymetryczny Letni Mi\u0119towy Leila<\/h3>\n<p style=\"text-align: center;\"><span style=\"font-size: 10pt;\">Niezwykle kobiecy mi\u0119towy<strong>\u00a0asymetrick\u00fd \u010dipkovan\u00fd overal <\/strong>s ob\u00e1lkov\u00fdm v\u00fdstrihom. \u010cipkovan\u00e1 kombin\u00e9za je vyroben\u00e1 z pr\u00edjemn\u00e9ho vzdu\u0161n\u00e9ho materi\u00e1lu, ktor\u00fd ve\u013emi vyzer\u00e1 <strong>\u017eensk\u00fd<\/strong>. Oblek m\u00e1 <strong>pod\u0161\u00edvka<\/strong> zais\u0165uje pohodlie pri nosen\u00ed, v p\u00e1se je navy\u0161e gumi\u010dka, v\u010faka ktorej sa dokonale prisp\u00f4sob\u00ed postave a zv\u00fdraz\u0148uje \u017eensk\u00e9 tvary. Na\u0161a kombin\u00e9za je perfektnou ponukou na tepl\u00e9 jarn\u00e9 a letn\u00e9 dni. Je to oblek <strong>najpred\u00e1vanej\u0161\u00ed<\/strong> na nadch\u00e1dzaj\u00face tepl\u00e9 dni. <strong>odpor\u00fa\u010dan\u00e9<\/strong> pre d\u00e1my vo ve\u013e <strong>XS SML<\/strong> \u00a0<\/span><\/p>\n<p>&nbsp;<\/p>\n<h3 style=\"text-align: center;\">Vlastnosti Produktu<\/h3>\n<ul style=\"text-align: center;\">\n<li style=\"text-align: center;\"><span style=\"font-size: 10pt;\">flexibiln\u00fd<\/span><\/li>\n<li>p\u00e1s<\/li>\n<li>ob\u00e1lkov\u00fd v\u00fdstrih<\/li>\n<li>\u010dipkovan\u00fd<\/li>\n<\/ul>\n<h3 style=\"text-align: center;\">Rozmery:<\/h3>\n<ul style=\"text-align: center;\">\n<li><span style=\"font-size: 10pt;\">\u00a0\u00a0\u00a0\u00a0\u00a0\u00a0\u00a0 \u00a0\u00a0\u00a0\u00a0\u00a0\u00a0\u00a0 celkov\u00e1 predn\u00e1 d\u013a\u017eka: 71 cm<br \/>\n<\/span><\/li>\n<li>celkov\u00e1 d\u013a\u017eka chrbta: 83 cm<\/li>\n<li><span style=\"font-size: 10pt;\">\u00a0\u00a0\u00a0\u00a0\u00a0\u00a0\u00a0 \u00a0\u00a0\u00a0\u00a0\u00a0\u00a0\u00a0 \u0161\u00edrka od pazuchy po pazuchu: 43-54 cm<\/span><\/li>\n<li><span style=\"font-size: 10pt;\">d\u013a\u017eka ruk\u00e1va od podpazu\u0161ia: 37 cm<\/span><\/li>\n<li><span style=\"font-size: 10pt;\">d\u013a\u017eka ruk\u00e1va od ramena: 51<\/span><\/li>\n<li><span style=\"font-size: 10pt;\">\u00a0\u00a0\u00a0\u00a0\u00a0\u00a0\u00a0 \u00a0\u00a0\u00a0\u00a0\u00a0\u00a0\u00a0 \u0161\u00edrka v p\u00e1se 25-45 cm<\/span><\/li>\n<li><span style=\"font-size: 10pt;\">\u00a0 \u00a0 \u00a0 \u00a0 \u00a0 \u00a0 \u00a0 \u00a0\u00a0<\/span><\/li>\n<\/ul>\n<p style=\"text-align: center;\"><span style=\"font-size: 10pt;\">Rozmery sa m\u00f4\u017eu mierne l\u00ed\u0161i\u0165 od uveden\u00fdch +\/- 2cm. V\u0161etky uveden\u00e9 rozmery s\u00fa meran\u00e9 plo\u0161ne.<\/span><\/p>\n<p style=\"text-align: center;\"><span style=\"font-size: 10pt;\">\u00a0<\/span><\/p>\n<p style=\"text-align: center;\"><span style=\"font-size: 10pt;\"><strong>\u00a0<\/strong>\u00a0<\/span><\/p>\n<p>&nbsp;<\/p>\n<table style=\"height: 163px;\" width=\"691\">\n<tbody>\n<tr>\n<td width=\"302\"><span style=\"font-size: 10pt;\">Meno modela<\/span><\/td>\n<td width=\"302\">Letn\u00fd asymetrick\u00fd \u010dipkovan\u00fd overal Leila<\/td>\n<\/tr>\n<tr>\n<td width=\"302\"><span style=\"font-size: 10pt;\">Farba<\/span><\/td>\n<td width=\"302\"><span style=\"font-size: 10pt;\">m\u00e4ta<\/span><\/td>\n<\/tr>\n<tr>\n<td width=\"302\"><span style=\"font-size: 10pt;\">\u0160t\u00fdl<\/span><\/td>\n<td width=\"302\"><span style=\"font-size: 10pt;\">Boho<\/span><\/td>\n<\/tr>\n<tr>\n<td width=\"302\"><span style=\"font-size: 10pt;\">Materi\u00e1l<\/span><\/td>\n<td width=\"302\"><span style=\"font-size: 10pt;\">75 % polyester 25% visk\u00f3za<\/span><\/td>\n<\/tr>\n<tr>\n<td width=\"302\"><span style=\"font-size: 10pt;\">D\u013a\u017eka<\/span><\/td>\n<td width=\"302\"><span style=\"font-size: 10pt;\">Na koleno<\/span><\/td>\n<\/tr>\n<\/tbody>\n<\/table>\n<p style=\"text-align: center;\"><span style=\"font-size: 10pt;\">\u00a0<\/span><\/p>\n<div class=\"additional-details\" style=\"text-align: center;\">\n<p>\u00a0Model m\u00e1\u00a0<strong>169<\/strong>\u00a0cm vysok\u00fd, nos\u00ed ve\u013ekos\u0165 ka\u017ed\u00fd de\u0148\u00a0<strong>S<\/strong><\/p>\n<p>\u0160\u00edrka cez prsia 92 cm<\/p>\n<p>\u0160\u00edrka v p\u00e1se 62 cm<\/p>\n<p>\u0160\u00edrka v bokoch 94 cm<\/p>\n<p style=\"text-align: center;\"><span style=\"font-size: 10pt;\">\u00a0<\/span><\/p>\n<p style=\"text-align: center;\"><span style=\"font-size: 10pt;\">\u00a0<\/span><\/p>\n<\/div>","protected":false},"excerpt":{"rendered":"<p>Kombinezon Koronkowy Asymetryczny Letni Mi\u0119towy Leila Niezwykle kobiecy mi\u0119towy\u00a0asymetryczny koronkowy kombinezon z dekoltem kopertowym. Kombinezon koronkowy wykonany jest z przyjemnego, przewiewnego materia\u0142u, kt\u00f3ry wygl\u0105da bardzo kobieco. Kombinezon posiada podszewk\u0119 zapewniaj\u0105c komfort noszenia, dodatkowo w pasie znajduje si\u0119 gumka, dzi\u0119ki kt\u00f3rej idealnie dopasowuje si\u0119 do sylwetki podkre\u015blaj\u0105c kobiece kszta\u0142ty. Nasz kombinezon to idealna propozycja na ciep\u0142e<\/p>\n<div class=\"klb-readmore post-buttons\"><a class=\"button black outline size-sm\" href=\"https:\/\/madelinefashion.pl\/sk\/kombinezon-koronkowy-asymetryczny-letni-mietowy-leila\/\">\u010c\u00edta\u0165 \u010falej <i class=\"klbth-icon-right-arrow\"><\/i><\/a><\/div>","protected":false},"featured_media":44678,"template":"","meta":[],"product_brand":[],"product_cat":[125,395],"product_tag":[297],"class_list":{"0":"post-44711","1":"product","2":"type-product","3":"status-publish","4":"has-post-thumbnail","6":"product_cat-sukienki","7":"product_cat-nowosci","8":"product_tag-kombinezony","10":"first","11":"outofstock","12":"purchasable","13":"product-type-simple"},"_links":{"self":[{"href":"https:\/\/madelinefashion.pl\/sk\/wp-json\/wp\/v2\/product\/44711","targetHints":{"allow":["GET"]}}],"collection":[{"href":"https:\/\/madelinefashion.pl\/sk\/wp-json\/wp\/v2\/product"}],"about":[{"href":"https:\/\/madelinefashion.pl\/sk\/wp-json\/wp\/v2\/types\/product"}],"wp:featuredmedia":[{"embeddable":true,"href":"https:\/\/madelinefashion.pl\/sk\/wp-json\/wp\/v2\/media\/44678"}],"wp:attachment":[{"href":"https:\/\/madelinefashion.pl\/sk\/wp-json\/wp\/v2\/media?parent=44711"}],"wp:term":[{"taxonomy":"product_brand","embeddable":true,"href":"https:\/\/madelinefashion.pl\/sk\/wp-json\/wp\/v2\/product_brand?post=44711"},{"taxonomy":"product_cat","embeddable":true,"href":"https:\/\/madelinefashion.pl\/sk\/wp-json\/wp\/v2\/product_cat?post=44711"},{"taxonomy":"product_tag","embeddable":true,"href":"https:\/\/madelinefashion.pl\/sk\/wp-json\/wp\/v2\/product_tag?post=44711"}],"curies":[{"name":"pracovn\u00fd list","href":"https:\/\/api.w.org\/{rel}","templated":true}]}}