{"id":44784,"date":"2022-06-09T14:32:08","date_gmt":"2022-06-09T12:32:08","guid":{"rendered":"https:\/\/madelinefashion.pl\/?post_type=product&#038;p=44784"},"modified":"2025-09-09T10:26:13","modified_gmt":"2025-09-09T08:26:13","slug":"sukienka-asymetryczna-midi-w-kwiaty-lilac","status":"publish","type":"product","link":"https:\/\/madelinefashion.pl\/sk\/sukienka-asymetryczna-midi-w-kwiaty-lilac\/","title":{"rendered":"Asymetrick\u00e9 midi \u0161aty s fialov\u00fdmi kvetmi"},"content":{"rendered":"<h3 style=\"text-align: center;\">Asymetrick\u00e9 midi \u0161aty s fialov\u00fdmi kvetmi<\/h3>\n<p style=\"text-align: center;\">Ve\u013ekolep\u00e9, vzdu\u0161n\u00e9 \u0161aty s v\u00fdstrihom do V na ramienka s\u00fa n\u00e1vrhom vhodn\u00fdm pre zvl\u00e1\u0161tne okolnosti. Skvel\u00fd vzdu\u0161n\u00fd svetl\u00fd - dostupn\u00fd v na\u0161ej predajni vo viacer\u00fdch <strong>farebn\u00e9 verzie<\/strong>. Jej \u0161t\u00fdl je kr\u00e1sny <strong>odkryje p\u00e1s. \u0160aty <\/strong> m\u00e1 vystu\u017een\u00fd ko\u0161\u00ed\u010dek, je na ramienka. Spodn\u00fa \u010das\u0165 \u0161iat tvor\u00ed vzdu\u0161n\u00e1 l\u00e1tka a pod\u0161\u00edvka, ktor\u00e1 sa efekt\u00edvne prezentuje v pohybe.<strong>\u00a0<\/strong>Je to ide\u00e1lna ponuka pre \u017eeny, ktor\u00e9 si v\u00e1\u017eia samy seba <strong>\u0161ik a elegancia.<\/strong> \u0160aty sa odpor\u00fa\u010daj\u00fa aj na svadbu, 18. a dokonca aj na svadbu. Vyrovnajte sa <a href=\"https:\/\/madelinefashion.pl\/sk\/buty\/\">\u0161tekle<\/a> dostupn\u00e9 aj na na\u0161ej webovej str\u00e1nke a vytv\u00e1raj\u00fa elegantn\u00fd vzh\u013ead. Mus\u00edte ju ma\u0165 vo svojom \u0161atn\u00edku! Univerz\u00e1lna ve\u013ekos\u0165, odpor\u00fa\u010dan\u00e1 pre \u017eeny nosiace XS SML, ak nos\u00edte v\u00e4\u010d\u0161iu ve\u013ekos\u0165, pozrite si rozmery<\/p>\n<h3 style=\"text-align: center;\">Rozmery \u0161iat<\/h3>\n<ul style=\"text-align: center;\">\n<li>celkov\u00e1 d\u013a\u017eka 130 cm<\/li>\n<li>\u0161\u00edrka hrudn\u00edka: 36-46 cm (elastick\u00e9)<\/li>\n<li>\u0161\u00edrka p\u00e1sa: 32-41 cm (elastick\u00fd)<\/li>\n<li><\/li>\n<\/ul>\n<p style=\"text-align: center;\">Rozmery sa m\u00f4\u017eu mierne l\u00ed\u0161i\u0165 od uveden\u00fdch +\/- 2cm. V\u0161etky uveden\u00e9 rozmery s\u00fa meran\u00e9 plo\u0161ne. <strong>rozmer x2<\/strong><\/p>\n<p style=\"text-align: center;\"><strong>\u00a0<\/strong><\/p>\n<table style=\"height: 214px;\" width=\"548\">\n<tbody>\n<tr>\n<td width=\"302\">Meno modela<\/td>\n<td width=\"302\">Asymetrick\u00e9 midi \u0161aty s kvetmi<\/td>\n<\/tr>\n<tr>\n<td width=\"302\">Farba<\/td>\n<td width=\"302\">fialov\u00fd<\/td>\n<\/tr>\n<tr>\n<td width=\"302\">Zbierka<\/td>\n<td width=\"302\">Jar leto<\/td>\n<\/tr>\n<tr>\n<td width=\"302\">ve\u013ekosti<\/td>\n<td width=\"302\">Univerz\u00e1lny<\/td>\n<\/tr>\n<tr>\n<td width=\"302\">M\u00f3da<\/td>\n<td width=\"302\">Vzplanul<\/td>\n<\/tr>\n<tr>\n<td width=\"302\">Dekor\u00e1cia<\/td>\n<td width=\"302\">In Kvety<\/td>\n<\/tr>\n<tr>\n<td width=\"302\">Materi\u00e1l<\/td>\n<td width=\"302\">95 % Polyester 5% Elastan<\/td>\n<\/tr>\n<\/tbody>\n<\/table>\n<section class=\"page-product-box\">\n<div class=\"rte\">\n<p style=\"text-align: center;\">Model m\u00e1\u00a0<strong>169<\/strong>\u00a0cm vysok\u00fd, nos\u00ed ve\u013ekos\u0165 ka\u017ed\u00fd de\u0148\u00a0<strong>S<\/strong><\/p>\n<p style=\"text-align: center;\">\u0160\u00edrka cez prsia 92 cm<\/p>\n<p style=\"text-align: center;\">\u0160\u00edrka v p\u00e1se 62 cm<\/p>\n<p style=\"text-align: center;\">\u0160\u00edrka v bokoch 94 cm<\/p>\n<\/div>\n<\/section>","protected":false},"excerpt":{"rendered":"<p>Sukienka Asymetryczna Midi W Kwiaty Lilac Efektowna, zwiewna sukienka z dekoltem V na rami\u0105czkach to propozycja odpowiednia na wyj\u0105tkowe okoliczno\u015bci . Wspania\u0142a zwiewna rozkloszowana &#8211; dost\u0119pna w Naszym sklepie w kilku wersjach kolorystycznych. Jej fason przepi\u0119knie wyeksponuje tali\u0119. Sukienka posiada usztywnian\u0105 miseczk\u0119, jest na rami\u0105czkach. Dolna cz\u0119\u015b\u0107 sukienki sk\u0142ada si\u0119 z zwiewnej tkaniny i podszewki<\/p>\n<div class=\"klb-readmore post-buttons\"><a class=\"button black outline size-sm\" href=\"https:\/\/madelinefashion.pl\/sk\/sukienka-asymetryczna-midi-w-kwiaty-lilac\/\">\u010c\u00edta\u0165 \u010falej <i class=\"klbth-icon-right-arrow\"><\/i><\/a><\/div>","protected":false},"featured_media":44724,"template":"","meta":[],"product_brand":[],"product_cat":[125,395],"product_tag":[262],"class_list":{"0":"post-44784","1":"product","2":"type-product","3":"status-publish","4":"has-post-thumbnail","6":"product_cat-sukienki","7":"product_cat-nowosci","8":"product_tag-sukienki-krotkie","9":"pa_rozmiar-xs-34","10":"pa_rozmiar-s-36","12":"first","13":"outofstock","14":"purchasable","15":"product-type-simple"},"_links":{"self":[{"href":"https:\/\/madelinefashion.pl\/sk\/wp-json\/wp\/v2\/product\/44784","targetHints":{"allow":["GET"]}}],"collection":[{"href":"https:\/\/madelinefashion.pl\/sk\/wp-json\/wp\/v2\/product"}],"about":[{"href":"https:\/\/madelinefashion.pl\/sk\/wp-json\/wp\/v2\/types\/product"}],"wp:featuredmedia":[{"embeddable":true,"href":"https:\/\/madelinefashion.pl\/sk\/wp-json\/wp\/v2\/media\/44724"}],"wp:attachment":[{"href":"https:\/\/madelinefashion.pl\/sk\/wp-json\/wp\/v2\/media?parent=44784"}],"wp:term":[{"taxonomy":"product_brand","embeddable":true,"href":"https:\/\/madelinefashion.pl\/sk\/wp-json\/wp\/v2\/product_brand?post=44784"},{"taxonomy":"product_cat","embeddable":true,"href":"https:\/\/madelinefashion.pl\/sk\/wp-json\/wp\/v2\/product_cat?post=44784"},{"taxonomy":"product_tag","embeddable":true,"href":"https:\/\/madelinefashion.pl\/sk\/wp-json\/wp\/v2\/product_tag?post=44784"}],"curies":[{"name":"pracovn\u00fd list","href":"https:\/\/api.w.org\/{rel}","templated":true}]}}