{"id":4501,"date":"2021-01-19T20:16:54","date_gmt":"2021-01-19T19:16:54","guid":{"rendered":"https:\/\/madelinefashion.pl\/?post_type=product&#038;p=4501"},"modified":"2026-01-20T10:34:46","modified_gmt":"2026-01-20T09:34:46","slug":"koszula-sisi-biala","status":"publish","type":"product","link":"https:\/\/madelinefashion.pl\/sk\/koszula-sisi-biala\/","title":{"rendered":"Sisi ko\u0161e\u013ea biela"},"content":{"rendered":"<h2 style=\"text-align: center;\">Sisi ko\u0161e\u013ea biela<\/h2>\n<p style=\"text-align: center;\">Sisi ko\u0161e\u013ea na gomb\u00edky je elegantn\u00e1 ko\u0161e\u013ea pre <strong>Dlh\u00fd ruk\u00e1v<\/strong> s vo\u013enej\u0161\u00edm oversize strihom, ktor\u00fd bude fungova\u0165 s v\u00e4\u010d\u0161inou \u0161tyliz\u00e1ci\u00ed. Na\u0161a Sisi ko\u0161e\u013ea m\u00f4\u017ee by\u0165 z\u00e1kladom mnoh\u00fdch elegantn\u00fdch a nad\u010dasov\u00fdch \u0161tyliz\u00e1ci\u00ed - v na\u0161ej predajni je dostupn\u00e1 vo viacer\u00fdch farebn\u00fdch variantoch. Ur\u010dite bude fungova\u0165 s tu\u017ekov\u00fdmi suk\u0148ami alebo klasick\u00fdmi d\u017e\u00ednsami. Ko\u0161e\u013ea je ide\u00e1lnym n\u00e1vrhom do pr\u00e1ce, na ka\u017ed\u00fd de\u0148, na rodinn\u00e9 stretnutia a mnoh\u00e9 in\u00e9 pr\u00edle\u017eitosti. Odpor\u00fa\u010da sa pre \u017eeny, ktor\u00e9 nosia ve\u013e <strong>S, M, L, XL<\/strong><\/p>\n<h3 style=\"text-align: center;\">\u00a0 \u00a0 \u00a0Rozmery:<\/h3>\n<ul style=\"text-align: center;\">\n<li>\n<ul>\n<li>celkov\u00e1 d\u013a\u017eka: 57 cm<\/li>\n<li>\u0161\u00edrka od pazuchy po pazuchu: 50 cm -57 cm<\/li>\n<li>d\u013a\u017eka ruk\u00e1va od ramena: 57 cm<\/li>\n<li>d\u013a\u017eka ruk\u00e1va od podpazu\u0161ia: 44 cm<\/li>\n<li>odpor\u00fa\u010dan\u00fd maxim\u00e1lny obvod poprsia: 105 cm<\/li>\n<\/ul>\n<p>Rozmery sa m\u00f4\u017eu mierne l\u00ed\u0161i\u0165 od uveden\u00fdch +\/- 2cm. V\u0161etky uveden\u00e9 rozmery s\u00fa meran\u00e9 plo\u0161ne.<\/li>\n<\/ul>\n<p>&nbsp;<\/p>\n<table style=\"height: 288px;\" width=\"433\">\n<tbody>\n<tr>\n<td>Meno modela<\/td>\n<td>Sisi ko\u0161e\u013ea<\/td>\n<\/tr>\n<tr>\n<td>Farba<\/td>\n<td>biely<\/td>\n<\/tr>\n<tr>\n<td>Zbierka<\/td>\n<td>Jar leto jese\u0148 zima<\/td>\n<\/tr>\n<tr>\n<td>Ve\u013ekos\u0165<\/td>\n<td>Univerz\u00e1lny<\/td>\n<\/tr>\n<tr>\n<td>M\u00f3da<\/td>\n<td>\u00c9terick\u00fd<\/td>\n<\/tr>\n<tr>\n<td>\u0160tiepenie<\/td>\n<td>Golier<\/td>\n<\/tr>\n<tr>\n<td>kompozitn\u00e9 materi\u00e1ly<\/td>\n<td>Polyester 100%<\/td>\n<\/tr>\n<\/tbody>\n<\/table>\n<div class=\"tabs tabs-bb clear mb-80\">\n<div class=\"tab-content\">\n<div id=\"tab-description\" class=\"tab-pane fade in woocommerce-Tabs-panel--description active\">\n<div class=\"tabs tabs-bb clear mb-80\">\n<div class=\"tab-content\">\n<div id=\"tab-description\" class=\"tab-pane fade in woocommerce-Tabs-panel--description active\">\n<p style=\"text-align: center;\">\u00a0Model m\u00e1\u00a0<strong>165<\/strong>\u00a0cm vysok\u00fd, nos\u00ed ve\u013ekos\u0165 ka\u017ed\u00fd de\u0148\u00a0<strong>S<\/strong><\/p>\n<\/div>\n<\/div>\n<\/div>\n<section class=\"related products mb-80\"><\/section>\n<section class=\"page-product-box\">\n<div class=\"rte\">\n<p>&nbsp;<\/p>\n<\/div>\n<\/section>\n<\/div>\n<\/div>\n<\/div>\n<section class=\"up-sells upsells products mb-80\"><\/section>\n<p>&nbsp;<\/p>\n<p style=\"text-align: center;\"><strong>\u00a0<\/strong><\/p>","protected":false},"excerpt":{"rendered":"<p>Koszula Sisi Bia\u0142a Koszula Sisi zapinana na guziki to elegancka koszula na d\u0142ugi r\u0119kaw o lu\u017aniejszym\u00a0 oversizowym\u00a0 fasonie, kt\u00f3ry sprawdzi si\u0119 w wi\u0119kszo\u015bci stylizacjach. Nasza koszula Sisi mo\u017ce stanowi\u0107 baz\u0119 do wielu eleganckich i ponadczasowych stylizacji\u00a0 &#8211; dost\u0119pna jest w naszym sklepie w kilku wariantach kolorystycznych. Z pewno\u015bci\u0105 sprawdzi si\u0119 przy o\u0142\u00f3wkowych sp\u00f3dnicach lub klasycznych<\/p>\n<div class=\"klb-readmore post-buttons\"><a class=\"button black outline size-sm\" href=\"https:\/\/madelinefashion.pl\/sk\/koszula-sisi-biala\/\">\u010c\u00edta\u0165 \u010falej <i class=\"klbth-icon-right-arrow\"><\/i><\/a><\/div>","protected":false},"featured_media":11810,"template":"","meta":[],"product_brand":[],"product_cat":[92],"product_tag":[],"class_list":{"0":"post-4501","1":"product","2":"type-product","3":"status-publish","4":"has-post-thumbnail","6":"product_cat-koszule","8":"first","9":"instock","10":"sale","11":"purchasable","12":"product-type-simple"},"_links":{"self":[{"href":"https:\/\/madelinefashion.pl\/sk\/wp-json\/wp\/v2\/product\/4501","targetHints":{"allow":["GET"]}}],"collection":[{"href":"https:\/\/madelinefashion.pl\/sk\/wp-json\/wp\/v2\/product"}],"about":[{"href":"https:\/\/madelinefashion.pl\/sk\/wp-json\/wp\/v2\/types\/product"}],"wp:featuredmedia":[{"embeddable":true,"href":"https:\/\/madelinefashion.pl\/sk\/wp-json\/wp\/v2\/media\/11810"}],"wp:attachment":[{"href":"https:\/\/madelinefashion.pl\/sk\/wp-json\/wp\/v2\/media?parent=4501"}],"wp:term":[{"taxonomy":"product_brand","embeddable":true,"href":"https:\/\/madelinefashion.pl\/sk\/wp-json\/wp\/v2\/product_brand?post=4501"},{"taxonomy":"product_cat","embeddable":true,"href":"https:\/\/madelinefashion.pl\/sk\/wp-json\/wp\/v2\/product_cat?post=4501"},{"taxonomy":"product_tag","embeddable":true,"href":"https:\/\/madelinefashion.pl\/sk\/wp-json\/wp\/v2\/product_tag?post=4501"}],"curies":[{"name":"pracovn\u00fd list","href":"https:\/\/api.w.org\/{rel}","templated":true}]}}