{"id":4545,"date":"2021-01-20T19:10:04","date_gmt":"2021-01-20T18:10:04","guid":{"rendered":"https:\/\/madelinefashion.pl\/?post_type=product&#038;p=4545"},"modified":"2025-10-01T07:35:39","modified_gmt":"2025-10-01T05:35:39","slug":"spodnie-biale-jeans-z-dziurami","status":"publish","type":"product","link":"https:\/\/madelinefashion.pl\/sk\/spodnie-biale-jeans-z-dziurami\/","title":{"rendered":"Biele d\u017e\u00ednsov\u00e9 nohavice s otvormi"},"content":{"rendered":"<h3 style=\"text-align: center;\">Biele d\u017e\u00ednsov\u00e9 nohavice s otvormi<\/h3>\n<p style=\"text-align: center;\"><span style=\"vertical-align: inherit;\"><span style=\"vertical-align: inherit;\">M\u00f3dne <strong>roztrhan\u00e9 d\u017e\u00ednsy<\/strong> <\/span><\/span><span style=\"vertical-align: inherit;\"><span style=\"vertical-align: inherit;\"> je m\u00f3dny prvok, ktor\u00fd nesmie ch\u00fdba\u0165 vo va\u0161om \u0161atn\u00edku. <\/span><span style=\"vertical-align: inherit;\">Nohavice vyroben\u00e9 z <\/span><\/span><strong><span style=\"vertical-align: inherit;\"><span style=\"vertical-align: inherit;\">kvalitn\u00fd materi\u00e1l s vysok\u00fdm p\u00e1som,<\/span><\/span><\/strong><span style=\"vertical-align: inherit;\"><span style=\"vertical-align: inherit;\"> \u00a0ktor\u00e9 dokonale modeluj\u00fa postavu. Nohavice maj\u00fa ozdobn\u00e9 odreniny, ktor\u00e9 bezpochyby <strong>dodaj\u00fa<\/strong> jedine\u010dn\u00fd <strong>charakter<\/strong>. <\/span><span style=\"vertical-align: inherit;\">S\u00fa ve\u013emi pohodln\u00e9<\/span><\/span><span style=\"vertical-align: inherit;\"><span style=\"vertical-align: inherit;\"> a \u013eahko sa kombinuj\u00fa, \u013eahko sa kombinuj\u00fa s kardig\u00e1nmi, bundami alebo \u013eahk\u00fdmi svetrami - ktor\u00e9 n\u00e1jdete aj u n\u00e1s <a href=\"https:\/\/madelinefashion.pl\/sk\/swetry\/\">e-shop <\/a><\/span><span style=\"vertical-align: inherit;\">Nemus\u00edte sa b\u00e1\u0165 \u2013 overte si to vysok\u00fdmi podp\u00e4tkami, top\u00e1nkami alebo teniskami. <\/span><span style=\"vertical-align: inherit;\">Pon\u00fakame ich vo ve\u013ekostiach <strong> XS, S, M, L, XL, <\/strong><\/span><\/span><span style=\"vertical-align: inherit;\"><span style=\"vertical-align: inherit;\">\u00a0 ,odpor\u00fa\u010dame\u00a0 <\/span><\/span><span style=\"vertical-align: inherit;\"><span style=\"vertical-align: inherit;\"><b>presne tak\u00a0<\/b><\/span><\/span><strong><span style=\"vertical-align: inherit;\"><span style=\"vertical-align: inherit;\">mera\u0165<\/span><\/span><\/strong><span style=\"vertical-align: inherit;\"><span style=\"vertical-align: inherit;\"> pod\u013ea tabu\u013eky rozmerov ni\u017e\u0161ie. <\/span><span style=\"vertical-align: inherit;\">Dopl\u0148te svoj \u0161atn\u00edk o tento najpred\u00e1vanej\u0161\u00ed model. <\/span><\/span><span style=\"vertical-align: inherit;\"><span style=\"vertical-align: inherit;\">V pr\u00edpade \u010fal\u0161\u00edch ot\u00e1zok k tomuto produktu n\u00e1s nev\u00e1hajte kontaktova\u0165 telefonicky alebo cez Facebook. Sledujte nov\u00e9 trendy s\u00a0<strong>Madelinefashion.\u00a0<\/strong>V inform\u00e1ci\u00e1ch po zak\u00fapen\u00ed m\u00f4\u017eete posla\u0165 svoje miery, vyberieme pre v\u00e1s ide\u00e1lne nohavice.<\/span><\/span><\/p>\n<h2 style=\"text-align: center;\"><span style=\"vertical-align: inherit;\"><span style=\"vertical-align: inherit;\">Rozmery nohav\u00edc:<\/span><\/span><\/h2>\n<p style=\"text-align: center;\"><strong>VE\u013dKOS\u0164 XS 34 <\/strong><\/p>\n<ul style=\"text-align: center;\">\n<li>Celkov\u00e1 d\u013a\u017eka: 90 cm<\/li>\n<li>Vn\u00fatorn\u00e1 d\u013a\u017eka nohav\u00edc: 68 cm<\/li>\n<li>\u0160\u00edrka v p\u00e1se: 32-39 cm<\/li>\n<li>V\u00fd\u0161ka: 28 cm<\/li>\n<li>\u0160\u00edrka bokov: 37-49 cm<\/li>\n<\/ul>\n<p style=\"text-align: center;\"><strong>VE\u013dKOS\u0164 S 36\u00a0<\/strong><\/p>\n<ul style=\"text-align: center;\">\n<li>Celkov\u00e1 d\u013a\u017eka: 90 cm<\/li>\n<li>Vn\u00fatorn\u00e1 d\u013a\u017eka nohav\u00edc: 67 cm<\/li>\n<li>\u0160\u00edrka v p\u00e1se: 34-41 cm<\/li>\n<li>V\u00fd\u0161ka: 29 cm<\/li>\n<li>\u0160\u00edrka bokov: 38-52 cm<\/li>\n<\/ul>\n<p style=\"text-align: center;\"><strong>VE\u013dKOS\u0164 M 38\u00a0<\/strong><\/p>\n<ul style=\"text-align: center;\">\n<li>Celkov\u00e1 d\u013a\u017eka: 92 cm<\/li>\n<li>Vn\u00fatorn\u00e1 d\u013a\u017eka nohav\u00edc: 68 cm<\/li>\n<li>\u0160\u00edrka v p\u00e1se: 35-42 cm<\/li>\n<li>V\u00fd\u0161ka: 30 cm<\/li>\n<li>\u0160\u00edrka bokov: 40-54 cm<\/li>\n<\/ul>\n<p style=\"text-align: center;\"><strong>VE\u013dKOS\u0164 L 40\u00a0<\/strong><\/p>\n<ul style=\"text-align: center;\">\n<li>Celkov\u00e1 d\u013a\u017eka: 92 cm<\/li>\n<li>Vn\u00fatorn\u00e1 d\u013a\u017eka nohav\u00edc: 68 cm<\/li>\n<li>\u0160\u00edrka v p\u00e1se: 38-46 cm<\/li>\n<li>V\u00fd\u0161ka: 30 cm<\/li>\n<li>\u0160\u00edrka bokov: 43-56 cm<\/li>\n<\/ul>\n<p style=\"text-align: center;\"><strong>Ve\u013ekos\u0165 XL 42\u00a0<\/strong><\/p>\n<ul style=\"text-align: center;\">\n<li>Celkov\u00e1 d\u013a\u017eka: 90 cm<\/li>\n<li>Vn\u00fatorn\u00e1 d\u013a\u017eka nohav\u00edc: 67 cm<\/li>\n<li>\u0160\u00edrka v p\u00e1se: 39-48 cm<\/li>\n<li>V\u00fd\u0161ka: 31 cm<\/li>\n<li>\u0160\u00edrka bokov: 43-61 cm<\/li>\n<\/ul>\n<p style=\"text-align: center;\"><span style=\"vertical-align: inherit;\"><span style=\"vertical-align: inherit;\">Rozmery sa m\u00f4\u017eu l\u00ed\u0161i\u0165 od uveden\u00fdch +\/- 2cm. <\/span><span style=\"vertical-align: inherit;\">V\u0161etky uveden\u00e9 rozmery s\u00fa meran\u00e9 plo\u0161ne.<\/span><\/span><\/p>\n<p style=\"text-align: center;\"><strong><span style=\"vertical-align: inherit;\"><span style=\"vertical-align: inherit;\">Dokonale sa prisp\u00f4sob\u00ed ka\u017edej postave<\/span><\/span><\/strong><\/p>\n<p style=\"text-align: center;\"><strong><span style=\"vertical-align: inherit;\"><span style=\"vertical-align: inherit;\">MODELKA 168 cm - VE\u013dKOS\u0164 S\u00a0<\/span><\/span><\/strong><\/p>","protected":false},"excerpt":{"rendered":"<p>Spodnie Bia\u0142e Jeans z Dziurami Modne spodnie jeansowe z dziurami to modny element, kt\u00f3rego nie mo\u017ce zabrakn\u0105\u0107 w Twojej garderobie. Spodnie wykonane z wysokiej jako\u015bci materia\u0142u z wysokim stanem, \u00a0kt\u00f3re doskonale modeluj\u0105 sylwetk\u0119.\u00a0 Spodnie posiadaj\u0105 ozdobne przetarcia , kt\u00f3re bez w\u0105tpienia dodadz\u0105 niepowtarzalnego charakteru. S\u0105 bardzo wygodne oraz \u0142atwe w \u0142\u0105czeniu, bez problemu mo\u017cna je<\/p>\n<div class=\"klb-readmore post-buttons\"><a class=\"button black outline size-sm\" href=\"https:\/\/madelinefashion.pl\/sk\/spodnie-biale-jeans-z-dziurami\/\">\u010c\u00edta\u0165 \u010falej <i class=\"klbth-icon-right-arrow\"><\/i><\/a><\/div>","protected":false},"featured_media":5049,"template":"","meta":[],"product_brand":[],"product_cat":[83,395],"product_tag":[475],"class_list":{"0":"post-4545","1":"product","2":"type-product","3":"status-publish","4":"has-post-thumbnail","6":"product_cat-spodnie","7":"product_cat-nowosci","8":"product_tag-spodnie-dlugie","9":"pa_rozmiar-34-42-142","10":"pa_rozmiar-34-42-36-2","11":"pa_rozmiar-34-42-38-2","12":"pa_rozmiar-34-42-40-2","13":"pa_rozmiar-34-42-42-2","15":"first","16":"instock","17":"product-type-variable"},"_links":{"self":[{"href":"https:\/\/madelinefashion.pl\/sk\/wp-json\/wp\/v2\/product\/4545","targetHints":{"allow":["GET"]}}],"collection":[{"href":"https:\/\/madelinefashion.pl\/sk\/wp-json\/wp\/v2\/product"}],"about":[{"href":"https:\/\/madelinefashion.pl\/sk\/wp-json\/wp\/v2\/types\/product"}],"wp:featuredmedia":[{"embeddable":true,"href":"https:\/\/madelinefashion.pl\/sk\/wp-json\/wp\/v2\/media\/5049"}],"wp:attachment":[{"href":"https:\/\/madelinefashion.pl\/sk\/wp-json\/wp\/v2\/media?parent=4545"}],"wp:term":[{"taxonomy":"product_brand","embeddable":true,"href":"https:\/\/madelinefashion.pl\/sk\/wp-json\/wp\/v2\/product_brand?post=4545"},{"taxonomy":"product_cat","embeddable":true,"href":"https:\/\/madelinefashion.pl\/sk\/wp-json\/wp\/v2\/product_cat?post=4545"},{"taxonomy":"product_tag","embeddable":true,"href":"https:\/\/madelinefashion.pl\/sk\/wp-json\/wp\/v2\/product_tag?post=4545"}],"curies":[{"name":"pracovn\u00fd list","href":"https:\/\/api.w.org\/{rel}","templated":true}]}}