{"id":4607,"date":"2021-01-21T17:59:04","date_gmt":"2021-01-21T16:59:04","guid":{"rendered":"https:\/\/madelinefashion.pl\/?post_type=product&#038;p=4607"},"modified":"2025-10-14T12:11:51","modified_gmt":"2025-10-14T10:11:51","slug":"spodnica-zamszowa-z-guzikami-khaki","status":"publish","type":"product","link":"https:\/\/madelinefashion.pl\/sk\/spodnica-zamszowa-z-guzikami-khaki\/","title":{"rendered":"Khaki semi\u0161ov\u00e1 suk\u0148a na gomb\u00edky"},"content":{"rendered":"<h3 style=\"text-align: center;\">Khaki semi\u0161ov\u00e1 suk\u0148a na gomb\u00edky<\/h3>\n<p style=\"text-align: center;\"><strong>Semi\u0161ov\u00e1 suk\u0148a<\/strong>\u00a0je ide\u00e1lnym n\u00e1vrhom k elegantnej ko\u0161eli aj k oby\u010dajnej ko\u0161eli <a href=\"https:\/\/madelinefashion.pl\/sk\/casual-clothes\/t-shirty\/\">tri\u010dko<\/a>. Farebn\u00e1 semi\u0161ov\u00e1 suk\u0148a <strong>olivov\u00fd<\/strong> umo\u017e\u0148uje vytv\u00e1ra\u0165 dokonal\u00e9 zostavy. V na\u0161om ur\u010dite <a href=\"https:\/\/madelinefashion.pl\/sk\/\"><strong>E-shop<\/strong><\/a> N\u00e1jdete <a href=\"https:\/\/madelinefashion.pl\/sk\/bluzki-2\/koszule\/\">d\u00e1mske ko\u0161ele<\/a> a doplnky, ktor\u00e9 zd\u00f4raznia eleganciu sukne. Univerz\u00e1lne, a z\u00e1rove\u0148 ve\u013emi \u0161t\u00fdlov\u00e9 a \u017eensk\u00e9. Kr\u00e1sne zv\u00fdrazn\u00ed p\u00e1s, m\u00f4\u017ee by\u0165 prvkom jarn\u00fdch \u0161tyliz\u00e1ci\u00ed aj s\u00fa\u010das\u0165ou jesenn\u00e9ho \u0161atn\u00edka, perfektne sa bude hodi\u0165 aj v zimn\u00fdch d\u0148och. D\u00e1mska suk\u0148a z pr\u00edjemn\u00e9ho semi\u0161u s gomb\u00edkmi a zipsom vzadu.<\/p>\n<h3 style=\"text-align: center;\">Rozmery:<\/h3>\n<ul style=\"text-align: center;\">\n<li>celkov\u00e1 d\u013a\u017eka: 49 cm<\/li>\n<li>\u0161\u00edrka p\u00e1sa 35 \u2013 41 cm x2<\/li>\n<\/ul>\n<p style=\"text-align: center;\"><span style=\"font-size: 10pt;\">Rozmery sa m\u00f4\u017eu mierne l\u00ed\u0161i\u0165 od uveden\u00fdch +\/- 2cm. V\u0161etky uveden\u00e9 rozmery s\u00fa meran\u00e9 plo\u0161ne.<\/span><\/p>\n<p style=\"text-align: center;\"><span style=\"font-size: 10pt;\">\u00a0<\/span><\/p>\n<p style=\"text-align: center;\"><span style=\"font-size: 10pt;\">\u00a0<\/span><\/p>\n<table width=\"617\">\n<tbody>\n<tr>\n<td width=\"302\">Meno modela<\/td>\n<td width=\"302\">Semi\u0161ov\u00e1 suk\u0148a s gomb\u00edkmi<\/td>\n<\/tr>\n<tr>\n<td width=\"302\">Farba<\/td>\n<td width=\"302\">kaki<\/td>\n<\/tr>\n<tr>\n<td width=\"302\">ve\u013ekosti<\/td>\n<td width=\"302\">Univerz\u00e1lny<\/td>\n<\/tr>\n<tr>\n<td width=\"302\">M\u00f3da<\/td>\n<td width=\"302\">nadrozmern\u00e9<\/td>\n<\/tr>\n<tr>\n<td width=\"302\">Materi\u00e1l<\/td>\n<td width=\"302\">Semi\u0161<\/td>\n<\/tr>\n<\/tbody>\n<\/table>\n<p style=\"text-align: center;\"><span style=\"font-size: 10pt;\">\u00a0<\/span><\/p>\n<p>&nbsp;<\/p>\n<p style=\"text-align: center;\">\u00a0Model m\u00e1\u00a0<strong>165<\/strong>\u00a0cm vysok\u00fd, nos\u00ed ve\u013ekos\u0165 ka\u017ed\u00fd de\u0148\u00a0<strong>S<\/strong><\/p>\n<p style=\"text-align: center;\"><span style=\"font-size: 10pt;\">\u00a0<\/span><\/p>","protected":false},"excerpt":{"rendered":"<p>Sp\u00f3dnica Zamszowa z Guzikami Khaki Sp\u00f3dnica zamszowa\u00a0to idealna propozycja zar\u00f3wno do eleganckiej koszuli, jak i zwyk\u0142ego t-shirtu. Zamszowa sp\u00f3dnica w kolorze oliwkowym pozwala tworzy\u0107 idealne zestawy. Z pewno\u015bci\u0105 w naszym E-sklepie znajdziesz koszule damskie i akcesoria, kt\u00f3re podkre\u015bl\u0105 elegancj\u0119 sp\u00f3dnicy. Uniwersalna, a jednocze\u015bnie bardzo stylowa i kobieca. Pi\u0119knie podkre\u015bla tali\u0119 mo\u017ce by\u0107 zar\u00f3wno elementem wiosennych<\/p>\n<div class=\"klb-readmore post-buttons\"><a class=\"button black outline size-sm\" href=\"https:\/\/madelinefashion.pl\/sk\/spodnica-zamszowa-z-guzikami-khaki\/\">\u010c\u00edta\u0165 \u010falej <i class=\"klbth-icon-right-arrow\"><\/i><\/a><\/div>","protected":false},"featured_media":11967,"template":"","meta":[],"product_brand":[],"product_cat":[107],"product_tag":[],"class_list":{"0":"post-4607","1":"product","2":"type-product","3":"status-publish","4":"has-post-thumbnail","6":"product_cat-spodnice-i-spodniczki","8":"first","9":"instock","10":"purchasable","11":"product-type-simple"},"_links":{"self":[{"href":"https:\/\/madelinefashion.pl\/sk\/wp-json\/wp\/v2\/product\/4607","targetHints":{"allow":["GET"]}}],"collection":[{"href":"https:\/\/madelinefashion.pl\/sk\/wp-json\/wp\/v2\/product"}],"about":[{"href":"https:\/\/madelinefashion.pl\/sk\/wp-json\/wp\/v2\/types\/product"}],"wp:featuredmedia":[{"embeddable":true,"href":"https:\/\/madelinefashion.pl\/sk\/wp-json\/wp\/v2\/media\/11967"}],"wp:attachment":[{"href":"https:\/\/madelinefashion.pl\/sk\/wp-json\/wp\/v2\/media?parent=4607"}],"wp:term":[{"taxonomy":"product_brand","embeddable":true,"href":"https:\/\/madelinefashion.pl\/sk\/wp-json\/wp\/v2\/product_brand?post=4607"},{"taxonomy":"product_cat","embeddable":true,"href":"https:\/\/madelinefashion.pl\/sk\/wp-json\/wp\/v2\/product_cat?post=4607"},{"taxonomy":"product_tag","embeddable":true,"href":"https:\/\/madelinefashion.pl\/sk\/wp-json\/wp\/v2\/product_tag?post=4607"}],"curies":[{"name":"pracovn\u00fd list","href":"https:\/\/api.w.org\/{rel}","templated":true}]}}