{"id":4622,"date":"2021-01-21T18:11:33","date_gmt":"2021-01-21T17:11:33","guid":{"rendered":"https:\/\/madelinefashion.pl\/?post_type=product&#038;p=4622"},"modified":"2025-10-14T12:11:51","modified_gmt":"2025-10-14T10:11:51","slug":"spodnica-plisowana-moe-brazowa","status":"publish","type":"product","link":"https:\/\/madelinefashion.pl\/sk\/spodnica-plisowana-moe-brazowa\/","title":{"rendered":"Hned\u00e1 plisovan\u00e1 suk\u0148a Moe"},"content":{"rendered":"<h2 style=\"text-align: center;\">Hned\u00e1 plisovan\u00e1 suk\u0148a Moe<\/h2>\n<p style=\"text-align: center;\"><strong>\u010cierna brok\u00e1tov\u00e1 plisovan\u00e1 suk\u0148a <\/strong>je ide\u00e1lna ponuka na diskot\u00e9ku, do mesta aj na rande. \u013dahk\u00fd, vzdu\u0161n\u00fd, d\u00e1 v\u00e1m slobodu v ka\u017edej situ\u00e1cii. <strong>Univerz\u00e1lny<\/strong>napriek tomu ve\u013emi \u0161t\u00fdlov\u00e9 a \u017eensk\u00e9. <strong>Plisovan\u00e1 suk\u0148a<\/strong>\u00a0dokonale<strong>\u00a0<\/strong>bude fungova\u0165 cel\u00fd rok. M\u00f4\u017ee by\u0165 ako prvok jarn\u00fdch \u0161tyliz\u00e1ci\u00ed, tak aj s\u00fa\u010das\u0165 jesenn\u00e9ho \u0161atn\u00edka. Suk\u0148a m\u00e1 vo\u013en\u00fd strih. <strong>Elastick\u00e9 v p\u00e1se<\/strong> pekne zv\u00fdraz\u0148uje p\u00e1s a rob\u00ed suk\u0148u na svojom mieste.<\/p>\n<h3 style=\"text-align: center;\">Rozmery:<\/h3>\n<ul style=\"text-align: center;\">\n<li><span style=\"font-size: 10pt;\">\u00a0\u00a0\u00a0\u00a0\u00a0\u00a0\u00a0 celkov\u00e1 d\u013a\u017eka: 80 cm\u00a0<\/span><\/li>\n<li><span style=\"font-size: 10pt;\">\u00a0\u00a0\u00a0\u00a0\u00a0\u00a0\u00a0 \u0161\u00edrka v p\u00e1se 36-48 cm\u00a0<\/span><\/li>\n<li><span style=\"font-size: 10pt;\">\u00a0\u00a0\u00a0\u00a0\u00a0\u00a0\u00a0 d\u013a\u017eka pod\u0161\u00edvky 73 cm<\/span><\/li>\n<\/ul>\n<p style=\"text-align: center;\"><span style=\"font-size: 10pt;\">Rozmery sa m\u00f4\u017eu mierne l\u00ed\u0161i\u0165 od uveden\u00fdch +\/- 2cm. V\u0161etky uveden\u00e9 rozmery s\u00fa meran\u00e9 plo\u0161ne.<\/span><\/p>\n<p style=\"text-align: center;\"><span style=\"font-size: 10pt;\">\u00a0<\/span><\/p>\n<p style=\"text-align: center;\"><span style=\"font-size: 10pt;\">\u00a0<\/span><\/p>\n<table style=\"margin-left: auto; margin-right: auto;\">\n<tbody>\n<tr>\n<td width=\"302\"><span style=\"font-size: 10pt;\">Meno modela<\/span><\/td>\n<td width=\"302\">Plisovan\u00e1 suk\u0148a Moe<\/td>\n<\/tr>\n<tr>\n<td width=\"302\"><span style=\"font-size: 10pt;\">Farba<\/span><\/td>\n<td width=\"302\"><span style=\"font-size: 10pt;\">Hned\u00e1<\/span><\/td>\n<\/tr>\n<tr>\n<td width=\"302\"><span style=\"font-size: 10pt;\">ve\u013ekosti<\/span><\/td>\n<td width=\"302\"><span style=\"font-size: 10pt;\">Univerz\u00e1lny<\/span><\/td>\n<\/tr>\n<tr>\n<td width=\"302\"><span style=\"font-size: 10pt;\">M\u00f3da<\/span><\/td>\n<td width=\"302\"><span style=\"font-size: 10pt;\">nadrozmern\u00e9<\/span><\/td>\n<\/tr>\n<tr>\n<td width=\"302\"><span style=\"font-size: 10pt;\">Materi\u00e1l<\/span><\/td>\n<td width=\"302\"><span style=\"font-size: 10pt;\">100 % Polyester\u00a0<\/span><\/td>\n<\/tr>\n<\/tbody>\n<\/table>\n<p style=\"text-align: center;\"><span style=\"font-size: 10pt;\">\u00a0<\/span><\/p>\n<p style=\"text-align: center;\"><span style=\"font-size: 10pt;\">\u00a0<strong>odpor\u00fa\u010dan\u00e9<\/strong> pre \u013eud\u00ed, ktor\u00ed nosia ve\u013ekos\u0165 od\u00a0<strong>S\u00a0<\/strong>dole\u00a0<strong>XL<\/strong><\/span><\/p>\n<p style=\"text-align: center;\"><span style=\"font-size: 10pt;\">\u00a0<\/span><\/p>\n<p style=\"text-align: center;\"><span style=\"font-size: 10pt;\">\u00a0<\/span><\/p>\n<p style=\"text-align: center;\"><span style=\"font-size: 10pt;\">\u00a0<\/span><\/p>","protected":false},"excerpt":{"rendered":"<p>Sp\u00f3dnica Plisowana Moe Br\u0105zowa Sp\u00f3dnica plisowana czarna brokatowa to idealna propozycja na dyskotek\u0119, na miasto i na randk\u0119. Lekka, zwiewna, zapewni ci swobod\u0119 w ka\u017cdej sytuacji. Uniwersalna, a jednocze\u015bnie bardzo stylowa i kobieca. Plisowana sp\u00f3dnica\u00a0idealnie\u00a0sprawdzi si\u0119\u00a0 przez ca\u0142y rok. Mo\u017ce by\u0107 zar\u00f3wno elementem wiosennych stylizacji, jak i cz\u0119\u015bci\u0105 jesiennej garderoby. Sp\u00f3dnica posiada lu\u017any kr\u00f3j. Gumka<\/p>\n<div class=\"klb-readmore post-buttons\"><a class=\"button black outline size-sm\" href=\"https:\/\/madelinefashion.pl\/sk\/spodnica-plisowana-moe-brazowa\/\">\u010c\u00edta\u0165 \u010falej <i class=\"klbth-icon-right-arrow\"><\/i><\/a><\/div>","protected":false},"featured_media":4609,"template":"","meta":[],"product_brand":[],"product_cat":[107],"product_tag":[],"class_list":{"0":"post-4622","1":"product","2":"type-product","3":"status-publish","4":"has-post-thumbnail","6":"product_cat-spodnice-i-spodniczki","8":"first","9":"instock","10":"purchasable","11":"product-type-simple"},"_links":{"self":[{"href":"https:\/\/madelinefashion.pl\/sk\/wp-json\/wp\/v2\/product\/4622","targetHints":{"allow":["GET"]}}],"collection":[{"href":"https:\/\/madelinefashion.pl\/sk\/wp-json\/wp\/v2\/product"}],"about":[{"href":"https:\/\/madelinefashion.pl\/sk\/wp-json\/wp\/v2\/types\/product"}],"wp:featuredmedia":[{"embeddable":true,"href":"https:\/\/madelinefashion.pl\/sk\/wp-json\/wp\/v2\/media\/4609"}],"wp:attachment":[{"href":"https:\/\/madelinefashion.pl\/sk\/wp-json\/wp\/v2\/media?parent=4622"}],"wp:term":[{"taxonomy":"product_brand","embeddable":true,"href":"https:\/\/madelinefashion.pl\/sk\/wp-json\/wp\/v2\/product_brand?post=4622"},{"taxonomy":"product_cat","embeddable":true,"href":"https:\/\/madelinefashion.pl\/sk\/wp-json\/wp\/v2\/product_cat?post=4622"},{"taxonomy":"product_tag","embeddable":true,"href":"https:\/\/madelinefashion.pl\/sk\/wp-json\/wp\/v2\/product_tag?post=4622"}],"curies":[{"name":"pracovn\u00fd list","href":"https:\/\/api.w.org\/{rel}","templated":true}]}}