{"id":47177,"date":"2022-07-05T12:08:48","date_gmt":"2022-07-05T10:08:48","guid":{"rendered":"https:\/\/madelinefashion.pl\/?post_type=product&#038;p=47177"},"modified":"2025-07-13T19:30:33","modified_gmt":"2025-07-13T17:30:33","slug":"srebrne-sandalki-zdobione-kamieniami-zlote-cm","status":"publish","type":"product","link":"https:\/\/madelinefashion.pl\/sk\/srebrne-sandalki-zdobione-kamieniami-zlote-cm\/","title":{"rendered":"Strieborn\u00e9 sand\u00e1le zdoben\u00e9 kamienkami Golden CM"},"content":{"rendered":"<h3 style=\"text-align: center;\">Strieborn\u00e9 sand\u00e1le zdoben\u00e9 kamienkami Golden CM<\/h3>\n<p style=\"text-align: center;\">M\u00f3dne d\u00e1mske \u0161\u013eapky zdoben\u00e9 kamienkami<br \/>\nTop\u00e1nky na svetlej, gumenej podr\u00e1\u017eke.<br \/>\nZdoben\u00e9 farebn\u00fdmi, kr\u00e1sne trblietav\u00fdmi kamienkami.<br \/>\nS \u00fazkym nastavite\u013en\u00fdm remienkom vzadu.<br \/>\nVe\u013emi pohodln\u00e9, dobre sa prisp\u00f4sobia nohe.<\/p>\n<p>&nbsp;<\/p>\n<table width=\"540\">\n<thead>\n<tr>\n<td width=\"216\"><strong>Ve\u013ekos\u0165 E\u00da<\/strong><\/td>\n<td width=\"316\"><strong>D\u013a\u017eka vlo\u017eky<\/strong><\/td>\n<\/tr>\n<\/thead>\n<tbody>\n<tr>\n<td width=\"216\"><strong>36<\/strong><\/td>\n<td width=\"316\">23 cm<\/td>\n<\/tr>\n<tr>\n<td width=\"216\"><strong>37<\/strong><\/td>\n<td width=\"316\">23,5 cm<\/td>\n<\/tr>\n<tr>\n<td width=\"216\"><strong>38<\/strong><\/td>\n<td width=\"316\">24 cm<\/td>\n<\/tr>\n<tr>\n<td width=\"216\"><strong>39<\/strong><\/td>\n<td width=\"316\">24,5 cm<\/td>\n<\/tr>\n<tr>\n<td width=\"216\"><strong>40<\/strong><\/td>\n<td width=\"316\">25,5 cm<\/td>\n<\/tr>\n<tr>\n<td width=\"216\"><strong>41<\/strong><\/td>\n<td width=\"316\">26 cm<\/td>\n<\/tr>\n<\/tbody>\n<\/table>\n<div class=\"wrap-content\">\n<div class=\"main-container container\">\n<div class=\"row\">\n<section class=\"main-content sidebar-left-false\">\n<div class=\"product-page page\">\n<div class=\"page-content\">\n<div id=\"ProductSizing\" class=\"product-sizing modal fade in\" tabindex=\"-1\" role=\"dialog\" aria-hidden=\"false\">\n<div class=\"modal-dialog\">\n<div class=\"modal-content\">\n<div class=\"widget html_editor\">\n<p>&nbsp;<\/p>\n<\/div>\n<p>&nbsp;<\/p>\n<\/div>\n<\/div>\n<\/div>\n<\/div>\n<\/div>\n<\/section>\n<\/div>\n<\/div>\n<\/div>\n<div class=\"wrap-footer\">\n<footer class=\"\">\n<div class=\"container\">\n<div class=\"footer-newsletter-box\"><\/div>\n<\/div>\n<\/footer>\n<\/div>\n<table>\n<tbody>\n<tr>\n<td width=\"302\">Meno modela<\/td>\n<td width=\"302\">Strieborn\u00e9 sand\u00e1le zdoben\u00e9 kamienkami CM<\/td>\n<\/tr>\n<tr>\n<td width=\"302\">Farba<\/td>\n<td width=\"302\">Zlat\u00fd<\/td>\n<\/tr>\n<tr>\n<td width=\"302\">ve\u013ekosti<\/td>\n<td width=\"302\">36 37\u00a0 38\u00a0 39 40 41<\/td>\n<\/tr>\n<tr>\n<td width=\"302\">Podo\u0161va<\/td>\n<td width=\"302\">Guma<\/td>\n<\/tr>\n<tr>\n<td width=\"302\">Producent<\/td>\n<td width=\"302\">CM PAR\u00cd\u017d<\/td>\n<\/tr>\n<tr>\n<td width=\"302\">Spona<\/td>\n<td width=\"302\">Pravideln\u00e9<\/td>\n<\/tr>\n<tr>\n<td width=\"302\">Zbierka<\/td>\n<td width=\"302\">Jar leto<\/td>\n<\/tr>\n<\/tbody>\n<\/table>\n<div class=\"tabs tabs-bb clear mb-80\">\n<div class=\"tab-content\">\n<div id=\"tab-description\" class=\"tab-pane fade in woocommerce-Tabs-panel--description active\">\n<p style=\"text-align: center;\">\n<\/div>\n<\/div>\n<\/div>\n<section class=\"up-sells upsells products mb-80\"><\/section>\n<p style=\"text-align: left;\">107 CK<\/p>","protected":false},"excerpt":{"rendered":"<p>Srebrne Sanda\u0142ki Zdobione Kamieniami Z\u0142ote CM Modne sanda\u0142y damskie typu japonki zdobione kamieniami Buty na jasnej, gumowej podeszwie. Ozdobione kolorowymi, pi\u0119knie mieni\u0105cymi si\u0119 kamieniami. Z w\u0105skim, regulowanym paskiem z ty\u0142u. Bardzo wygodne, dobrze dopasowuj\u0105 si\u0119 do stopy. &nbsp; Rozmiar EU D\u0142ugo\u015b\u0107 wk\u0142adki 36 23 cm 37 23,5 cm 38 24 cm 39 24,5 cm 40<\/p>\n<div class=\"klb-readmore post-buttons\"><a class=\"button black outline size-sm\" href=\"https:\/\/madelinefashion.pl\/sk\/srebrne-sandalki-zdobione-kamieniami-zlote-cm\/\">\u010c\u00edta\u0165 \u010falej <i class=\"klbth-icon-right-arrow\"><\/i><\/a><\/div>","protected":false},"featured_media":47097,"template":"","meta":[],"product_brand":[],"product_cat":[400,395],"product_tag":[496],"class_list":{"0":"post-47177","1":"product","2":"type-product","3":"status-publish","4":"has-post-thumbnail","6":"product_cat-buty","7":"product_cat-nowosci","8":"product_tag-sandalki","10":"first","11":"instock","12":"product-type-variable"},"_links":{"self":[{"href":"https:\/\/madelinefashion.pl\/sk\/wp-json\/wp\/v2\/product\/47177","targetHints":{"allow":["GET"]}}],"collection":[{"href":"https:\/\/madelinefashion.pl\/sk\/wp-json\/wp\/v2\/product"}],"about":[{"href":"https:\/\/madelinefashion.pl\/sk\/wp-json\/wp\/v2\/types\/product"}],"wp:featuredmedia":[{"embeddable":true,"href":"https:\/\/madelinefashion.pl\/sk\/wp-json\/wp\/v2\/media\/47097"}],"wp:attachment":[{"href":"https:\/\/madelinefashion.pl\/sk\/wp-json\/wp\/v2\/media?parent=47177"}],"wp:term":[{"taxonomy":"product_brand","embeddable":true,"href":"https:\/\/madelinefashion.pl\/sk\/wp-json\/wp\/v2\/product_brand?post=47177"},{"taxonomy":"product_cat","embeddable":true,"href":"https:\/\/madelinefashion.pl\/sk\/wp-json\/wp\/v2\/product_cat?post=47177"},{"taxonomy":"product_tag","embeddable":true,"href":"https:\/\/madelinefashion.pl\/sk\/wp-json\/wp\/v2\/product_tag?post=47177"}],"curies":[{"name":"pracovn\u00fd list","href":"https:\/\/api.w.org\/{rel}","templated":true}]}}