{"id":4778,"date":"2021-01-30T17:39:30","date_gmt":"2021-01-30T16:39:30","guid":{"rendered":"https:\/\/madelinefashion.pl\/?post_type=product&#038;p=4778"},"modified":"2022-10-26T11:43:25","modified_gmt":"2022-10-26T09:43:25","slug":"body-usta-czarne","status":"publish","type":"product","link":"https:\/\/madelinefashion.pl\/sk\/body-usta-czarne\/","title":{"rendered":"Body Usta Czarne"},"content":{"rendered":"<h3 style=\"text-align: center;\">Body Usta Czarne<\/h3>\n<p style=\"text-align: center;\"><strong>telo<\/strong> w\u0142oskiej produkcji, z efektownym nadrukiem w usta . Bardzo efektowny model dost\u0119pny w rozmiarze uniwersalnym. Materia\u0142 \u015bliski, kryj\u0105cy, d\u0142ugi r\u0119kaw. Body zapinane na haftki w kroku, ty\u0142 zabudowany. Bestsellerowa\u00a0 bluzka-body z g\u0142\u0119bokim, zmys\u0142owym dekoltem. Rewelacyjnie sprawdz\u0105 si\u0119 zar\u00f3wno w eleganckich, jak i casualowych stylizacjach. Wybierane do wielu stylizacji- idealny model np. na <strong>Valent\u00edn.\u00a0<\/strong> Model, ktor\u00fd si zamilujete. M\u00f4\u017eete ich nosi\u0165 k \u0161ortk\u00e1m, d\u017e\u00ednsom, sukni a dokonca aj ko\u017een\u00fdm nohaviciam. Dokonale sa prisp\u00f4sob\u00ed postave. Ide\u00e1lne do \u0161koly, pr\u00e1ce, na rande alebo na stretnutie s priate\u013emi! <strong>Ide\u00e1lne pre ka\u017ed\u00fa pr\u00edle\u017eitos\u0165 a \u010das!\u00a0<\/strong>Ve\u013ekos\u0165\u00a0<strong>odpor\u00fa\u010dan\u00e9 univerz\u00e1lne<\/strong>\u00a0pre d\u00e1my vo ve\u013ekosti od<strong> XS a\u017e L<\/strong><\/p>\n<h3 style=\"text-align: center;\">Rozmery :<\/h3>\n<ul style=\"text-align: center;\">\n<li>celkov\u00e1 d\u013a\u017eka: 75 cm<\/li>\n<li>\u0161\u00edrka od pazuchy po pazuchu: 40-48 cm<\/li>\n<li>\u0161\u00edrka v p\u00e1se: 30-40 cm<\/li>\n<li>odpor\u00fa\u010dan\u00fd maxim\u00e1lny obvod poprsia: 96 cm<\/li>\n<li>D\u013a\u017eka ruk\u00e1va od ramena: 62 cm<\/li>\n<li>D\u013a\u017eka ruk\u00e1va od podpazu\u0161ia: 43 cm<\/li>\n<li><\/li>\n<\/ul>\n<p>&nbsp;<\/p>\n<p>&nbsp;<\/p>\n<p style=\"text-align: center;\">Rozmery sa m\u00f4\u017eu mierne l\u00ed\u0161i\u0165 od uveden\u00fdch +\/- 2cm. V\u0161etky uveden\u00e9 rozmery s\u00fa meran\u00e9 plo\u0161ne.<\/p>\n<p style=\"text-align: center;\"><strong>\u00a0<\/strong><\/p>\n<table width=\"618\">\n<tbody>\n<tr>\n<td width=\"302\">Meno modela<\/td>\n<td width=\"302\">body body pery<\/td>\n<\/tr>\n<tr>\n<td width=\"302\">Farba<\/td>\n<td width=\"302\">\u010cerven\u00e1<\/td>\n<\/tr>\n<tr>\n<td width=\"302\">ve\u013ekosti<\/td>\n<td width=\"302\">Univerz\u00e1lny<\/td>\n<\/tr>\n<tr>\n<td width=\"302\">Zhoda<\/td>\n<td width=\"302\">\u00c1no<\/td>\n<\/tr>\n<tr>\n<td width=\"302\">\u0160tiepenie<\/td>\n<td width=\"302\">Ob\u00e1lka<\/td>\n<\/tr>\n<tr>\n<td width=\"302\">Materi\u00e1l<\/td>\n<td width=\"302\">95% polyester 5% elastan<\/td>\n<\/tr>\n<\/tbody>\n<\/table>\n<p>&nbsp;<\/p>\n<p>&nbsp;<\/p>\n<p style=\"text-align: center;\"><span style=\"text-align: center;\">Model m\u00e1 <\/span><strong style=\"text-align: center;\">165<\/strong><span style=\"text-align: center;\">\u00a0cm vysok\u00fd, nos\u00ed ve\u013ekos\u0165 ka\u017ed\u00fd de\u0148\u00a0<\/span><strong style=\"text-align: center;\">S<\/strong><\/p>","protected":false},"excerpt":{"rendered":"<p>Body Usta Czarne Body w\u0142oskiej produkcji, z efektownym nadrukiem w usta . Bardzo efektowny model dost\u0119pny w rozmiarze uniwersalnym. Materia\u0142 \u015bliski, kryj\u0105cy, d\u0142ugi r\u0119kaw. Body zapinane na haftki w kroku, ty\u0142 zabudowany. Bestsellerowa\u00a0 bluzka-body z g\u0142\u0119bokim, zmys\u0142owym dekoltem. Rewelacyjnie sprawdz\u0105 si\u0119 zar\u00f3wno w eleganckich, jak i casualowych stylizacjach. Wybierane do wielu stylizacji- idealny model np.<\/p>\n<div class=\"klb-readmore post-buttons\"><a class=\"button black outline size-sm\" href=\"https:\/\/madelinefashion.pl\/sk\/body-usta-czarne\/\">\u010c\u00edta\u0165 \u010falej <i class=\"klbth-icon-right-arrow\"><\/i><\/a><\/div>","protected":false},"featured_media":5081,"template":"","meta":[],"product_brand":[],"product_cat":[84,395],"product_tag":[],"class_list":{"0":"post-4778","1":"product","2":"type-product","3":"status-publish","4":"has-post-thumbnail","6":"product_cat-body","7":"product_cat-nowosci","9":"first","10":"outofstock","11":"purchasable","12":"product-type-simple"},"_links":{"self":[{"href":"https:\/\/madelinefashion.pl\/sk\/wp-json\/wp\/v2\/product\/4778","targetHints":{"allow":["GET"]}}],"collection":[{"href":"https:\/\/madelinefashion.pl\/sk\/wp-json\/wp\/v2\/product"}],"about":[{"href":"https:\/\/madelinefashion.pl\/sk\/wp-json\/wp\/v2\/types\/product"}],"wp:featuredmedia":[{"embeddable":true,"href":"https:\/\/madelinefashion.pl\/sk\/wp-json\/wp\/v2\/media\/5081"}],"wp:attachment":[{"href":"https:\/\/madelinefashion.pl\/sk\/wp-json\/wp\/v2\/media?parent=4778"}],"wp:term":[{"taxonomy":"product_brand","embeddable":true,"href":"https:\/\/madelinefashion.pl\/sk\/wp-json\/wp\/v2\/product_brand?post=4778"},{"taxonomy":"product_cat","embeddable":true,"href":"https:\/\/madelinefashion.pl\/sk\/wp-json\/wp\/v2\/product_cat?post=4778"},{"taxonomy":"product_tag","embeddable":true,"href":"https:\/\/madelinefashion.pl\/sk\/wp-json\/wp\/v2\/product_tag?post=4778"}],"curies":[{"name":"pracovn\u00fd list","href":"https:\/\/api.w.org\/{rel}","templated":true}]}}