{"id":4857,"date":"2021-02-01T19:30:56","date_gmt":"2021-02-01T18:30:56","guid":{"rendered":"https:\/\/madelinefashion.pl\/?post_type=product&#038;p=4857"},"modified":"2026-01-20T10:34:45","modified_gmt":"2026-01-20T09:34:45","slug":"bluza-dluga-oversize-z-golfem-czarna","status":"publish","type":"product","link":"https:\/\/madelinefashion.pl\/sk\/bluza-dluga-oversize-z-golfem-czarna\/","title":{"rendered":"Dlh\u00e1 oversize mikina s rol\u00e1kom \u010dierna"},"content":{"rendered":"<h3 style=\"text-align: center;\">Dlh\u00e1 oversize mikina s rol\u00e1kom \u010dierna<\/h3>\n<p style=\"text-align: center;\"><strong>Dlh\u00e1 \u010dierna mikina s oversized strihom a rol\u00e1kom <\/strong>je ide\u00e1lnym modelom na prech\u00e1dzky, von aj na dlh\u00e9 zimn\u00e9 ve\u010dery doma. \u00daspe\u0161ne ju m\u00f4\u017eete nosi\u0165 na ka\u017edodenn\u00e9 v\u00fdlety, do pr\u00e1ce, na rodinn\u00e9 stretnutia a stretnutia s priate\u013emi. N\u00e1\u0161 tla\u010den\u00fd model <b>Srdce <\/b>vpredu a so svetrov\u00fdmi ruk\u00e1vmi s vsadkami <strong>L\u00c1SKA<\/strong>. Ur\u010dite dod\u00e1 v\u00e1\u0161mu stylingu nad\u010dasov\u00fd charakter. Mikina je vyroben\u00e1 z ve\u013emi jemnej a na dotyk pr\u00edjemnej l\u00e1tky. Funk\u010dn\u00fd strih, obliekanie cez hlavu. Tepl\u00e1 mikina - ur\u010dite v\u00e1s pote\u0161\u00ed.<br \/>\nMikina to<strong> podstatn\u00fd prvok<\/strong> d\u00e1msky \u0161atn\u00edk. N\u00e1\u0161 model perfektne sed\u00ed <a href=\"https:\/\/madelinefashion.pl\/sk\/spodnie\/\">d\u017e\u00ednsy <\/a>.\u00a0<strong>Najpred\u00e1vanej\u0161\u00ed model<\/strong> hodia sa k \u0161portov\u00e9mu aj le\u017e\u00e9rnemu \u0161t\u00fdlu a najnov\u0161\u00edm trendom je jednoducho kombin\u00e1cia oboch \u0161t\u00fdlov \u2013 \u0161portov\u00e9ho a elegantn\u00e9ho. In\u0161pirujte sa outfitmi blogeriek \u010di celebr\u00edt - Dopl\u0148te svoj \u0161atn\u00edk na\u0161ou mikinou Ve\u013ekos\u0165 je univerz\u00e1lna a bude vhodn\u00e1 pre <b>D\u00e1mske ve\u013ekosti S, M, L, XL, XXL<\/b><\/p>\n<h3 style=\"text-align: center;\">Charakteristika:<\/h3>\n<p style=\"text-align: center;\">\u2013 mikina s rol\u00e1kom<br \/>\n\u2013 vlo\u017eky do svetrov<br \/>\n\u2013 tepl\u00e9 a m\u00e4kk\u00e9, ide\u00e1lne na chladn\u00e9 jarn\u00e9 a zimn\u00e9 dni<br \/>\n- dlh\u00fd<\/p>\n<h3 style=\"text-align: center;\">Rozmery:<\/h3>\n<ul style=\"text-align: center;\">\n<li>CELKOV\u00c1 D\u0139\u017dKA 87 CM<\/li>\n<li>\u0160\u00cdRKA OD AARM PO AARM 55-67 CM<\/li>\n<li>D\u0139\u017dKA RUK\u00c1VU OD PA\u017d\u00cd 48 CM<\/li>\n<li>D\u0139\u017dKA RUK\u00c1VU OD RAMENA 56 CM<\/li>\n<li>MAX. POPRSIE 125 cm<\/li>\n<li><\/li>\n<li style=\"list-style-type: none;\">\n<ul>\n<li style=\"list-style-type: none;\"><\/li>\n<\/ul>\n<\/li>\n<\/ul>\n<p style=\"text-align: center;\">Rozmery sa m\u00f4\u017eu mierne l\u00ed\u0161i\u0165 od uveden\u00fdch +\/- 2cm. V\u0161etky uveden\u00e9 rozmery s\u00fa meran\u00e9 plo\u0161ne. <strong>rozmer x2<\/strong><\/p>\n<p style=\"text-align: center;\"><span style=\"font-size: 10pt;\">\u00a0<\/span><\/p>\n<p style=\"text-align: center;\"><span style=\"font-size: 10pt;\">\u00a0<\/span><\/p>\n<table style=\"height: 154px;\" width=\"674\">\n<tbody>\n<tr>\n<td width=\"302\">Meno modela<\/td>\n<td width=\"302\">Dlh\u00e1 oversize mikina s rol\u00e1kom \u010dierna<\/td>\n<\/tr>\n<tr>\n<td width=\"302\">Farba<\/td>\n<td width=\"302\">\u010dierna<\/td>\n<\/tr>\n<tr>\n<td width=\"302\">ve\u013ekosti<\/td>\n<td width=\"302\">Univerz\u00e1lny<\/td>\n<\/tr>\n<tr>\n<td width=\"302\">M\u00f3da<\/td>\n<td width=\"302\">nadrozmern\u00e9<\/td>\n<\/tr>\n<tr>\n<td width=\"302\">Materi\u00e1l<\/td>\n<td width=\"302\">85% POLIESTER, 10% AKRYL, 5%BAWE\u0141NA<\/td>\n<\/tr>\n<\/tbody>\n<\/table>\n<p style=\"text-align: center;\"><span style=\"font-size: 10pt;\"><br \/>\nModel m\u00e1 <strong>165<\/strong>\u00a0cm vysok\u00fd, nos\u00ed ve\u013ekos\u0165 ka\u017ed\u00fd de\u0148 <strong>S<\/strong><br \/>\n<\/span><\/p>\n<p style=\"text-align: center;\"><span style=\"font-size: 10pt;\">\u00a0<\/span><\/p>\n<p style=\"text-align: center;\"><span style=\"font-size: 10pt;\">\u00a0<\/span><\/p>\n<p style=\"text-align: center;\"><span style=\"font-size: 10pt;\">\u00a0<\/span><\/p>","protected":false},"excerpt":{"rendered":"<p>Bluza D\u0142uga Oversize z Golfem Czarna Bluza D\u0142uga Czarna o oversizowym kroju z golfem to idealny model na spacery, wyj\u015bcia jak i d\u0142ugie zimowe wieczory w domu. Z powodzeniem mo\u017cesz j\u0105 ubra\u0107 na codzienne wyj\u015bcia, do pracy, spotkanie rodzinne i spotkania z przyjaci\u00f3\u0142mi.\u00a0 Nasz model z nadrukiem Serce na przodzie oraz o sweterkowych r\u0119kawach ze<\/p>\n<div class=\"klb-readmore post-buttons\"><a class=\"button black outline size-sm\" href=\"https:\/\/madelinefashion.pl\/sk\/bluza-dluga-oversize-z-golfem-czarna\/\">\u010c\u00edta\u0165 \u010falej <i class=\"klbth-icon-right-arrow\"><\/i><\/a><\/div>","protected":false},"featured_media":24830,"template":"","meta":[],"product_brand":[],"product_cat":[255,395],"product_tag":[385],"class_list":{"0":"post-4857","1":"product","2":"type-product","3":"status-publish","4":"has-post-thumbnail","6":"product_cat-bluzy","7":"product_cat-nowosci","8":"product_tag-plus-size","10":"first","11":"instock","12":"sale","13":"purchasable","14":"product-type-simple"},"_links":{"self":[{"href":"https:\/\/madelinefashion.pl\/sk\/wp-json\/wp\/v2\/product\/4857","targetHints":{"allow":["GET"]}}],"collection":[{"href":"https:\/\/madelinefashion.pl\/sk\/wp-json\/wp\/v2\/product"}],"about":[{"href":"https:\/\/madelinefashion.pl\/sk\/wp-json\/wp\/v2\/types\/product"}],"wp:featuredmedia":[{"embeddable":true,"href":"https:\/\/madelinefashion.pl\/sk\/wp-json\/wp\/v2\/media\/24830"}],"wp:attachment":[{"href":"https:\/\/madelinefashion.pl\/sk\/wp-json\/wp\/v2\/media?parent=4857"}],"wp:term":[{"taxonomy":"product_brand","embeddable":true,"href":"https:\/\/madelinefashion.pl\/sk\/wp-json\/wp\/v2\/product_brand?post=4857"},{"taxonomy":"product_cat","embeddable":true,"href":"https:\/\/madelinefashion.pl\/sk\/wp-json\/wp\/v2\/product_cat?post=4857"},{"taxonomy":"product_tag","embeddable":true,"href":"https:\/\/madelinefashion.pl\/sk\/wp-json\/wp\/v2\/product_tag?post=4857"}],"curies":[{"name":"pracovn\u00fd list","href":"https:\/\/api.w.org\/{rel}","templated":true}]}}