{"id":49661,"date":"2022-07-20T12:51:37","date_gmt":"2022-07-20T10:51:37","guid":{"rendered":"https:\/\/madelinefashion.pl\/?post_type=product&#038;p=49661"},"modified":"2026-01-20T10:33:45","modified_gmt":"2026-01-20T09:33:45","slug":"bluzka-koronkowa-hiszpanka-san-francisco-blekitna","status":"publish","type":"product","link":"https:\/\/madelinefashion.pl\/sk\/bluzka-koronkowa-hiszpanka-san-francisco-blekitna\/","title":{"rendered":"Bl\u00fazka so \u0161panielskou \u010dipkou San Francisco Blue"},"content":{"rendered":"<h3 style=\"text-align: center;\">Bl\u00fazka so \u0161panielskou \u010dipkou San Francisco Blue<\/h3>\n<p style=\"text-align: center;\"><strong>D\u00e1mska bl\u00fazka<\/strong> je prvkom oble\u010denia, ktor\u00fd si na\u0161i klienti objedn\u00e1vaj\u00fa \u010doraz \u010dastej\u0161ie. Nami pripraven\u00e1 ponuka V\u00e1m ur\u010dite umo\u017en\u00ed n\u00e1js\u0165 tu nie\u010do \u0161peci\u00e1lne. Elegantn\u00e1 a zmyseln\u00e1 bl\u00fazka je dokonal\u00fdm rie\u0161en\u00edm a pomocn\u00edkom pri modelovan\u00ed postavy a skr\u00fdvan\u00ed jej nedokonalost\u00ed. <strong>\u010cipkovan\u00e1 bl\u00fazka<\/strong> funguje dobre v r\u00f4znych \u0161t\u00fdloch a v pr\u00edpade \u017eien r\u00f4zneho veku a typov kr\u00e1sy. V na\u0161ej ponuke n\u00e1jdete strihy, ktor\u00e9 si m\u00f4\u017eete prisp\u00f4sobi\u0165 ve\u013ekosti a tvaru va\u0161ej postavy.<\/p>\n<p>&nbsp;<\/p>\n<h3 style=\"text-align: center;\">Rozmery:<\/h3>\n<p style=\"text-align: center;\">A-\u0160\u00cdRKA OD AARM K AARM 45 cm-51 cm<\/p>\n<p style=\"text-align: center;\">B - \u0160\u00cdRKA V PASE 44cm - 55cm<\/p>\n<p style=\"text-align: center;\">D-CELKOV\u00c1 D\u0139\u017dKA 59 cm<\/p>\n<p>&nbsp;<\/p>\n<p style=\"text-align: center;\">Rozmery sa m\u00f4\u017eu mierne l\u00ed\u0161i\u0165 od uveden\u00fdch +\/- 2cm. V\u0161etky uveden\u00e9 rozmery s\u00fa meran\u00e9 plo\u0161ne.\u00a0<strong>rozmer x2<\/strong><\/p>\n<p>&nbsp;<\/p>\n<p>&nbsp;<\/p>\n<p style=\"text-align: center;\">\u00a0Model m\u00e1\u00a0<strong>169<\/strong>\u00a0cm vysok\u00fd, nos\u00ed ve\u013ekos\u0165 ka\u017ed\u00fd de\u0148\u00a0<strong>S<\/strong><\/p>\n<p style=\"text-align: center;\">\u0160\u00edrka cez prsia 92 cm<\/p>\n<p style=\"text-align: center;\">\u0160\u00edrka v p\u00e1se 62 cm<\/p>\n<p style=\"text-align: center;\">\u0160\u00edrka v bokoch 94 cm<\/p>\n<p>&nbsp;<\/p>","protected":false},"excerpt":{"rendered":"<p>Bluzka Koronkowa Hiszpanka San Francisco B\u0142\u0119kitna Damska bluzka to element garderoby coraz cz\u0119\u015bciej zamawiany przez nasze klientki. Przygotowana przez nas oferta z pewno\u015bci\u0105 pozwoli Ci znale\u017a\u0107 tutaj co\u015b wyj\u0105tkowego.\u00a0 Elegancka i zmys\u0142owa bluzka to idealne rozwi\u0105zanie i pomoc w modelowaniu sylwetki oraz ukryciu jej niedoskona\u0142o\u015bci. Bluzka koronkowa sprawdza si\u0119 w rozmaitych stylizacjach i w przypadku<\/p>\n<div class=\"klb-readmore post-buttons\"><a class=\"button black outline size-sm\" href=\"https:\/\/madelinefashion.pl\/sk\/bluzka-koronkowa-hiszpanka-san-francisco-blekitna\/\">\u010c\u00edta\u0165 \u010falej <i class=\"klbth-icon-right-arrow\"><\/i><\/a><\/div>","protected":false},"featured_media":49628,"template":"","meta":[],"product_brand":[],"product_cat":[87,77],"product_tag":[478],"class_list":{"0":"post-49661","1":"product","2":"type-product","3":"status-publish","4":"has-post-thumbnail","6":"product_cat-bluzki-2","7":"product_cat-bluzki","8":"product_tag-bluzki-hiszpanki","10":"first","11":"instock","12":"sale","13":"purchasable","14":"product-type-simple"},"_links":{"self":[{"href":"https:\/\/madelinefashion.pl\/sk\/wp-json\/wp\/v2\/product\/49661","targetHints":{"allow":["GET"]}}],"collection":[{"href":"https:\/\/madelinefashion.pl\/sk\/wp-json\/wp\/v2\/product"}],"about":[{"href":"https:\/\/madelinefashion.pl\/sk\/wp-json\/wp\/v2\/types\/product"}],"wp:featuredmedia":[{"embeddable":true,"href":"https:\/\/madelinefashion.pl\/sk\/wp-json\/wp\/v2\/media\/49628"}],"wp:attachment":[{"href":"https:\/\/madelinefashion.pl\/sk\/wp-json\/wp\/v2\/media?parent=49661"}],"wp:term":[{"taxonomy":"product_brand","embeddable":true,"href":"https:\/\/madelinefashion.pl\/sk\/wp-json\/wp\/v2\/product_brand?post=49661"},{"taxonomy":"product_cat","embeddable":true,"href":"https:\/\/madelinefashion.pl\/sk\/wp-json\/wp\/v2\/product_cat?post=49661"},{"taxonomy":"product_tag","embeddable":true,"href":"https:\/\/madelinefashion.pl\/sk\/wp-json\/wp\/v2\/product_tag?post=49661"}],"curies":[{"name":"pracovn\u00fd list","href":"https:\/\/api.w.org\/{rel}","templated":true}]}}