{"id":5044,"date":"2021-02-09T19:41:41","date_gmt":"2021-02-09T18:41:41","guid":{"rendered":"https:\/\/madelinefashion.pl\/?post_type=product&#038;p=5044"},"modified":"2026-03-26T12:40:47","modified_gmt":"2026-03-26T11:40:47","slug":"tunika-w-serca-czerwona","status":"publish","type":"product","link":"https:\/\/madelinefashion.pl\/sk\/tunika-w-serca-czerwona\/","title":{"rendered":"\u010cerven\u00e1 tunika so srdie\u010dkami"},"content":{"rendered":"<h3 style=\"text-align: center;\">\u010cerven\u00e1 tunika so srdie\u010dkami<\/h3>\n<p style=\"text-align: center;\"><strong>Svetrov\u00e1 tunika so srdie\u010dkami<\/strong> tento kr\u00e1sny model je vyroben\u00fd z najkvalitnej\u0161ej priadze, ktor\u00e1 v\u010faka prec\u00edznemu procesu spracovania dod\u00e1va jemnos\u0165, hebkos\u0165 a maxim\u00e1lny komfort. <b>Tunika <\/b>v \u010dervenej farbe v univerz\u00e1lnej ve\u013ekosti odpor\u00fa\u010dan\u00e9 pre\u00a0<b>P\u00e1n<\/b>\u00a0nosn\u00e1 ve\u013ekos\u0165\u00a0<b>S, M, L, XL<\/b>\u00a0Pritiahne pozornos\u0165 a vy budete\u00a0<b>vyzera\u0165 \u00fa\u017easne<\/b>. V\u010faka ich materi\u00e1lu sa s nimi bude lep\u0161ie pracova\u0165\u00a0<strong>po\u010das chladnej\u0161\u00edch dn\u00ed a prechodn\u00fdch obdob\u00ed<\/strong> alebo na zimu v kombin\u00e1cii s bundou. Ak m\u00e1te \u010fal\u0161ie ot\u00e1zky k tomuto produktu, nev\u00e1hajte n\u00e1s kontaktova\u0165 telefonicky alebo cez Facebook.<\/p>\n<h3 style=\"text-align: center;\">Rozmery \u0161iat:<\/h3>\n<ul>\n<li style=\"text-align: center;\">\u0160\u00edrka od pazuchy po pazuchu 48-60 cm<\/li>\n<li style=\"text-align: center;\">Celkov\u00e1 d\u013a\u017eka 84 cm<\/li>\n<li style=\"text-align: center;\">D\u013a\u017eka ruk\u00e1va od podpazu\u0161ia 43 cm<\/li>\n<li style=\"text-align: center;\">D\u013a\u017eka ruk\u00e1va od ramena 48 cm<\/li>\n<li style=\"text-align: center;\">\u0160\u00edrka bokov 46-60 cm<\/li>\n<\/ul>\n<p>&nbsp;<\/p>\n<p style=\"text-align: center;\">Rozmery sa m\u00f4\u017eu mierne l\u00ed\u0161i\u0165 od uveden\u00fdch +\/- 2cm. V\u0161etky uveden\u00e9 rozmery s\u00fa meran\u00e9 plo\u0161ne.<strong>\u00a0<\/strong><\/p>\n<table width=\"355\">\n<tbody>\n<tr>\n<td width=\"302\">Meno modela<\/td>\n<td width=\"302\">Tunika so srdie\u010dkami<\/td>\n<\/tr>\n<tr>\n<td width=\"302\">Zbierka<\/td>\n<td width=\"302\">jar\/jese\u0148\/zima<\/td>\n<\/tr>\n<tr>\n<td width=\"302\">ve\u013ekosti<\/td>\n<td width=\"302\">Univerz\u00e1lny<\/td>\n<\/tr>\n<tr>\n<td width=\"302\">Zlo\u017eenie<\/td>\n<td width=\"302\">40% AKRYL 30% MOHAIR 30% VLNA<\/td>\n<\/tr>\n<tr>\n<td width=\"302\">Farba<\/td>\n<td width=\"302\">\u010cerven\u00e1<\/td>\n<\/tr>\n<tr>\n<td width=\"302\">\u0160tiepenie<\/td>\n<td width=\"302\">Okr\u00fahly<\/td>\n<\/tr>\n<\/tbody>\n<\/table>\n<p style=\"text-align: center;\"><span style=\"text-align: center;\">Model m\u00e1 <\/span><strong style=\"text-align: center;\">165<\/strong><span style=\"text-align: center;\">\u00a0cm vysok\u00fd, nos\u00ed ve\u013ekos\u0165 ka\u017ed\u00fd de\u0148\u00a0<\/span><strong style=\"text-align: center;\">S<\/strong><\/p>\n<p style=\"text-align: center;\">","protected":false},"excerpt":{"rendered":"<p>Tunika w Serca Czerwona Tunika Sweterkowa w serca to pi\u0119kny model wykonany jest z najwy\u017cszej jako\u015bci prz\u0119dzy, kt\u00f3ra dzi\u0119ki precyzyjnemu procesowi obr\u00f3bki dodaje mi\u0119kko\u015bci, mi\u0119kko\u015bci i maksymalnego komfortu. Tunika w kolorze czerwonym w rozmiarze\u00a0uniwersalnym zalecanym dla\u00a0Pa\u0144\u00a0nosz\u0105cych rozmiar\u00a0S, M, L , XL\u00a0Przyci\u0105gnie uwag\u0119 i b\u0119dziesz\u00a0wygl\u0105da\u0107 niesamowicie. Dzi\u0119ki swojemu materia\u0142owi lepiej sprawdz\u0105 si\u0119\u00a0w ch\u0142odniejsze dni i okresy<\/p>\n<div class=\"klb-readmore post-buttons\"><a class=\"button black outline size-sm\" href=\"https:\/\/madelinefashion.pl\/sk\/tunika-w-serca-czerwona\/\">\u010c\u00edta\u0165 \u010falej <i class=\"klbth-icon-right-arrow\"><\/i><\/a><\/div>","protected":false},"featured_media":19262,"template":"","meta":[],"product_brand":[],"product_cat":[158,380],"product_tag":[296],"class_list":{"0":"post-5044","1":"product","2":"type-product","3":"status-publish","4":"has-post-thumbnail","6":"product_cat-sukienki-sweterkowe","7":"product_cat-wyprzedaz","8":"product_tag-tuniki","10":"first","11":"instock","12":"sale","13":"purchasable","14":"product-type-simple"},"_links":{"self":[{"href":"https:\/\/madelinefashion.pl\/sk\/wp-json\/wp\/v2\/product\/5044","targetHints":{"allow":["GET"]}}],"collection":[{"href":"https:\/\/madelinefashion.pl\/sk\/wp-json\/wp\/v2\/product"}],"about":[{"href":"https:\/\/madelinefashion.pl\/sk\/wp-json\/wp\/v2\/types\/product"}],"wp:featuredmedia":[{"embeddable":true,"href":"https:\/\/madelinefashion.pl\/sk\/wp-json\/wp\/v2\/media\/19262"}],"wp:attachment":[{"href":"https:\/\/madelinefashion.pl\/sk\/wp-json\/wp\/v2\/media?parent=5044"}],"wp:term":[{"taxonomy":"product_brand","embeddable":true,"href":"https:\/\/madelinefashion.pl\/sk\/wp-json\/wp\/v2\/product_brand?post=5044"},{"taxonomy":"product_cat","embeddable":true,"href":"https:\/\/madelinefashion.pl\/sk\/wp-json\/wp\/v2\/product_cat?post=5044"},{"taxonomy":"product_tag","embeddable":true,"href":"https:\/\/madelinefashion.pl\/sk\/wp-json\/wp\/v2\/product_tag?post=5044"}],"curies":[{"name":"pracovn\u00fd list","href":"https:\/\/api.w.org\/{rel}","templated":true}]}}