{"id":52288,"date":"2022-08-04T10:05:01","date_gmt":"2022-08-04T08:05:01","guid":{"rendered":"https:\/\/madelinefashion.pl\/?post_type=product&#038;p=52288"},"modified":"2026-02-20T14:57:55","modified_gmt":"2026-02-20T13:57:55","slug":"kardigan-klasyczny-lady-czarny","status":"publish","type":"product","link":"https:\/\/madelinefashion.pl\/sk\/kardigan-klasyczny-lady-czarny\/","title":{"rendered":"Klasick\u00fd kardigan Lady Black"},"content":{"rendered":"<h3 style=\"text-align: center;\">Klasick\u00fd kardigan Lady Black<\/h3>\n<p style=\"text-align: center;\"><strong>D\u00e1msky prelamovan\u00fd kardigan <\/strong>je to ide\u00e1lny model na jarn\u00e9 a letn\u00e9 dni. Kardigan je u\u0161it\u00fd z vrko\u010dovej v\u00e4zby, ve\u013emi pr\u00edjemn\u00fd na dotyk. V\u010faka m\u00f3dnemu vo\u013enej\u0161iemu strihu sa v nej budete c\u00edti\u0165 ve\u013emi pohodlne. Dlh\u00fd ruk\u00e1v a spodn\u00e1 \u010das\u0165 svetra s\u00fa ukon\u010den\u00e9 \u013eahk\u00fdm lemom. Rob\u00ed to peler\u00edna s unik\u00e1tnou v\u00e4zbou\u00a0<strong>budete vy\u010dnieva\u0165 z davu<\/strong>\u00a0a pritiahne\u0161 poh\u013eady v\u0161etk\u00fdch. Peler\u00edna bude perfektn\u00e1 v kombin\u00e1cii so suk\u0148ou, \u0161atami alebo klasick\u00fdmi d\u017e\u00ednsami. Tak\u00fdto sveter by mala ma\u0165 v \u0161atn\u00edku ka\u017ed\u00e1 z n\u00e1s. Klasick\u00fd strih, jedine\u010dn\u00fd v le\u017e\u00e9rnom \u0161t\u00fdle. \u00da\u017easn\u00e1 kvalita za najlep\u0161iu cenu! Eur\u00f3psky v\u00fdrobok, ve\u013emi kvalitn\u00fd materi\u00e1l. Dokonale sa prisp\u00f4sob\u00ed postave.<strong>\u00a0<\/strong>Ide\u00e1lne do \u0161koly, pr\u00e1ce, na rande alebo na stretnutie s priate\u013emi! Odpor\u00fa\u010dame pre d\u00e1my vo ve\u013ekosti SML XL, ak nos\u00edte v\u00e4\u010d\u0161iu ve\u013ekos\u0165, pozrite si tabu\u013eku ni\u017e\u0161ie.<\/p>\n<h3 style=\"text-align: center;\">Perfektn\u00fd kardigan na ka\u017ed\u00fa pr\u00edle\u017eitos\u0165<\/h3>\n<p>&nbsp;<\/p>\n<h3 style=\"text-align: center;\">Rozmery<\/h3>\n<ul style=\"text-align: center;\">\n<li>Celkov\u00e1 predn\u00e1 d\u013a\u017eka: 90 cm<\/li>\n<li>Celkov\u00e1 d\u013a\u017eka chrbta: 98 cm<\/li>\n<li>\u0160\u00edrka hrudn\u00edka 47-60 cm<\/li>\n<li>\u0160\u00edrka v p\u00e1se: 45-59 cm<\/li>\n<li>D\u013a\u017eka ruk\u00e1va od podpazu\u0161ia: 45 cm<\/li>\n<\/ul>\n<p style=\"text-align: center;\">Rozmery sa m\u00f4\u017eu mierne l\u00ed\u0161i\u0165 od uveden\u00fdch +\/- 2cm. V\u0161etky uveden\u00e9 rozmery s\u00fa meran\u00e9 plo\u0161ne.<\/p>\n<p style=\"text-align: center;\"><strong>\u00a0<\/strong><\/p>\n<p>&nbsp;<\/p>\n<table>\n<tbody>\n<tr>\n<td width=\"302\">Meno modela<\/td>\n<td width=\"302\">D\u00e1msky klasick\u00fd kardigan<\/td>\n<\/tr>\n<tr>\n<td width=\"302\">Farba<\/td>\n<td width=\"302\">\u010dierna<\/td>\n<\/tr>\n<tr>\n<td width=\"302\">ve\u013ekosti<\/td>\n<td width=\"302\">Univerz\u00e1lny<\/td>\n<\/tr>\n<tr>\n<td width=\"302\">M\u00f3da<\/td>\n<td width=\"302\">nadrozmern\u00e9<\/td>\n<\/tr>\n<tr>\n<td width=\"302\">Hood<\/td>\n<td width=\"302\">\u00c1no<\/td>\n<\/tr>\n<tr>\n<td width=\"302\">izolovan\u00e9<\/td>\n<td width=\"302\">jednopl\u00e1\u0161\u0165ov\u00e9<\/td>\n<\/tr>\n<tr>\n<td width=\"302\">Materi\u00e1l<\/td>\n<td width=\"302\">Akryl 100 %<\/td>\n<\/tr>\n<\/tbody>\n<\/table>\n<p>&nbsp;<\/p>\n<div class=\"tabs tabs-bb clear mb-80\">\n<div class=\"tab-content\">\n<div id=\"tab-description\" class=\"tab-pane fade in woocommerce-Tabs-panel--description active\">\n<p style=\"text-align: center;\">Model m\u00e1\u00a0<strong>169<\/strong>\u00a0cm vysok\u00fd, nos\u00ed ve\u013ekos\u0165 ka\u017ed\u00fd de\u0148\u00a0<strong>S<\/strong><\/p>\n<p style=\"text-align: center;\">\u0160\u00edrka cez prsia 92 cm<\/p>\n<p style=\"text-align: center;\">\u0160\u00edrka v p\u00e1se 62 cm<\/p>\n<p style=\"text-align: center;\">\u0160\u00edrka v bokoch 94 cm<\/p>\n<p style=\"text-align: center;\">\n<\/div>\n<\/div>\n<\/div>\n<section class=\"related products mb-80\"><\/section>","protected":false},"excerpt":{"rendered":"<p>Kardigan Klasyczny Lady Czarny Kardigan A\u017curowy Lady to model idealny na wiosenne i letnie dni. Kardigan wykonany jest ze splotu w warkocz, bardzo mi\u0142ego w dotyku. Modny, lu\u017aniejszy fason sprawia, \u017ce b\u0119dziesz si\u0119 w nim czu\u0142a bardzo komfortowo. D\u0142ugi r\u0119kaw, oraz d\u00f3\u0142 swetra zako\u0144czony jest lekkim \u015bci\u0105gaczem. Narzutka o unikalnym splocie sprawi, \u017ce\u00a0wyr\u00f3\u017cnisz si\u0119 z<\/p>\n<div class=\"klb-readmore post-buttons\"><a class=\"button black outline size-sm\" href=\"https:\/\/madelinefashion.pl\/sk\/kardigan-klasyczny-lady-czarny\/\">\u010c\u00edta\u0165 \u010falej <i class=\"klbth-icon-right-arrow\"><\/i><\/a><\/div>","protected":false},"featured_media":51588,"template":"","meta":[],"product_brand":[],"product_cat":[91],"product_tag":[],"class_list":{"0":"post-52288","1":"product","2":"type-product","3":"status-publish","4":"has-post-thumbnail","6":"product_cat-kardigany-damskie","8":"first","9":"instock","10":"purchasable","11":"product-type-simple"},"_links":{"self":[{"href":"https:\/\/madelinefashion.pl\/sk\/wp-json\/wp\/v2\/product\/52288","targetHints":{"allow":["GET"]}}],"collection":[{"href":"https:\/\/madelinefashion.pl\/sk\/wp-json\/wp\/v2\/product"}],"about":[{"href":"https:\/\/madelinefashion.pl\/sk\/wp-json\/wp\/v2\/types\/product"}],"wp:featuredmedia":[{"embeddable":true,"href":"https:\/\/madelinefashion.pl\/sk\/wp-json\/wp\/v2\/media\/51588"}],"wp:attachment":[{"href":"https:\/\/madelinefashion.pl\/sk\/wp-json\/wp\/v2\/media?parent=52288"}],"wp:term":[{"taxonomy":"product_brand","embeddable":true,"href":"https:\/\/madelinefashion.pl\/sk\/wp-json\/wp\/v2\/product_brand?post=52288"},{"taxonomy":"product_cat","embeddable":true,"href":"https:\/\/madelinefashion.pl\/sk\/wp-json\/wp\/v2\/product_cat?post=52288"},{"taxonomy":"product_tag","embeddable":true,"href":"https:\/\/madelinefashion.pl\/sk\/wp-json\/wp\/v2\/product_tag?post=52288"}],"curies":[{"name":"pracovn\u00fd list","href":"https:\/\/api.w.org\/{rel}","templated":true}]}}