{"id":525093,"date":"2024-04-15T09:31:06","date_gmt":"2024-04-15T07:31:06","guid":{"rendered":"https:\/\/madelinefashion.pl\/?post_type=product&#038;p=525093"},"modified":"2025-09-09T10:04:27","modified_gmt":"2025-09-09T08:04:27","slug":"sukienka-maxi-yellowstone-liliowa","status":"publish","type":"product","link":"https:\/\/madelinefashion.pl\/sk\/sukienka-maxi-yellowstone-liliowa\/","title":{"rendered":"Maxi \u0161aty Yellowstone Fialov\u00e9"},"content":{"rendered":"<h3 style=\"text-align: center;\">Maxi \u0161aty Yellowstone Fialov\u00e9<\/h3>\n<p style=\"text-align: center;\">\u00a0Pi\u0119kna d\u0142uga suknia wieczorowa ze zwiewnego materia\u0142u z rozci\u0119ciem eksponuj\u0105cym nog\u0119. Sukienka maxi na grubszych rami\u0105czkach z dekoltem w kszta\u0142cie litery V. Ty\u0142 sukienki zapinany na zamek. Sukienka uszyta jest z delikatnej, zwiewnej tkaniny. D\u00f3\u0142 podszyty zwiewn\u0105 podszewk\u0105. Ten model w pasie posiada tak\u017ce zdobienia w postaci mieni\u0105cych si\u0119 kryszta\u0142k\u00f3w.\u00a0 <strong>Madelinem\u00f3dne \u0161aty<\/strong> to doskona\u0142y wyb\u00f3r na wesele, studni\u00f3wk\u0119, sylwestra i inne eleganckie imprezy okoliczno\u015bciowe.\u00a0 Je\u015bli nie mo\u017cesz zdecydowa\u0107, kt\u00f3ry <strong>ve\u013ekos\u0165<\/strong> je pre v\u00e1s najlep\u0161ie.<\/p>\n<h3 style=\"text-align: center;\">ROZMERY \u0161iat:<\/h3>\n<div class=\"additional-details\" style=\"text-align: center;\">\n<table style=\"height: 134px;\" width=\"785\">\n<tbody>\n<tr>\n<td>VE\u013dKOS\u0164<\/td>\n<td>34<\/td>\n<td>36<\/td>\n<td>38<\/td>\n<td><\/td>\n<\/tr>\n<tr>\n<td>poprsia<\/td>\n<td>84-86<\/td>\n<td>88-90<\/td>\n<td>92-94<\/td>\n<td><\/td>\n<\/tr>\n<tr>\n<td>P\u00e1s<\/td>\n<td>64-68<\/td>\n<td>68-70<\/td>\n<td>72-74<\/td>\n<td><\/td>\n<\/tr>\n<tr>\n<td>Boky<\/td>\n<td>88-90<\/td>\n<td>\u00a092-94<\/td>\n<td>96-98<\/td>\n<td><\/td>\n<\/tr>\n<\/tbody>\n<\/table>\n<p>&nbsp;<\/p>\n<\/div>\n<p style=\"text-align: center;\"><span style=\"font-size: 10pt;\">celkov\u00e1 d\u013a\u017eka cca 157 cm\u00a0<\/span><\/p>\n<p style=\"text-align: center;\"><span style=\"font-size: 10pt;\">\u0160aty s\u00fa dostupn\u00e9 aj v in\u00fdch farb\u00e1ch - odpor\u00fa\u010dame v\u00e1m zozn\u00e1mi\u0165 sa s na\u0161imi \u010fal\u0161\u00edmi produktmi.<\/span><\/p>\n<p style=\"text-align: center;\"><span style=\"font-size: 10pt;\">Rozmery sa m\u00f4\u017eu mierne l\u00ed\u0161i\u0165 od uveden\u00fdch +\/- 2cm.\u00a0<\/span><\/p>\n<p style=\"text-align: center;\"><span style=\"font-size: 10pt;\"><strong>\u00a0<\/strong>\u00a0<\/span><\/p>\n<table style=\"height: 204px;\" width=\"808\">\n<tbody>\n<tr>\n<td width=\"302\">Meno modela<\/td>\n<td width=\"302\">Sukienka Maxi Yellowstone<\/td>\n<\/tr>\n<tr>\n<td width=\"302\">Farba<\/td>\n<td width=\"302\">Orgov\u00e1n<\/td>\n<\/tr>\n<tr>\n<td width=\"302\">Ruk\u00e1v<\/td>\n<td width=\"302\">\u00c1no<\/td>\n<\/tr>\n<tr>\n<td width=\"302\">ve\u013ekosti<\/td>\n<td width=\"302\">34 36 38<\/td>\n<\/tr>\n<tr>\n<td width=\"302\">M\u00f3da<\/td>\n<td width=\"302\">Vzplanul<\/td>\n<\/tr>\n<tr>\n<td width=\"302\">Materi\u00e1l<\/td>\n<td width=\"302\">Visk\u00f3za, polyester, bavlna<\/td>\n<\/tr>\n<tr>\n<td width=\"302\">D\u013a\u017eka<\/td>\n<td width=\"302\">Na zem<\/td>\n<\/tr>\n<\/tbody>\n<\/table>\n<p style=\"text-align: center;\"><span style=\"font-size: 10pt;\">\u00a0<\/span><\/p>\n<p style=\"text-align: center;\"><span style=\"font-size: 10pt;\">Aby ste si vybrali <strong>perfektn\u00e9 \u0161aty<\/strong> kontaktujte n\u00e1s telefonicky alebo prostredn\u00edctvom na\u0161ej webovej str\u00e1nky <a href=\"https:\/\/www.facebook.com\/madelinefashionbutik\" target=\"_blank\" rel=\"noopener\">Facebook<\/a> .<\/span><br \/>\n<span style=\"font-size: 10pt;\">N\u00e1\u0161 t\u00edm v\u00e1m pom\u00f4\u017ee <strong>Vyberte si ten spr\u00e1vny<\/strong> . <strong>Na \u017eelanie kupuj\u00faceho vyrob\u00edme ak\u00e9ko\u013evek \u0161aty\u00a0<\/strong><strong>opatrne mera\u0165.\u00a0<\/strong><\/span><\/p>\n<div class=\"additional-details\" style=\"text-align: center;\">\n<p style=\"text-align: center;\"><span style=\"font-size: 10pt;\">\u00a0<\/span><\/p>\n<\/div>","protected":false},"excerpt":{"rendered":"<p>Sukienka Maxi Yellowstone Liliowa \u00a0Pi\u0119kna d\u0142uga suknia wieczorowa ze zwiewnego materia\u0142u z rozci\u0119ciem eksponuj\u0105cym nog\u0119. Sukienka maxi na grubszych rami\u0105czkach z dekoltem w kszta\u0142cie litery V. Ty\u0142 sukienki zapinany na zamek. Sukienka uszyta jest z delikatnej, zwiewnej tkaniny. D\u00f3\u0142 podszyty zwiewn\u0105 podszewk\u0105. Ten model w pasie posiada tak\u017ce zdobienia w postaci mieni\u0105cych si\u0119 kryszta\u0142k\u00f3w.\u00a0 Sukienki<\/p>\n<div class=\"klb-readmore post-buttons\"><a class=\"button black outline size-sm\" href=\"https:\/\/madelinefashion.pl\/sk\/sukienka-maxi-yellowstone-liliowa\/\">\u010c\u00edta\u0165 \u010falej <i class=\"klbth-icon-right-arrow\"><\/i><\/a><\/div>","protected":false},"featured_media":525089,"template":"","meta":[],"product_brand":[],"product_cat":[124],"product_tag":[257,163],"class_list":{"0":"post-525093","1":"product","2":"type-product","3":"status-publish","4":"has-post-thumbnail","6":"product_cat-sukienki-okolicznosciowe","7":"product_tag-madelinefashion","8":"product_tag-sukienki-dlugie","10":"first","11":"instock","12":"product-type-variable"},"_links":{"self":[{"href":"https:\/\/madelinefashion.pl\/sk\/wp-json\/wp\/v2\/product\/525093","targetHints":{"allow":["GET"]}}],"collection":[{"href":"https:\/\/madelinefashion.pl\/sk\/wp-json\/wp\/v2\/product"}],"about":[{"href":"https:\/\/madelinefashion.pl\/sk\/wp-json\/wp\/v2\/types\/product"}],"wp:featuredmedia":[{"embeddable":true,"href":"https:\/\/madelinefashion.pl\/sk\/wp-json\/wp\/v2\/media\/525089"}],"wp:attachment":[{"href":"https:\/\/madelinefashion.pl\/sk\/wp-json\/wp\/v2\/media?parent=525093"}],"wp:term":[{"taxonomy":"product_brand","embeddable":true,"href":"https:\/\/madelinefashion.pl\/sk\/wp-json\/wp\/v2\/product_brand?post=525093"},{"taxonomy":"product_cat","embeddable":true,"href":"https:\/\/madelinefashion.pl\/sk\/wp-json\/wp\/v2\/product_cat?post=525093"},{"taxonomy":"product_tag","embeddable":true,"href":"https:\/\/madelinefashion.pl\/sk\/wp-json\/wp\/v2\/product_tag?post=525093"}],"curies":[{"name":"pracovn\u00fd list","href":"https:\/\/api.w.org\/{rel}","templated":true}]}}