{"id":525309,"date":"2024-04-16T14:26:36","date_gmt":"2024-04-16T12:26:36","guid":{"rendered":"https:\/\/madelinefashion.pl\/?post_type=product&#038;p=525309"},"modified":"2026-04-23T14:59:17","modified_gmt":"2026-04-23T12:59:17","slug":"suknia-slubna-na-ramiaczkach-boda-biala","status":"publish","type":"product","link":"https:\/\/madelinefashion.pl\/sk\/suknia-slubna-na-ramiaczkach-boda-biala\/","title":{"rendered":"Svadobn\u00e9 \u0161aty Boda s bielymi ramienkami"},"content":{"rendered":"<h3 style=\"text-align: center;\">Svadobn\u00e9 \u0161aty Boda s bielymi ramienkami<\/h3>\n<p style=\"text-align: center;\" data-start=\"173\" data-end=\"481\">Fenomen\u00e1lny <strong data-start=\"184\" data-end=\"207\">svadobn\u00e9 \u0161aty s rybami<\/strong> v bielej farbe je n\u00e1vrh pre \u017eeny, ktor\u00e9 h\u013eadaj\u00fa elegantn\u00fd, \u017eensk\u00fd a jedine\u010dn\u00fd outfit na tento najd\u00f4le\u017eitej\u0161\u00ed de\u0148. Model pote\u0161\u00ed <strong data-start=\"351\" data-end=\"399\">origin\u00e1lny \u010dipkovan\u00fd top s v\u00fdstrihom do V<\/strong>, ktor\u00fd jemne zv\u00fdraz\u0148uje siluetu a dod\u00e1va \u0161t\u00fdlu romantick\u00fd n\u00e1dych. Vrch \u0161iat je vyroben\u00fd z jemnej sie\u0165oviny s lemovan\u00edm <strong data-start=\"543\" data-end=\"574\">kvetinov\u00e1 \u010dipka s guip\u00farou<\/strong> s na\u0161it\u00fdmi kor\u00e1lkami, v\u010faka \u010domu cel\u00fd vzh\u013ead p\u00f4sob\u00ed neuverite\u013ene zmyselne a p\u00f4sobivo. Zadn\u00e1 \u010das\u0165 \u0161iat je zakon\u010den\u00e1 \u013eahk\u00fdm \u0161if\u00f3nom a jemnou <strong data-start=\"718\" data-end=\"741\">V\u00fdstrih do V<\/strong>, \u010do dod\u00e1va outfitu n\u00e1dych \u013eahkosti a elegancie. Spodn\u00e1 \u010das\u0165 \u0161iat m\u00e1 tvar <strong data-start=\"806\" data-end=\"840\">priliehav\u00fd typ morskej panny (ryba)<\/strong>, ktor\u00fd kr\u00e1sne zv\u00fdraz\u0148uje p\u00e1s, boky a poprsie. Z\u00fa\u017eenie v p\u00e1se tvaruje siluetu a zv\u00fdraz\u0148uje \u017eensk\u00e9 krivky, v\u010faka \u010domu \u0161aty vyzeraj\u00fa neuverite\u013ene elegantne. <strong data-start=\"1016\" data-end=\"1039\">biele svadobn\u00e9 \u0161aty<\/strong> Bude to perfektne fungova\u0165 na oboch <strong data-start=\"1074\" data-end=\"1090\">ob\u010diansky sob\u00e1\u0161<\/strong>, <strong data-start=\"1092\" data-end=\"1110\">svadba v kostole<\/strong>, \u010do <strong data-start=\"1118\" data-end=\"1128\">svadobn\u00e1 hostina<\/strong> ak <strong data-start=\"1133\" data-end=\"1146\">afterp\u00e1rty<\/strong>. Je to tie\u017e perfektn\u00e1 vo\u013eba pre \u017eeny, ktor\u00e9 si cenia kombin\u00e1ciu klasick\u00e9ho \u0161t\u00fdlu a modernej elegancie. Tento model je dostupn\u00fd vo ve\u013ekostiach <strong data-start=\"1272\" data-end=\"1287\">XS, S, M, L<\/strong>. Ak vami zvolen\u00e1 ve\u013ekos\u0165 nie je k dispoz\u00edcii, kontaktujte n\u00e1s. Ak si nie ste ist\u00ed, ktor\u00e1 ve\u013ekos\u0165 alebo \u0161t\u00fdl je pre v\u00e1s najvhodnej\u0161ia, kontaktujte n\u00e1s prostredn\u00edctvom <strong data-start=\"1442\" data-end=\"1455\">Facebook<\/strong> alebo telefonicky \u2013 radi v\u00e1m pom\u00f4\u017eeme vybra\u0165 tie spr\u00e1vne \u0161aty. V na\u0161om internetovom obchode\u00a0 <strong>madelienfashion.pl<\/strong> N\u00e1jdete <strong data-start=\"1561\" data-end=\"1596\">jedine\u010dn\u00e9 d\u00e1mske \u0161aty<\/strong>, <strong data-start=\"1598\" data-end=\"1615\">svadobn\u00e9 \u0161aty<\/strong>, v\u00fdtvory na <strong data-start=\"1628\" data-end=\"1638\">svadobn\u00e1 hostina<\/strong>, <strong data-start=\"1640\" data-end=\"1654\">ples<\/strong>, <strong data-start=\"1656\" data-end=\"1669\">Silvester<\/strong> a in\u00e9 elegantn\u00e9 pr\u00edle\u017eitosti \u2013 v\u0161etko za atrakt\u00edvne ceny. <strong data-start=\"1730\" data-end=\"1852\">Zvo\u013ete si eleganciu, \u017eenskos\u0165 a nad\u010dasov\u00fd \u0161t\u00fdl \u2013 vyberte si svadobn\u00e9 \u0161aty, v ktor\u00fdch sa budete c\u00edti\u0165 skuto\u010dne v\u00fdnimo\u010dne. <\/strong>Ak sa neviete rozhodn\u00fa\u0165 ak\u00fa farbu, <strong>ve\u013ekos\u0165<\/strong> je pre v\u00e1s to najlep\u0161ie <strong>kontaktuj n\u00e1s<\/strong> cez <a href=\"https:\/\/www.facebook.com\/madelinefashionbutik\" target=\"_blank\" rel=\"noopener\">Facebook<\/a> alebo <a href=\"https:\/\/madelinefashion.pl\/sk\/kontakt\/\">telef\u00f3n<\/a>. Ak ve\u013ekos\u0165 nie je na str\u00e1nke, kontaktujte n\u00e1s.\u00a0<strong> Neviete ak\u00e9 svadobn\u00e9 \u0161aty si vybra\u0165? <a href=\"https:\/\/madelinefashion.pl\/sk\/product-tag\/sukienka-biala\/?orderby=price-desc\">Skontrolujte<\/a>to bude pre teba ide\u00e1lne!\u00a0<\/strong><\/p>\n<h3 style=\"text-align: center;\">ROZMERY \u0161iat:<\/h3>\n<table width=\"556\">\n<tbody>\n<tr>\n<td><strong>VE\u013dKOS\u0164<\/strong><\/td>\n<td><strong>poprsia<\/strong><\/td>\n<td><strong>P\u00e1s<\/strong><\/td>\n<td><strong>Boky<\/strong><\/td>\n<\/tr>\n<tr>\n<td><strong>34<\/strong><\/td>\n<td>84-86<\/td>\n<td>64-68<\/td>\n<td>\u00a082-90<\/td>\n<\/tr>\n<tr>\n<td><strong>36<\/strong><\/td>\n<td>88-90<\/td>\n<td>68-72<\/td>\n<td>\u00a086-92<\/td>\n<\/tr>\n<tr>\n<td><strong>38<\/strong><\/td>\n<td>92-94<\/td>\n<td>72-76<\/td>\n<td>\u00a090-96<\/td>\n<\/tr>\n<tr>\n<td><strong>40<\/strong><\/td>\n<td>96-98<\/td>\n<td>76-80<\/td>\n<td>\u00a094-106<\/td>\n<\/tr>\n<\/tbody>\n<\/table>\n<p style=\"text-align: center;\"><span style=\"font-size: 10pt;\">\u00a0 <\/span><\/p>\n<p style=\"text-align: center;\"><span style=\"font-size: 10pt;\">celkov\u00e1 d\u013a\u017eka cca 157 cm <\/span>(\u0161aty sa daj\u00fa skr\u00e1ti\u0165 pod\u013ea vlastnej chuti)<\/p>\n<p style=\"text-align: center;\"><span style=\"font-size: 10pt;\">\u0160aty s\u00fa dostupn\u00e9 aj v in\u00fdch farb\u00e1ch - odpor\u00fa\u010dame v\u00e1m zozn\u00e1mi\u0165 sa s na\u0161imi \u010fal\u0161\u00edmi produktmi.<\/span><\/p>\n<p style=\"text-align: center;\"><span style=\"font-size: 10pt;\">Rozmery sa m\u00f4\u017eu mierne l\u00ed\u0161i\u0165 od uveden\u00fdch +\/- 2cm.\u00a0<\/span><\/p>\n<p style=\"text-align: center;\"><span style=\"font-size: 10pt;\"><strong>\u00a0<\/strong>\u00a0<\/span><\/p>\n<table width=\"620\">\n<tbody>\n<tr>\n<td width=\"302\">Meno modela<\/td>\n<td width=\"302\">Svadobn\u00e9 \u0161aty Boda s ramienkami<\/td>\n<\/tr>\n<tr>\n<td width=\"302\">Farba<\/td>\n<td width=\"302\">biely<\/td>\n<\/tr>\n<tr>\n<td width=\"302\">Marka<\/td>\n<td width=\"302\">Madelinefashion<\/td>\n<\/tr>\n<tr>\n<td width=\"302\">ve\u013ekosti<\/td>\n<td width=\"302\">34 36 38 40<\/td>\n<\/tr>\n<tr>\n<td width=\"302\">M\u00f3da<\/td>\n<td width=\"302\">Zhoda \/ ryba<\/td>\n<\/tr>\n<tr>\n<td width=\"302\">Materi\u00e1l<\/td>\n<td width=\"302\">Visk\u00f3za, polyester, bavlna<\/td>\n<\/tr>\n<tr>\n<td width=\"302\">D\u013a\u017eka<\/td>\n<td width=\"302\">Na zem<\/td>\n<\/tr>\n<\/tbody>\n<\/table>\n<p style=\"text-align: center;\"><span style=\"font-size: 10pt;\">\u00a0<\/span><\/p>\n<p>&nbsp;<\/p>\n<p style=\"text-align: center;\"><span style=\"font-size: 10pt;\">Aby ste si vybrali <strong>perfektn\u00e9 \u0161aty<\/strong> kontaktujte n\u00e1s telefonicky alebo prostredn\u00edctvom na\u0161ej webovej str\u00e1nky <a href=\"https:\/\/www.facebook.com\/madelinefashionbutik\" target=\"_blank\" rel=\"noopener\">Facebook<\/a> .<\/span><br \/>\n<span style=\"font-size: 10pt;\">N\u00e1\u0161 t\u00edm v\u00e1m pom\u00f4\u017ee <strong>Vyberte si ten spr\u00e1vny<\/strong> . <strong>Na \u017eelanie kupuj\u00faceho vyrob\u00edme ak\u00e9ko\u013evek \u0161aty\u00a0<\/strong><strong>opatrne mera\u0165.\u00a0<\/strong><\/span><\/p>\n<div class=\"additional-details\" style=\"text-align: center;\">\n<p style=\"text-align: center;\"><span style=\"font-size: 10pt;\">\u00a0<\/span><\/p>\n<\/div>","protected":false},"excerpt":{"rendered":"<p>Suknia \u015alubna Na Rami\u0105czkach Boda Bia\u0142a Zjawiskowa suknia \u015blubna rybka w kolorze bia\u0142ym to propozycja dla kobiet, kt\u00f3re szukaj\u0105 eleganckiej, kobiecej i wyj\u0105tkowej kreacji na ten najwa\u017cniejszy dzie\u0144. Model zachwyca oryginaln\u0105 koronkow\u0105 g\u00f3r\u0105 z dekoltem w szpic, kt\u00f3ra subtelnie podkre\u015bla sylwetk\u0119 i dodaje stylizacji romantycznego charakteru. G\u00f3ra sukni zosta\u0142a wykonana z delikatnej siateczki obszytej gipiurow\u0105,<\/p>\n<div class=\"klb-readmore post-buttons\"><a class=\"button black outline size-sm\" href=\"https:\/\/madelinefashion.pl\/sk\/suknia-slubna-na-ramiaczkach-boda-biala\/\">\u010c\u00edta\u0165 \u010falej <i class=\"klbth-icon-right-arrow\"><\/i><\/a><\/div>","protected":false},"featured_media":525299,"template":"","meta":[],"product_brand":[],"product_cat":[395,124,569,566,630],"product_tag":[257,219,163],"class_list":{"0":"post-525309","1":"product","2":"type-product","3":"status-publish","4":"has-post-thumbnail","6":"product_cat-nowosci","7":"product_cat-sukienki-okolicznosciowe","8":"product_cat-sukienki-dopasowane","9":"product_cat-suknie-slubne","10":"product_cat-suknie-slubne-dopasowane","11":"product_tag-madelinefashion","12":"product_tag-sukienka-biala","13":"product_tag-sukienki-dlugie","15":"first","16":"instock","17":"purchasable","18":"product-type-variable"},"_links":{"self":[{"href":"https:\/\/madelinefashion.pl\/sk\/wp-json\/wp\/v2\/product\/525309","targetHints":{"allow":["GET"]}}],"collection":[{"href":"https:\/\/madelinefashion.pl\/sk\/wp-json\/wp\/v2\/product"}],"about":[{"href":"https:\/\/madelinefashion.pl\/sk\/wp-json\/wp\/v2\/types\/product"}],"wp:featuredmedia":[{"embeddable":true,"href":"https:\/\/madelinefashion.pl\/sk\/wp-json\/wp\/v2\/media\/525299"}],"wp:attachment":[{"href":"https:\/\/madelinefashion.pl\/sk\/wp-json\/wp\/v2\/media?parent=525309"}],"wp:term":[{"taxonomy":"product_brand","embeddable":true,"href":"https:\/\/madelinefashion.pl\/sk\/wp-json\/wp\/v2\/product_brand?post=525309"},{"taxonomy":"product_cat","embeddable":true,"href":"https:\/\/madelinefashion.pl\/sk\/wp-json\/wp\/v2\/product_cat?post=525309"},{"taxonomy":"product_tag","embeddable":true,"href":"https:\/\/madelinefashion.pl\/sk\/wp-json\/wp\/v2\/product_tag?post=525309"}],"curies":[{"name":"pracovn\u00fd list","href":"https:\/\/api.w.org\/{rel}","templated":true}]}}