{"id":525917,"date":"2024-04-19T15:57:26","date_gmt":"2024-04-19T13:57:26","guid":{"rendered":"https:\/\/madelinefashion.pl\/?post_type=product&#038;p=525917"},"modified":"2026-04-21T13:45:40","modified_gmt":"2026-04-21T11:45:40","slug":"sukienka-dopasowana-brigitte-z-piorkami-pudrowy-roz","status":"publish","type":"product","link":"https:\/\/madelinefashion.pl\/sk\/sukienka-dopasowana-brigitte-z-piorkami-pudrowy-roz\/","title":{"rendered":"Priliehav\u00e9 \u0161aty Brigitte s pierkami p\u00fadrovo ru\u017eov\u00e9"},"content":{"rendered":"<h3 style=\"text-align: center;\">Priliehav\u00e9 \u0161aty Brigitte s pierkami p\u00fadrovo ru\u017eov\u00e9<\/h3>\n<p style=\"text-align: center;\"><span style=\"font-size: 10pt;\">Kr\u00e1sne maxi ve\u010dern\u00e9 \u0161aty ozdoben\u00e9 pierkami v hornej \u010dasti. \u0160aty dokonale zv\u00fdraz\u0148uj\u00fa \u017eensk\u00e9 krivky \u2013 fantastick\u00e9! <strong>vybaven\u00e9<\/strong> ur\u010dite pritiahne pozornos\u0165 ostatn\u00fdch. <\/span><span style=\"font-size: 10pt;\"><span style=\"font-size: 10pt;\">Zozn\u00e1mte sa s na\u0161ou ponukou <\/span><strong style=\"font-size: 10pt;\"><a href=\"https:\/\/madelinefashion.pl\/sk\/sukienki-i-kombinezony\/sukienki-okolicznosciowe\/\">ve\u010dern\u00e9 \u0161aty<\/a>\u00a0a vyberte si model, <\/strong><span style=\"font-size: 10pt;\">v ktorom budete <\/span><strong style=\"font-size: 10pt;\">vyzera\u0165 ako hviezda a vy\u010dnieva\u0165 z davu.\u00a0 <\/strong><span style=\"font-size: 10pt;\">Nem\u00f4\u017eete by\u0165 k tomu \u013eahostajn\u00ed.<\/span><b style=\"font-size: 10pt;\"> Dlh\u00e9 \u0161aty s jemn\u00fdm rozparkom odha\u013euj\u00facim nohu. <\/b><b style=\"font-size: 10pt;\">\u00a0<\/b><\/span><span style=\"font-size: 10pt;\">\u0160aty maj\u00fa vpredu v\u0161it\u00e9 ko\u0161\u00ed\u010dky, tak\u017ee nemus\u00edte nosi\u0165 podprsenku. Vyroben\u00e9 a \u0161it\u00e9 v Po\u013esku. <strong>Brigittine \u0161aty <\/strong>k dispoz\u00edcii <\/span><span style=\"font-size: 10pt;\">\u00a0vo ve\u013ekostiach <strong>34, 36, 38<\/strong>\u00a0. \u0160aty <strong>Pekn\u00e1 \u017eena<\/strong> je perfektnou vo\u013ebou pre svadby, krsty, prij\u00edmania, Silvester a in\u00e9 elegantn\u00e9 \u0161peci\u00e1lne udalosti.\u00a0 <\/span><span style=\"font-size: 10pt;\">Model je vyroben\u00fd z elastick\u00e9ho materi\u00e1lu,<\/span><span style=\"font-size: 10pt;\"> Perfektne sedia postave. \u0160aty, z\u00fa\u017een\u00e9 v p\u00e1se, kr\u00e1sne zv\u00fdraz\u0148uj\u00fa p\u00e1s.\u00a0 <\/span><strong style=\"font-size: 10pt;\">\u0160aty p\u00f4sobia decentne v\u010faka klasick\u00e9mu strihu. <\/strong><span style=\"font-size: 10pt;\">\u00a0Dostupn\u00e9 na na\u0161om e-shope vo viacer\u00fdch farebn\u00fdch variantoch, tak nev\u00e1hajte a vyberte si t\u00fa, ktor\u00e1 je pre v\u00e1s ako stvoren\u00e1. Ak sa neviete rozhodn\u00fa\u0165 ak\u00fa farbu, <\/span><strong style=\"font-size: 10pt;\">ve\u013ekos\u0165<\/strong><span style=\"font-size: 10pt;\"> je pre v\u00e1s to najlep\u0161ie <\/span><strong style=\"font-size: 10pt;\">kontaktuj n\u00e1s<\/strong><span style=\"font-size: 10pt;\"> cez <\/span><a style=\"font-size: 10pt;\" href=\"https:\/\/www.facebook.com\/madelinefashionbutik\" target=\"_blank\" rel=\"noopener\">Facebook<\/a><span style=\"font-size: 10pt;\"> alebo <\/span><a style=\"font-size: 10pt;\" href=\"https:\/\/madelinefashion.pl\/sk\/kontakt\/\">telef\u00f3n<\/a><span style=\"font-size: 10pt;\">. Ak ve\u013ekos\u0165 nie je na str\u00e1nke, kontaktujte n\u00e1s.\u00a0<\/span><\/p>\n<h3 style=\"text-align: center;\">ROZMERY \u0161iat:<\/h3>\n<table width=\"556\">\n<tbody>\n<tr>\n<td><strong>VE\u013dKOS\u0164<\/strong><\/td>\n<td><strong>poprsia<\/strong><\/td>\n<td><strong>P\u00e1s<\/strong><\/td>\n<td><strong>Boky<\/strong><\/td>\n<\/tr>\n<tr>\n<td><strong>34<\/strong><\/td>\n<td>84-86<\/td>\n<td>64-68<\/td>\n<td>\u00a082-90<\/td>\n<\/tr>\n<tr>\n<td><strong>36<\/strong><\/td>\n<td>88-90<\/td>\n<td>68-72<\/td>\n<td>\u00a086-92<\/td>\n<\/tr>\n<tr>\n<td><strong>38<\/strong><\/td>\n<td>92-94<\/td>\n<td>72-76<\/td>\n<td>\u00a090-96<\/td>\n<\/tr>\n<tr>\n<td><strong>40<\/strong><\/td>\n<td>96-98<\/td>\n<td>76-80<\/td>\n<td>\u00a094-106<\/td>\n<\/tr>\n<\/tbody>\n<\/table>\n<p style=\"text-align: center;\">\u00a0 celkov\u00e1 d\u013a\u017eka cca 160 cm (\u0161aty sa daj\u00fa skr\u00e1ti\u0165 pod\u013ea vlastn\u00e9ho uv\u00e1\u017eenia)<\/p>\n<p style=\"text-align: center;\">\u0160aty s\u00fa dostupn\u00e9 aj v in\u00fdch farb\u00e1ch - odpor\u00fa\u010dame v\u00e1m zozn\u00e1mi\u0165 sa s na\u0161imi \u010fal\u0161\u00edmi produktmi.<\/p>\n<p style=\"text-align: center;\">Rozmery sa m\u00f4\u017eu mierne l\u00ed\u0161i\u0165 od uveden\u00fdch +\/- 2cm.<\/p>\n<p style=\"text-align: center;\"><strong>\u00a0<\/strong><\/p>\n<p>&nbsp;<\/p>\n<table>\n<tbody>\n<tr>\n<td width=\"302\">Meno modela<\/td>\n<td width=\"302\">Priliehav\u00e9 \u0161aty Brigitte s pierkami<\/td>\n<\/tr>\n<tr>\n<td width=\"302\">Farba<\/td>\n<td width=\"302\"><span style=\"font-size: 10pt;\">P\u00fadrov\u00e1 ru\u017eov\u00e1<\/span><\/td>\n<\/tr>\n<tr>\n<td width=\"302\">Marka<\/td>\n<td width=\"302\">Pekn\u00e1 \u017eena<\/td>\n<\/tr>\n<tr>\n<td width=\"302\">ve\u013ekosti<\/td>\n<td width=\"302\">34 36 38 40<\/td>\n<\/tr>\n<tr>\n<td width=\"302\">M\u00f3da<\/td>\n<td width=\"302\">Zhoda<\/td>\n<\/tr>\n<tr>\n<td width=\"302\">Materi\u00e1l<\/td>\n<td width=\"302\">Visk\u00f3za, polyester, bavlna<\/td>\n<\/tr>\n<tr>\n<td width=\"302\">D\u013a\u017eka<\/td>\n<td width=\"302\">Na zem<\/td>\n<\/tr>\n<\/tbody>\n<\/table>\n<p>&nbsp;<\/p>\n<p style=\"text-align: center;\">Aby ste si vybrali\u00a0<strong>perfektn\u00e9 \u0161aty<\/strong>\u00a0kontaktujte n\u00e1s pros\u00edm telefonicky alebo cez n\u00e1\u0161 facebook.<br \/>\nN\u00e1\u0161 t\u00edm v\u00e1m pom\u00f4\u017ee\u00a0<strong>Vyberte si ten spr\u00e1vny<\/strong>\u00a0.\u00a0<strong>Na \u017eelanie kupuj\u00faceho vyrob\u00edme ak\u00e9ko\u013evek \u0161aty\u00a0<\/strong><strong>opatrne mera\u0165.\u00a0<\/strong><\/p>\n<div class=\"additional-details\">\n<p style=\"text-align: center;\">\n<\/div>","protected":false},"excerpt":{"rendered":"<p>Sukienka Dopasowana Brigitte z Pi\u00f3rkami Pudrowy R\u00f3\u017c Pi\u0119kna maxi suknia wieczorowa zdobiona w g\u00f3rnej cz\u0119\u015bci pi\u00f3rkami. Sukienka \u015bwietnie podkre\u015bla kobiece kszta\u0142ty- mega dopasowana z ca\u0142\u0105 pewno\u015bci\u0105 skupi uwag\u0119 innych. Zapoznaj si\u0119 z nasz\u0105 ofert\u0105 sukni wieczorowych\u00a0i wybierz model, w kt\u00f3rej b\u0119dziesz wygl\u0105da\u0107 jak gwiazda i wyr\u00f3\u017cnisz si\u0119 z t\u0142umu.\u00a0 Nie mo\u017cna wobec niej przej\u015b\u0107 oboj\u0119tnie.<\/p>\n<div class=\"klb-readmore post-buttons\"><a class=\"button black outline size-sm\" href=\"https:\/\/madelinefashion.pl\/sk\/sukienka-dopasowana-brigitte-z-piorkami-pudrowy-roz\/\">\u010c\u00edta\u0165 \u010falej <i class=\"klbth-icon-right-arrow\"><\/i><\/a><\/div>","protected":false},"featured_media":525906,"template":"","meta":[],"product_brand":[],"product_cat":[124,395,569],"product_tag":[257,163,215],"class_list":{"0":"post-525917","1":"product","2":"type-product","3":"status-publish","4":"has-post-thumbnail","6":"product_cat-sukienki-okolicznosciowe","7":"product_cat-nowosci","8":"product_cat-sukienki-dopasowane","9":"product_tag-madelinefashion","10":"product_tag-sukienki-dlugie","11":"product_tag-sukienki-rozowe","13":"first","14":"instock","15":"purchasable","16":"product-type-variable"},"_links":{"self":[{"href":"https:\/\/madelinefashion.pl\/sk\/wp-json\/wp\/v2\/product\/525917","targetHints":{"allow":["GET"]}}],"collection":[{"href":"https:\/\/madelinefashion.pl\/sk\/wp-json\/wp\/v2\/product"}],"about":[{"href":"https:\/\/madelinefashion.pl\/sk\/wp-json\/wp\/v2\/types\/product"}],"wp:featuredmedia":[{"embeddable":true,"href":"https:\/\/madelinefashion.pl\/sk\/wp-json\/wp\/v2\/media\/525906"}],"wp:attachment":[{"href":"https:\/\/madelinefashion.pl\/sk\/wp-json\/wp\/v2\/media?parent=525917"}],"wp:term":[{"taxonomy":"product_brand","embeddable":true,"href":"https:\/\/madelinefashion.pl\/sk\/wp-json\/wp\/v2\/product_brand?post=525917"},{"taxonomy":"product_cat","embeddable":true,"href":"https:\/\/madelinefashion.pl\/sk\/wp-json\/wp\/v2\/product_cat?post=525917"},{"taxonomy":"product_tag","embeddable":true,"href":"https:\/\/madelinefashion.pl\/sk\/wp-json\/wp\/v2\/product_tag?post=525917"}],"curies":[{"name":"pracovn\u00fd list","href":"https:\/\/api.w.org\/{rel}","templated":true}]}}