{"id":526360,"date":"2024-04-23T14:21:44","date_gmt":"2024-04-23T12:21:44","guid":{"rendered":"https:\/\/madelinefashion.pl\/?post_type=product&#038;p=526360"},"modified":"2026-04-22T11:55:47","modified_gmt":"2026-04-22T09:55:47","slug":"sukienka-z-rekawem-gloria-plus-size-biala","status":"publish","type":"product","link":"https:\/\/madelinefashion.pl\/sk\/sukienka-z-rekawem-gloria-plus-size-biala\/","title":{"rendered":"Biele \u0161aty Gloria s dlh\u00fdmi ruk\u00e1vmi"},"content":{"rendered":"<h3 style=\"text-align: center;\">Biele \u0161aty Gloria s dlh\u00fdmi ruk\u00e1vmi<\/h3>\n<p style=\"text-align: center;\" align=\"center\">Tieto \u0161t\u00fdlov\u00e9 a elegantn\u00e9 dlh\u00e9 ve\u010dern\u00e9 \u0161aty pre plno\u0161t\u00edhle postavy s\u00fa navrhnut\u00e9 s oh\u013eadom na pohodlie a dokonal\u00fd strih. Ich strih kr\u00e1sne zv\u00fdraz\u0148uje \u017eensk\u00e9 krivky, zatia\u013e \u010do elastick\u00fd p\u00e1s so skrytou gumi\u010dkou zais\u0165uje pohodln\u00e9 nosenie bez s\u0165ahovania. Maj\u00fa hlbok\u00fd v\u00fdstrih do V, spl\u00fdvav\u00e9 dlh\u00e9 ruk\u00e1vy s jemn\u00fdm rozparkom a v\u00fdrazn\u00fd rozparok na nohaviciach, ktor\u00fd dod\u00e1va \u0161at\u00e1m n\u00e1dych \u013eahkosti a zmyselnosti. Zadn\u00e1 \u010das\u0165 \u0161iat je uzavret\u00e1, v\u010faka \u010domu je \u0161t\u00fdl v\u0161estrannej\u0161\u00ed a zais\u0165uje v\u00e4\u010d\u0161ie pohodlie. Namiesto zipsu je tu naz\u00favac\u00ed strih s elastick\u00fdm p\u00e1som, ktor\u00fd u\u013eah\u010duje obliekanie a zvy\u0161uje pohodlie. Lem je pod\u0161it\u00fd spl\u00fdvavou pod\u0161\u00edvkou. \u00a0<strong>Madelinem\u00f3dne \u0161aty<\/strong> je vynikaj\u00facou vo\u013ebou na svadbu, ples, Silvestra a in\u00e9 elegantn\u00e9 \u0161peci\u00e1lne udalosti. \u0160aty Gloria s v\u00fdstrihom do V kr\u00e1sne zv\u00fdraznia va\u0161e poprsie, ak sa neviete rozhodn\u00fa\u0165, ktor\u00e9 <strong>ve\u013ekos\u0165<\/strong> je pre v\u00e1s to najlep\u0161ie <strong>kontaktuj n\u00e1s<\/strong> cez <a href=\"https:\/\/www.facebook.com\/madelinefashionbutik\" target=\"_blank\" rel=\"noopener\">Facebook<\/a> alebo <a href=\"https:\/\/madelinefashion.pl\/sk\/kontakt\/\">telef\u00f3n<\/a>. Ak ve\u013ekos\u0165 nie je na str\u00e1nke, kontaktujte n\u00e1s.<\/p>\n<h3 style=\"text-align: center;\">ROZMERY \u0161iat:<\/h3>\n<div class=\"additional-details\" style=\"text-align: center;\">\n<p style=\"text-align: center;\"><span style=\"font-size: 10pt;\">\u00a0<\/span><\/p>\n<table width=\"556\">\n<tbody>\n<tr>\n<td><strong>VE\u013dKOS\u0164<\/strong><\/td>\n<td><strong>poprsia<\/strong><\/td>\n<td><strong>P\u00e1s<\/strong><\/td>\n<td><strong>Boky<\/strong><\/td>\n<\/tr>\n<tr>\n<td><strong>42<\/strong><\/td>\n<td>102-106<\/td>\n<td>80-86<\/td>\n<td>\u00a0ak\u00fdko\u013evek<\/td>\n<\/tr>\n<tr>\n<td><strong>44<\/strong><\/td>\n<td>106-110<\/td>\n<td>84-92<\/td>\n<td>\u00a0ak\u00fdko\u013evek<\/td>\n<\/tr>\n<tr>\n<td><strong>46<\/strong><\/td>\n<td>110-114<\/td>\n<td>88-94<\/td>\n<td>\u00a0ak\u00fdko\u013evek<\/td>\n<\/tr>\n<tr>\n<td><strong>48<\/strong><\/td>\n<td>114-120<\/td>\n<td>92-104<\/td>\n<td>\u00a0ak\u00fdko\u013evek<\/td>\n<\/tr>\n<\/tbody>\n<\/table>\n<p style=\"text-align: center;\"><span style=\"font-size: 10pt;\">celkov\u00e1 d\u013a\u017eka cca 160 cm <\/span><span style=\"font-size: 10.0pt;\">(\u0161aty sa daj\u00fa skr\u00e1ti\u0165 pod\u013ea vlastnej chuti)\u00a0<\/span><\/p>\n<\/div>\n<p style=\"text-align: center;\"><span style=\"font-size: 10pt;\">\u0160aty s\u00fa dostupn\u00e9 aj v in\u00fdch farb\u00e1ch - odpor\u00fa\u010dame v\u00e1m zozn\u00e1mi\u0165 sa s na\u0161imi \u010fal\u0161\u00edmi produktmi.<\/span><\/p>\n<p style=\"text-align: center;\"><span style=\"font-size: 10pt;\">Rozmery sa m\u00f4\u017eu mierne l\u00ed\u0161i\u0165 od uveden\u00fdch +\/- 2cm.\u00a0<\/span><\/p>\n<p style=\"text-align: center;\"><span style=\"font-size: 10pt;\"><strong>\u00a0<\/strong>\u00a0<\/span><\/p>\n<table width=\"620\">\n<tbody>\n<tr>\n<td width=\"302\">Meno modela<\/td>\n<td width=\"302\">\u0160aty Gloria Plus Size s ruk\u00e1vmi<\/td>\n<\/tr>\n<tr>\n<td width=\"302\">Farba<\/td>\n<td width=\"302\">biely<\/td>\n<\/tr>\n<tr>\n<td width=\"302\">\u0160tiepenie<\/td>\n<td width=\"302\">V \u0161t\u00fdle<\/td>\n<\/tr>\n<tr>\n<td width=\"302\">ve\u013ekosti<\/td>\n<td width=\"302\">42 44 46 48<\/td>\n<\/tr>\n<tr>\n<td width=\"302\">Ruk\u00e1v<\/td>\n<td width=\"302\">Dlh\u00e9<\/td>\n<\/tr>\n<tr>\n<td width=\"302\">Materi\u00e1l<\/td>\n<td width=\"302\">Visk\u00f3za, polyester, bavlna<\/td>\n<\/tr>\n<tr>\n<td width=\"302\">D\u013a\u017eka<\/td>\n<td width=\"302\">Na zem<\/td>\n<\/tr>\n<\/tbody>\n<\/table>\n<p style=\"text-align: center;\"><span style=\"font-size: 10pt;\">\u00a0<\/span><\/p>\n<p style=\"text-align: center;\"><span style=\"font-size: 10pt;\">Aby ste si vybrali <strong>perfektn\u00e9 \u0161aty<\/strong> kontaktujte n\u00e1s telefonicky alebo prostredn\u00edctvom na\u0161ej webovej str\u00e1nky <a href=\"https:\/\/www.facebook.com\/madelinefashionbutik\" target=\"_blank\" rel=\"noopener\">Facebook<\/a> .<\/span><br \/>\n<span style=\"font-size: 10pt;\">N\u00e1\u0161 t\u00edm v\u00e1m pom\u00f4\u017ee <strong>Vyberte si ten spr\u00e1vny<\/strong> . <strong>Na \u017eelanie kupuj\u00faceho vyrob\u00edme ak\u00e9ko\u013evek \u0161aty\u00a0<\/strong><strong>opatrne mera\u0165.\u00a0<\/strong><\/span><\/p>\n<div class=\"additional-details\" style=\"text-align: center;\">\n<p style=\"text-align: center;\"><span style=\"font-size: 10pt;\">\u00a0<\/span><\/p>\n<\/div>","protected":false},"excerpt":{"rendered":"<p>Sukienka z R\u0119kawem Gloria Plus Size Bia\u0142a Stylowa i pe\u0142na wdzi\u0119ku d\u0142uga sukienka wieczorowa w wersji plus size zosta\u0142a zaprojektowana z my\u015bl\u0105 o komforcie i idealnym dopasowaniu. Jej kr\u00f3j pi\u0119knie podkre\u015bla kobiece kszta\u0142ty, a elastyczna talia z ukryt\u0105 gumk\u0105 sprawia, \u017ce sukienka dopasowuje si\u0119 do sylwetki bez ucisku.Model posiada g\u0142\u0119boki dekolt w liter\u0119 V, zwiewne,<\/p>\n<div class=\"klb-readmore post-buttons\"><a class=\"button black outline size-sm\" href=\"https:\/\/madelinefashion.pl\/sk\/sukienka-z-rekawem-gloria-plus-size-biala\/\">\u010c\u00edta\u0165 \u010falej <i class=\"klbth-icon-right-arrow\"><\/i><\/a><\/div>","protected":false},"featured_media":526369,"template":"","meta":[],"product_brand":[],"product_cat":[124,395,564,568,566,629,632],"product_tag":[385,219,163],"class_list":{"0":"post-526360","1":"product","2":"type-product","3":"status-publish","4":"has-post-thumbnail","6":"product_cat-sukienki-okolicznosciowe","7":"product_cat-nowosci","8":"product_cat-sukienki-plus-size","9":"product_cat-sukienki-rozkloszowane-szyfonowe","10":"product_cat-suknie-slubne","11":"product_cat-suknie-slubne-plus-size","12":"product_cat-suknie-slubne-rozkloszowane","13":"product_tag-plus-size","14":"product_tag-sukienka-biala","15":"product_tag-sukienki-dlugie","17":"first","18":"instock","19":"purchasable","20":"product-type-variable"},"_links":{"self":[{"href":"https:\/\/madelinefashion.pl\/sk\/wp-json\/wp\/v2\/product\/526360","targetHints":{"allow":["GET"]}}],"collection":[{"href":"https:\/\/madelinefashion.pl\/sk\/wp-json\/wp\/v2\/product"}],"about":[{"href":"https:\/\/madelinefashion.pl\/sk\/wp-json\/wp\/v2\/types\/product"}],"wp:featuredmedia":[{"embeddable":true,"href":"https:\/\/madelinefashion.pl\/sk\/wp-json\/wp\/v2\/media\/526369"}],"wp:attachment":[{"href":"https:\/\/madelinefashion.pl\/sk\/wp-json\/wp\/v2\/media?parent=526360"}],"wp:term":[{"taxonomy":"product_brand","embeddable":true,"href":"https:\/\/madelinefashion.pl\/sk\/wp-json\/wp\/v2\/product_brand?post=526360"},{"taxonomy":"product_cat","embeddable":true,"href":"https:\/\/madelinefashion.pl\/sk\/wp-json\/wp\/v2\/product_cat?post=526360"},{"taxonomy":"product_tag","embeddable":true,"href":"https:\/\/madelinefashion.pl\/sk\/wp-json\/wp\/v2\/product_tag?post=526360"}],"curies":[{"name":"pracovn\u00fd list","href":"https:\/\/api.w.org\/{rel}","templated":true}]}}