{"id":52690,"date":"2022-08-06T11:10:18","date_gmt":"2022-08-06T09:10:18","guid":{"rendered":"https:\/\/madelinefashion.pl\/?post_type=product&#038;p=52690"},"modified":"2026-03-01T12:58:34","modified_gmt":"2026-03-01T11:58:34","slug":"torebka-ala-pinko-bezowa","status":"publish","type":"product","link":"https:\/\/madelinefashion.pl\/sk\/torebka-ala-pinko-bezowa\/","title":{"rendered":"B\u00e9\u017eov\u00e1 kabelka A la Pinko"},"content":{"rendered":"<h3 style=\"text-align: center;\">Torebka a\u2019la Pinko Be\u017cowa<\/h3>\n<p style=\"text-align: center;\">Kabelka je nevyhnutnos\u0165ou<strong> \u0161atn\u00edk ka\u017edej \u017eeny<\/strong>. Tento model sa vyzna\u010duje nielen svojou praktickos\u0165ou, ale aj eleganciou. T\u00e1to elegantn\u00e1 d\u00e1mska kabelka vyroben\u00e1 z ekoko\u017ee je ide\u00e1lna pre \u017eeny, ktor\u00e9 sleduj\u00fa najnov\u0161ie m\u00f3dne trendy. Charakteristick\u00fd dizajn v tvare lastovi\u010dky bol in\u0161pirovan\u00fd \u0161t\u00fdlom svetovej m\u00f3dnej priekopn\u00ed\u010dky. T\u00e1to kabelka so zlatou retiazkou je perfektn\u00fdm doplnkom k form\u00e1lnym outfitom. M\u00f4\u017eete ju nosi\u0165 s kab\u00e1tom, \u0161atami alebo dokonca oblekom \u2013 bude vyzera\u0165 skvele v akejko\u013evek kombin\u00e1cii.<\/p>\n<p>\u00a0<\/p>\n<h3 style=\"text-align: center;\">Charakteristika:<\/h3>\n<p>\u00a0<\/p>\n<ul>\n<li style=\"text-align: center;\">vn\u00fatorn\u00e9 vrecko na zips<\/li>\n<li style=\"text-align: center;\">2 \u010fal\u0161ie mal\u00e9 vreck\u00e1<\/li>\n<li style=\"text-align: center;\">v\u0161etko upevnen\u00e9 na magnet<\/li>\n<\/ul>\n<p>\u00a0<\/p>\n<h3 style=\"text-align: center;\">Rozmery ta\u0161ky:<\/h3>\n<ul style=\"text-align: center;\">\n<li>v\u00fd\u0161ka \u2013 14 cm<\/li>\n<li>szeroko\u015b\u0107 \u2013 21 cm<\/li>\n<li>d\u013a\u017eka opasku - 35 cm<\/li>\n<li>d\u013a\u017eka re\u0165aze: 100 cm<\/li>\n<li><\/li>\n<\/ul>","protected":false},"excerpt":{"rendered":"<p>Torebka a\u2019la Pinko Be\u017cowa Torebka, to niezb\u0119dny przedmiot w garderobie ka\u017cdej kobiety. Ten model charakteryzuje si\u0119 nie tylko sw\u0105 praktyczno\u015bci\u0105, ale r\u00f3wnie\u017c elegancj\u0105.\u00a0 Elegancka torebka damska\u00a0z eko-sk\u00f3ry dla kobiet pod\u0105\u017caj\u0105cych za najnowszymi\u00a0trendami w modzie.\u00a0Charakterystyczne\u00a0jask\u00f3\u0142ki zosta\u0142y zainspirowane stylem \u015bwiatowego prekursora mody. Torebka ze z\u0142otym \u0142a\u0144cuszkiem stanowi \u015bwietne uzupe\u0142nienie\u00a0formalnych stylizacji. Mo\u017cesz za\u0142o\u017cy\u0107 j\u0105 do p\u0142aszcza, sukienki, a<\/p>\n<div class=\"klb-readmore post-buttons\"><a class=\"button black outline size-sm\" href=\"https:\/\/madelinefashion.pl\/sk\/torebka-ala-pinko-bezowa\/\">\u010c\u00edta\u0165 \u010falej <i class=\"klbth-icon-right-arrow\"><\/i><\/a><\/div>","protected":false},"featured_media":52680,"template":"","meta":[],"product_brand":[],"product_cat":[113,395],"product_tag":[412],"class_list":{"0":"post-52690","1":"product","2":"type-product","3":"status-publish","4":"has-post-thumbnail","6":"product_cat-dodatki","7":"product_cat-nowosci","8":"product_tag-torebki-damskie","10":"first","11":"outofstock","12":"sale","13":"purchasable","14":"product-type-simple"},"_links":{"self":[{"href":"https:\/\/madelinefashion.pl\/sk\/wp-json\/wp\/v2\/product\/52690","targetHints":{"allow":["GET"]}}],"collection":[{"href":"https:\/\/madelinefashion.pl\/sk\/wp-json\/wp\/v2\/product"}],"about":[{"href":"https:\/\/madelinefashion.pl\/sk\/wp-json\/wp\/v2\/types\/product"}],"wp:featuredmedia":[{"embeddable":true,"href":"https:\/\/madelinefashion.pl\/sk\/wp-json\/wp\/v2\/media\/52680"}],"wp:attachment":[{"href":"https:\/\/madelinefashion.pl\/sk\/wp-json\/wp\/v2\/media?parent=52690"}],"wp:term":[{"taxonomy":"product_brand","embeddable":true,"href":"https:\/\/madelinefashion.pl\/sk\/wp-json\/wp\/v2\/product_brand?post=52690"},{"taxonomy":"product_cat","embeddable":true,"href":"https:\/\/madelinefashion.pl\/sk\/wp-json\/wp\/v2\/product_cat?post=52690"},{"taxonomy":"product_tag","embeddable":true,"href":"https:\/\/madelinefashion.pl\/sk\/wp-json\/wp\/v2\/product_tag?post=52690"}],"curies":[{"name":"pracovn\u00fd list","href":"https:\/\/api.w.org\/{rel}","templated":true}]}}