{"id":527565,"date":"2024-04-30T11:58:31","date_gmt":"2024-04-30T09:58:31","guid":{"rendered":"https:\/\/madelinefashion.pl\/?post_type=product&#038;p=527565"},"modified":"2026-04-23T06:31:06","modified_gmt":"2026-04-23T04:31:06","slug":"sukienka-evita-brokatowa-turkusowa","status":"publish","type":"product","link":"https:\/\/madelinefashion.pl\/sk\/sukienka-evita-brokatowa-turkusowa\/","title":{"rendered":"Tyrkysov\u00e9 brok\u00e1tov\u00e9 \u0161aty Evita"},"content":{"rendered":"<h3 style=\"text-align: center;\">Tyrkysov\u00e9 brok\u00e1tov\u00e9 \u0161aty Evita<\/h3>\n<p style=\"text-align: center;\"><span style=\"font-size: 10pt;\">\u00a0<\/span>Tieto maxi ve\u010dern\u00e9 \u0161aty s\u00fa vyroben\u00e9 z jemnej, spl\u00fdvavej l\u00e1tky. M\u00f3dny dizajn, ktor\u00fd zd\u00f4raz\u0148uje \u017eensk\u00fa siluetu.<br \/>\nEVITA s opaskom s\u00fa neuverite\u013ene \u017eensk\u00e9 dlh\u00e9 \u0161aty so \u0161if\u00f3nov\u00fdmi ruk\u00e1vmi, ktor\u00fdch dizajn zd\u00f4raz\u0148uje \u017eensk\u00fa siluetu. Maj\u00fa v\u00fdrazn\u00e9 spl\u00fdvav\u00e9 lemovanie vpredu, zavinovac\u00ed v\u00fdstrih, ktor\u00fd zo\u0161t\u00edh\u013euje krk, a dlh\u00fd, sexy lem na noh\u00e1ch. Pohodln\u00e9, mierne elastick\u00e9 a dokonale sa prisp\u00f4sobia postave. Tieto zo\u0161t\u00edh\u013euj\u00face \u0161aty, navrhnut\u00e9 pre postavy PLUS SIZE, s\u00fa dostupn\u00e9 v hladk\u00fdch a brok\u00e1tov\u00fdch tkanin\u00e1ch.<span style=\"font-size: 10pt;\"> Trblietky na \u0161at\u00e1ch neopad\u00e1vaj\u00fa.<\/span><br \/>\n<span style=\"font-size: 10pt;\">Dostupn\u00e9 vo ve\u013ekostiach 44, 46, 48, 50 a 52. V na\u0161om internetovom obchode dostupn\u00e9 v nieko\u013ek\u00fdch farebn\u00fdch variantoch, tak\u017ee nev\u00e1hajte a vyberte si t\u00fa, ktor\u00e1 je pre v\u00e1s ide\u00e1lna. Ak sa neviete rozhodn\u00fa\u0165, ktor\u00fa farbu, <strong>ve\u013ekos\u0165<\/strong> je pre v\u00e1s to najlep\u0161ie <strong>kontaktuj n\u00e1s<\/strong> cez <a href=\"https:\/\/www.facebook.com\/madelinefashionbutik\" target=\"_blank\" rel=\"noopener\">Facebook<\/a> alebo <a href=\"https:\/\/madelinefashion.pl\/sk\/kontakt\/\">telef\u00f3n<\/a>. Ak ve\u013ekos\u0165 nie je na str\u00e1nke, kontaktujte n\u00e1s.\u00a0<\/span><\/p>\n<h3 style=\"text-align: center;\">ROZMERY \u0161iat:<\/h3>\n<table width=\"556\">\n<tbody>\n<tr>\n<td width=\"201\"><strong>VE\u013dKOS\u0164<\/strong><\/td>\n<td width=\"123\"><strong>poprsia<\/strong><\/td>\n<td><strong>P\u00e1s<\/strong><\/td>\n<td><strong>Boky<\/strong><\/td>\n<\/tr>\n<tr>\n<td width=\"201\"><strong>44<\/strong><\/td>\n<td width=\"123\">102-106<\/td>\n<td>86<\/td>\n<td>\u00a0Ak\u00e9ko\u013evek<\/td>\n<\/tr>\n<tr>\n<td width=\"201\"><strong>46<\/strong><\/td>\n<td width=\"123\">106-110<\/td>\n<td>88<\/td>\n<td>\u00a0Ak\u00e9ko\u013evek<\/td>\n<\/tr>\n<tr>\n<td width=\"201\"><strong>48<\/strong><\/td>\n<td width=\"123\">110-112<\/td>\n<td>92<\/td>\n<td>\u00a0Ak\u00e9ko\u013evek<\/td>\n<\/tr>\n<tr>\n<td width=\"201\"><strong>50<\/strong><\/td>\n<td width=\"123\">114-116<\/td>\n<td>96<\/td>\n<td>\u00a0Ak\u00e9ko\u013evek<\/td>\n<\/tr>\n<tr>\n<td width=\"201\"><strong>52<\/strong><\/td>\n<td width=\"123\">116-118<\/td>\n<td>98<\/td>\n<td>\u00a0ak\u00fdko\u013evek<\/td>\n<\/tr>\n<\/tbody>\n<\/table>\n<p style=\"text-align: center;\"><span style=\"font-size: 10pt;\">celkov\u00e1 d\u013a\u017eka cca 150 cm<\/span>(\u0161aty sa daj\u00fa skr\u00e1ti\u0165 pod\u013ea vlastnej chuti)\u00a0<span style=\"font-size: 10pt;\">\u00a0<\/span><\/p>\n<p style=\"text-align: center;\"><span style=\"font-size: 10pt;\">\u0160aty dostupn\u00e9 aj v <strong>in\u00e9 farebn\u00e9 varianty<\/strong> \u2013 odpor\u00fa\u010dame v\u00e1m zozn\u00e1mi\u0165 sa s na\u0161imi \u010fal\u0161\u00edmi produktmi.\u00a0<\/span><\/p>\n<p style=\"text-align: center;\"><span style=\"font-size: 10pt;\">Rozmery sa m\u00f4\u017eu mierne l\u00ed\u0161i\u0165 od uveden\u00fdch +\/- 2cm.\u00a0<\/span><\/p>\n<p style=\"text-align: center;\"><span style=\"font-size: 10pt;\"><strong>\u00a0<\/strong>\u00a0<\/span><\/p>\n<table width=\"618\">\n<tbody>\n<tr>\n<td width=\"302\">Meno modela<\/td>\n<td width=\"302\">Brok\u00e1tov\u00e9 \u0161aty Evita<\/td>\n<\/tr>\n<tr>\n<td width=\"302\">Farba<\/td>\n<td width=\"302\">Tyrkysov\u00e1 \/ Morsk\u00e1 \/<\/td>\n<\/tr>\n<tr>\n<td width=\"302\">\u0160tiepenie<\/td>\n<td width=\"302\">\u201eV\u201d<\/td>\n<\/tr>\n<tr>\n<td width=\"302\">ve\u013ekosti<\/td>\n<td width=\"302\">\u00a044 46 48 50 52<\/td>\n<\/tr>\n<tr>\n<td width=\"302\">M\u00f3da<\/td>\n<td width=\"302\">Vzplanul<\/td>\n<\/tr>\n<tr>\n<td width=\"302\">Materi\u00e1l<\/td>\n<td width=\"302\">Visk\u00f3za, polyester, bavlna<\/td>\n<\/tr>\n<tr>\n<td width=\"302\">D\u013a\u017eka<\/td>\n<td width=\"302\">Na zem<\/td>\n<\/tr>\n<\/tbody>\n<\/table>\n<p style=\"text-align: center;\"><span style=\"font-size: 10pt;\">\u00a0<\/span><\/p>\n<p>&nbsp;<\/p>\n<p style=\"text-align: center;\"><span style=\"font-size: 10pt;\">Aby ste si vybrali <strong>perfektn\u00e9 \u0161aty<\/strong> kontaktujte n\u00e1s telefonicky alebo prostredn\u00edctvom na\u0161ej webovej str\u00e1nky <a href=\"https:\/\/www.facebook.com\/madelinefashionbutik\" target=\"_blank\" rel=\"noopener\">Facebook<\/a> .<\/span><br \/>\n<span style=\"font-size: 10pt;\">N\u00e1\u0161 t\u00edm v\u00e1m pom\u00f4\u017ee <strong>Vyberte si ten spr\u00e1vny<\/strong> . <strong>Na \u017eelanie kupuj\u00faceho vyrob\u00edme ak\u00e9ko\u013evek \u0161aty\u00a0<\/strong><strong>opatrne mera\u0165.\u00a0<\/strong><\/span><\/p>\n<div class=\"additional-details\" style=\"text-align: center;\">\n<p style=\"text-align: center;\"><span style=\"font-size: 10pt;\">\u00a0<\/span><\/p>\n<\/div>","protected":false},"excerpt":{"rendered":"<p>Sukienka Evita Brokatowa Turkusowa \u00a0Wieczorowa suknia maxi wykonana z delikatnej, swobodnie uk\u0142adaj\u0105cej si\u0119 tkaniny. Modny fason podkre\u015blaj\u0105cy kobiec\u0105 sylwetk\u0119. EVITA z paseczkiem to niezwykle kobieca d\u0142uga suknia z szyfonowym r\u0119kawkiem, fason podkre\u015blaj\u0105cy kobiec\u0105 sylwetk\u0119. Efektowne drapowanie z przodu, wysmuklaj\u0105cy szyj\u0119 kopertowy dekolt oraz d\u0142ugie dodaj\u0105ce seksapilu p\u0119kni\u0119cie na nodze. Wygodna, lekko elastyczna, \u015bwietnie dopasowuj\u0105ca si\u0119<\/p>\n<div class=\"klb-readmore post-buttons\"><a class=\"button black outline size-sm\" href=\"https:\/\/madelinefashion.pl\/sk\/sukienka-evita-brokatowa-turkusowa\/\">\u010c\u00edta\u0165 \u010falej <i class=\"klbth-icon-right-arrow\"><\/i><\/a><\/div>","protected":false},"featured_media":525696,"template":"","meta":[],"product_brand":[],"product_cat":[124,395,560,564],"product_tag":[385,163,261],"class_list":{"0":"post-527565","1":"product","2":"type-product","3":"status-publish","4":"has-post-thumbnail","6":"product_cat-sukienki-okolicznosciowe","7":"product_cat-nowosci","8":"product_cat-sukienki-brokatowe","9":"product_cat-sukienki-plus-size","10":"product_tag-plus-size","11":"product_tag-sukienki-dlugie","12":"product_tag-sukienki-niebieskie","14":"first","15":"instock","16":"purchasable","17":"product-type-variable"},"_links":{"self":[{"href":"https:\/\/madelinefashion.pl\/sk\/wp-json\/wp\/v2\/product\/527565","targetHints":{"allow":["GET"]}}],"collection":[{"href":"https:\/\/madelinefashion.pl\/sk\/wp-json\/wp\/v2\/product"}],"about":[{"href":"https:\/\/madelinefashion.pl\/sk\/wp-json\/wp\/v2\/types\/product"}],"wp:featuredmedia":[{"embeddable":true,"href":"https:\/\/madelinefashion.pl\/sk\/wp-json\/wp\/v2\/media\/525696"}],"wp:attachment":[{"href":"https:\/\/madelinefashion.pl\/sk\/wp-json\/wp\/v2\/media?parent=527565"}],"wp:term":[{"taxonomy":"product_brand","embeddable":true,"href":"https:\/\/madelinefashion.pl\/sk\/wp-json\/wp\/v2\/product_brand?post=527565"},{"taxonomy":"product_cat","embeddable":true,"href":"https:\/\/madelinefashion.pl\/sk\/wp-json\/wp\/v2\/product_cat?post=527565"},{"taxonomy":"product_tag","embeddable":true,"href":"https:\/\/madelinefashion.pl\/sk\/wp-json\/wp\/v2\/product_tag?post=527565"}],"curies":[{"name":"pracovn\u00fd list","href":"https:\/\/api.w.org\/{rel}","templated":true}]}}