{"id":527717,"date":"2024-04-30T15:19:22","date_gmt":"2024-04-30T13:19:22","guid":{"rendered":"https:\/\/madelinefashion.pl\/?post_type=product&#038;p=527717"},"modified":"2026-04-20T18:53:14","modified_gmt":"2026-04-20T16:53:14","slug":"sukienka-hiszpanka-satynowa-biala-slubna","status":"publish","type":"product","link":"https:\/\/madelinefashion.pl\/sk\/sukienka-hiszpanka-satynowa-biala-slubna\/","title":{"rendered":"Biele sat\u00e9nov\u00e9 svadobn\u00e9 \u0161aty"},"content":{"rendered":"<h3 style=\"text-align: center;\">Biele sat\u00e9nov\u00e9 svadobn\u00e9 \u0161aty<\/h3>\n<p style=\"text-align: center;\">Tieto biele maxi \u0161aty s\u00fa elegantnou vo\u013ebou na svadby, ob\u010dianske obrady, stu\u017ekov\u00e9 a in\u00e9 \u0161peci\u00e1lne pr\u00edle\u017eitosti. Korzetov\u00fd vrch kr\u00e1sne zv\u00fdraz\u0148uje ramen\u00e1 a dekolt, zatia\u013e \u010do roz\u0161\u00edren\u00e1 suk\u0148a dod\u00e1va \u013eahk\u00fd a o\u010daruj\u00faci n\u00e1dych. Tento model zaujme svoj\u00edm \u017eensk\u00fdm strihom, zav\u00e4zovan\u00edm vzadu a jemn\u00fdm leskom. Ide\u00e1lne pre \u017eeny, ktor\u00e9 h\u013eadaj\u00fa \u0161t\u00fdlov\u00e9 a elegantn\u00e9 ve\u010dern\u00e9 \u0161aty.<\/p>\n<h3 style=\"text-align: center;\">ROZMERY \u0161iat:<\/h3>\n<div><\/div>\n<table width=\"556\">\n<tbody>\n<tr>\n<td width=\"202\"><strong>VE\u013dKOS\u0164<\/strong><\/td>\n<td><strong>poprsia<\/strong><\/td>\n<td><strong>P\u00e1s<\/strong><\/td>\n<td><strong>Boky<\/strong><\/td>\n<\/tr>\n<tr>\n<td width=\"202\"><strong>36<\/strong><\/td>\n<td>88-90<\/td>\n<td>68<\/td>\n<td>\u00a0Ak\u00e9ko\u013evek<\/td>\n<\/tr>\n<tr>\n<td width=\"202\"><strong>38<\/strong><\/td>\n<td>92-94<\/td>\n<td>72<\/td>\n<td>\u00a0Ak\u00e9ko\u013evek<\/td>\n<\/tr>\n<tr>\n<td width=\"202\"><strong>40<\/strong><\/td>\n<td>96-98<\/td>\n<td>76<\/td>\n<td>\u00a0Ak\u00e9ko\u013evek<\/td>\n<\/tr>\n<tr>\n<td width=\"202\"><strong>42<\/strong><\/td>\n<td>100-104<\/td>\n<td>80<\/td>\n<td>\u00a0Ak\u00e9ko\u013evek<\/td>\n<\/tr>\n<tr>\n<td width=\"202\"><strong>44<\/strong><\/td>\n<td>102-106<\/td>\n<td>86<\/td>\n<td>\u00a0Ak\u00e9ko\u013evek<\/td>\n<\/tr>\n<tr>\n<td width=\"202\"><strong>46<\/strong><\/td>\n<td>106-110<\/td>\n<td>88<\/td>\n<td>\u00a0Ak\u00e9ko\u013evek<\/td>\n<\/tr>\n<tr>\n<td width=\"202\"><strong>48<\/strong><\/td>\n<td>110-112<\/td>\n<td>92<\/td>\n<td>\u00a0Ak\u00e9ko\u013evek<\/td>\n<\/tr>\n<\/tbody>\n<\/table>\n<p style=\"text-align: center;\"><span style=\"font-size: 10pt;\">celkov\u00e1 d\u013a\u017eka cca 157 cm <\/span>(\u0161aty sa daj\u00fa skr\u00e1ti\u0165 pod\u013ea vlastnej chuti)<\/p>\n<p style=\"text-align: center;\"><span style=\"font-size: 10pt;\">\u0160aty s\u00fa dostupn\u00e9 aj v in\u00fdch farb\u00e1ch - odpor\u00fa\u010dame v\u00e1m zozn\u00e1mi\u0165 sa s na\u0161imi \u010fal\u0161\u00edmi produktmi.<\/span><\/p>\n<p style=\"text-align: center;\"><span style=\"font-size: 10pt;\">Rozmery sa m\u00f4\u017eu mierne l\u00ed\u0161i\u0165 od uveden\u00fdch +\/- 2cm.\u00a0<\/span><\/p>\n<p style=\"text-align: center;\"><span style=\"font-size: 10pt;\"><strong>\u00a0<\/strong>\u00a0<\/span><\/p>\n<table width=\"620\">\n<tbody>\n<tr>\n<td width=\"302\">Meno modela<\/td>\n<td width=\"302\">Sat\u00e9nov\u00e9 \u0161panielske \u0161aty Darla<\/td>\n<\/tr>\n<tr>\n<td width=\"302\">Farba<\/td>\n<td width=\"302\">biely<\/td>\n<\/tr>\n<tr>\n<td width=\"302\">Ruk\u00e1v<\/td>\n<td width=\"302\">Nie<\/td>\n<\/tr>\n<tr>\n<td width=\"302\">ve\u013ekosti<\/td>\n<td width=\"302\">36 38 40 42 44 46 48<\/td>\n<\/tr>\n<tr>\n<td width=\"302\">M\u00f3da<\/td>\n<td width=\"302\">Zhoda<\/td>\n<\/tr>\n<tr>\n<td width=\"302\">Materi\u00e1l<\/td>\n<td width=\"302\">Visk\u00f3za, Polyester,<\/td>\n<\/tr>\n<tr>\n<td width=\"302\">D\u013a\u017eka<\/td>\n<td width=\"302\">Na zem<\/td>\n<\/tr>\n<\/tbody>\n<\/table>\n<p style=\"text-align: center;\"><span style=\"font-size: 10pt;\">\u00a0<\/span><\/p>\n<p style=\"text-align: center;\"><span style=\"font-size: 10pt;\">Aby ste si vybrali <strong>perfektn\u00e9 \u0161aty<\/strong> kontaktujte n\u00e1s telefonicky alebo prostredn\u00edctvom na\u0161ej webovej str\u00e1nky <a href=\"https:\/\/www.facebook.com\/madelinefashionbutik\" target=\"_blank\" rel=\"noopener\">Facebook<\/a> .<\/span><br \/>\n<span style=\"font-size: 10pt;\">N\u00e1\u0161 t\u00edm v\u00e1m pom\u00f4\u017ee <strong>Vyberte si ten spr\u00e1vny<\/strong> . <strong>Na \u017eelanie kupuj\u00faceho vyrob\u00edme ak\u00e9ko\u013evek \u0161aty\u00a0<\/strong><strong>opatrne mera\u0165.\u00a0<\/strong><\/span><\/p>\n<div class=\"additional-details\" style=\"text-align: center;\">\n<p style=\"text-align: center;\"><span style=\"font-size: 10pt;\">\u00a0<\/span><\/p>\n<\/div>","protected":false},"excerpt":{"rendered":"<p>Tieto biele maxi \u0161aty s\u00fa elegantnou vo\u013ebou na svadbu, ob\u010diansky obrad, stu\u017ekov\u00fa alebo in\u00fa \u0161peci\u00e1lnu pr\u00edle\u017eitos\u0165. Korzetov\u00fd vrch kr\u00e1sne zv\u00fdraz\u0148uje ramen\u00e1 a dekolt, zatia\u013e \u010do roz\u0161\u00edren\u00e1 suk\u0148a dod\u00e1va n\u00e1dych \u013eahkosti a v\u00fdrazn\u00e9ho vzh\u013eadu. Tento model zaujme svoj\u00edm \u017eensk\u00fdm strihom, zav\u00e4zovan\u00edm vzadu a jemn\u00fdm leskom. Ide\u00e1lne pre \u017eeny, ktor\u00e9 h\u013eadaj\u00fa \u0161t\u00fdlov\u00e9 a elegantn\u00e9 \u0161aty.<\/p>\n<div class=\"klb-readmore post-buttons\"><a class=\"button black outline size-sm\" href=\"https:\/\/madelinefashion.pl\/sk\/sukienka-hiszpanka-satynowa-biala-slubna\/\">\u010c\u00edta\u0165 \u010falej <i class=\"klbth-icon-right-arrow\"><\/i><\/a><\/div>","protected":false},"featured_media":598598,"template":"","meta":[],"product_brand":[],"product_cat":[124,395,566,632],"product_tag":[385,163,535],"class_list":{"0":"post-527717","1":"product","2":"type-product","3":"status-publish","4":"has-post-thumbnail","6":"product_cat-sukienki-okolicznosciowe","7":"product_cat-nowosci","8":"product_cat-suknie-slubne","9":"product_cat-suknie-slubne-rozkloszowane","10":"product_tag-plus-size","11":"product_tag-sukienki-dlugie","12":"product_tag-zielone-sukienki","14":"first","15":"instock","16":"purchasable","17":"product-type-variable"},"_links":{"self":[{"href":"https:\/\/madelinefashion.pl\/sk\/wp-json\/wp\/v2\/product\/527717","targetHints":{"allow":["GET"]}}],"collection":[{"href":"https:\/\/madelinefashion.pl\/sk\/wp-json\/wp\/v2\/product"}],"about":[{"href":"https:\/\/madelinefashion.pl\/sk\/wp-json\/wp\/v2\/types\/product"}],"wp:featuredmedia":[{"embeddable":true,"href":"https:\/\/madelinefashion.pl\/sk\/wp-json\/wp\/v2\/media\/598598"}],"wp:attachment":[{"href":"https:\/\/madelinefashion.pl\/sk\/wp-json\/wp\/v2\/media?parent=527717"}],"wp:term":[{"taxonomy":"product_brand","embeddable":true,"href":"https:\/\/madelinefashion.pl\/sk\/wp-json\/wp\/v2\/product_brand?post=527717"},{"taxonomy":"product_cat","embeddable":true,"href":"https:\/\/madelinefashion.pl\/sk\/wp-json\/wp\/v2\/product_cat?post=527717"},{"taxonomy":"product_tag","embeddable":true,"href":"https:\/\/madelinefashion.pl\/sk\/wp-json\/wp\/v2\/product_tag?post=527717"}],"curies":[{"name":"pracovn\u00fd list","href":"https:\/\/api.w.org\/{rel}","templated":true}]}}