{"id":531390,"date":"2024-05-24T12:19:21","date_gmt":"2024-05-24T10:19:21","guid":{"rendered":"https:\/\/madelinefashion.pl\/?post_type=product&#038;p=531390"},"modified":"2026-04-10T12:03:01","modified_gmt":"2026-04-10T10:03:01","slug":"bluzka-hiszpanka-pawie-oko-niebieska","status":"publish","type":"product","link":"https:\/\/madelinefashion.pl\/sk\/bluzka-hiszpanka-pawie-oko-niebieska\/","title":{"rendered":"\u0160panielska bl\u00fazka Peacock Eye Blue"},"content":{"rendered":"<h3 style=\"text-align: center;\">\u0160panielska bl\u00fazka Peacock Eye Blue<\/h3>\n<p style=\"text-align: center;\"><span style=\"font-size: 10pt;\"><strong>\u0160if\u00f3nov\u00e1 bl\u00fazka s per\u00edm<\/strong> s 3\/4 ruk\u00e1vmi. Bl\u00fazka m\u00e1 na chrbte lodi\u010dkov\u00fd v\u00fdstrih. Bl\u00fazka je zdoben\u00e1 potla\u010dou pierok, ktor\u00e1 vytv\u00e1ra jedine\u010dn\u00fd vzor. Univerz\u00e1lny model - ide\u00e1lny na r\u00f4zne pr\u00edle\u017eitosti so suk\u0148ou a sakom, ako aj na ka\u017edodenn\u00e9 nosenie s nohavicami. Univerz\u00e1lna ve\u013ekos\u0165. Odpor\u00fa\u010dan\u00e1 ve\u013ekos\u0165 pre \u017eeny.<strong> SML XL\u00a0<\/strong><\/span><\/p>\n<h3 style=\"text-align: center;\">\u00a0 \u00a0 \u00a0Rozmery:<\/h3>\n<p style=\"text-align: center;\"><span style=\"font-size: 10pt;\">\u00a0<\/span><\/p>\n<ul style=\"text-align: center;\">\n<li><span style=\"font-size: 10pt;\">\u00a0\u00a0\u00a0\u00a0\u00a0\u00a0\u00a0 celkov\u00e1 d\u013a\u017eka: 71 cm<br \/>\n<\/span><\/li>\n<li><span style=\"font-size: 10pt;\">\u00a0\u00a0\u00a0\u00a0\u00a0\u00a0\u00a0 \u0161\u00edrka od pazuchy k pazuche: 56-65 cm<\/span><\/li>\n<li><\/li>\n<\/ul>\n<p style=\"text-align: center;\"><span style=\"font-size: 10pt;\">Rozmery sa m\u00f4\u017eu mierne l\u00ed\u0161i\u0165 od uveden\u00fdch +\/- 2cm. V\u0161etky uveden\u00e9 rozmery s\u00fa meran\u00e9 plo\u0161ne. rozmer x2<\/span><\/p>\n<p style=\"text-align: center;\"><span style=\"font-size: 10pt;\">\u00a0<\/span><\/p>\n<p style=\"text-align: center;\"><span style=\"font-size: 10pt;\">\u00a0<\/span><\/p>\n<table>\n<tbody>\n<tr>\n<td width=\"302\">Meno modela<\/td>\n<td width=\"302\">Bl\u00fazka s \u0161panielskym p\u00e1v\u00edm okom<\/td>\n<\/tr>\n<tr>\n<td width=\"302\">Farba<\/td>\n<td width=\"302\">Modr\u00e1<\/td>\n<\/tr>\n<tr>\n<td width=\"302\">ve\u013ekosti<\/td>\n<td width=\"302\">Univerz\u00e1lny<\/td>\n<\/tr>\n<tr>\n<td width=\"302\">M\u00f3da<\/td>\n<td width=\"302\">nadrozmern\u00e9<\/td>\n<\/tr>\n<tr>\n<td width=\"302\">Materi\u00e1l<\/td>\n<td width=\"302\">Polyester 100%<\/td>\n<\/tr>\n<\/tbody>\n<\/table>\n<p style=\"text-align: center;\"><span style=\"font-size: 10pt;\">\u00a0<\/span><\/p>\n<p style=\"text-align: center;\">\u00a0Modelka je vysok\u00e1 165 cm a zvy\u010dajne nos\u00ed ve\u013ekos\u0165 hore <strong>S<br \/>\n<\/strong><\/p>\n<p style=\"text-align: center;\">\u0160\u00edrka cez prsia 92 cm<\/p>\n<p style=\"text-align: center;\">\u0160\u00edrka v p\u00e1se 62 cm<\/p>\n<p style=\"text-align: center;\">\u0160\u00edrka v bokoch 94 cm<\/p>\n<p style=\"text-align: center;\"><strong>\u00a0<\/strong><\/p>\n<p style=\"text-align: center;\"><span style=\"font-size: 10pt;\">\u00a0<\/span><\/p>\n<p style=\"text-align: center;\"><span style=\"font-size: 10pt;\">\u00a0<\/span><\/p>\n<p style=\"text-align: center;\"><span style=\"font-size: 10pt;\">\u00a0<\/span><\/p>","protected":false},"excerpt":{"rendered":"<p>Bl\u00fazka z\u00a0\u0161if\u00f3nu v\u00a0modrom preveden\u00ed s\u00a0p\u00e1v\u00edm okom a\u00a0pierkami m\u00e1 3\/4 ruk\u00e1vy. Bl\u00fazka m\u00e1 na chrbte v\u00fdstrih v\u00a0tvare bateau. Bl\u00fazka je zdoben\u00e1 potla\u010dou pierok, ktor\u00e1 vytv\u00e1ra jedine\u010dn\u00fd vzor. Tento v\u0161estrann\u00fd \u0161t\u00fdl je ide\u00e1lny na r\u00f4zne pr\u00edle\u017eitosti, v\u00a0kombin\u00e1cii so suk\u0148ou alebo sakom, alebo na ka\u017edodenn\u00e9 nosenie s\u00a0nohavicami. Univerz\u00e1lna ve\u013ekos\u0165. Odpor\u00fa\u010da sa pre \u017eeny vo ve\u013ekosti S.<\/p>\n<div class=\"klb-readmore post-buttons\"><a class=\"button black outline size-sm\" href=\"https:\/\/madelinefashion.pl\/sk\/bluzka-hiszpanka-pawie-oko-niebieska\/\">\u010c\u00edta\u0165 \u010falej <i class=\"klbth-icon-right-arrow\"><\/i><\/a><\/div>","protected":false},"featured_media":530806,"template":"","meta":[],"product_brand":[],"product_cat":[77],"product_tag":[479],"class_list":{"0":"post-531390","1":"product","2":"type-product","3":"status-publish","4":"has-post-thumbnail","6":"product_cat-bluzki","7":"product_tag-bluzki-z-krotkim-rekawem","9":"first","10":"outofstock","11":"sale","12":"purchasable","13":"product-type-simple"},"_links":{"self":[{"href":"https:\/\/madelinefashion.pl\/sk\/wp-json\/wp\/v2\/product\/531390","targetHints":{"allow":["GET"]}}],"collection":[{"href":"https:\/\/madelinefashion.pl\/sk\/wp-json\/wp\/v2\/product"}],"about":[{"href":"https:\/\/madelinefashion.pl\/sk\/wp-json\/wp\/v2\/types\/product"}],"wp:featuredmedia":[{"embeddable":true,"href":"https:\/\/madelinefashion.pl\/sk\/wp-json\/wp\/v2\/media\/530806"}],"wp:attachment":[{"href":"https:\/\/madelinefashion.pl\/sk\/wp-json\/wp\/v2\/media?parent=531390"}],"wp:term":[{"taxonomy":"product_brand","embeddable":true,"href":"https:\/\/madelinefashion.pl\/sk\/wp-json\/wp\/v2\/product_brand?post=531390"},{"taxonomy":"product_cat","embeddable":true,"href":"https:\/\/madelinefashion.pl\/sk\/wp-json\/wp\/v2\/product_cat?post=531390"},{"taxonomy":"product_tag","embeddable":true,"href":"https:\/\/madelinefashion.pl\/sk\/wp-json\/wp\/v2\/product_tag?post=531390"}],"curies":[{"name":"pracovn\u00fd list","href":"https:\/\/api.w.org\/{rel}","templated":true}]}}