{"id":535793,"date":"2024-06-26T15:07:08","date_gmt":"2024-06-26T13:07:08","guid":{"rendered":"https:\/\/madelinefashion.pl\/?post_type=product&#038;p=535793"},"modified":"2026-04-24T13:30:17","modified_gmt":"2026-04-24T11:30:17","slug":"bolerko-krotkie-dopasowane-charlot-bezowe","status":"publish","type":"product","link":"https:\/\/madelinefashion.pl\/sk\/bolerko-krotkie-dopasowane-charlot-bezowe\/","title":{"rendered":"Kr\u00e1tke priliehav\u00e9 bolerko b\u00e9\u017eovej farby"},"content":{"rendered":"<h3 style=\"text-align: center;\">Kr\u00e1tke priliehav\u00e9 bolerko b\u00e9\u017eovej farby<\/h3>\n<p style=\"text-align: center;\"><strong>Bolero <\/strong>Tento klasick\u00fd model sa odpor\u00fa\u010da ako \u0161t\u00fdlov\u00fd doplnok. Materi\u00e1l je hrub\u0161\u00ed a ve\u013emi elegantn\u00fd. Vysokokvalitn\u00e9 materi\u00e1ly. <strong>Klasick\u00e9 bolerko<\/strong> v tv\u00e1ri a m\u00f3dnom odtieni<strong>\u00a0<\/strong>mus\u00ed n\u00e1js\u0165 miesto vo va\u0161om \u0161atn\u00edku - najm\u00e4 ak h\u013ead\u00e1te spestrenie minimalistick\u00fdch setov.<br \/>\n<strong>Vysoko kvalitn\u00fd materi\u00e1l<\/strong>, Materi\u00e1l, z ktor\u00e9ho je bunda vyroben\u00e1, zaru\u010duje odolnos\u0165 a umo\u017e\u0148uje jej vydr\u017ea\u0165 mnoho sez\u00f3n. Tento nad\u010dasov\u00fd model v\u00e1m vydr\u017e\u00ed mnoho rokov a mo\u017eno ho nosi\u0165 r\u00f4znymi sp\u00f4sobmi a pri r\u00f4znych pr\u00edle\u017eitostiach.<\/p>\n<p>&nbsp;<\/p>\n<h3 style=\"text-align: center;\">Rozmery:<\/h3>\n<p style=\"text-align: center;\"><strong>S\/36<\/strong><\/p>\n<p style=\"text-align: center;\">Od podpazu\u0161ia k podpazu\u0161iu 34 cm - 50 cm<br \/>\nCelkov\u00e1 d\u013a\u017eka 38 cm<br \/>\n\u0160\u00edrka p\u00e1su 35-43<br \/>\nD\u013a\u017eka ruk\u00e1va od podpazu\u0161ia 45 cm<br \/>\nD\u013a\u017eka ruk\u00e1va od ramena 58 cm<\/p>\n<p>&nbsp;<\/p>\n<p style=\"text-align: center;\"><strong>M\/38<\/strong><\/p>\n<p style=\"text-align: center;\">Od podpazu\u0161ia k podpazu\u0161iu 36 cm - 52 cm<br \/>\nCelkov\u00e1 d\u013a\u017eka 38 cm<br \/>\n\u0160\u00edrka p\u00e1su 37-45<br \/>\nD\u013a\u017eka ruk\u00e1va od podpazu\u0161ia 46 cm<br \/>\nD\u013a\u017eka ruk\u00e1va od ramena 59 cm<\/p>\n<p style=\"text-align: center;\"><strong>L\/40<\/strong><\/p>\n<p style=\"text-align: center;\">Od podpazu\u0161ia k podpazu\u0161iu 38 cm - 54 cm<br \/>\nCelkov\u00e1 d\u013a\u017eka 39 cm<br \/>\n\u0160\u00edrka p\u00e1su 39-47<br \/>\nD\u013a\u017eka ruk\u00e1va od podpazu\u0161ia 47 cm<br \/>\nD\u013a\u017eka ruk\u00e1va od ramena 60 cm<\/p>\n<p>&nbsp;<\/p>\n<p>&nbsp;<\/p>\n<p style=\"text-align: center;\">Rozmery sa m\u00f4\u017eu l\u00ed\u0161i\u0165 od uveden\u00fdch +\/- 2cm. V\u0161etky uveden\u00e9 rozmery s\u00fa meran\u00e9 plo\u0161ne. Rozmer <strong>x2<\/strong><\/p>\n<p>&nbsp;<\/p>\n<p>&nbsp;<\/p>\n<p style=\"text-align: center;\"><strong>\u00a0<\/strong><\/p>\n<table>\n<tbody>\n<tr>\n<td width=\"302\">Meno modela<\/td>\n<td width=\"302\">Kr\u00e1tke priliehav\u00e9 bolerko Charlot<\/td>\n<\/tr>\n<tr>\n<td width=\"302\">Farba<\/td>\n<td width=\"302\">Bez<\/td>\n<\/tr>\n<tr>\n<td width=\"302\">ve\u013ekosti<\/td>\n<td width=\"302\">Univerz\u00e1lny<\/td>\n<\/tr>\n<tr>\n<td width=\"302\">M\u00f3da<\/td>\n<td width=\"302\">Elegantn\u00fd<\/td>\n<\/tr>\n<tr>\n<td width=\"302\">Materi\u00e1l<\/td>\n<td width=\"302\">97% polyester 3% spandex<\/td>\n<\/tr>\n<\/tbody>\n<\/table>\n<p style=\"text-align: center;\">","protected":false},"excerpt":{"rendered":"<p>Bolerko Kr\u00f3tkie Dopasowane Charlot Be\u017cowe Bolerko to klasyczny model\u00a0 polecany jako dope\u0142nienie stylizacji. Materia\u0142 grubszy, bardzo elegancki. Wysoka jako\u015b\u0107 materia\u0142u. Klasyczne bolerko w twarzowym i modnym odcieniu\u00a0musi znale\u017a\u0107 miejsce w Twojej garderobie \u2013 szczeg\u00f3lnie je\u015bli poszukujesz urozmaicenia minimalistycznych zestaw\u00f3w. Wysoka jako\u015b\u0107 materia\u0142u, z kt\u00f3rego wykonana jest marynarka gwarantuje trwa\u0142o\u015b\u0107 produktu i powoduje, \u017ce mo\u017ce on<\/p>\n<div class=\"klb-readmore post-buttons\"><a class=\"button black outline size-sm\" href=\"https:\/\/madelinefashion.pl\/sk\/bolerko-krotkie-dopasowane-charlot-bezowe\/\">\u010c\u00edta\u0165 \u010falej <i class=\"klbth-icon-right-arrow\"><\/i><\/a><\/div>","protected":false},"featured_media":535755,"template":"","meta":[],"product_brand":[],"product_cat":[95,116,395],"product_tag":[],"class_list":{"0":"post-535793","1":"product","2":"type-product","3":"status-publish","4":"has-post-thumbnail","6":"product_cat-marynarki-i-zakiety","7":"product_cat-bolerka","8":"product_cat-nowosci","9":"pa_rozmiar-m-38","10":"pa_rozmiar-l-40","11":"pa_rozmiar-s-36","13":"first","14":"instock","15":"purchasable","16":"product-type-variable"},"_links":{"self":[{"href":"https:\/\/madelinefashion.pl\/sk\/wp-json\/wp\/v2\/product\/535793","targetHints":{"allow":["GET"]}}],"collection":[{"href":"https:\/\/madelinefashion.pl\/sk\/wp-json\/wp\/v2\/product"}],"about":[{"href":"https:\/\/madelinefashion.pl\/sk\/wp-json\/wp\/v2\/types\/product"}],"wp:featuredmedia":[{"embeddable":true,"href":"https:\/\/madelinefashion.pl\/sk\/wp-json\/wp\/v2\/media\/535755"}],"wp:attachment":[{"href":"https:\/\/madelinefashion.pl\/sk\/wp-json\/wp\/v2\/media?parent=535793"}],"wp:term":[{"taxonomy":"product_brand","embeddable":true,"href":"https:\/\/madelinefashion.pl\/sk\/wp-json\/wp\/v2\/product_brand?post=535793"},{"taxonomy":"product_cat","embeddable":true,"href":"https:\/\/madelinefashion.pl\/sk\/wp-json\/wp\/v2\/product_cat?post=535793"},{"taxonomy":"product_tag","embeddable":true,"href":"https:\/\/madelinefashion.pl\/sk\/wp-json\/wp\/v2\/product_tag?post=535793"}],"curies":[{"name":"pracovn\u00fd list","href":"https:\/\/api.w.org\/{rel}","templated":true}]}}