{"id":535806,"date":"2024-06-26T15:17:49","date_gmt":"2024-06-26T13:17:49","guid":{"rendered":"https:\/\/madelinefashion.pl\/?post_type=product&#038;p=535806"},"modified":"2025-10-14T12:11:40","modified_gmt":"2025-10-14T10:11:40","slug":"spodnica-bandazowa-z-zlotymi-guzikami-charlot-bezowa","status":"publish","type":"product","link":"https:\/\/madelinefashion.pl\/sk\/spodnica-bandazowa-z-zlotymi-guzikami-charlot-bezowa\/","title":{"rendered":"B\u00e9\u017eov\u00e1 band\u00e1\u017eov\u00e1 suk\u0148a Charlot so zlat\u00fdmi gomb\u00edkmi"},"content":{"rendered":"<h3 style=\"text-align: center;\">B\u00e9\u017eov\u00e1 band\u00e1\u017eov\u00e1 suk\u0148a Charlot so zlat\u00fdmi gomb\u00edkmi<\/h3>\n<p style=\"text-align: center;\"><span style=\"font-family: arial, helvetica, sans-serif; font-size: 10pt;\"><strong>Band\u00e1\u017eov\u00e1 suk\u0148a<\/strong> dokonale <strong>zd\u00f4raz\u0148uje \u017eensk\u00e9 tvary<\/strong>. Suk\u0148a m\u00e1 elastick\u00fd p\u00e1s a ve\u013emi elastick\u00fd strih. Je to bestseller v na\u0161om butiku. Suk\u0148a je skuto\u010dn\u00fdm hitom u blogerov a celebr\u00edt. <\/span><span style=\"font-size: 10pt;\">\u00a0V na\u0161ej sukni sa v\u017edy predstav\u00edte <strong>pr\u00ed\u0165a\u017elivo<\/strong>. <\/span><span style=\"font-size: 10pt;\"><strong>Vytvorte perfektn\u00fd set<\/strong> s na\u0161im <a href=\"https:\/\/madelinefashion.pl\/sk\/bluzki-2\/bluzki\/\">bl\u00fazky<\/a> a <a href=\"https:\/\/madelinefashion.pl\/sk\/body\/\">bodami<\/a>. . Ur\u010dite v na\u0161om online butiku n\u00e1jdete t\u00fa spr\u00e1vnu kombin\u00e1ciu s <strong>suk\u0148a<\/strong>. Odpor\u00fa\u010dan\u00e9 pre \u017eeny vo ve\u013ekostiach XS, S, M<\/span><\/p>\n<h3 style=\"text-align: center;\">Rozmery:<\/h3>\n<p style=\"text-align: center;\"><strong>S\/36<\/strong><br \/>\n\u0160\u00edrka p\u00e1su (guma): 34-41 cm<br \/>\nCelkov\u00e1 d\u013a\u017eka: 64 cm<\/p>\n<p style=\"text-align: center;\"><strong>M\/38<\/strong><br \/>\n\u0160\u00edrka p\u00e1su (guma): 36-43 cm<br \/>\nCelkov\u00e1 d\u013a\u017eka: 65 cm<\/p>\n<p style=\"text-align: center;\"><strong>L\/40<\/strong><br \/>\n\u0160\u00edrka p\u00e1su (guma): 38-45 cm<br \/>\nCelkov\u00e1 d\u013a\u017eka: 66 cm<\/p>\n<p style=\"text-align: center;\"><span style=\"font-size: 10pt;\">Rozmery sa m\u00f4\u017eu mierne l\u00ed\u0161i\u0165 od uveden\u00fdch +\/- 2cm. V\u0161etky uveden\u00e9 rozmery s\u00fa meran\u00e9 plo\u0161ne.<\/span><\/p>\n<p style=\"text-align: center;\"><span style=\"font-size: 10pt;\">\u00a0<\/span><\/p>\n<table>\n<tbody>\n<tr>\n<td width=\"302\">Meno Produktu<\/td>\n<td width=\"302\">Band\u00e1\u017eov\u00e1 suk\u0148a Charlot so zlat\u00fdmi gomb\u00edkmi<\/td>\n<\/tr>\n<tr>\n<td width=\"302\">Farba<\/td>\n<td width=\"302\">Bez<\/td>\n<\/tr>\n<tr>\n<td width=\"302\">ve\u013ekosti<\/td>\n<td width=\"302\">Univerz\u00e1lny<\/td>\n<\/tr>\n<tr>\n<td width=\"302\">M\u00f3da<\/td>\n<td width=\"302\">Na mieru<\/td>\n<\/tr>\n<tr>\n<td width=\"302\">Materi\u00e1l<\/td>\n<td width=\"302\">97 % Polyester 3 % Spandex<\/td>\n<\/tr>\n<\/tbody>\n<\/table>\n<p>&nbsp;<\/p>\n<p style=\"text-align: center;\">Model m\u00e1\u00a0<strong>169<\/strong>\u00a0cm vysok\u00fd, nos\u00ed ve\u013ekos\u0165 ka\u017ed\u00fd de\u0148\u00a0<strong>S<\/strong><\/p>\n<p style=\"text-align: center;\">\u0160\u00edrka hrudn\u00edka 91 cm<\/p>\n<p style=\"text-align: center;\">\u0160\u00edrka p\u00e1su 71 cm<\/p>\n<p style=\"text-align: center;\">\u0160\u00edrka bokov 96 cm<\/p>\n<p style=\"text-align: center;\"><span style=\"font-size: 10pt;\">\u00a0<\/span><\/p>\n<p style=\"text-align: center;\"><span style=\"font-size: 10pt;\">\u00a0<\/span><\/p>","protected":false},"excerpt":{"rendered":"<p>Sp\u00f3dnica Banda\u017cowa Z Z\u0142otymi Guzikami Charlot Be\u017cowa Sp\u00f3dnica banda\u017cowa idealnie podkre\u015bla kobiece kszta\u0142ty. Sp\u00f3dnica ma gumk\u0119, mocno elastyczna dopasowana. Jest to\u00a0 bestseler w naszym butiku. Sp\u00f3dnica jest prawdziwym hitem w\u015br\u00f3d blogerek i gwiazd. \u00a0W naszej sp\u00f3dnicy zawsze b\u0119dziesz si\u0119\u00a0 prezentowa\u0107 atrakcyjnie. Stw\u00f3rz idealny zestaw z naszymi bluzkami i bodami. . ,\u00a0 Z pewno\u015bci\u0105 w naszym<\/p>\n<div class=\"klb-readmore post-buttons\"><a class=\"button black outline size-sm\" href=\"https:\/\/madelinefashion.pl\/sk\/spodnica-bandazowa-z-zlotymi-guzikami-charlot-bezowa\/\">\u010c\u00edta\u0165 \u010falej <i class=\"klbth-icon-right-arrow\"><\/i><\/a><\/div>","protected":false},"featured_media":535756,"template":"","meta":[],"product_brand":[],"product_cat":[121],"product_tag":[504],"class_list":{"0":"post-535806","1":"product","2":"type-product","3":"status-publish","4":"has-post-thumbnail","6":"product_cat-mini","7":"product_tag-party-time","8":"pa_rozmiar-s-36","9":"pa_rozmiar-m-38","10":"pa_rozmiar-l-40","12":"first","13":"instock","14":"product-type-variable"},"_links":{"self":[{"href":"https:\/\/madelinefashion.pl\/sk\/wp-json\/wp\/v2\/product\/535806","targetHints":{"allow":["GET"]}}],"collection":[{"href":"https:\/\/madelinefashion.pl\/sk\/wp-json\/wp\/v2\/product"}],"about":[{"href":"https:\/\/madelinefashion.pl\/sk\/wp-json\/wp\/v2\/types\/product"}],"wp:featuredmedia":[{"embeddable":true,"href":"https:\/\/madelinefashion.pl\/sk\/wp-json\/wp\/v2\/media\/535756"}],"wp:attachment":[{"href":"https:\/\/madelinefashion.pl\/sk\/wp-json\/wp\/v2\/media?parent=535806"}],"wp:term":[{"taxonomy":"product_brand","embeddable":true,"href":"https:\/\/madelinefashion.pl\/sk\/wp-json\/wp\/v2\/product_brand?post=535806"},{"taxonomy":"product_cat","embeddable":true,"href":"https:\/\/madelinefashion.pl\/sk\/wp-json\/wp\/v2\/product_cat?post=535806"},{"taxonomy":"product_tag","embeddable":true,"href":"https:\/\/madelinefashion.pl\/sk\/wp-json\/wp\/v2\/product_tag?post=535806"}],"curies":[{"name":"pracovn\u00fd list","href":"https:\/\/api.w.org\/{rel}","templated":true}]}}