{"id":535852,"date":"2024-06-26T15:43:54","date_gmt":"2024-06-26T13:43:54","guid":{"rendered":"https:\/\/madelinefashion.pl\/?post_type=product&#038;p=535852"},"modified":"2025-09-09T10:00:49","modified_gmt":"2025-09-09T08:00:49","slug":"sukienka-z-rekawkiem-salto-biala","status":"publish","type":"product","link":"https:\/\/madelinefashion.pl\/sk\/sukienka-z-rekawkiem-salto-biala\/","title":{"rendered":"Biele \u0161aty s ruk\u00e1vmi Salto"},"content":{"rendered":"<h3 style=\"text-align: center;\">Biele \u0161aty s ruk\u00e1vmi Salto<\/h3>\n<p style=\"text-align: center;\"><b>Midi \u0161aty s kr\u00e1tkym ruk\u00e1vom.<\/b> Neuverite\u013ene \u017eensk\u00e9, elegantn\u00e9 \u0161if\u00f3nov\u00e9 \u0161aty strednej d\u013a\u017eky. \u0160aty s v\u00fdstrihom v tvare V. Elastick\u00fd p\u00e1s v p\u00e1se zaist\u00ed pri\u013enutie modelu k postave, \u010do zv\u00fdrazn\u00ed \u017eensk\u00e9 tvary. \u0160aty maj\u00fa pod\u0161\u00edvku. Vzdu\u0161n\u00fd strih je fantastick\u00fd pri pohybe. Ide\u00e1lna ponuka na svadby, svadobn\u00e9 hostiny, rodinn\u00e9 oslavy, bankety. <strong><span lang=\"pl-pl\" xml:lang=\"pl-pl\">\u0160aty s\u00fa vyroben\u00e9 z \u013eahk\u00e9ho materi\u00e1lu, tak\u017ee sa v nich budete c\u00edti\u0165 pohodlne.\u00a0<\/span><\/strong><span lang=\"pl-pl\" xml:lang=\"pl-pl\">Dostupn\u00e9 v na\u0161ej predajni vo viacer\u00fdch farebn\u00fdch variantoch. Odpor\u00fa\u010dame pre d\u00e1my vo ve\u013ekosti SML XL<\/span><\/p>\n<ul style=\"text-align: center;\">\n<li><\/li>\n<li>\n<h3 style=\"text-align: center;\">Rozmery:<\/h3>\n<ul>\n<li style=\"text-align: center;\"><strong>4XL<\/strong><br \/>\n\u0160\u00edrka od pazuchy k pazuche 53-60 cm<br \/>\nCelkov\u00e1 d\u013a\u017eka 101 cm<br \/>\n\u0160\u00edrka p\u00e1su 46-55 cm<br \/>\nD\u013a\u017eka ruk\u00e1va od podpazu\u0161ia 11 cm<br \/>\nD\u013a\u017eka ruk\u00e1va od podpazu\u0161ia 30 cm<\/li>\n<li><\/li>\n<li style=\"text-align: center;\"><strong>5XL<\/strong><br \/>\n\u0160\u00edrka od pazuchy k pazuche 55-62 cm<br \/>\nCelkov\u00e1 d\u013a\u017eka 102 cm<br \/>\n\u0160\u00edrka p\u00e1su 48-57 cm<br \/>\nD\u013a\u017eka ruk\u00e1va od podpazu\u0161ia 11 cm<br \/>\nD\u013a\u017eka ruk\u00e1va od podpazu\u0161ia 30 cm<\/li>\n<li><\/li>\n<li style=\"text-align: center;\"><strong>6XL<\/strong><br \/>\n\u0160\u00edrka od pazuchy k pazuche 57-64 cm<br \/>\nCelkov\u00e1 d\u013a\u017eka 103 cm<br \/>\n\u0160\u00edrka p\u00e1su 50-59 cm<br \/>\nD\u013a\u017eka ruk\u00e1va od podpazu\u0161ia 12 cm<br \/>\nD\u013a\u017eka ruk\u00e1va od podpazu\u0161ia 31 cm<\/li>\n<li><\/li>\n<\/ul>\n<\/li>\n<\/ul>\n<p style=\"text-align: center;\"><span style=\"vertical-align: inherit;\">Rozmery sa m\u00f4\u017eu l\u00ed\u0161i\u0165 od uveden\u00fdch +\/- 2cm. V\u0161etky uveden\u00e9 rozmery s\u00fa meran\u00e9 plo\u0161ne. rozmer x2<\/span><\/p>\n<p style=\"text-align: center;\"><span style=\"font-size: 10pt;\"><strong>\u00a0<\/strong>\u00a0<\/span><\/p>\n<p>&nbsp;<\/p>\n<table style=\"height: 166px;\" width=\"670\">\n<tbody>\n<tr>\n<td width=\"302\"><span style=\"font-size: 10pt;\">Meno modela<\/span><\/td>\n<td width=\"302\">\u0160aty s ruk\u00e1vmi Salto<\/td>\n<\/tr>\n<tr>\n<td width=\"302\">Farba<\/td>\n<td width=\"302\">biely<\/td>\n<\/tr>\n<tr>\n<td width=\"302\"><span style=\"font-size: 10pt;\">M\u00f3da<\/span><\/td>\n<td width=\"302\"><span style=\"font-size: 10pt;\">Vzplanul<\/span><\/td>\n<\/tr>\n<tr>\n<td width=\"302\"><span style=\"font-size: 10pt;\">Materi\u00e1l<\/span><\/td>\n<td width=\"302\"><span style=\"font-size: 10pt;\">97 %Polyester 3% Elastan<\/span><\/td>\n<\/tr>\n<tr>\n<td width=\"302\"><span style=\"font-size: 10pt;\">D\u013a\u017eka<\/span><\/td>\n<td width=\"302\"><span style=\"font-size: 13.3333px;\">midi<\/span><\/td>\n<\/tr>\n<\/tbody>\n<\/table>\n<p style=\"text-align: center;\">Model m\u00e1\u00a0<strong>169<\/strong>\u00a0cm vysok\u00fd, nos\u00ed ve\u013ekos\u0165 ka\u017ed\u00fd de\u0148\u00a0<strong>S<\/strong><\/p>\n<p style=\"text-align: center;\">\u0160\u00edrka cez prsia 92 cm<\/p>\n<p style=\"text-align: center;\">\u0160\u00edrka v p\u00e1se 62 cm<\/p>\n<p style=\"text-align: center;\">\u0160\u00edrka v bokoch 94 cm<\/p>\n<div class=\"additional-details\" style=\"text-align: center;\">\n<p style=\"text-align: center;\"><span style=\"font-size: 10pt;\">\u00a0<\/span><\/p>\n<\/div>","protected":false},"excerpt":{"rendered":"<p>Biele \u0161aty Salto s ruk\u00e1vmi. Midi \u0161aty s kr\u00e1tkymi ruk\u00e1vmi. Neuverite\u013ene \u017eensk\u00e9, elegantn\u00e9 \u0161if\u00f3nov\u00e9 \u0161aty midi d\u013a\u017eky. \u0160aty maj\u00fa v\u00fdstrih do V. Elastick\u00fd p\u00e1s zais\u0165uje priliehav\u00fd strih a zd\u00f4raz\u0148uje \u017eensk\u00e9 krivky. \u0160aty s\u00fa pod\u0161it\u00e9. Spl\u00fdvav\u00fd strih kr\u00e1sne lad\u00ed s pohybom. Ide\u00e1lne na svadby, recepcie a rodinn\u00e9 oslavy.,<\/p>\n<div class=\"klb-readmore post-buttons\"><a class=\"button black outline size-sm\" href=\"https:\/\/madelinefashion.pl\/sk\/sukienka-z-rekawkiem-salto-biala\/\">\u010c\u00edta\u0165 \u010falej <i class=\"klbth-icon-right-arrow\"><\/i><\/a><\/div>","protected":false},"featured_media":535732,"template":"","meta":[],"product_brand":[],"product_cat":[125,395],"product_tag":[219],"class_list":{"0":"post-535852","1":"product","2":"type-product","3":"status-publish","4":"has-post-thumbnail","6":"product_cat-sukienki","7":"product_cat-nowosci","8":"product_tag-sukienka-biala","9":"pa_rozmiar-xxxxl-48","10":"pa_rozmiar-438","11":"pa_rozmiar-439","13":"first","14":"instock","15":"product-type-variable"},"_links":{"self":[{"href":"https:\/\/madelinefashion.pl\/sk\/wp-json\/wp\/v2\/product\/535852","targetHints":{"allow":["GET"]}}],"collection":[{"href":"https:\/\/madelinefashion.pl\/sk\/wp-json\/wp\/v2\/product"}],"about":[{"href":"https:\/\/madelinefashion.pl\/sk\/wp-json\/wp\/v2\/types\/product"}],"wp:featuredmedia":[{"embeddable":true,"href":"https:\/\/madelinefashion.pl\/sk\/wp-json\/wp\/v2\/media\/535732"}],"wp:attachment":[{"href":"https:\/\/madelinefashion.pl\/sk\/wp-json\/wp\/v2\/media?parent=535852"}],"wp:term":[{"taxonomy":"product_brand","embeddable":true,"href":"https:\/\/madelinefashion.pl\/sk\/wp-json\/wp\/v2\/product_brand?post=535852"},{"taxonomy":"product_cat","embeddable":true,"href":"https:\/\/madelinefashion.pl\/sk\/wp-json\/wp\/v2\/product_cat?post=535852"},{"taxonomy":"product_tag","embeddable":true,"href":"https:\/\/madelinefashion.pl\/sk\/wp-json\/wp\/v2\/product_tag?post=535852"}],"curies":[{"name":"pracovn\u00fd list","href":"https:\/\/api.w.org\/{rel}","templated":true}]}}