{"id":542520,"date":"2024-08-22T09:21:15","date_gmt":"2024-08-22T07:21:15","guid":{"rendered":"https:\/\/madelinefashion.pl\/?post_type=product&#038;p=542520"},"modified":"2026-04-20T18:53:09","modified_gmt":"2026-04-20T16:53:09","slug":"suknia-z-piorkami-melody-bezowa","status":"publish","type":"product","link":"https:\/\/madelinefashion.pl\/sk\/suknia-z-piorkami-melody-bezowa\/","title":{"rendered":"B\u00e9\u017eov\u00e9 \u0161aty s per\u00edm Melody"},"content":{"rendered":"<h3 style=\"text-align: center;\">B\u00e9\u017eov\u00e9 \u0161aty s per\u00edm Melody<\/h3>\n<p style=\"text-align: center;\"><strong>Vysn\u00edvan\u00e9 svadobn\u00e9 \u0161aty<\/strong> priliehav\u00fd strih, zdoben\u00fd pierkami a flitrami, s v\u00fdstrihom do V. <strong>Vyzer\u00e1 ve\u013emi zmyselne a origin\u00e1lne.<\/strong> <span style=\"font-size: 10pt;\"> Flitrov\u00e9 aplik\u00e1cie na prednej strane \u0161iat vytv\u00e1raj\u00fa jedine\u010dn\u00fa text\u00faru, ktor\u00e1 cel\u00e9mu k\u00fasku dod\u00e1va jedine\u010dn\u00fd vzh\u013ead. \u0160aty bez ramienok zmyselne odha\u013euj\u00fa chrb\u00e1t. Starostlivo umiestnen\u00e9 flitrov\u00e9 aplik\u00e1cie vytv\u00e1raj\u00fa jedine\u010dn\u00fd efekt. Navy\u0161e, pierka pri\u0161it\u00e9 v p\u00e1se dod\u00e1vaj\u00fa \u0161at\u00e1m jedine\u010dn\u00fd charakter. Tento jedine\u010dn\u00fd detail rob\u00ed \u0161aty neuverite\u013ene \u017eensk\u00fdmi. Rozparok na nohaviciach zv\u00fdrazn\u00ed va\u0161e tvarovan\u00e9 nohy. <strong>Flitrovan\u00e9 \u0161aty s pierkami a otvoren\u00fdm chrbtom<\/strong> Toto je vo\u013eba pre tie, ktor\u00e9 chc\u00fa vyjadri\u0165 svoju jedine\u010dnos\u0165 na \u0161peci\u00e1lnych udalostiach. Je to v\u00fdtvor pre skuto\u010dn\u00e9 \u017eeny, ktor\u00e9 chc\u00fa za\u017eiari\u0165 a vy\u017earova\u0165 nenapodobite\u013en\u00fd \u0161arm. <\/span>Spodn\u00e1 \u010das\u0165 \u0161iat je priliehav\u00e1 \u2013 ala<strong> ryby<\/strong>\u00a0 pod\u0161\u00edvka zospodu. strieborn\u00e9 \u0161aty pre <strong>svadba<\/strong> civiln\u00e9, cirkevn\u00e9, ide\u00e1lne na svadbu alebo afterparty. <strong>\u00a0V\u00fdstrih do V<\/strong>. Z\u00fa\u017een\u00e1 v p\u00e1se dokonale zv\u00fdrazn\u00ed p\u00e1s. <strong>Rybie svadobn\u00e9 \u0161aty<\/strong> (morsk\u00e1 panna) je kvintesenciou svadobnej elegancie. Kr\u00e1sne zv\u00fdrazn\u00ed p\u00e1s, boky a poprsie. n\u00e1\u0161 <strong>Svadobn\u00e9 \u0161aty<\/strong> <strong>Mel\u00f3dia<\/strong>\u00a0 d<span style=\"font-size: 10pt;\"><span style=\"font-size: 10pt;\">dostupn\u00e9 v na\u0161ej predajni vo ve\u013ekostiach XS SML\u00a0 \u00a0\u00a0<\/span><br \/>\n<b style=\"font-size: 10pt;\">vieme <\/b>ak\u00e9 je to d\u00f4le\u017eit\u00e9 pre ka\u017ed\u00e9ho<b style=\"font-size: 10pt;\"> nevesty <\/b>je <b style=\"font-size: 10pt;\">vhodne zvolen\u00fd outfit. Svadobn\u00e9 \u0161aty by mali by\u0165 prisp\u00f4soben\u00e9 typu kr\u00e1sy, postavy a individu\u00e1lneho vkusu <\/b><span style=\"font-size: 13.3333px;\"><b>predov\u0161etk\u00fdm<\/b><\/span><b style=\"font-size: 10pt;\">\u00a0 najd\u00f4le\u017eitej\u0161ie je c\u00edti\u0165 sa pohodlne! <\/b>To zais\u0165uje, \u017ee tvorba bude sp\u013a\u0148a\u0165 <b style=\"font-size: 10pt;\">jeho \u00faloha v 100% \u2013 <\/b>n\u00e1\u0161 <b style=\"font-size: 10pt;\">svadobn\u00e9 \u0161aty pridaj\u00fa <\/b><b style=\"font-size: 10pt;\">\u00a0nevesta <\/b>v\u00fdnimo\u010dn\u00fd <b style=\"font-size: 10pt;\">sebavedomie. V obchode <a href=\"https:\/\/madelinefashion.pl\/sk\/sukienki-i-kombinezony\/sukienki-okolicznosciowe\/\">madelinefashion<\/a> n\u00e1jdete \u0161aty na cirkevn\u00e9 aj civiln\u00e9 sob\u00e1\u0161e aj na afterparty<\/b><\/span><span style=\"font-size: 10pt;\">, ples, Silvester a in\u00e9 elegantn\u00e9 pr\u00edle\u017eitostn\u00e9 akcie. <\/span>V na\u0161ej ponuke<b style=\"font-size: 10pt;\"> n\u00e1jdete ako klasick\u00e9, jednoduch\u00e9 modely, tak aj zdoben\u00e9 kry\u0161t\u00e1lmi, flitrami, \u010dipkou \u010di tylom.\u00a0<\/b><span style=\"font-size: 10pt;\">V na\u0161om e-shope n\u00e1jdete jedine\u010dn\u00e9 \u0161aty za mimoriadne v\u00fdhodn\u00e9 ceny \u2013\u00a0 <strong style=\"font-size: 10pt;\">nev\u00e1hajte a vyberte si ten, ktor\u00fd je pre v\u00e1s ide\u00e1lny<\/strong>. Ak sa neviete rozhodn\u00fa\u0165 ak\u00fa farbu, <strong style=\"font-size: 10pt;\">ve\u013ekos\u0165<\/strong> je pre v\u00e1s to najlep\u0161ie <strong style=\"font-size: 10pt;\">kontaktuj n\u00e1s<\/strong> cez <a style=\"font-size: 10pt;\" href=\"https:\/\/www.facebook.com\/madelinefashionbutik\" target=\"_blank\" rel=\"noopener\">Facebook<\/a> alebo <a style=\"font-size: 10pt;\" href=\"https:\/\/madelinefashion.pl\/sk\/kontakt\/\">telef\u00f3n<\/a>. Ak na str\u00e1nke nie je uveden\u00e1 ve\u013ekos\u0165, op\u00fdtajte sa<strong style=\"font-size: 10pt;\"> kontakt<\/strong>.\u00a0<b style=\"font-size: 10pt;\"> Neviete ak\u00e9 svadobn\u00e9 \u0161aty si vybra\u0165?<\/b>\u00a0<a style=\"font-size: 10pt; font-weight: bold;\" href=\"https:\/\/madelinefashion.pl\/sk\/product-tag\/sukienka-biala\/?orderby=price-desc\">Skontrolujte<\/a>to bude pre teba ide\u00e1lne!\u00a0\u00a0<\/span><\/p>\n<h3 style=\"text-align: center;\">ROZMERY \u0161iat:<\/h3>\n<table width=\"556\">\n<tbody>\n<tr>\n<td><strong>VE\u013dKOS\u0164<\/strong><\/td>\n<td><strong>poprsia<\/strong><\/td>\n<td><strong>P\u00e1s<\/strong><\/td>\n<td><strong>Boky<\/strong><\/td>\n<\/tr>\n<tr>\n<td><strong>34<\/strong><\/td>\n<td>84-86<\/td>\n<td>64-68<\/td>\n<td>\u00a082-90<\/td>\n<\/tr>\n<tr>\n<td><strong>36<\/strong><\/td>\n<td>88-90<\/td>\n<td>68-72<\/td>\n<td>\u00a086-92<\/td>\n<\/tr>\n<tr>\n<td><strong>38<\/strong><\/td>\n<td>92-94<\/td>\n<td>72-76<\/td>\n<td>\u00a090-96<\/td>\n<\/tr>\n<tr>\n<td><strong>40<\/strong><\/td>\n<td>96-98<\/td>\n<td>76-80<\/td>\n<td>\u00a094-106<\/td>\n<\/tr>\n<\/tbody>\n<\/table>\n<p>&nbsp;<\/p>\n<p style=\"text-align: center;\" align=\"center\"><span style=\"font-size: 10.0pt;\">celkov\u00e1 d\u013a\u017eka cca 157 cm (\u0161aty sa daj\u00fa skr\u00e1ti\u0165 pod\u013ea vlastn\u00e9ho uv\u00e1\u017eenia)\u00a0<\/span><\/p>\n<p style=\"text-align: center;\"><span style=\"font-size: 10pt;\">\u0160aty s\u00fa dostupn\u00e9 aj v in\u00fdch farb\u00e1ch - odpor\u00fa\u010dame v\u00e1m zozn\u00e1mi\u0165 sa s na\u0161imi \u010fal\u0161\u00edmi produktmi.<\/span><\/p>\n<p style=\"text-align: center;\"><span style=\"font-size: 10pt;\">Rozmery sa m\u00f4\u017eu mierne l\u00ed\u0161i\u0165 od uveden\u00fdch +\/- 2cm.\u00a0<\/span><\/p>\n<p style=\"text-align: center;\"><span style=\"font-size: 10pt;\"><strong>\u00a0<\/strong>\u00a0<\/span><\/p>\n<table width=\"620\">\n<tbody>\n<tr>\n<td width=\"302\">Meno modela<\/td>\n<td width=\"302\">Svadobn\u00e9 \u0161aty Melody Feather<\/td>\n<\/tr>\n<tr>\n<td width=\"302\">Farba<\/td>\n<td width=\"302\">Bez<\/td>\n<\/tr>\n<tr>\n<td width=\"302\">Marka<\/td>\n<td width=\"302\">Pekn\u00e1 \u017eena<\/td>\n<\/tr>\n<tr>\n<td width=\"302\">ve\u013ekosti<\/td>\n<td width=\"302\">34 36 38 40<\/td>\n<\/tr>\n<tr>\n<td width=\"302\">M\u00f3da<\/td>\n<td width=\"302\">Zhoda \/ ryba<\/td>\n<\/tr>\n<tr>\n<td width=\"302\">Materi\u00e1l<\/td>\n<td width=\"302\">Visk\u00f3za, polyester, bavlna<\/td>\n<\/tr>\n<tr>\n<td width=\"302\">D\u013a\u017eka<\/td>\n<td width=\"302\">Na zem<\/td>\n<\/tr>\n<\/tbody>\n<\/table>\n<p style=\"text-align: center;\"><span style=\"font-size: 10pt;\">\u00a0<\/span><\/p>\n<p>&nbsp;<\/p>\n<p style=\"text-align: center;\"><span style=\"font-size: 10pt;\">Aby ste si vybrali <strong>perfektn\u00e9 \u0161aty<\/strong> kontaktujte n\u00e1s telefonicky alebo prostredn\u00edctvom na\u0161ej webovej str\u00e1nky <a href=\"https:\/\/www.facebook.com\/madelinefashionbutik\" target=\"_blank\" rel=\"noopener\">Facebook<\/a> .<\/span><br \/>\n<span style=\"font-size: 10pt;\">N\u00e1\u0161 t\u00edm v\u00e1m pom\u00f4\u017ee <strong>Vyberte si ten spr\u00e1vny<\/strong> . <strong>Na \u017eelanie kupuj\u00faceho vyrob\u00edme ak\u00e9ko\u013evek \u0161aty\u00a0<\/strong><strong>opatrne mera\u0165.\u00a0<\/strong><\/span><\/p>\n<div class=\"additional-details\" style=\"text-align: center;\">\n<p style=\"text-align: center;\"><span style=\"font-size: 10pt;\">\u00a0<\/span><\/p>\n<\/div>","protected":false},"excerpt":{"rendered":"<p>Suknia z Pi\u00f3rkami Melody Be\u017cowa Zjawiskowa suknia \u015blubna dopasowana zdobiona pi\u00f3rkami oraz cekinami z\u00a0 dekoltem w szpic. Wygl\u0105da bardzo zmys\u0142owo i oryginalnie. Aplikacja z przodu kreacji z cekinami tworz\u0105 unikatow\u0105 tekstur\u0119, nadaj\u0105c ca\u0142o\u015bci niepowtarzalno\u015b\u0107. Sukienka na rami\u0105czkach odkrywa zmys\u0142owo plecy. Cekinowe aplikacje starannie rozmieszczona na sukience tworz\u0105 niepowtarzalny efekt. Dodatkowo pi\u00f3ra szyte od talii nadaj\u0105<\/p>\n<div class=\"klb-readmore post-buttons\"><a class=\"button black outline size-sm\" href=\"https:\/\/madelinefashion.pl\/sk\/suknia-z-piorkami-melody-bezowa\/\">\u010c\u00edta\u0165 \u010falej <i class=\"klbth-icon-right-arrow\"><\/i><\/a><\/div>","protected":false},"featured_media":542505,"template":"","meta":[],"product_brand":[],"product_cat":[124,569,562,566,630],"product_tag":[257,212,163],"class_list":{"0":"post-542520","1":"product","2":"type-product","3":"status-publish","4":"has-post-thumbnail","6":"product_cat-sukienki-okolicznosciowe","7":"product_cat-sukienki-dopasowane","8":"product_cat-sukienki-z-piorkami","9":"product_cat-suknie-slubne","10":"product_cat-suknie-slubne-dopasowane","11":"product_tag-madelinefashion","12":"product_tag-sukienki-bezowe","13":"product_tag-sukienki-dlugie","15":"first","16":"instock","17":"purchasable","18":"product-type-variable"},"_links":{"self":[{"href":"https:\/\/madelinefashion.pl\/sk\/wp-json\/wp\/v2\/product\/542520","targetHints":{"allow":["GET"]}}],"collection":[{"href":"https:\/\/madelinefashion.pl\/sk\/wp-json\/wp\/v2\/product"}],"about":[{"href":"https:\/\/madelinefashion.pl\/sk\/wp-json\/wp\/v2\/types\/product"}],"wp:featuredmedia":[{"embeddable":true,"href":"https:\/\/madelinefashion.pl\/sk\/wp-json\/wp\/v2\/media\/542505"}],"wp:attachment":[{"href":"https:\/\/madelinefashion.pl\/sk\/wp-json\/wp\/v2\/media?parent=542520"}],"wp:term":[{"taxonomy":"product_brand","embeddable":true,"href":"https:\/\/madelinefashion.pl\/sk\/wp-json\/wp\/v2\/product_brand?post=542520"},{"taxonomy":"product_cat","embeddable":true,"href":"https:\/\/madelinefashion.pl\/sk\/wp-json\/wp\/v2\/product_cat?post=542520"},{"taxonomy":"product_tag","embeddable":true,"href":"https:\/\/madelinefashion.pl\/sk\/wp-json\/wp\/v2\/product_tag?post=542520"}],"curies":[{"name":"pracovn\u00fd list","href":"https:\/\/api.w.org\/{rel}","templated":true}]}}