{"id":546210,"date":"2024-10-01T15:49:56","date_gmt":"2024-10-01T13:49:56","guid":{"rendered":"https:\/\/madelinefashion.pl\/?post_type=product&#038;p=546210"},"modified":"2026-03-26T12:24:13","modified_gmt":"2026-03-26T11:24:13","slug":"kurtka-krotka-z-futerkiem-america-bezowa","status":"publish","type":"product","link":"https:\/\/madelinefashion.pl\/sk\/kurtka-krotka-z-futerkiem-america-bezowa\/","title":{"rendered":"Americk\u00e1 b\u00e9\u017eov\u00e1 kr\u00e1tka ko\u017eu\u0161inov\u00e1 bunda"},"content":{"rendered":"<h3 style=\"text-align: center;\">Americk\u00e1 b\u00e9\u017eov\u00e1 kr\u00e1tka ko\u017eu\u0161inov\u00e1 bunda<\/h3>\n<div style=\"text-align: center;\">\n<p>Chcete sa c\u00edti\u0165 \u0161t\u00fdlovo a m\u00f3dne? Tento produkt je pre v\u00e1s. Ko\u017eu\u0161inov\u00e1 bunda s kapuc\u0148ou, ktor\u00e1 sa hod\u00ed na ka\u017edodenn\u00e9 aj elegantnej\u0161ie \u0161tyliz\u00e1cie.Zap\u00edna sa na zips, m\u00e1 vreck\u00e1 a kapuc\u0148u. Skvel\u00e1 ponuka na chladn\u00e9 dni<span style=\"text-align: center;\">. Je to ist\u00e9 <\/span><strong style=\"text-align: center;\">musie\u0165 ma\u0165<\/strong><span style=\"text-align: center;\"> v ka\u017edom \u0161atn\u00edku! <\/span><span style=\"text-align: center;\">Vyst\u00fapte z davu s na\u0161ou Z bundou <strong>ko\u017eu\u0161ina. Bunda m\u00e1 odn\u00edmate\u013en\u00fa ko\u017eu\u0161inu, tak\u017ee v\u00e1m bude sl\u00fa\u017ei\u0165 po cel\u00fd rok!<\/strong><\/span><span style=\"text-align: center;\">. <strong>Ko\u017eu\u0161inov\u00e1 Amerika<\/strong><\/span><span style=\"text-align: center;\">\u00a0prich\u00e1dza vo ve\u013ekosti<\/span><strong style=\"text-align: center;\"> SML XL. Tento model je ide\u00e1lny pre <strong>jar, jese\u0148.<\/strong> <strong>Bunda je zakon\u010den\u00e1 m\u00e4kk\u00fdm, na dotyk pr\u00edjemn\u00fdm ko\u017e\u00fa\u0161kom. <\/strong><\/strong><span style=\"text-align: center;\">Ak m\u00e1te nejak\u00e9 ot\u00e1zky, sme tu, aby sme v\u00e1m pomohli.<\/span><\/p>\n<\/div>\n<h3 style=\"text-align: center;\">Rozmery:<\/h3>\n<p style=\"text-align: center;\"><strong>S:<\/strong><br \/>\nCelkov\u00e1 d\u013a\u017eka \u2013 50 cm<br \/>\n\u0160\u00edrka od podpazu\u0161ia k podpazu\u0161iu \u2013 57 cm x 2<br \/>\n\u0160\u00edrka v spodnej \u010dasti \u2013 42 cm x 2<br \/>\nD\u013a\u017eka ruk\u00e1va od ramena \u2013 51 cm<br \/>\nD\u013a\u017eka ruk\u00e1va od podpazu\u0161ia - 44 cm<br \/>\n\u0160\u00edrka bicepsu \u2013 17 cm x 2<\/p>\n<p style=\"text-align: center;\"><strong>m<\/strong><\/p>\n<p style=\"text-align: center;\">Celkov\u00e1 d\u013a\u017eka \u2013 51 cm<br \/>\n\u0160\u00edrka od podpazu\u0161ia k podpazu\u0161iu \u2013 59 cm x 2<br \/>\n\u0160\u00edrka v spodnej \u010dasti \u2013 44 cm x 2<br \/>\nD\u013a\u017eka ruk\u00e1va od ramena \u2013 52 cm<br \/>\nD\u013a\u017eka ruk\u00e1va od podpazu\u0161ia \u2013 45 cm<br \/>\n\u0160\u00edrka bicepsu \u2013 18 cm x 2<\/p>\n<p style=\"text-align: center;\"><strong>L<\/strong><\/p>\n<p style=\"text-align: center;\">Celkov\u00e1 d\u013a\u017eka \u2013 52 cm<br \/>\n\u0160\u00edrka od podpazu\u0161ia k podpazu\u0161iu \u2013 61 cm x 2<br \/>\n\u0160\u00edrka v spodnej \u010dasti \u2013 46 cm x 2<br \/>\nD\u013a\u017eka ruk\u00e1va od ramena \u2013 53 cm<br \/>\nD\u013a\u017eka ruk\u00e1va od podpazu\u0161ia \u2013 46 cm<br \/>\n\u0160\u00edrka bicepsu \u2013 19 cm x 2<\/p>\n<p style=\"text-align: center;\"><strong>XL<\/strong><\/p>\n<p style=\"text-align: center;\">Celkov\u00e1 d\u013a\u017eka \u2013 53 cm<br \/>\n\u0160\u00edrka od podpazu\u0161ia k podpazu\u0161iu \u2013 63 cm x 2<br \/>\n\u0160\u00edrka v spodnej \u010dasti \u2013 48 cm x 2<br \/>\nD\u013a\u017eka ruk\u00e1va od ramena \u2013 54 cm<br \/>\nD\u013a\u017eka ruk\u00e1va od podpazu\u0161ia - 47 cm<br \/>\n\u0160\u00edrka bicepsu \u2013 20 cm x 2<\/p>\n<p style=\"text-align: center;\">Rozmery sa m\u00f4\u017eu mierne l\u00ed\u0161i\u0165 od uveden\u00fdch +\/- 2cm. V\u0161etky uveden\u00e9 rozmery s\u00fa meran\u00e9 plo\u0161ne. rozmer x2<\/p>\n<h3 style=\"text-align: center;\">Charakteristika:<\/h3>\n<p style=\"text-align: center;\">-m\u00f3dne<br \/>\n- s kapuc\u0148ou<br \/>\n-ko\u017eu\u0161ina<br \/>\n- ekologick\u00e1 ko\u017ea<br \/>\n- zap\u00edna sa na zips<br \/>\n- m\u00e1 vreck\u00e1<br \/>\n- \u0161it\u00e9<br \/>\n- odn\u00edmate\u013en\u00e1 ko\u017eu\u0161ina<br \/>\n- dostupn\u00e9 v dvoch farb\u00e1ch<\/p>\n<p>\u00a0<\/p>\n<table width=\"605\">\n<tbody>\n<tr>\n<td width=\"302\">Meno modela<\/td>\n<td width=\"302\">Americk\u00e1 kr\u00e1tka ko\u017eu\u0161inov\u00e1 bunda<\/td>\n<\/tr>\n<tr>\n<td width=\"302\">Farba<\/td>\n<td width=\"302\">B\u00e9\u017eov\u00e1<\/td>\n<\/tr>\n<tr>\n<td width=\"302\">ve\u013ekosti<\/td>\n<td width=\"302\">SML XL<\/td>\n<\/tr>\n<tr>\n<td width=\"302\">M\u00f3da<\/td>\n<td width=\"302\">Bomberov\u00e1 bunda<\/td>\n<\/tr>\n<tr>\n<td width=\"302\">Hood<\/td>\n<td width=\"302\">\u00c1no<\/td>\n<\/tr>\n<tr>\n<td width=\"302\">vreck\u00e1<\/td>\n<td width=\"302\">\u00c1no<\/td>\n<\/tr>\n<tr>\n<td width=\"302\">Zlo\u017eenie<\/td>\n<td width=\"302\">100 % Polyester<\/td>\n<\/tr>\n<\/tbody>\n<\/table>\n<p>\u00a0<\/p>\n<div class=\"tabs tabs-bb clear mb-80\">\n<div class=\"tab-content\">\n<div id=\"tab-description\" class=\"tab-pane fade in woocommerce-Tabs-panel--description active\">\n<div class=\"tabs tabs-bb clear mb-80\">\n<div class=\"tab-content\">\n<div id=\"tab-description\" class=\"tab-pane fade in woocommerce-Tabs-panel--description active\">\n<p style=\"text-align: center;\">Model m\u00e1\u00a0<strong>169<\/strong>\u00a0cm vysok\u00fd, nos\u00ed ve\u013ekos\u0165 ka\u017ed\u00fd de\u0148\u00a0<strong>S<\/strong><\/p>\n<p style=\"text-align: center;\">\u0160\u00edrka hrudn\u00edka 91 cm<\/p>\n<p style=\"text-align: center;\">\u0160\u00edrka p\u00e1su 71 cm<\/p>\n<p style=\"text-align: center;\">\u0160\u00edrka bokov 96 cm<\/p>\n<\/div>\n<\/div>\n<\/div>\n<\/div>\n<\/div>\n<\/div>\n<section class=\"up-sells upsells products mb-80\"><\/section>\n<p style=\"text-align: center;\"><span style=\"font-size: 10pt;\">\u00a0<\/span><\/p>\n<p style=\"text-align: center;\">","protected":false},"excerpt":{"rendered":"<p>Kr\u00e1tka ko\u017eu\u0161inov\u00e1 bunda America Beige. Chcete sa c\u00edti\u0165 \u0161t\u00fdlovo a m\u00f3dne? Tento produkt je pre v\u00e1s. T\u00e1to ko\u017eu\u0161inov\u00e1 bunda s kapuc\u0148ou je ide\u00e1lna na le\u017e\u00e9rne aj elegantnej\u0161ie outfity. M\u00e1 zap\u00ednanie na zips, vreck\u00e1 a kapuc\u0148u. Skvel\u00e1 vo\u013eba na chladn\u00e9 dni. Je to ur\u010dite nevyhnutnos\u0165 v ka\u017edom \u0161atn\u00edku! Vyniknite z davu.<\/p>\n<div class=\"klb-readmore post-buttons\"><a class=\"button black outline size-sm\" href=\"https:\/\/madelinefashion.pl\/sk\/kurtka-krotka-z-futerkiem-america-bezowa\/\">\u010c\u00edta\u0165 \u010falej <i class=\"klbth-icon-right-arrow\"><\/i><\/a><\/div>","protected":false},"featured_media":546204,"template":"","meta":[],"product_brand":[],"product_cat":[117],"product_tag":[508],"class_list":{"0":"post-546210","1":"product","2":"type-product","3":"status-publish","4":"has-post-thumbnail","6":"product_cat-kurtki","7":"product_tag-kurtka-zimowa","8":"pa_rozmiar-s","9":"pa_rozmiar-m","10":"pa_rozmiar-l","11":"pa_rozmiar-xl","12":"pa_rozmiar-xxl","14":"first","15":"outofstock","16":"product-type-variable"},"_links":{"self":[{"href":"https:\/\/madelinefashion.pl\/sk\/wp-json\/wp\/v2\/product\/546210","targetHints":{"allow":["GET"]}}],"collection":[{"href":"https:\/\/madelinefashion.pl\/sk\/wp-json\/wp\/v2\/product"}],"about":[{"href":"https:\/\/madelinefashion.pl\/sk\/wp-json\/wp\/v2\/types\/product"}],"wp:featuredmedia":[{"embeddable":true,"href":"https:\/\/madelinefashion.pl\/sk\/wp-json\/wp\/v2\/media\/546204"}],"wp:attachment":[{"href":"https:\/\/madelinefashion.pl\/sk\/wp-json\/wp\/v2\/media?parent=546210"}],"wp:term":[{"taxonomy":"product_brand","embeddable":true,"href":"https:\/\/madelinefashion.pl\/sk\/wp-json\/wp\/v2\/product_brand?post=546210"},{"taxonomy":"product_cat","embeddable":true,"href":"https:\/\/madelinefashion.pl\/sk\/wp-json\/wp\/v2\/product_cat?post=546210"},{"taxonomy":"product_tag","embeddable":true,"href":"https:\/\/madelinefashion.pl\/sk\/wp-json\/wp\/v2\/product_tag?post=546210"}],"curies":[{"name":"pracovn\u00fd list","href":"https:\/\/api.w.org\/{rel}","templated":true}]}}