{"id":5464,"date":"2021-03-14T22:46:30","date_gmt":"2021-03-14T21:46:30","guid":{"rendered":"https:\/\/madelinefashion.pl\/?post_type=product&#038;p=5464"},"modified":"2026-01-20T10:34:45","modified_gmt":"2026-01-20T09:34:45","slug":"koszula-w-krate-class-amarant","status":"publish","type":"product","link":"https:\/\/madelinefashion.pl\/sk\/koszula-w-krate-class-amarant\/","title":{"rendered":"Trieda Krate Amaranth"},"content":{"rendered":"<h3 style=\"text-align: center;\">Trieda Krate Amaranth<\/h3>\n<p style=\"text-align: center;\"><b>Kockovan\u00e1 ko\u0161e\u013ea s bo\u010dn\u00fdm strihom <\/b>je ide\u00e1lnym z\u00e1kladom a z\u00e1kladom pre mnoh\u00e9 \u0161tyliz\u00e1cie. Ko\u0161e\u013ea na mieru, v\u010faka ktorej zo\u0161t\u00edh\u013euje siluetu. Je tot\u00e1lne <strong>MUSIE\u0164 MA\u0164<\/strong>\u00a0t\u00fato sez\u00f3nu. Ko\u0161e\u013ea s najm\u00f3dnej\u0161ou k\u00e1rovou potla\u010dou. Vpredu m\u00e1 dve vreck\u00e1 a zap\u00edna sa na gomb\u00edky.<br \/>\nChcete sa c\u00edti\u0165 v\u010das? Pam\u00e4tajte na ko\u0161e\u013eu vo va\u0161om \u0161atn\u00edku. Jeho farba a vzor v\u00e1s urobia\u00a0<strong>budete vy\u010dnieva\u0165 z davu<\/strong>. Ko\u0161e\u013ea m\u00e1 v p\u00e1se navy\u0161e ozdobn\u00fa \u0161n\u00farku, v\u010faka ktorej ju dokonale prisp\u00f4sob\u00edte postave.<br \/>\nBude to sedie\u0165 najlep\u0161ie <strong>ka\u017edodenn\u00fd vzh\u013ead<\/strong>. Model vybran\u00fd pre mnoho \u0161t\u00fdlov. M\u00f4\u017eete ich nosi\u0165 k \u0161ortk\u00e1m, d\u017e\u00ednsom, sukni a dokonca aj ko\u017een\u00fdm nohaviciam. Dokonale sa prisp\u00f4sob\u00ed postave. Ide\u00e1lne do \u0161koly, pr\u00e1ce, na rande alebo na stretnutie s priate\u013emi!\u00a0<strong>Ide\u00e1lne pre ka\u017ed\u00fa pr\u00edle\u017eitos\u0165 a \u010das! Ko\u0161e\u013ea <\/strong>vo ve\u013ekosti od<strong>\u00a0S a\u017e XXL.<\/strong>\u00a0Dostupn\u00e9 vo viacer\u00fdch farb\u00e1ch.<\/p>\n<h3 style=\"text-align: center;\">Rozmery:<\/h3>\n<p style=\"text-align: center;\"><span style=\"font-size: 10pt;\"><strong>36\/sek<\/strong><\/span><br \/>\n<span style=\"font-size: 10pt;\">Celkov\u00e1 predn\u00e1 d\u013a\u017eka - 93 cm<\/span><br \/>\n<span style=\"font-size: 10pt;\">Celkov\u00e1 d\u013a\u017eka strany - 82 cm<\/span><br \/>\n<span style=\"font-size: 10pt;\">\u0160\u00edrka od pazuchy po pazuchu - 47 cm<\/span><br \/>\n<span style=\"font-size: 10pt;\">\u0160\u00edrka v p\u00e1se - 46 cm<\/span><br \/>\n<span style=\"font-size: 10pt;\">\u0160\u00edrka bokov - 52 cm<\/span><br \/>\n<span style=\"font-size: 10pt;\">D\u013a\u017eka ruk\u00e1va od ramena - 60 cm<\/span><br \/>\n<span style=\"font-size: 10pt;\">D\u013a\u017eka ruk\u00e1va od podpazu\u0161ia - 45 cm<\/span><\/p>\n<p style=\"text-align: center;\"><span style=\"font-size: 10pt;\"><strong>38\/m<\/strong><\/span><br \/>\n<span style=\"font-size: 10pt;\">Celkov\u00e1 predn\u00e1 d\u013a\u017eka - 94 cm<\/span><br \/>\n<span style=\"font-size: 10pt;\">Celkov\u00e1 d\u013a\u017eka strany - 83 cm<\/span><br \/>\n<span style=\"font-size: 10pt;\">\u0160\u00edrka od pazuchy po pazuchu - 49 cm<\/span><br \/>\n<span style=\"font-size: 10pt;\">\u0160\u00edrka v p\u00e1se - 47 cm<\/span><br \/>\n<span style=\"font-size: 10pt;\">\u0160\u00edrka bokov - 53 cm<\/span><br \/>\n<span style=\"font-size: 10pt;\">D\u013a\u017eka ruk\u00e1va od ramena - 61 cm<\/span><br \/>\n<span style=\"font-size: 10pt;\">D\u013a\u017eka ruk\u00e1va od podpazu\u0161ia - 47 cm<\/span><\/p>\n<p style=\"text-align: center;\"><span style=\"font-size: 10pt;\"><strong>40\/l<\/strong><\/span><br \/>\n<span style=\"font-size: 10pt;\">Celkov\u00e1 predn\u00e1 d\u013a\u017eka - 95 cm<\/span><br \/>\n<span style=\"font-size: 10pt;\">Celkov\u00e1 d\u013a\u017eka strany - 85 cm<\/span><br \/>\n<span style=\"font-size: 10pt;\">\u0160\u00edrka od pazuchy po pazuchu - 52 cm<\/span><br \/>\n<span style=\"font-size: 10pt;\">\u0160\u00edrka v p\u00e1se - 48 cm<\/span><br \/>\n<span style=\"font-size: 10pt;\">\u0160\u00edrka bokov - 55 cm<\/span><br \/>\n<span style=\"font-size: 10pt;\">D\u013a\u017eka ruk\u00e1va od ramena - 61 cm<\/span><br \/>\n<span style=\"font-size: 10pt;\">D\u013a\u017eka ruk\u00e1va od podpazu\u0161ia - 47 cm<\/span><\/p>\n<p style=\"text-align: center;\"><span style=\"font-size: 10pt;\"><strong>42\/xl<\/strong><\/span><br \/>\n<span style=\"font-size: 10pt;\">Celkov\u00e1 predn\u00e1 d\u013a\u017eka - 100 cm<\/span><br \/>\n<span style=\"font-size: 10pt;\">Celkov\u00e1 d\u013a\u017eka strany - 90 cm<\/span><br \/>\n<span style=\"font-size: 10pt;\">\u0160\u00edrka od pazuchy po pazuchu - 55 cm<\/span><br \/>\n<span style=\"font-size: 10pt;\">\u0160\u00edrka p\u00e1sa - 50 cm<\/span><br \/>\n<span style=\"font-size: 10pt;\">\u0160\u00edrka bokov - 58 cm<\/span><br \/>\n<span style=\"font-size: 10pt;\">D\u013a\u017eka ruk\u00e1va od ramena - 62 cm<\/span><br \/>\n<span style=\"font-size: 10pt;\">D\u013a\u017eka ruk\u00e1va od podpazu\u0161ia - 48 cm<\/span><\/p>\n<p style=\"text-align: center;\"><strong>44\/xxl<\/strong><br \/>\nCelkov\u00e1 predn\u00e1 d\u013a\u017eka - 100 cm<br \/>\nCelkov\u00e1 d\u013a\u017eka strany - 90 cm<br \/>\n\u0160\u00edrka od pazuchy po pazuchu - 57 cm<br \/>\n\u0160\u00edrka v p\u00e1se - 51 cm<br \/>\n\u0160\u00edrka bokov - 59 cm<br \/>\nD\u013a\u017eka ruk\u00e1va od ramena - 63 cm<br \/>\nD\u013a\u017eka ruk\u00e1va od podpazu\u0161ia - 49 cm<\/p>\n<p style=\"text-align: center;\">Rozmery sa m\u00f4\u017eu mierne l\u00ed\u0161i\u0165 od uveden\u00fdch +\/- 2cm. V\u0161etky uveden\u00e9 rozmery s\u00fa meran\u00e9 plo\u0161ne.<\/p>\n<table width=\"605\">\n<tbody>\n<tr>\n<td width=\"302\">Meno modela<\/td>\n<td width=\"302\">Trieda kockovan\u00e1 ko\u0161e\u013ea<\/td>\n<\/tr>\n<tr>\n<td width=\"302\">Farba<\/td>\n<td width=\"302\">Amarant<\/td>\n<\/tr>\n<tr>\n<td width=\"302\">ve\u013ekosti<\/td>\n<td width=\"302\">SML XL XXL<\/td>\n<\/tr>\n<tr>\n<td width=\"302\">M\u00f3da<\/td>\n<td width=\"302\">Na mieru<\/td>\n<\/tr>\n<tr>\n<td width=\"302\">Hood<\/td>\n<td width=\"302\">Nie<\/td>\n<\/tr>\n<tr>\n<td width=\"302\">Kvalita<\/td>\n<td width=\"302\">Premium<\/td>\n<\/tr>\n<tr>\n<td width=\"302\">zap\u00ednanie<\/td>\n<td width=\"302\">tla\u010didl\u00e1<\/td>\n<\/tr>\n<\/tbody>\n<\/table>\n<p style=\"text-align: center;\"><span style=\"font-size: 10pt;\"><strong>\u00a0<\/strong><\/span><\/p>\n<p style=\"text-align: center;\">Model m\u00e1\u00a0<strong>169<\/strong>\u00a0cm vysok\u00fd, nos\u00ed ve\u013ekos\u0165 ka\u017ed\u00fd de\u0148\u00a0<strong>S<\/strong><\/p>\n<p style=\"text-align: center;\">\u0160\u00edrka hrudn\u00edka 91 cm<\/p>\n<p style=\"text-align: center;\">\u0160\u00edrka p\u00e1su 71 cm<\/p>\n<p style=\"text-align: center;\">\u0160\u00edrka bokov 96 cm<\/p>\n<p style=\"text-align: center;\"><span style=\"font-size: 10pt;\"><strong>\u00a0<\/strong><\/span><\/p>\n<p style=\"text-align: center;\"><span style=\"font-size: 10pt;\">\u00a0<\/span><\/p>\n<p style=\"text-align: center;\">","protected":false},"excerpt":{"rendered":"<p>Ko\u0161e\u013ea Amaranth Krate Class. Priliehav\u00e1 kockovan\u00e1 ko\u0161e\u013ea je perfektn\u00fdm z\u00e1kladom pre mnoho \u0161t\u00fdlov. T\u00e1to priliehav\u00e1 ko\u0161e\u013ea zo\u0161t\u00edh\u013euje siluetu. Je to absol\u00fatna MUST HAVE tejto sez\u00f3ny. T\u00e1to ko\u0161e\u013ea sa vyzna\u010duje najtrendovej\u0161ou kockovanou potla\u010dou. M\u00e1 dve predn\u00e9 vreck\u00e1 a zap\u00ednanie na gomb\u00edky. Chcete sa c\u00edti\u0165 m\u00f3dne? Nezabudnite do svojho \u0161atn\u00edka zaradi\u0165 ko\u0161e\u013eu.<\/p>\n<div class=\"klb-readmore post-buttons\"><a class=\"button black outline size-sm\" href=\"https:\/\/madelinefashion.pl\/sk\/koszula-w-krate-class-amarant\/\">\u010c\u00edta\u0165 \u010falej <i class=\"klbth-icon-right-arrow\"><\/i><\/a><\/div>","protected":false},"featured_media":111198,"template":"","meta":[],"product_brand":[],"product_cat":[92,125],"product_tag":[],"class_list":{"0":"post-5464","1":"product","2":"type-product","3":"status-publish","4":"has-post-thumbnail","6":"product_cat-koszule","7":"product_cat-sukienki","8":"pa_rozmiar-s","9":"pa_rozmiar-m","10":"pa_rozmiar-l","11":"pa_rozmiar-xl","12":"pa_rozmiar-xxl","14":"first","15":"outofstock","16":"sale","17":"purchasable","18":"product-type-variable"},"_links":{"self":[{"href":"https:\/\/madelinefashion.pl\/sk\/wp-json\/wp\/v2\/product\/5464","targetHints":{"allow":["GET"]}}],"collection":[{"href":"https:\/\/madelinefashion.pl\/sk\/wp-json\/wp\/v2\/product"}],"about":[{"href":"https:\/\/madelinefashion.pl\/sk\/wp-json\/wp\/v2\/types\/product"}],"wp:featuredmedia":[{"embeddable":true,"href":"https:\/\/madelinefashion.pl\/sk\/wp-json\/wp\/v2\/media\/111198"}],"wp:attachment":[{"href":"https:\/\/madelinefashion.pl\/sk\/wp-json\/wp\/v2\/media?parent=5464"}],"wp:term":[{"taxonomy":"product_brand","embeddable":true,"href":"https:\/\/madelinefashion.pl\/sk\/wp-json\/wp\/v2\/product_brand?post=5464"},{"taxonomy":"product_cat","embeddable":true,"href":"https:\/\/madelinefashion.pl\/sk\/wp-json\/wp\/v2\/product_cat?post=5464"},{"taxonomy":"product_tag","embeddable":true,"href":"https:\/\/madelinefashion.pl\/sk\/wp-json\/wp\/v2\/product_tag?post=5464"}],"curies":[{"name":"pracovn\u00fd list","href":"https:\/\/api.w.org\/{rel}","templated":true}]}}