{"id":548231,"date":"2024-10-25T11:46:46","date_gmt":"2024-10-25T09:46:46","guid":{"rendered":"https:\/\/madelinefashion.pl\/?post_type=product&#038;p=548231"},"modified":"2026-01-15T12:42:53","modified_gmt":"2026-01-15T11:42:53","slug":"ramoneska-skorzana-zapinana-na-zamek-czarna","status":"publish","type":"product","link":"https:\/\/madelinefashion.pl\/sk\/ramoneska-skorzana-zapinana-na-zamek-czarna\/","title":{"rendered":"\u010cierna ko\u017een\u00e1 motork\u00e1rska bunda so zipsom"},"content":{"rendered":"<h3 style=\"text-align: center;\">\u010cierna ko\u017een\u00e1 motork\u00e1rska bunda so zipsom<\/h3>\n<p style=\"text-align: center;\"><strong>Ko\u017een\u00e1 motork\u00e1rska bunda <\/strong>Tento klasick\u00fd model sa odpor\u00fa\u010da ako \u0161t\u00fdlov\u00fd doplnok. Materi\u00e1l je hrub\u0161\u00ed a ve\u013emi elegantn\u00fd. Je pod\u0161it\u00fd. Ide\u00e1lny k elegantn\u00fdm outfitom a dobre sa hod\u00ed k oby\u010dajn\u00e9mu tri\u010dku a d\u017e\u00ednsom. Vysokokvalitn\u00fd materi\u00e1l. Ak chcete o\u017eivi\u0165 minimalistick\u00e9 outfity, motork\u00e1rska bunda je perfektn\u00fd sp\u00f4sob, ako ich vylep\u0161i\u0165.<br \/>\n<strong>Vysoko kvalitn\u00fd materi\u00e1l<\/strong>, z ktor\u00e9ho je vyroben\u00fd, zaru\u010duje trvanlivos\u0165 produktu a znamen\u00e1, \u017ee ho mo\u017eno pou\u017e\u00edva\u0165 mnoho sez\u00f3n. Skombinujte ho s <strong>elegantn\u00e9 nohavice<\/strong> cigaretov\u00e9 nohavice alebo ceruzkov\u00e1 suk\u0148a. Neuverite\u013ene \u0161t\u00fdlov\u00e1 vo\u013eba na ka\u017edodenn\u00e9 nosenie, ako aj na elegantnej\u0161ie outfity. Perfektn\u00fd model na mnoho pr\u00edle\u017eitost\u00ed a <strong>pre pr\u00e1cu<\/strong>.\u00a0 <strong>Bunda<\/strong> s nad\u010dasov\u00fdm dizajnom.<\/p>\n<p style=\"text-align: center;\"><strong>38\/M<\/strong><\/p>\n<p style=\"text-align: center;\">Celkov\u00e1 predn\u00e1 d\u013a\u017eka - 72 cm<br \/>\n\u0160\u00edrka od pazuchy po pazuchu - 45 cm x2<br \/>\nD\u013a\u017eka ruk\u00e1va od ramena \u2013 59 cm<br \/>\nD\u013a\u017eka ruk\u00e1va od podpazu\u0161ia - 46 cm<\/p>\n<p style=\"text-align: center;\"><strong>40\/L<\/strong><\/p>\n<p style=\"text-align: center;\">Celkov\u00e1 predn\u00e1 d\u013a\u017eka - 72 cm<br \/>\n\u0160\u00edrka od pazuchy po pazuchu - 48 cm x2<br \/>\nD\u013a\u017eka ruk\u00e1va od ramena \u2013 59 cm<br \/>\nD\u013a\u017eka ruk\u00e1va od podpazu\u0161ia - 46 cm<\/p>\n<p style=\"text-align: center;\"><strong>42\/XL<\/strong><\/p>\n<p style=\"text-align: center;\">Celkov\u00e1 predn\u00e1 d\u013a\u017eka - 74 cm<br \/>\n\u0160\u00edrka od pazuchy po pazuchu - 50 cm x2<br \/>\nD\u013a\u017eka ruk\u00e1va od ramena - 60 cm<br \/>\nD\u013a\u017eka ruk\u00e1va od podpazu\u0161ia - 47 cm<\/p>\n<p style=\"text-align: center;\"><strong>44\/XXL<\/strong><\/p>\n<p style=\"text-align: center;\">Celkov\u00e1 predn\u00e1 d\u013a\u017eka - 74 cm<br \/>\n\u0160\u00edrka od pazuchy po pazuchu - 53 cm x2<br \/>\nD\u013a\u017eka ruk\u00e1va od ramena - 60 cm<br \/>\nD\u013a\u017eka ruk\u00e1va od podpazu\u0161ia - 47 cm<\/p>\n<p style=\"text-align: center;\"><strong>46\/XXXL<\/strong><\/p>\n<p style=\"text-align: center;\">Celkov\u00e1 predn\u00e1 d\u013a\u017eka - 76 cm<br \/>\n\u0160\u00edrka od pazuchy po pazuchu - 56 cm x2<br \/>\nD\u013a\u017eka ruk\u00e1va od ramena - 60 cm<br \/>\nD\u013a\u017eka ruk\u00e1va od podpazu\u0161ia - 47 cm<\/p>\n<p style=\"text-align: center;\"><strong>48\/XXXXL<\/strong><\/p>\n<p style=\"text-align: center;\">Celkov\u00e1 predn\u00e1 d\u013a\u017eka - 77 cm<br \/>\n\u0160\u00edrka od pazuchy po pazuchu - 60 cm x2<br \/>\nD\u013a\u017eka ruk\u00e1va od ramena - 61 cm<br \/>\nD\u013a\u017eka ruk\u00e1va od podpazu\u0161ia - 48 cm<\/p>\n<p style=\"text-align: center;\">Rozmery sa m\u00f4\u017eu l\u00ed\u0161i\u0165 od uveden\u00fdch +\/- 2cm. V\u0161etky uveden\u00e9 rozmery s\u00fa meran\u00e9 plo\u0161ne. Rozmer <strong>x2<\/strong><\/p>\n<p>&nbsp;<\/p>\n<h3 style=\"text-align: center;\">Charakteristika:<strong><br \/>\n<\/strong><\/h3>\n<ul>\n<li style=\"text-align: center;\">Zap\u00edna sa na zips<\/li>\n<li style=\"text-align: center;\">klasick\u00fd strih<\/li>\n<li style=\"text-align: center;\">s pod\u0161\u00edvkou<\/li>\n<li style=\"text-align: center;\">Po\u013esk\u00fd v\u00fdrobok<\/li>\n<\/ul>\n<p style=\"text-align: center;\"><strong>\u00a0<\/strong><\/p>\n<table>\n<tbody>\n<tr>\n<td width=\"302\">Meno modela<\/td>\n<td width=\"302\">Ko\u017een\u00e1 motork\u00e1rska bunda so zipsom<\/td>\n<\/tr>\n<tr>\n<td width=\"302\">Farba<\/td>\n<td width=\"302\">\u010dierna<\/td>\n<\/tr>\n<tr>\n<td width=\"302\">ve\u013ekosti<\/td>\n<td width=\"302\">38 40 42 44 46 48<\/td>\n<\/tr>\n<tr>\n<td width=\"302\">M\u00f3da<\/td>\n<td width=\"302\">Elegantn\u00fd<\/td>\n<\/tr>\n<tr>\n<td width=\"302\">Materi\u00e1l<\/td>\n<td width=\"302\">95% visk\u00f3za 5 % elastan<\/td>\n<\/tr>\n<\/tbody>\n<\/table>\n<p style=\"text-align: center;\">","protected":false},"excerpt":{"rendered":"<p>Ramoneska Sk\u00f3rzana Zapinana Na Zamek Czarna Sk\u00f3rzana ramoneska to\u00a0 klasyczny model\u00a0 polecany jako dope\u0142nienie stylizacji. Materia\u0142 grubszy, bardzo elegancki. Z podszewk\u0105. Idealna do eleganckich stylizacji oraz \u015bwietnie si\u0119 sprawdzi do zwyk\u0142ego T-shirtu i jeans\u00f3w. Wysoka jako\u015b\u0107 materia\u0142u. Je\u015bli poszukujesz urozmaicenia minimalistycznych zestaw\u00f3w, ramoneska to idealna opcja by je podre\u015bli\u0107. Wysoka jako\u015b\u0107 materia\u0142u, z kt\u00f3rego jest<\/p>\n<div class=\"klb-readmore post-buttons\"><a class=\"button black outline size-sm\" href=\"https:\/\/madelinefashion.pl\/sk\/ramoneska-skorzana-zapinana-na-zamek-czarna\/\">\u010c\u00edta\u0165 \u010falej <i class=\"klbth-icon-right-arrow\"><\/i><\/a><\/div>","protected":false},"featured_media":548185,"template":"","meta":[],"product_brand":[],"product_cat":[95,117,97,395],"product_tag":[],"class_list":{"0":"post-548231","1":"product","2":"type-product","3":"status-publish","4":"has-post-thumbnail","6":"product_cat-marynarki-i-zakiety","7":"product_cat-kurtki","8":"product_cat-marynarki-i-zakiety-ze-skory","9":"product_cat-nowosci","10":"pa_rozmiar-xxxxl-48","11":"pa_rozmiar-xs-34","12":"pa_rozmiar-s-36","13":"pa_rozmiar-m-38","14":"pa_rozmiar-l-40","15":"pa_rozmiar-xl-42","16":"pa_rozmiar-xxl-44","17":"pa_rozmiar-xxxl-46","18":"pa_rozmiar-7-xl","19":"pa_rozmiar-438","20":"pa_rozmiar-439","22":"first","23":"instock","24":"sale","25":"purchasable","26":"product-type-variable"},"_links":{"self":[{"href":"https:\/\/madelinefashion.pl\/sk\/wp-json\/wp\/v2\/product\/548231","targetHints":{"allow":["GET"]}}],"collection":[{"href":"https:\/\/madelinefashion.pl\/sk\/wp-json\/wp\/v2\/product"}],"about":[{"href":"https:\/\/madelinefashion.pl\/sk\/wp-json\/wp\/v2\/types\/product"}],"wp:featuredmedia":[{"embeddable":true,"href":"https:\/\/madelinefashion.pl\/sk\/wp-json\/wp\/v2\/media\/548185"}],"wp:attachment":[{"href":"https:\/\/madelinefashion.pl\/sk\/wp-json\/wp\/v2\/media?parent=548231"}],"wp:term":[{"taxonomy":"product_brand","embeddable":true,"href":"https:\/\/madelinefashion.pl\/sk\/wp-json\/wp\/v2\/product_brand?post=548231"},{"taxonomy":"product_cat","embeddable":true,"href":"https:\/\/madelinefashion.pl\/sk\/wp-json\/wp\/v2\/product_cat?post=548231"},{"taxonomy":"product_tag","embeddable":true,"href":"https:\/\/madelinefashion.pl\/sk\/wp-json\/wp\/v2\/product_tag?post=548231"}],"curies":[{"name":"pracovn\u00fd list","href":"https:\/\/api.w.org\/{rel}","templated":true}]}}